{"id":2664,"date":"2022-12-18T14:36:57","date_gmt":"2022-12-18T11:36:57","guid":{"rendered":"https:\/\/pierrecardinbedding.com.tr\/?post_type=product&#038;p=2664"},"modified":"2026-04-03T16:03:17","modified_gmt":"2026-04-03T13:03:17","slug":"downia-yorgan","status":"publish","type":"product","link":"https:\/\/pierrecardinyatak.com.tr\/uk\/product\/downia-yorgan\/","title":{"rendered":"\u041f\u0443\u0445\u043e\u0432\u0430 \u043a\u043e\u0432\u0434\u0440\u0430"},"content":{"rendered":"<p>Kaz t\u00fcy\u00fc dolgusu \u0131s\u0131 ve nem dengeleyicidir. Ortamdaki nemi emer, kullan\u0131lmad\u0131\u011f\u0131nda geri b\u0131rak\u0131r.<\/p>\n<p>Kaz t\u00fcy\u00fc hafif ayn\u0131 zamanda en g\u00fc\u00e7l\u00fc \u0131s\u0131 yal\u0131t\u0131m\u0131 sa\u011flayan dolgu maddesidir. Do\u011fal, hafif, sa\u011fl\u0131kl\u0131 ve yumu\u015fakt\u0131r.<\/p>\n<p>Kaz t\u00fcy\u00fc \u00e7ama\u015f\u0131r makinesinde 30\u00b0C\u2019de y\u0131kanabilir.<\/p>","protected":false},"excerpt":{"rendered":"<p><strong>Kaz T\u00fcy\u00fc, K\u0131\u015f Aylar\u0131 \u0130\u00e7in \u0130deal<\/strong><\/p>","protected":false},"featured_media":3597,"template":"","meta":[],"pwb-brand":[240,236],"product_brand":[],"product_cat":[150,151,279,156,89,346,154,22],"product_tag":[],"class_list":{"0":"post-2664","1":"product","2":"type-product","3":"status-publish","4":"has-post-thumbnail","6":"pwb-brand-kaz-tuyu","7":"pwb-brand-kis-aylari-icin-ideal","8":"product_cat-cozum-urunleri","9":"product_cat-dogalligi-sevenler-yorgan","10":"product_cat-icerige-gore-yorgan","11":"product_cat-isi-nem-dengeleyiciler","12":"product_cat-kaz-tuyu-yorgan","13":"product_cat-picollection","14":"product_cat-usuyenler-terleyenler","15":"product_cat-yorgan","17":"first","18":"instock","19":"shipping-taxable","20":"purchasable","21":"product-type-variable","22":"has-default-attributes"},"yoast_head":"<!-- This site is optimized with the Yoast SEO plugin v25.7 - https:\/\/yoast.com\/wordpress\/plugins\/seo\/ -->\n<title>Downia Yorgan - Pierre Cardin Yatak<\/title>\n<meta name=\"description\" content=\"Pierre Cardin Bedding Downia Yorgan ile \u00e7ok rahat edeceksiniz. \u0130\u00e7eri\u011findeki kaz t\u00fcy\u00fc sayesinde v\u00fccudunuzun nem dengesini koruyarak uyku konforunuzu artt\u0131r\u0131r.\" \/>\n<meta name=\"robots\" content=\"index, follow, max-snippet:-1, max-image-preview:large, max-video-preview:-1\" \/>\n<link rel=\"canonical\" href=\"https:\/\/pierrecardinyatak.com.tr\/uk\/product\/downia-yorgan\/\" \/>\n<meta property=\"og:locale\" content=\"uk_UA\" \/>\n<meta property=\"og:type\" content=\"article\" \/>\n<meta property=\"og:title\" content=\"Downia Yorgan - Pierre Cardin Yatak\" \/>\n<meta property=\"og:description\" content=\"Pierre Cardin Bedding Downia Yorgan ile \u00e7ok rahat edeceksiniz. \u0130\u00e7eri\u011findeki kaz t\u00fcy\u00fc sayesinde v\u00fccudunuzun nem dengesini koruyarak uyku konforunuzu artt\u0131r\u0131r.\" \/>\n<meta property=\"og:url\" content=\"https:\/\/pierrecardinyatak.com.tr\/uk\/product\/downia-yorgan\/\" \/>\n<meta property=\"og:site_name\" content=\"Pierre Cardin Yatak\" \/>\n<meta property=\"article:publisher\" content=\"https:\/\/www.facebook.com\/pierrecardinyatak\" \/>\n<meta property=\"article:modified_time\" content=\"2026-04-03T13:03:17+00:00\" \/>\n<meta property=\"og:image\" content=\"https:\/\/pierrecardinyatak.com.tr\/wp-content\/uploads\/2022\/12\/urun-downia-yorgan-liste-1.jpg\" \/>\n\t<meta property=\"og:image:width\" content=\"580\" \/>\n\t<meta property=\"og:image:height\" content=\"435\" \/>\n\t<meta property=\"og:image:type\" content=\"image\/jpeg\" \/>\n<meta name=\"twitter:card\" content=\"summary_large_image\" \/>\n<meta name=\"twitter:site\" content=\"@pcardinbedding\" \/>\n<meta name=\"twitter:label1\" content=\"\u041f\u0440\u0438\u0431\u043b. \u0447\u0430\u0441 \u0447\u0438\u0442\u0430\u043d\u043d\u044f\" \/>\n\t<meta name=\"twitter:data1\" content=\"1 \u0445\u0432\u0438\u043b\u0438\u043d\u0430\" \/>\n<script type=\"application\/ld+json\" class=\"yoast-schema-graph\">{\"@context\":\"https:\/\/schema.org\",\"@graph\":[{\"@type\":[\"WebPage\",\"ItemPage\"],\"@id\":\"https:\/\/pierrecardinyatak.com.tr\/urun\/downia-yorgan\/\",\"url\":\"https:\/\/pierrecardinyatak.com.tr\/urun\/downia-yorgan\/\",\"name\":\"Downia Yorgan - Pierre Cardin Yatak\",\"isPartOf\":{\"@id\":\"https:\/\/pierrecardinyatak.com.tr\/#website\"},\"primaryImageOfPage\":{\"@id\":\"https:\/\/pierrecardinyatak.com.tr\/urun\/downia-yorgan\/#primaryimage\"},\"image\":{\"@id\":\"https:\/\/pierrecardinyatak.com.tr\/urun\/downia-yorgan\/#primaryimage\"},\"thumbnailUrl\":\"https:\/\/pierrecardinyatak.com.tr\/wp-content\/uploads\/2022\/12\/urun-downia-yorgan-liste-1.jpg\",\"datePublished\":\"2022-12-18T11:36:57+00:00\",\"dateModified\":\"2026-04-03T13:03:17+00:00\",\"description\":\"Pierre Cardin Bedding Downia Yorgan ile \u00e7ok rahat edeceksiniz. \u0130\u00e7eri\u011findeki kaz t\u00fcy\u00fc sayesinde v\u00fccudunuzun nem dengesini koruyarak uyku konforunuzu artt\u0131r\u0131r.\",\"breadcrumb\":{\"@id\":\"https:\/\/pierrecardinyatak.com.tr\/urun\/downia-yorgan\/#breadcrumb\"},\"inLanguage\":\"uk\",\"potentialAction\":[{\"@type\":\"ReadAction\",\"target\":[\"https:\/\/pierrecardinyatak.com.tr\/urun\/downia-yorgan\/\"]}]},{\"@type\":\"ImageObject\",\"inLanguage\":\"uk\",\"@id\":\"https:\/\/pierrecardinyatak.com.tr\/urun\/downia-yorgan\/#primaryimage\",\"url\":\"https:\/\/pierrecardinyatak.com.tr\/wp-content\/uploads\/2022\/12\/urun-downia-yorgan-liste-1.jpg\",\"contentUrl\":\"https:\/\/pierrecardinyatak.com.tr\/wp-content\/uploads\/2022\/12\/urun-downia-yorgan-liste-1.jpg\",\"width\":580,\"height\":435,\"caption\":\"Pierre Cardin Bedding Downia Yorgan Liste\"},{\"@type\":\"BreadcrumbList\",\"@id\":\"https:\/\/pierrecardinyatak.com.tr\/urun\/downia-yorgan\/#breadcrumb\",\"itemListElement\":[{\"@type\":\"ListItem\",\"position\":1,\"name\":\"Anasayfa\",\"item\":\"https:\/\/pierrecardinyatak.com.tr\/\"},{\"@type\":\"ListItem\",\"position\":2,\"name\":\"Ma\u011faza\",\"item\":\"https:\/\/pierrecardinyatak.com.tr\/magaza\/\"},{\"@type\":\"ListItem\",\"position\":3,\"name\":\"Downia Yorgan\"}]},{\"@type\":\"WebSite\",\"@id\":\"https:\/\/pierrecardinyatak.com.tr\/#website\",\"url\":\"https:\/\/pierrecardinyatak.com.tr\/\",\"name\":\"Pierre Cardin Yatak\",\"description\":\"-\",\"potentialAction\":[{\"@type\":\"SearchAction\",\"target\":{\"@type\":\"EntryPoint\",\"urlTemplate\":\"https:\/\/pierrecardinyatak.com.tr\/?s={search_term_string}\"},\"query-input\":{\"@type\":\"PropertyValueSpecification\",\"valueRequired\":true,\"valueName\":\"search_term_string\"}}],\"inLanguage\":\"uk\"}]}<\/script>\n<!-- \/ Yoast SEO plugin. -->","yoast_head_json":{"title":"Downia Yorgan - Pierre Cardin Yatak","description":"Pierre Cardin Bedding Downia Yorgan ile \u00e7ok rahat edeceksiniz. \u0130\u00e7eri\u011findeki kaz t\u00fcy\u00fc sayesinde v\u00fccudunuzun nem dengesini koruyarak uyku konforunuzu artt\u0131r\u0131r.","robots":{"index":"index","follow":"follow","max-snippet":"max-snippet:-1","max-image-preview":"max-image-preview:large","max-video-preview":"max-video-preview:-1"},"canonical":"https:\/\/pierrecardinyatak.com.tr\/uk\/product\/downia-yorgan\/","og_locale":"uk_UA","og_type":"article","og_title":"Downia Yorgan - Pierre Cardin Yatak","og_description":"Pierre Cardin Bedding Downia Yorgan ile \u00e7ok rahat edeceksiniz. \u0130\u00e7eri\u011findeki kaz t\u00fcy\u00fc sayesinde v\u00fccudunuzun nem dengesini koruyarak uyku konforunuzu artt\u0131r\u0131r.","og_url":"https:\/\/pierrecardinyatak.com.tr\/uk\/product\/downia-yorgan\/","og_site_name":"Pierre Cardin Yatak","article_publisher":"https:\/\/www.facebook.com\/pierrecardinyatak","article_modified_time":"2026-04-03T13:03:17+00:00","og_image":[{"width":580,"height":435,"url":"https:\/\/pierrecardinyatak.com.tr\/wp-content\/uploads\/2022\/12\/urun-downia-yorgan-liste-1.jpg","type":"image\/jpeg"}],"twitter_card":"summary_large_image","twitter_site":"@pcardinbedding","twitter_misc":{"\u041f\u0440\u0438\u0431\u043b. \u0447\u0430\u0441 \u0447\u0438\u0442\u0430\u043d\u043d\u044f":"1 \u0445\u0432\u0438\u043b\u0438\u043d\u0430"},"schema":{"@context":"https:\/\/schema.org","@graph":[{"@type":["WebPage","ItemPage"],"@id":"https:\/\/pierrecardinyatak.com.tr\/urun\/downia-yorgan\/","url":"https:\/\/pierrecardinyatak.com.tr\/urun\/downia-yorgan\/","name":"Downia Yorgan - Pierre Cardin Yatak","isPartOf":{"@id":"https:\/\/pierrecardinyatak.com.tr\/#website"},"primaryImageOfPage":{"@id":"https:\/\/pierrecardinyatak.com.tr\/urun\/downia-yorgan\/#primaryimage"},"image":{"@id":"https:\/\/pierrecardinyatak.com.tr\/urun\/downia-yorgan\/#primaryimage"},"thumbnailUrl":"https:\/\/pierrecardinyatak.com.tr\/wp-content\/uploads\/2022\/12\/urun-downia-yorgan-liste-1.jpg","datePublished":"2022-12-18T11:36:57+00:00","dateModified":"2026-04-03T13:03:17+00:00","description":"Pierre Cardin Bedding Downia Yorgan ile \u00e7ok rahat edeceksiniz. \u0130\u00e7eri\u011findeki kaz t\u00fcy\u00fc sayesinde v\u00fccudunuzun nem dengesini koruyarak uyku konforunuzu artt\u0131r\u0131r.","breadcrumb":{"@id":"https:\/\/pierrecardinyatak.com.tr\/urun\/downia-yorgan\/#breadcrumb"},"inLanguage":"uk","potentialAction":[{"@type":"ReadAction","target":["https:\/\/pierrecardinyatak.com.tr\/urun\/downia-yorgan\/"]}]},{"@type":"ImageObject","inLanguage":"uk","@id":"https:\/\/pierrecardinyatak.com.tr\/urun\/downia-yorgan\/#primaryimage","url":"https:\/\/pierrecardinyatak.com.tr\/wp-content\/uploads\/2022\/12\/urun-downia-yorgan-liste-1.jpg","contentUrl":"https:\/\/pierrecardinyatak.com.tr\/wp-content\/uploads\/2022\/12\/urun-downia-yorgan-liste-1.jpg","width":580,"height":435,"caption":"Pierre Cardin Bedding Downia Yorgan Liste"},{"@type":"BreadcrumbList","@id":"https:\/\/pierrecardinyatak.com.tr\/urun\/downia-yorgan\/#breadcrumb","itemListElement":[{"@type":"ListItem","position":1,"name":"Anasayfa","item":"https:\/\/pierrecardinyatak.com.tr\/"},{"@type":"ListItem","position":2,"name":"Ma\u011faza","item":"https:\/\/pierrecardinyatak.com.tr\/magaza\/"},{"@type":"ListItem","position":3,"name":"Downia Yorgan"}]},{"@type":"WebSite","@id":"https:\/\/pierrecardinyatak.com.tr\/#website","url":"https:\/\/pierrecardinyatak.com.tr\/","name":"\u041b\u0456\u0436\u043a\u043e \u041f'\u0454\u0440\u0430 \u041a\u0430\u0440\u0434\u0435\u043d\u0430","description":"-","potentialAction":[{"@type":"SearchAction","target":{"@type":"EntryPoint","urlTemplate":"https:\/\/pierrecardinyatak.com.tr\/?s={search_term_string}"},"query-input":{"@type":"PropertyValueSpecification","valueRequired":true,"valueName":"search_term_string"}}],"inLanguage":"uk"}]}},"brands":[{"id":240,"name":"\u0413\u0443\u0441\u044f\u0447\u0435 \u043f\u0435\u0440\u043e","slug":"kaz-tuyu"},{"id":236,"name":"\u0406\u0434\u0435\u0430\u043b\u044c\u043d\u043e \u043f\u0456\u0434\u0445\u043e\u0434\u0438\u0442\u044c \u0434\u043b\u044f \u0437\u0438\u043c\u0438","slug":"%d1%96%d0%b4%d0%b5%d0%b0%d0%bb%d1%8c%d0%bd%d0%be-%d0%bf%d1%96%d0%b4%d1%85%d0%be%d0%b4%d0%b8%d1%82%d1%8c-%d0%b4%d0%bb%d1%8f-%d0%b7%d0%b8%d0%bc%d0%b8"}],"_links":{"self":[{"href":"https:\/\/pierrecardinyatak.com.tr\/uk\/wp-json\/wp\/v2\/product\/2664","targetHints":{"allow":["GET"]}}],"collection":[{"href":"https:\/\/pierrecardinyatak.com.tr\/uk\/wp-json\/wp\/v2\/product"}],"about":[{"href":"https:\/\/pierrecardinyatak.com.tr\/uk\/wp-json\/wp\/v2\/types\/product"}],"wp:featuredmedia":[{"embeddable":true,"href":"https:\/\/pierrecardinyatak.com.tr\/uk\/wp-json\/wp\/v2\/media\/3597"}],"wp:attachment":[{"href":"https:\/\/pierrecardinyatak.com.tr\/uk\/wp-json\/wp\/v2\/media?parent=2664"}],"wp:term":[{"taxonomy":"pwb-brand","embeddable":true,"href":"https:\/\/pierrecardinyatak.com.tr\/uk\/wp-json\/wp\/v2\/pwb-brand?post=2664"},{"taxonomy":"product_brand","embeddable":true,"href":"https:\/\/pierrecardinyatak.com.tr\/uk\/wp-json\/wp\/v2\/product_brand?post=2664"},{"taxonomy":"product_cat","embeddable":true,"href":"https:\/\/pierrecardinyatak.com.tr\/uk\/wp-json\/wp\/v2\/product_cat?post=2664"},{"taxonomy":"product_tag","embeddable":true,"href":"https:\/\/pierrecardinyatak.com.tr\/uk\/wp-json\/wp\/v2\/product_tag?post=2664"}],"curies":[{"name":"wp","href":"https:\/\/api.w.org\/{rel}","templated":true}]}}