{"id":597,"date":"2022-11-14T17:01:14","date_gmt":"2022-11-14T14:01:14","guid":{"rendered":"https:\/\/pierrecardinbedding.com.tr\/?page_id=597"},"modified":"2024-11-01T16:17:34","modified_gmt":"2024-11-01T13:17:34","slug":"medya","status":"publish","type":"page","link":"https:\/\/pierrecardinyatak.com.tr\/uk\/medya\/","title":{"rendered":"\u041c\u0435\u0434\u0456\u0430"},"content":{"rendered":"","protected":false},"excerpt":{"rendered":"","protected":false},"author":1,"featured_media":0,"parent":0,"menu_order":0,"comment_status":"closed","ping_status":"closed","template":"","meta":{"footnotes":""},"class_list":["post-597","page","type-page","status-publish","hentry"],"yoast_head":"<!-- This site is optimized with the Yoast SEO plugin v25.7 - https:\/\/yoast.com\/wordpress\/plugins\/seo\/ -->\n<title>Medya - Pierre Cardin Yatak<\/title>\n<meta name=\"description\" content=\"Pierre Cardin Bedding medya sayfas\u0131n\u0131 takip ederek markam\u0131z\u0131n geli\u015fimine tan\u0131kl\u0131k edebilirsiniz. Medyada bizi takip edin.\" \/>\n<meta name=\"robots\" content=\"index, follow, max-snippet:-1, max-image-preview:large, max-video-preview:-1\" \/>\n<link rel=\"canonical\" href=\"https:\/\/pierrecardinyatak.com.tr\/uk\/medya\/\" \/>\n<meta property=\"og:locale\" content=\"uk_UA\" \/>\n<meta property=\"og:type\" content=\"article\" \/>\n<meta property=\"og:title\" content=\"Medya - Pierre Cardin Yatak\" \/>\n<meta property=\"og:description\" content=\"Pierre Cardin Bedding medya sayfas\u0131n\u0131 takip ederek markam\u0131z\u0131n geli\u015fimine tan\u0131kl\u0131k edebilirsiniz. Medyada bizi takip edin.\" \/>\n<meta property=\"og:url\" content=\"https:\/\/pierrecardinyatak.com.tr\/uk\/medya\/\" \/>\n<meta property=\"og:site_name\" content=\"Pierre Cardin Yatak\" \/>\n<meta property=\"article:publisher\" content=\"https:\/\/www.facebook.com\/pierrecardinyatak\" \/>\n<meta property=\"article:modified_time\" content=\"2024-11-01T13:17:34+00:00\" \/>\n<meta name=\"twitter:card\" content=\"summary_large_image\" \/>\n<meta name=\"twitter:site\" content=\"@pcardinbedding\" \/>\n<script type=\"application\/ld+json\" class=\"yoast-schema-graph\">{\"@context\":\"https:\/\/schema.org\",\"@graph\":[{\"@type\":\"WebPage\",\"@id\":\"https:\/\/pierrecardinyatak.com.tr\/medya\/\",\"url\":\"https:\/\/pierrecardinyatak.com.tr\/medya\/\",\"name\":\"Medya - Pierre Cardin Yatak\",\"isPartOf\":{\"@id\":\"https:\/\/pierrecardinyatak.com.tr\/#website\"},\"datePublished\":\"2022-11-14T14:01:14+00:00\",\"dateModified\":\"2024-11-01T13:17:34+00:00\",\"description\":\"Pierre Cardin Bedding medya sayfas\u0131n\u0131 takip ederek markam\u0131z\u0131n geli\u015fimine tan\u0131kl\u0131k edebilirsiniz. Medyada bizi takip edin.\",\"breadcrumb\":{\"@id\":\"https:\/\/pierrecardinyatak.com.tr\/medya\/#breadcrumb\"},\"inLanguage\":\"uk\",\"potentialAction\":[{\"@type\":\"ReadAction\",\"target\":[\"https:\/\/pierrecardinyatak.com.tr\/medya\/\"]}]},{\"@type\":\"BreadcrumbList\",\"@id\":\"https:\/\/pierrecardinyatak.com.tr\/medya\/#breadcrumb\",\"itemListElement\":[{\"@type\":\"ListItem\",\"position\":1,\"name\":\"Anasayfa\",\"item\":\"https:\/\/pierrecardinyatak.com.tr\/\"},{\"@type\":\"ListItem\",\"position\":2,\"name\":\"Medya\"}]},{\"@type\":\"WebSite\",\"@id\":\"https:\/\/pierrecardinyatak.com.tr\/#website\",\"url\":\"https:\/\/pierrecardinyatak.com.tr\/\",\"name\":\"Pierre Cardin Yatak\",\"description\":\"-\",\"potentialAction\":[{\"@type\":\"SearchAction\",\"target\":{\"@type\":\"EntryPoint\",\"urlTemplate\":\"https:\/\/pierrecardinyatak.com.tr\/?s={search_term_string}\"},\"query-input\":{\"@type\":\"PropertyValueSpecification\",\"valueRequired\":true,\"valueName\":\"search_term_string\"}}],\"inLanguage\":\"uk\"},{\"@type\":\"Person\",\"@id\":\"https:\/\/pierrecardinyatak.com.tr\/#\/schema\/person\/1c182155c79ef557a479bd374b58f902\",\"name\":\"admin\",\"image\":{\"@type\":\"ImageObject\",\"inLanguage\":\"uk\",\"@id\":\"https:\/\/pierrecardinyatak.com.tr\/#\/schema\/person\/image\/\",\"url\":\"https:\/\/secure.gravatar.com\/avatar\/3a0c75d6a4a7b2213bf32cead72e590c8f6aa56e5c7c70ea801e74aa7a9372bc?s=96&d=mm&r=g\",\"contentUrl\":\"https:\/\/secure.gravatar.com\/avatar\/3a0c75d6a4a7b2213bf32cead72e590c8f6aa56e5c7c70ea801e74aa7a9372bc?s=96&d=mm&r=g\",\"caption\":\"admin\"},\"sameAs\":[\"https:\/\/pierrecardinbedding.com.tr\"],\"url\":\"https:\/\/pierrecardinyatak.com.tr\/uk\/author\/admin\/\"}]}<\/script>\n<!-- \/ Yoast SEO plugin. -->","yoast_head_json":{"title":"Medya - Pierre Cardin Yatak","description":"Pierre Cardin Bedding medya sayfas\u0131n\u0131 takip ederek markam\u0131z\u0131n geli\u015fimine tan\u0131kl\u0131k edebilirsiniz. Medyada bizi takip edin.","robots":{"index":"index","follow":"follow","max-snippet":"max-snippet:-1","max-image-preview":"max-image-preview:large","max-video-preview":"max-video-preview:-1"},"canonical":"https:\/\/pierrecardinyatak.com.tr\/uk\/medya\/","og_locale":"uk_UA","og_type":"article","og_title":"Medya - Pierre Cardin Yatak","og_description":"Pierre Cardin Bedding medya sayfas\u0131n\u0131 takip ederek markam\u0131z\u0131n geli\u015fimine tan\u0131kl\u0131k edebilirsiniz. Medyada bizi takip edin.","og_url":"https:\/\/pierrecardinyatak.com.tr\/uk\/medya\/","og_site_name":"Pierre Cardin Yatak","article_publisher":"https:\/\/www.facebook.com\/pierrecardinyatak","article_modified_time":"2024-11-01T13:17:34+00:00","twitter_card":"summary_large_image","twitter_site":"@pcardinbedding","schema":{"@context":"https:\/\/schema.org","@graph":[{"@type":"WebPage","@id":"https:\/\/pierrecardinyatak.com.tr\/medya\/","url":"https:\/\/pierrecardinyatak.com.tr\/medya\/","name":"Medya - Pierre Cardin Yatak","isPartOf":{"@id":"https:\/\/pierrecardinyatak.com.tr\/#website"},"datePublished":"2022-11-14T14:01:14+00:00","dateModified":"2024-11-01T13:17:34+00:00","description":"Pierre Cardin Bedding medya sayfas\u0131n\u0131 takip ederek markam\u0131z\u0131n geli\u015fimine tan\u0131kl\u0131k edebilirsiniz. Medyada bizi takip edin.","breadcrumb":{"@id":"https:\/\/pierrecardinyatak.com.tr\/medya\/#breadcrumb"},"inLanguage":"uk","potentialAction":[{"@type":"ReadAction","target":["https:\/\/pierrecardinyatak.com.tr\/medya\/"]}]},{"@type":"BreadcrumbList","@id":"https:\/\/pierrecardinyatak.com.tr\/medya\/#breadcrumb","itemListElement":[{"@type":"ListItem","position":1,"name":"Anasayfa","item":"https:\/\/pierrecardinyatak.com.tr\/"},{"@type":"ListItem","position":2,"name":"Medya"}]},{"@type":"WebSite","@id":"https:\/\/pierrecardinyatak.com.tr\/#website","url":"https:\/\/pierrecardinyatak.com.tr\/","name":"\u041b\u0456\u0436\u043a\u043e \u041f'\u0454\u0440\u0430 \u041a\u0430\u0440\u0434\u0435\u043d\u0430","description":"-","potentialAction":[{"@type":"SearchAction","target":{"@type":"EntryPoint","urlTemplate":"https:\/\/pierrecardinyatak.com.tr\/?s={search_term_string}"},"query-input":{"@type":"PropertyValueSpecification","valueRequired":true,"valueName":"search_term_string"}}],"inLanguage":"uk"},{"@type":"Person","@id":"https:\/\/pierrecardinyatak.com.tr\/#\/schema\/person\/1c182155c79ef557a479bd374b58f902","name":"\u0430\u0434\u043c\u0456\u043d\u0456\u0441\u0442\u0440\u0430\u0442\u043e\u0440","image":{"@type":"ImageObject","inLanguage":"uk","@id":"https:\/\/pierrecardinyatak.com.tr\/#\/schema\/person\/image\/","url":"https:\/\/secure.gravatar.com\/avatar\/3a0c75d6a4a7b2213bf32cead72e590c8f6aa56e5c7c70ea801e74aa7a9372bc?s=96&d=mm&r=g","contentUrl":"https:\/\/secure.gravatar.com\/avatar\/3a0c75d6a4a7b2213bf32cead72e590c8f6aa56e5c7c70ea801e74aa7a9372bc?s=96&d=mm&r=g","caption":"admin"},"sameAs":["https:\/\/pierrecardinbedding.com.tr"],"url":"https:\/\/pierrecardinyatak.com.tr\/uk\/author\/admin\/"}]}},"_links":{"self":[{"href":"https:\/\/pierrecardinyatak.com.tr\/uk\/wp-json\/wp\/v2\/pages\/597","targetHints":{"allow":["GET"]}}],"collection":[{"href":"https:\/\/pierrecardinyatak.com.tr\/uk\/wp-json\/wp\/v2\/pages"}],"about":[{"href":"https:\/\/pierrecardinyatak.com.tr\/uk\/wp-json\/wp\/v2\/types\/page"}],"author":[{"embeddable":true,"href":"https:\/\/pierrecardinyatak.com.tr\/uk\/wp-json\/wp\/v2\/users\/1"}],"replies":[{"embeddable":true,"href":"https:\/\/pierrecardinyatak.com.tr\/uk\/wp-json\/wp\/v2\/comments?post=597"}],"version-history":[{"count":0,"href":"https:\/\/pierrecardinyatak.com.tr\/uk\/wp-json\/wp\/v2\/pages\/597\/revisions"}],"wp:attachment":[{"href":"https:\/\/pierrecardinyatak.com.tr\/uk\/wp-json\/wp\/v2\/media?parent=597"}],"curies":[{"name":"wp","href":"https:\/\/api.w.org\/{rel}","templated":true}]}}