{"id":10,"date":"2022-11-10T07:18:33","date_gmt":"2022-11-10T07:18:33","guid":{"rendered":"https:\/\/pierrecardinbedding.com.tr\/index.php\/hesabim\/"},"modified":"2023-01-31T14:42:11","modified_gmt":"2023-01-31T11:42:11","slug":"%d0%bc%d1%96%d0%b9-%d0%be%d0%b1%d0%bb%d1%96%d0%ba%d0%be%d0%b2%d0%b8%d0%b9-%d0%b7%d0%b0%d0%bf%d0%b8%d1%81","status":"publish","type":"page","link":"https:\/\/pierrecardinyatak.com.tr\/uk\/%d0%bc%d1%96%d0%b9-%d0%be%d0%b1%d0%bb%d1%96%d0%ba%d0%be%d0%b2%d0%b8%d0%b9-%d0%b7%d0%b0%d0%bf%d0%b8%d1%81\/","title":{"rendered":"\u041c\u0456\u0439 \u043e\u0431\u043b\u0456\u043a\u043e\u0432\u0438\u0439 \u0437\u0430\u043f\u0438\u0441"},"content":{"rendered":"<div class=\"woocommerce\"><\/div>","protected":false},"excerpt":{"rendered":"","protected":false},"author":1,"featured_media":0,"parent":0,"menu_order":0,"comment_status":"closed","ping_status":"closed","template":"","meta":{"footnotes":""},"class_list":["post-10","page","type-page","status-publish","hentry"],"yoast_head":"<!-- This site is optimized with the Yoast SEO plugin v27.4 - https:\/\/yoast.com\/product\/yoast-seo-wordpress\/ -->\n<title>Hesab\u0131m - Pierre Cardin Yatak<\/title>\n<meta name=\"description\" content=\"Pierre Cardin Bedding hesab\u0131m sayfas\u0131na ho\u015f geldiniz. Kendi hesab\u0131n\u0131z\u0131 olu\u015fturabilir, al\u0131\u015fveri\u015fe ba\u015flayabilirsiniz.\" \/>\n<meta name=\"robots\" content=\"index, follow, max-snippet:-1, max-image-preview:large, max-video-preview:-1\" \/>\n<link rel=\"canonical\" href=\"https:\/\/pierrecardinyatak.com.tr\/uk\/\u043c\u0456\u0439-\u043e\u0431\u043b\u0456\u043a\u043e\u0432\u0438\u0439-\u0437\u0430\u043f\u0438\u0441\/\" \/>\n<meta property=\"og:locale\" content=\"uk_UA\" \/>\n<meta property=\"og:type\" content=\"article\" \/>\n<meta property=\"og:title\" content=\"Hesab\u0131m - Pierre Cardin Yatak\" \/>\n<meta property=\"og:description\" content=\"Pierre Cardin Bedding hesab\u0131m sayfas\u0131na ho\u015f geldiniz. Kendi hesab\u0131n\u0131z\u0131 olu\u015fturabilir, al\u0131\u015fveri\u015fe ba\u015flayabilirsiniz.\" \/>\n<meta property=\"og:url\" content=\"https:\/\/pierrecardinyatak.com.tr\/uk\/\u043c\u0456\u0439-\u043e\u0431\u043b\u0456\u043a\u043e\u0432\u0438\u0439-\u0437\u0430\u043f\u0438\u0441\/\" \/>\n<meta property=\"og:site_name\" content=\"Pierre Cardin Yatak\" \/>\n<meta property=\"article:publisher\" content=\"https:\/\/www.facebook.com\/pierrecardinyatak\" \/>\n<meta property=\"article:modified_time\" content=\"2023-01-31T11:42:11+00:00\" \/>\n<meta name=\"twitter:card\" content=\"summary_large_image\" \/>\n<meta name=\"twitter:site\" content=\"@pcardinbedding\" \/>\n<meta name=\"twitter:label1\" content=\"\u041f\u0440\u0438\u0431\u043b. \u0447\u0430\u0441 \u0447\u0438\u0442\u0430\u043d\u043d\u044f\" \/>\n\t<meta name=\"twitter:data1\" content=\"1 \u0445\u0432\u0438\u043b\u0438\u043d\u0430\" \/>\n<script type=\"application\/ld+json\" class=\"yoast-schema-graph\">{\"@context\":\"https:\\\/\\\/schema.org\",\"@graph\":[{\"@type\":[\"Article\",\"BlogPosting\"],\"@id\":\"https:\\\/\\\/pierrecardinyatak.com.tr\\\/hesabim\\\/#article\",\"isPartOf\":{\"@id\":\"https:\\\/\\\/pierrecardinyatak.com.tr\\\/hesabim\\\/\"},\"author\":{\"name\":\"admin\",\"@id\":\"https:\\\/\\\/pierrecardinyatak.com.tr\\\/#\\\/schema\\\/person\\\/1c182155c79ef557a479bd374b58f902\"},\"headline\":\"Hesab\u0131m\",\"datePublished\":\"2022-11-10T07:18:33+00:00\",\"dateModified\":\"2023-01-31T11:42:11+00:00\",\"mainEntityOfPage\":{\"@id\":\"https:\\\/\\\/pierrecardinyatak.com.tr\\\/hesabim\\\/\"},\"wordCount\":5,\"inLanguage\":\"uk\"},{\"@type\":\"WebPage\",\"@id\":\"https:\\\/\\\/pierrecardinyatak.com.tr\\\/hesabim\\\/\",\"url\":\"https:\\\/\\\/pierrecardinyatak.com.tr\\\/hesabim\\\/\",\"name\":\"Hesab\u0131m - Pierre Cardin Yatak\",\"isPartOf\":{\"@id\":\"https:\\\/\\\/pierrecardinyatak.com.tr\\\/#website\"},\"datePublished\":\"2022-11-10T07:18:33+00:00\",\"dateModified\":\"2023-01-31T11:42:11+00:00\",\"description\":\"Pierre Cardin Bedding hesab\u0131m sayfas\u0131na ho\u015f geldiniz. Kendi hesab\u0131n\u0131z\u0131 olu\u015fturabilir, al\u0131\u015fveri\u015fe ba\u015flayabilirsiniz.\",\"breadcrumb\":{\"@id\":\"https:\\\/\\\/pierrecardinyatak.com.tr\\\/hesabim\\\/#breadcrumb\"},\"inLanguage\":\"uk\",\"potentialAction\":[{\"@type\":\"ReadAction\",\"target\":[\"https:\\\/\\\/pierrecardinyatak.com.tr\\\/hesabim\\\/\"]}]},{\"@type\":\"BreadcrumbList\",\"@id\":\"https:\\\/\\\/pierrecardinyatak.com.tr\\\/hesabim\\\/#breadcrumb\",\"itemListElement\":[{\"@type\":\"ListItem\",\"position\":1,\"name\":\"Anasayfa\",\"item\":\"https:\\\/\\\/pierrecardinyatak.com.tr\\\/\"},{\"@type\":\"ListItem\",\"position\":2,\"name\":\"Hesab\u0131m\"}]},{\"@type\":\"WebSite\",\"@id\":\"https:\\\/\\\/pierrecardinyatak.com.tr\\\/#website\",\"url\":\"https:\\\/\\\/pierrecardinyatak.com.tr\\\/\",\"name\":\"Pierre Cardin Yatak\",\"description\":\"-\",\"potentialAction\":[{\"@type\":\"SearchAction\",\"target\":{\"@type\":\"EntryPoint\",\"urlTemplate\":\"https:\\\/\\\/pierrecardinyatak.com.tr\\\/?s={search_term_string}\"},\"query-input\":{\"@type\":\"PropertyValueSpecification\",\"valueRequired\":true,\"valueName\":\"search_term_string\"}}],\"inLanguage\":\"uk\"},{\"@type\":\"Person\",\"@id\":\"https:\\\/\\\/pierrecardinyatak.com.tr\\\/#\\\/schema\\\/person\\\/1c182155c79ef557a479bd374b58f902\",\"name\":\"admin\",\"image\":{\"@type\":\"ImageObject\",\"inLanguage\":\"uk\",\"@id\":\"https:\\\/\\\/secure.gravatar.com\\\/avatar\\\/3a0c75d6a4a7b2213bf32cead72e590c8f6aa56e5c7c70ea801e74aa7a9372bc?s=96&d=mm&r=g\",\"url\":\"https:\\\/\\\/secure.gravatar.com\\\/avatar\\\/3a0c75d6a4a7b2213bf32cead72e590c8f6aa56e5c7c70ea801e74aa7a9372bc?s=96&d=mm&r=g\",\"contentUrl\":\"https:\\\/\\\/secure.gravatar.com\\\/avatar\\\/3a0c75d6a4a7b2213bf32cead72e590c8f6aa56e5c7c70ea801e74aa7a9372bc?s=96&d=mm&r=g\",\"caption\":\"admin\"},\"sameAs\":[\"https:\\\/\\\/pierrecardinbedding.com.tr\"],\"url\":\"https:\\\/\\\/pierrecardinyatak.com.tr\\\/uk\\\/author\\\/admin\\\/\"}]}<\/script>\n<!-- \/ Yoast SEO plugin. -->","yoast_head_json":{"title":"\u041c\u0456\u0439 \u0440\u0430\u0445\u0443\u043d\u043e\u043a - \u041c\u0430\u0442\u0440\u0430\u0446 Pierre Cardin","description":"\u041b\u0430\u0441\u043a\u0430\u0432\u043e \u043f\u0440\u043e\u0441\u0438\u043c\u043e \u043d\u0430 \u0441\u0442\u043e\u0440\u0456\u043d\u043a\u0443 \"\u041c\u0456\u0439 \u043e\u0431\u043b\u0456\u043a\u043e\u0432\u0438\u0439 \u0437\u0430\u043f\u0438\u0441\" \u043f\u043e\u0441\u0442\u0456\u043b\u044c\u043d\u043e\u0457 \u0431\u0456\u043b\u0438\u0437\u043d\u0438 Pierre Cardin. \u0412\u0438 \u043c\u043e\u0436\u0435\u0442\u0435 \u0441\u0442\u0432\u043e\u0440\u0438\u0442\u0438 \u0432\u043b\u0430\u0441\u043d\u0438\u0439 \u043e\u0431\u043b\u0456\u043a\u043e\u0432\u0438\u0439 \u0437\u0430\u043f\u0438\u0441 \u0456 \u043f\u043e\u0447\u0430\u0442\u0438 \u0440\u043e\u0431\u0438\u0442\u0438 \u043f\u043e\u043a\u0443\u043f\u043a\u0438.","robots":{"index":"index","follow":"follow","max-snippet":"max-snippet:-1","max-image-preview":"max-image-preview:large","max-video-preview":"max-video-preview:-1"},"canonical":"https:\/\/pierrecardinyatak.com.tr\/uk\/\u043c\u0456\u0439-\u043e\u0431\u043b\u0456\u043a\u043e\u0432\u0438\u0439-\u0437\u0430\u043f\u0438\u0441\/","og_locale":"uk_UA","og_type":"article","og_title":"Hesab\u0131m - Pierre Cardin Yatak","og_description":"Pierre Cardin Bedding hesab\u0131m sayfas\u0131na ho\u015f geldiniz. Kendi hesab\u0131n\u0131z\u0131 olu\u015fturabilir, al\u0131\u015fveri\u015fe ba\u015flayabilirsiniz.","og_url":"https:\/\/pierrecardinyatak.com.tr\/uk\/\u043c\u0456\u0439-\u043e\u0431\u043b\u0456\u043a\u043e\u0432\u0438\u0439-\u0437\u0430\u043f\u0438\u0441\/","og_site_name":"Pierre Cardin Yatak","article_publisher":"https:\/\/www.facebook.com\/pierrecardinyatak","article_modified_time":"2023-01-31T11:42:11+00:00","twitter_card":"summary_large_image","twitter_site":"@pcardinbedding","twitter_misc":{"\u041f\u0440\u0438\u0431\u043b. \u0447\u0430\u0441 \u0447\u0438\u0442\u0430\u043d\u043d\u044f":"1 \u0445\u0432\u0438\u043b\u0438\u043d\u0430"},"schema":{"@context":"https:\/\/schema.org","@graph":[{"@type":["Article","BlogPosting"],"@id":"https:\/\/pierrecardinyatak.com.tr\/hesabim\/#article","isPartOf":{"@id":"https:\/\/pierrecardinyatak.com.tr\/hesabim\/"},"author":{"name":"admin","@id":"https:\/\/pierrecardinyatak.com.tr\/#\/schema\/person\/1c182155c79ef557a479bd374b58f902"},"headline":"Hesab\u0131m","datePublished":"2022-11-10T07:18:33+00:00","dateModified":"2023-01-31T11:42:11+00:00","mainEntityOfPage":{"@id":"https:\/\/pierrecardinyatak.com.tr\/hesabim\/"},"wordCount":5,"inLanguage":"uk"},{"@type":"WebPage","@id":"https:\/\/pierrecardinyatak.com.tr\/hesabim\/","url":"https:\/\/pierrecardinyatak.com.tr\/hesabim\/","name":"\u041c\u0456\u0439 \u0440\u0430\u0445\u0443\u043d\u043e\u043a - \u041c\u0430\u0442\u0440\u0430\u0446 Pierre Cardin","isPartOf":{"@id":"https:\/\/pierrecardinyatak.com.tr\/#website"},"datePublished":"2022-11-10T07:18:33+00:00","dateModified":"2023-01-31T11:42:11+00:00","description":"\u041b\u0430\u0441\u043a\u0430\u0432\u043e \u043f\u0440\u043e\u0441\u0438\u043c\u043e \u043d\u0430 \u0441\u0442\u043e\u0440\u0456\u043d\u043a\u0443 \"\u041c\u0456\u0439 \u043e\u0431\u043b\u0456\u043a\u043e\u0432\u0438\u0439 \u0437\u0430\u043f\u0438\u0441\" \u043f\u043e\u0441\u0442\u0456\u043b\u044c\u043d\u043e\u0457 \u0431\u0456\u043b\u0438\u0437\u043d\u0438 Pierre Cardin. \u0412\u0438 \u043c\u043e\u0436\u0435\u0442\u0435 \u0441\u0442\u0432\u043e\u0440\u0438\u0442\u0438 \u0432\u043b\u0430\u0441\u043d\u0438\u0439 \u043e\u0431\u043b\u0456\u043a\u043e\u0432\u0438\u0439 \u0437\u0430\u043f\u0438\u0441 \u0456 \u043f\u043e\u0447\u0430\u0442\u0438 \u0440\u043e\u0431\u0438\u0442\u0438 \u043f\u043e\u043a\u0443\u043f\u043a\u0438.","breadcrumb":{"@id":"https:\/\/pierrecardinyatak.com.tr\/hesabim\/#breadcrumb"},"inLanguage":"uk","potentialAction":[{"@type":"ReadAction","target":["https:\/\/pierrecardinyatak.com.tr\/hesabim\/"]}]},{"@type":"BreadcrumbList","@id":"https:\/\/pierrecardinyatak.com.tr\/hesabim\/#breadcrumb","itemListElement":[{"@type":"ListItem","position":1,"name":"Anasayfa","item":"https:\/\/pierrecardinyatak.com.tr\/"},{"@type":"ListItem","position":2,"name":"Hesab\u0131m"}]},{"@type":"WebSite","@id":"https:\/\/pierrecardinyatak.com.tr\/#website","url":"https:\/\/pierrecardinyatak.com.tr\/","name":"\u041b\u0456\u0436\u043a\u043e \u041f'\u0454\u0440\u0430 \u041a\u0430\u0440\u0434\u0435\u043d\u0430","description":"-","potentialAction":[{"@type":"SearchAction","target":{"@type":"EntryPoint","urlTemplate":"https:\/\/pierrecardinyatak.com.tr\/?s={search_term_string}"},"query-input":{"@type":"PropertyValueSpecification","valueRequired":true,"valueName":"search_term_string"}}],"inLanguage":"uk"},{"@type":"Person","@id":"https:\/\/pierrecardinyatak.com.tr\/#\/schema\/person\/1c182155c79ef557a479bd374b58f902","name":"\u0430\u0434\u043c\u0456\u043d\u0456\u0441\u0442\u0440\u0430\u0442\u043e\u0440","image":{"@type":"ImageObject","inLanguage":"uk","@id":"https:\/\/secure.gravatar.com\/avatar\/3a0c75d6a4a7b2213bf32cead72e590c8f6aa56e5c7c70ea801e74aa7a9372bc?s=96&d=mm&r=g","url":"https:\/\/secure.gravatar.com\/avatar\/3a0c75d6a4a7b2213bf32cead72e590c8f6aa56e5c7c70ea801e74aa7a9372bc?s=96&d=mm&r=g","contentUrl":"https:\/\/secure.gravatar.com\/avatar\/3a0c75d6a4a7b2213bf32cead72e590c8f6aa56e5c7c70ea801e74aa7a9372bc?s=96&d=mm&r=g","caption":"admin"},"sameAs":["https:\/\/pierrecardinbedding.com.tr"],"url":"https:\/\/pierrecardinyatak.com.tr\/uk\/author\/admin\/"}]}},"_links":{"self":[{"href":"https:\/\/pierrecardinyatak.com.tr\/uk\/wp-json\/wp\/v2\/pages\/10","targetHints":{"allow":["GET"]}}],"collection":[{"href":"https:\/\/pierrecardinyatak.com.tr\/uk\/wp-json\/wp\/v2\/pages"}],"about":[{"href":"https:\/\/pierrecardinyatak.com.tr\/uk\/wp-json\/wp\/v2\/types\/page"}],"author":[{"embeddable":true,"href":"https:\/\/pierrecardinyatak.com.tr\/uk\/wp-json\/wp\/v2\/users\/1"}],"replies":[{"embeddable":true,"href":"https:\/\/pierrecardinyatak.com.tr\/uk\/wp-json\/wp\/v2\/comments?post=10"}],"version-history":[{"count":0,"href":"https:\/\/pierrecardinyatak.com.tr\/uk\/wp-json\/wp\/v2\/pages\/10\/revisions"}],"wp:attachment":[{"href":"https:\/\/pierrecardinyatak.com.tr\/uk\/wp-json\/wp\/v2\/media?parent=10"}],"curies":[{"name":"wp","href":"https:\/\/api.w.org\/{rel}","templated":true}]}}