{"id":16675,"date":"2026-02-17T14:54:47","date_gmt":"2026-02-17T11:54:47","guid":{"rendered":"https:\/\/pierrecardinyatak.com.tr\/?post_type=product&#038;p=16675"},"modified":"2026-03-15T19:18:33","modified_gmt":"2026-03-15T16:18:33","slug":"moon-baby-bebek-yatagi","status":"publish","type":"product","link":"https:\/\/pierrecardinyatak.com.tr\/kk\/product\/moon-baby-bebek-yatagi\/","title":{"rendered":"Moon Baby Bebek Yata\u011f\u0131"},"content":{"rendered":"<div class=\"wpb-content-wrapper\"><div class=\"vc_row wpb_row vc_row-fluid\"><div class=\"wpb_column vc_column_container vc_col-sm-6\"><div class=\"vc_column-inner\"><div class=\"wpb_wrapper\"><div class=\"vc_row wpb_row vc_inner vc_row-fluid\"><div class=\"wpb_column vc_column_container vc_col-sm-12\"><div class=\"vc_column-inner\"><div class=\"wpb_wrapper\">\n\t<div class=\"wpb_text_column wpb_content_element\" >\n\t\t<div class=\"wpb_wrapper\">\n\t\t\t<p><strong>BAMBOO<\/strong><br \/>\nBAMBU<\/p>\n<p>Bambu, nem emici ve antibakteriyel<br \/>\n\u00f6zellikleriyle bilinen do\u011fal ve nefes alabilen<br \/>\nbir malzemedir.Yatak y\u00fczeyinin serin ve kuru<br \/>\nkalmas\u0131na yard\u0131mc\u0131 olarak v\u00fccut \u0131s\u0131s\u0131n\u0131<br \/>\nengeler, koku ve bakteri olu\u015fumunu<br \/>\n\u00f6nleyerek daha hijyenik ve ferah bir uyku<br \/>\nortam\u0131 sunar.<\/p>\n\n\t\t<\/div>\n\t<\/div>\n<\/div><\/div><\/div><\/div><\/div><\/div><\/div><div class=\"wpb_column vc_column_container vc_col-sm-6\"><div class=\"vc_column-inner\"><div class=\"wpb_wrapper\">\t\t<div id=\"wd-69b6dbba54ce8\" class=\"wd-image wd-wpb wd-rs-69b6dbba54ce8 text-center\">\n\t\t\t\n\t\t\t<img decoding=\"async\" width=\"1006\" height=\"160\" src=\"https:\/\/pierrecardinyatak.com.tr\/wp-content\/uploads\/2026\/03\/moonbaby-1.png\" class=\"attachment-full size-full\" alt=\"\" srcset=\"https:\/\/pierrecardinyatak.com.tr\/wp-content\/uploads\/2026\/03\/moonbaby-1.png 1006w, https:\/\/pierrecardinyatak.com.tr\/wp-content\/uploads\/2026\/03\/moonbaby-1-300x48.png 300w, https:\/\/pierrecardinyatak.com.tr\/wp-content\/uploads\/2026\/03\/moonbaby-1-768x122.png 768w, https:\/\/pierrecardinyatak.com.tr\/wp-content\/uploads\/2026\/03\/moonbaby-1-18x3.png 18w, https:\/\/pierrecardinyatak.com.tr\/wp-content\/uploads\/2026\/03\/moonbaby-1-150x24.png 150w, https:\/\/pierrecardinyatak.com.tr\/wp-content\/uploads\/2026\/03\/moonbaby-1-500x80.png 500w, https:\/\/pierrecardinyatak.com.tr\/wp-content\/uploads\/2026\/03\/moonbaby-1-800x127.png 800w\" sizes=\"(max-width: 1006px) 100vw, 1006px\" \/>\n\t\t\t\t\t<\/div>\n\t\t\t\t<div id=\"wd-69b6dbc72f5b8\" class=\"wd-image wd-wpb wd-rs-69b6dbc72f5b8 text-center\">\n\t\t\t\n\t\t\t<img decoding=\"async\" width=\"1006\" height=\"160\" src=\"https:\/\/pierrecardinyatak.com.tr\/wp-content\/uploads\/2026\/03\/moonbaby-2.png\" class=\"attachment-full size-full\" alt=\"\" srcset=\"https:\/\/pierrecardinyatak.com.tr\/wp-content\/uploads\/2026\/03\/moonbaby-2.png 1006w, https:\/\/pierrecardinyatak.com.tr\/wp-content\/uploads\/2026\/03\/moonbaby-2-300x48.png 300w, https:\/\/pierrecardinyatak.com.tr\/wp-content\/uploads\/2026\/03\/moonbaby-2-768x122.png 768w, https:\/\/pierrecardinyatak.com.tr\/wp-content\/uploads\/2026\/03\/moonbaby-2-18x3.png 18w, https:\/\/pierrecardinyatak.com.tr\/wp-content\/uploads\/2026\/03\/moonbaby-2-150x24.png 150w, https:\/\/pierrecardinyatak.com.tr\/wp-content\/uploads\/2026\/03\/moonbaby-2-500x80.png 500w, https:\/\/pierrecardinyatak.com.tr\/wp-content\/uploads\/2026\/03\/moonbaby-2-800x127.png 800w\" sizes=\"(max-width: 1006px) 100vw, 1006px\" \/>\n\t\t\t\t\t<\/div>\n\t\t<\/div><\/div><\/div><\/div><div class=\"vc_row wpb_row vc_row-fluid vc_row-o-content-middle vc_row-flex wd-rs-69b287874ce7c\"><div class=\"wpb_column vc_column_container vc_col-sm-12\"><div class=\"vc_column-inner\"><div class=\"wpb_wrapper\">\t\t<div id=\"wd-69b6dbcf6d360\" class=\"wd-image wd-wpb wd-rs-69b6dbcf6d360 text-center\">\n\t\t\t\n\t\t\t<img decoding=\"async\" width=\"925\" height=\"530\" src=\"https:\/\/pierrecardinyatak.com.tr\/wp-content\/uploads\/2026\/03\/moonbaby-3.png\" class=\"attachment-full size-full\" alt=\"\" srcset=\"https:\/\/pierrecardinyatak.com.tr\/wp-content\/uploads\/2026\/03\/moonbaby-3.png 925w, https:\/\/pierrecardinyatak.com.tr\/wp-content\/uploads\/2026\/03\/moonbaby-3-300x172.png 300w, https:\/\/pierrecardinyatak.com.tr\/wp-content\/uploads\/2026\/03\/moonbaby-3-768x440.png 768w, https:\/\/pierrecardinyatak.com.tr\/wp-content\/uploads\/2026\/03\/moonbaby-3-18x10.png 18w, https:\/\/pierrecardinyatak.com.tr\/wp-content\/uploads\/2026\/03\/moonbaby-3-150x86.png 150w, https:\/\/pierrecardinyatak.com.tr\/wp-content\/uploads\/2026\/03\/moonbaby-3-500x286.png 500w, https:\/\/pierrecardinyatak.com.tr\/wp-content\/uploads\/2026\/03\/moonbaby-3-800x458.png 800w\" sizes=\"(max-width: 925px) 100vw, 925px\" \/>\n\t\t\t\t\t<\/div>\n\t\t<\/div><\/div><\/div><\/div>\n<\/div>","protected":false},"excerpt":{"rendered":"BAMBOO BAMBU Bambu, nem emici ve antibakteriyel \u00f6zellikleriyle bilinen do\u011fal ve nefes alabilen bir malzemedir.Yatak y\u00fczeyinin serin ve kuru kalmas\u0131na","protected":false},"featured_media":16666,"template":"","meta":[],"pwb-brand":[401,269,411,387,431],"product_brand":[],"product_cat":[414],"product_tag":[],"class_list":{"0":"post-16675","1":"product","2":"type-product","3":"status-publish","4":"has-post-thumbnail","6":"pwb-brand-bambu-kumas","7":"pwb-brand-cift-tarafli-kullanim","8":"pwb-brand-hot-melt-teknolojisi-ile-uretilmistir","9":"pwb-brand-yuksek-yogunluklu-hr-sunger","10":"pwb-brand-omurga-destegi","11":"product_cat-bebek-yatagi","13":"first","14":"instock","15":"shipping-taxable","16":"purchasable","17":"product-type-variable"},"yoast_head":"<!-- This site is optimized with the Yoast SEO plugin v25.7 - https:\/\/yoast.com\/wordpress\/plugins\/seo\/ -->\n<title>Moon Baby Bebek Yata\u011f\u0131 - Pierre Cardin Yatak<\/title>\n<meta name=\"description\" content=\"Moon Baby Bebek Yata\u011f\u0131 - Pierre Cardin Yatak\" \/>\n<meta name=\"robots\" content=\"index, follow, max-snippet:-1, max-image-preview:large, max-video-preview:-1\" \/>\n<link rel=\"canonical\" href=\"https:\/\/pierrecardinyatak.com.tr\/kk\/product\/moon-baby-bebek-yatagi\/\" \/>\n<meta property=\"og:locale\" content=\"en_US\" \/>\n<meta property=\"og:type\" content=\"article\" \/>\n<meta property=\"og:title\" content=\"Moon Baby Bebek Yata\u011f\u0131 - Pierre Cardin Yatak\" \/>\n<meta property=\"og:description\" content=\"Moon Baby Bebek Yata\u011f\u0131 - Pierre Cardin Yatak\" \/>\n<meta property=\"og:url\" content=\"https:\/\/pierrecardinyatak.com.tr\/kk\/product\/moon-baby-bebek-yatagi\/\" \/>\n<meta property=\"og:site_name\" content=\"Pierre Cardin Yatak\" \/>\n<meta property=\"article:publisher\" content=\"https:\/\/www.facebook.com\/pierrecardinyatak\" \/>\n<meta property=\"article:modified_time\" content=\"2026-03-15T16:18:33+00:00\" \/>\n<meta property=\"og:image\" content=\"https:\/\/pierrecardinyatak.com.tr\/wp-content\/uploads\/2026\/02\/moonbaby-scaled.jpg\" \/>\n\t<meta property=\"og:image:width\" content=\"2560\" \/>\n\t<meta property=\"og:image:height\" content=\"1706\" \/>\n\t<meta property=\"og:image:type\" content=\"image\/jpeg\" \/>\n<meta name=\"twitter:card\" content=\"summary_large_image\" \/>\n<meta name=\"twitter:site\" content=\"@pcardinbedding\" \/>\n<meta name=\"twitter:label1\" content=\"Est. reading time\" \/>\n\t<meta name=\"twitter:data1\" content=\"2 \u043c\u0438\u043d\u0443\u0442\u044b\" \/>\n<script type=\"application\/ld+json\" class=\"yoast-schema-graph\">{\"@context\":\"https:\/\/schema.org\",\"@graph\":[{\"@type\":[\"WebPage\",\"ItemPage\"],\"@id\":\"https:\/\/pierrecardinyatak.com.tr\/urun\/moon-baby-bebek-yatagi\/\",\"url\":\"https:\/\/pierrecardinyatak.com.tr\/urun\/moon-baby-bebek-yatagi\/\",\"name\":\"Moon Baby Bebek Yata\u011f\u0131 - Pierre Cardin Yatak\",\"isPartOf\":{\"@id\":\"https:\/\/pierrecardinyatak.com.tr\/#website\"},\"primaryImageOfPage\":{\"@id\":\"https:\/\/pierrecardinyatak.com.tr\/urun\/moon-baby-bebek-yatagi\/#primaryimage\"},\"image\":{\"@id\":\"https:\/\/pierrecardinyatak.com.tr\/urun\/moon-baby-bebek-yatagi\/#primaryimage\"},\"thumbnailUrl\":\"https:\/\/pierrecardinyatak.com.tr\/wp-content\/uploads\/2026\/02\/moonbaby-scaled.jpg\",\"datePublished\":\"2026-02-17T11:54:47+00:00\",\"dateModified\":\"2026-03-15T16:18:33+00:00\",\"description\":\"Moon Baby Bebek Yata\u011f\u0131 - Pierre Cardin Yatak\",\"breadcrumb\":{\"@id\":\"https:\/\/pierrecardinyatak.com.tr\/urun\/moon-baby-bebek-yatagi\/#breadcrumb\"},\"inLanguage\":\"ru-RU\",\"potentialAction\":[{\"@type\":\"ReadAction\",\"target\":[\"https:\/\/pierrecardinyatak.com.tr\/urun\/moon-baby-bebek-yatagi\/\"]}]},{\"@type\":\"ImageObject\",\"inLanguage\":\"ru-RU\",\"@id\":\"https:\/\/pierrecardinyatak.com.tr\/urun\/moon-baby-bebek-yatagi\/#primaryimage\",\"url\":\"https:\/\/pierrecardinyatak.com.tr\/wp-content\/uploads\/2026\/02\/moonbaby-scaled.jpg\",\"contentUrl\":\"https:\/\/pierrecardinyatak.com.tr\/wp-content\/uploads\/2026\/02\/moonbaby-scaled.jpg\",\"width\":2560,\"height\":1706},{\"@type\":\"BreadcrumbList\",\"@id\":\"https:\/\/pierrecardinyatak.com.tr\/urun\/moon-baby-bebek-yatagi\/#breadcrumb\",\"itemListElement\":[{\"@type\":\"ListItem\",\"position\":1,\"name\":\"Anasayfa\",\"item\":\"https:\/\/pierrecardinyatak.com.tr\/\"},{\"@type\":\"ListItem\",\"position\":2,\"name\":\"Ma\u011faza\",\"item\":\"https:\/\/pierrecardinyatak.com.tr\/magaza\/\"},{\"@type\":\"ListItem\",\"position\":3,\"name\":\"Moon Baby Bebek Yata\u011f\u0131\"}]},{\"@type\":\"WebSite\",\"@id\":\"https:\/\/pierrecardinyatak.com.tr\/#website\",\"url\":\"https:\/\/pierrecardinyatak.com.tr\/\",\"name\":\"Pierre Cardin Yatak\",\"description\":\"-\",\"potentialAction\":[{\"@type\":\"SearchAction\",\"target\":{\"@type\":\"EntryPoint\",\"urlTemplate\":\"https:\/\/pierrecardinyatak.com.tr\/?s={search_term_string}\"},\"query-input\":{\"@type\":\"PropertyValueSpecification\",\"valueRequired\":true,\"valueName\":\"search_term_string\"}}],\"inLanguage\":\"ru-RU\"}]}<\/script>\n<!-- \/ Yoast SEO plugin. -->","yoast_head_json":{"title":"Moon Baby Bebek Yata\u011f\u0131 - Pierre Cardin Yatak","description":"Moon Baby Bebek Yata\u011f\u0131 - Pierre Cardin Yatak","robots":{"index":"index","follow":"follow","max-snippet":"max-snippet:-1","max-image-preview":"max-image-preview:large","max-video-preview":"max-video-preview:-1"},"canonical":"https:\/\/pierrecardinyatak.com.tr\/kk\/product\/moon-baby-bebek-yatagi\/","og_locale":"en_US","og_type":"article","og_title":"Moon Baby Bebek Yata\u011f\u0131 - Pierre Cardin Yatak","og_description":"Moon Baby Bebek Yata\u011f\u0131 - Pierre Cardin Yatak","og_url":"https:\/\/pierrecardinyatak.com.tr\/kk\/product\/moon-baby-bebek-yatagi\/","og_site_name":"Pierre Cardin Yatak","article_publisher":"https:\/\/www.facebook.com\/pierrecardinyatak","article_modified_time":"2026-03-15T16:18:33+00:00","og_image":[{"width":2560,"height":1706,"url":"https:\/\/pierrecardinyatak.com.tr\/wp-content\/uploads\/2026\/02\/moonbaby-scaled.jpg","type":"image\/jpeg"}],"twitter_card":"summary_large_image","twitter_site":"@pcardinbedding","twitter_misc":{"Est. reading time":"2 \u043c\u0438\u043d\u0443\u0442\u044b"},"schema":{"@context":"https:\/\/schema.org","@graph":[{"@type":["WebPage","ItemPage"],"@id":"https:\/\/pierrecardinyatak.com.tr\/urun\/moon-baby-bebek-yatagi\/","url":"https:\/\/pierrecardinyatak.com.tr\/urun\/moon-baby-bebek-yatagi\/","name":"Moon Baby Bebek Yata\u011f\u0131 - Pierre Cardin Yatak","isPartOf":{"@id":"https:\/\/pierrecardinyatak.com.tr\/#website"},"primaryImageOfPage":{"@id":"https:\/\/pierrecardinyatak.com.tr\/urun\/moon-baby-bebek-yatagi\/#primaryimage"},"image":{"@id":"https:\/\/pierrecardinyatak.com.tr\/urun\/moon-baby-bebek-yatagi\/#primaryimage"},"thumbnailUrl":"https:\/\/pierrecardinyatak.com.tr\/wp-content\/uploads\/2026\/02\/moonbaby-scaled.jpg","datePublished":"2026-02-17T11:54:47+00:00","dateModified":"2026-03-15T16:18:33+00:00","description":"Moon Baby Bebek Yata\u011f\u0131 - Pierre Cardin Yatak","breadcrumb":{"@id":"https:\/\/pierrecardinyatak.com.tr\/urun\/moon-baby-bebek-yatagi\/#breadcrumb"},"inLanguage":"ru-RU","potentialAction":[{"@type":"ReadAction","target":["https:\/\/pierrecardinyatak.com.tr\/urun\/moon-baby-bebek-yatagi\/"]}]},{"@type":"ImageObject","inLanguage":"ru-RU","@id":"https:\/\/pierrecardinyatak.com.tr\/urun\/moon-baby-bebek-yatagi\/#primaryimage","url":"https:\/\/pierrecardinyatak.com.tr\/wp-content\/uploads\/2026\/02\/moonbaby-scaled.jpg","contentUrl":"https:\/\/pierrecardinyatak.com.tr\/wp-content\/uploads\/2026\/02\/moonbaby-scaled.jpg","width":2560,"height":1706},{"@type":"BreadcrumbList","@id":"https:\/\/pierrecardinyatak.com.tr\/urun\/moon-baby-bebek-yatagi\/#breadcrumb","itemListElement":[{"@type":"ListItem","position":1,"name":"Anasayfa","item":"https:\/\/pierrecardinyatak.com.tr\/"},{"@type":"ListItem","position":2,"name":"Ma\u011faza","item":"https:\/\/pierrecardinyatak.com.tr\/magaza\/"},{"@type":"ListItem","position":3,"name":"Moon Baby Bebek Yata\u011f\u0131"}]},{"@type":"WebSite","@id":"https:\/\/pierrecardinyatak.com.tr\/#website","url":"https:\/\/pierrecardinyatak.com.tr\/","name":"Pierre Cardin Yatak","description":"-","potentialAction":[{"@type":"SearchAction","target":{"@type":"EntryPoint","urlTemplate":"https:\/\/pierrecardinyatak.com.tr\/?s={search_term_string}"},"query-input":{"@type":"PropertyValueSpecification","valueRequired":true,"valueName":"search_term_string"}}],"inLanguage":"ru-RU"}]}},"brands":[{"id":401,"name":"Bambu Kuma\u015f","slug":"bambu-kumas"},{"id":269,"name":"\u00c7ift Tarafl\u0131 Kullan\u0131m","slug":"cift-tarafli-kullanim"},{"id":411,"name":"Hot Melt Teknolojisi ile \u00dcretilmi\u015ftir.","slug":"hot-melt-teknolojisi-ile-uretilmistir"},{"id":387,"name":"HR S\u00fcnger","slug":"yuksek-yogunluklu-hr-sunger"},{"id":431,"name":"Omurga Deste\u011fi","slug":"omurga-destegi"}],"_links":{"self":[{"href":"https:\/\/pierrecardinyatak.com.tr\/kk\/wp-json\/wp\/v2\/product\/16675","targetHints":{"allow":["GET"]}}],"collection":[{"href":"https:\/\/pierrecardinyatak.com.tr\/kk\/wp-json\/wp\/v2\/product"}],"about":[{"href":"https:\/\/pierrecardinyatak.com.tr\/kk\/wp-json\/wp\/v2\/types\/product"}],"wp:featuredmedia":[{"embeddable":true,"href":"https:\/\/pierrecardinyatak.com.tr\/kk\/wp-json\/wp\/v2\/media\/16666"}],"wp:attachment":[{"href":"https:\/\/pierrecardinyatak.com.tr\/kk\/wp-json\/wp\/v2\/media?parent=16675"}],"wp:term":[{"taxonomy":"pwb-brand","embeddable":true,"href":"https:\/\/pierrecardinyatak.com.tr\/kk\/wp-json\/wp\/v2\/pwb-brand?post=16675"},{"taxonomy":"product_brand","embeddable":true,"href":"https:\/\/pierrecardinyatak.com.tr\/kk\/wp-json\/wp\/v2\/product_brand?post=16675"},{"taxonomy":"product_cat","embeddable":true,"href":"https:\/\/pierrecardinyatak.com.tr\/kk\/wp-json\/wp\/v2\/product_cat?post=16675"},{"taxonomy":"product_tag","embeddable":true,"href":"https:\/\/pierrecardinyatak.com.tr\/kk\/wp-json\/wp\/v2\/product_tag?post=16675"}],"curies":[{"name":"wp","href":"https:\/\/api.w.org\/{rel}","templated":true}]}}