{"id":12401,"date":"2025-10-15T19:29:37","date_gmt":"2025-10-15T16:29:37","guid":{"rendered":"https:\/\/pierrecardinyatak.com.tr\/?post_type=product&#038;p=12401"},"modified":"2025-10-17T16:19:03","modified_gmt":"2025-10-17T13:19:03","slug":"mira-yatak","status":"publish","type":"product","link":"https:\/\/pierrecardinyatak.com.tr\/kk\/product\/mira-yatak\/","title":{"rendered":"Mira Yatak"},"content":{"rendered":"<div class=\"wpb-content-wrapper\"><div class=\"vc_row wpb_row vc_row-fluid\"><div class=\"wpb_column vc_column_container vc_col-sm-8\"><div class=\"vc_column-inner\"><div class=\"wpb_wrapper\">\n\t<div class=\"wpb_text_column wpb_content_element\" >\n\t\t<div class=\"wpb_wrapper\">\n\t\t\t<h2 style=\"font-size: 18px; text-align: left;\">\u00dcr\u00fcn \u00d6l\u00e7\u00fcleri:<\/h2>\n<ul>\n<li>090X190<\/li>\n<li>090X200<\/li>\n<li>100X200<\/li>\n<li>120X200<\/li>\n<li>140X190<\/li>\n<li>140X200<\/li>\n<li>150X200<\/li>\n<li>160X200<\/li>\n<li>180X200<\/li>\n<li style=\"text-align: left;\"><strong>Yatak Y\u00fcksekli\u011fi:<\/strong> 21 CM<\/li>\n<\/ul>\n\n\t\t<\/div>\n\t<\/div>\n<\/div><\/div><\/div><div class=\"wpb_column vc_column_container vc_col-sm-4\"><div class=\"vc_column-inner\"><div class=\"wpb_wrapper\">\t\t<div id=\"wd-68f122a59489f\" class=\"wd-image wd-wpb wd-rs-68f122a59489f text-center\">\n\t\t\t\n\t\t\t<img decoding=\"async\" width=\"945\" height=\"902\" src=\"https:\/\/pierrecardinyatak.com.tr\/wp-content\/uploads\/2025\/10\/23.png\" class=\"attachment-full size-full\" alt=\"\" srcset=\"https:\/\/pierrecardinyatak.com.tr\/wp-content\/uploads\/2025\/10\/23.png 945w, https:\/\/pierrecardinyatak.com.tr\/wp-content\/uploads\/2025\/10\/23-300x286.png 300w, https:\/\/pierrecardinyatak.com.tr\/wp-content\/uploads\/2025\/10\/23-768x733.png 768w, https:\/\/pierrecardinyatak.com.tr\/wp-content\/uploads\/2025\/10\/23-13x12.png 13w, https:\/\/pierrecardinyatak.com.tr\/wp-content\/uploads\/2025\/10\/23-150x143.png 150w, https:\/\/pierrecardinyatak.com.tr\/wp-content\/uploads\/2025\/10\/23-500x477.png 500w, https:\/\/pierrecardinyatak.com.tr\/wp-content\/uploads\/2025\/10\/23-800x764.png 800w\" sizes=\"(max-width: 945px) 100vw, 945px\" \/>\n\t\t\t\t\t<\/div>\n\t\t<\/div><\/div><\/div><\/div><div class=\"wpb_column vc_column_container vc_col-sm-12\"><div class=\"vc_column-inner\"><div class=\"wpb_wrapper\"><\/div><\/div><\/div><div class=\"vc_row wpb_row vc_row-fluid\"><div class=\"wpb_column vc_column_container vc_col-sm-12\"><div class=\"vc_column-inner\"><div class=\"wpb_wrapper\">\t\t<div id=\"wd-68f1225de96dc\" class=\"wd-image wd-wpb wd-rs-68f1225de96dc text-center\">\n\t\t\t\n\t\t\t<img decoding=\"async\" width=\"2000\" height=\"218\" src=\"https:\/\/pierrecardinyatak.com.tr\/wp-content\/uploads\/2025\/10\/pierre.pdf.png\" class=\"attachment-full size-full\" alt=\"\" srcset=\"https:\/\/pierrecardinyatak.com.tr\/wp-content\/uploads\/2025\/10\/pierre.pdf.png 2000w, https:\/\/pierrecardinyatak.com.tr\/wp-content\/uploads\/2025\/10\/pierre.pdf-300x33.png 300w, https:\/\/pierrecardinyatak.com.tr\/wp-content\/uploads\/2025\/10\/pierre.pdf-1024x112.png 1024w, https:\/\/pierrecardinyatak.com.tr\/wp-content\/uploads\/2025\/10\/pierre.pdf-768x84.png 768w, https:\/\/pierrecardinyatak.com.tr\/wp-content\/uploads\/2025\/10\/pierre.pdf-1536x167.png 1536w, https:\/\/pierrecardinyatak.com.tr\/wp-content\/uploads\/2025\/10\/pierre.pdf-18x2.png 18w, https:\/\/pierrecardinyatak.com.tr\/wp-content\/uploads\/2025\/10\/pierre.pdf-1200x131.png 1200w, https:\/\/pierrecardinyatak.com.tr\/wp-content\/uploads\/2025\/10\/pierre.pdf-150x16.png 150w, https:\/\/pierrecardinyatak.com.tr\/wp-content\/uploads\/2025\/10\/pierre.pdf-500x55.png 500w, https:\/\/pierrecardinyatak.com.tr\/wp-content\/uploads\/2025\/10\/pierre.pdf-800x87.png 800w, https:\/\/pierrecardinyatak.com.tr\/wp-content\/uploads\/2025\/10\/pierre.pdf-1280x140.png 1280w, https:\/\/pierrecardinyatak.com.tr\/wp-content\/uploads\/2025\/10\/pierre.pdf-1920x209.png 1920w\" sizes=\"(max-width: 2000px) 100vw, 2000px\" \/>\n\t\t\t\t\t<\/div>\n\t\t<\/div><\/div><\/div><\/div>\n<\/div>","protected":false},"excerpt":{"rendered":"<p>&#8220;Mira Yatak ile t\u00fcm gece huzurla uyuyup g\u00fcn\u00fc ka\u00e7\u0131rmadan, tatilinize devam edebileceksiniz. .&#8221;<\/p>","protected":false},"featured_media":12406,"template":"","meta":[],"pwb-brand":[],"product_brand":[],"product_cat":[385],"product_tag":[],"class_list":{"0":"post-12401","1":"product","2":"type-product","3":"status-publish","4":"has-post-thumbnail","6":"product_cat-otel","8":"first","9":"instock","10":"shipping-taxable","11":"product-type-variable"},"yoast_head":"<!-- This site is optimized with the Yoast SEO plugin v25.7 - https:\/\/yoast.com\/wordpress\/plugins\/seo\/ -->\n<title>Mira Yatak - Pierre Cardin Yatak<\/title>\n<meta name=\"description\" content=\"Mira Yatak - Pierre Cardin Yatak\" \/>\n<meta name=\"robots\" content=\"index, follow, max-snippet:-1, max-image-preview:large, max-video-preview:-1\" \/>\n<link rel=\"canonical\" href=\"https:\/\/pierrecardinyatak.com.tr\/kk\/product\/mira-yatak\/\" \/>\n<meta property=\"og:locale\" content=\"en_US\" \/>\n<meta property=\"og:type\" content=\"article\" \/>\n<meta property=\"og:title\" content=\"Mira Yatak - Pierre Cardin Yatak\" \/>\n<meta property=\"og:description\" content=\"Mira Yatak - Pierre Cardin Yatak\" \/>\n<meta property=\"og:url\" content=\"https:\/\/pierrecardinyatak.com.tr\/kk\/product\/mira-yatak\/\" \/>\n<meta property=\"og:site_name\" content=\"Pierre Cardin Yatak\" \/>\n<meta property=\"article:publisher\" content=\"https:\/\/www.facebook.com\/pierrecardinyatak\" \/>\n<meta property=\"article:modified_time\" content=\"2025-10-17T13:19:03+00:00\" \/>\n<meta property=\"og:image\" content=\"https:\/\/pierrecardinyatak.com.tr\/wp-content\/uploads\/2025\/10\/mira.jpg\" \/>\n\t<meta property=\"og:image:width\" content=\"2523\" \/>\n\t<meta property=\"og:image:height\" content=\"2022\" \/>\n\t<meta property=\"og:image:type\" content=\"image\/jpeg\" \/>\n<meta name=\"twitter:card\" content=\"summary_large_image\" \/>\n<meta name=\"twitter:site\" content=\"@pcardinbedding\" \/>\n<meta name=\"twitter:label1\" content=\"Est. reading time\" \/>\n\t<meta name=\"twitter:data1\" content=\"1 \u043c\u0438\u043d\u0443\u0442\u0430\" \/>\n<script type=\"application\/ld+json\" class=\"yoast-schema-graph\">{\"@context\":\"https:\/\/schema.org\",\"@graph\":[{\"@type\":[\"WebPage\",\"ItemPage\"],\"@id\":\"https:\/\/pierrecardinyatak.com.tr\/urun\/mira-yatak\/\",\"url\":\"https:\/\/pierrecardinyatak.com.tr\/urun\/mira-yatak\/\",\"name\":\"Mira Yatak - Pierre Cardin Yatak\",\"isPartOf\":{\"@id\":\"https:\/\/pierrecardinyatak.com.tr\/#website\"},\"primaryImageOfPage\":{\"@id\":\"https:\/\/pierrecardinyatak.com.tr\/urun\/mira-yatak\/#primaryimage\"},\"image\":{\"@id\":\"https:\/\/pierrecardinyatak.com.tr\/urun\/mira-yatak\/#primaryimage\"},\"thumbnailUrl\":\"https:\/\/pierrecardinyatak.com.tr\/wp-content\/uploads\/2025\/10\/mira.jpg\",\"datePublished\":\"2025-10-15T16:29:37+00:00\",\"dateModified\":\"2025-10-17T13:19:03+00:00\",\"description\":\"Mira Yatak - Pierre Cardin Yatak\",\"breadcrumb\":{\"@id\":\"https:\/\/pierrecardinyatak.com.tr\/urun\/mira-yatak\/#breadcrumb\"},\"inLanguage\":\"ru-RU\",\"potentialAction\":[{\"@type\":\"ReadAction\",\"target\":[\"https:\/\/pierrecardinyatak.com.tr\/urun\/mira-yatak\/\"]}]},{\"@type\":\"ImageObject\",\"inLanguage\":\"ru-RU\",\"@id\":\"https:\/\/pierrecardinyatak.com.tr\/urun\/mira-yatak\/#primaryimage\",\"url\":\"https:\/\/pierrecardinyatak.com.tr\/wp-content\/uploads\/2025\/10\/mira.jpg\",\"contentUrl\":\"https:\/\/pierrecardinyatak.com.tr\/wp-content\/uploads\/2025\/10\/mira.jpg\",\"width\":2523,\"height\":2022},{\"@type\":\"BreadcrumbList\",\"@id\":\"https:\/\/pierrecardinyatak.com.tr\/urun\/mira-yatak\/#breadcrumb\",\"itemListElement\":[{\"@type\":\"ListItem\",\"position\":1,\"name\":\"Anasayfa\",\"item\":\"https:\/\/pierrecardinyatak.com.tr\/\"},{\"@type\":\"ListItem\",\"position\":2,\"name\":\"Ma\u011faza\",\"item\":\"https:\/\/pierrecardinyatak.com.tr\/magaza\/\"},{\"@type\":\"ListItem\",\"position\":3,\"name\":\"Mira Yatak\"}]},{\"@type\":\"WebSite\",\"@id\":\"https:\/\/pierrecardinyatak.com.tr\/#website\",\"url\":\"https:\/\/pierrecardinyatak.com.tr\/\",\"name\":\"Pierre Cardin Yatak\",\"description\":\"-\",\"potentialAction\":[{\"@type\":\"SearchAction\",\"target\":{\"@type\":\"EntryPoint\",\"urlTemplate\":\"https:\/\/pierrecardinyatak.com.tr\/?s={search_term_string}\"},\"query-input\":{\"@type\":\"PropertyValueSpecification\",\"valueRequired\":true,\"valueName\":\"search_term_string\"}}],\"inLanguage\":\"ru-RU\"}]}<\/script>\n<!-- \/ Yoast SEO plugin. -->","yoast_head_json":{"title":"Mira Yatak - Pierre Cardin Yatak","description":"Mira Yatak - Pierre Cardin Yatak","robots":{"index":"index","follow":"follow","max-snippet":"max-snippet:-1","max-image-preview":"max-image-preview:large","max-video-preview":"max-video-preview:-1"},"canonical":"https:\/\/pierrecardinyatak.com.tr\/kk\/product\/mira-yatak\/","og_locale":"en_US","og_type":"article","og_title":"Mira Yatak - Pierre Cardin Yatak","og_description":"Mira Yatak - Pierre Cardin Yatak","og_url":"https:\/\/pierrecardinyatak.com.tr\/kk\/product\/mira-yatak\/","og_site_name":"Pierre Cardin Yatak","article_publisher":"https:\/\/www.facebook.com\/pierrecardinyatak","article_modified_time":"2025-10-17T13:19:03+00:00","og_image":[{"width":2523,"height":2022,"url":"https:\/\/pierrecardinyatak.com.tr\/wp-content\/uploads\/2025\/10\/mira.jpg","type":"image\/jpeg"}],"twitter_card":"summary_large_image","twitter_site":"@pcardinbedding","twitter_misc":{"Est. reading time":"1 \u043c\u0438\u043d\u0443\u0442\u0430"},"schema":{"@context":"https:\/\/schema.org","@graph":[{"@type":["WebPage","ItemPage"],"@id":"https:\/\/pierrecardinyatak.com.tr\/urun\/mira-yatak\/","url":"https:\/\/pierrecardinyatak.com.tr\/urun\/mira-yatak\/","name":"Mira Yatak - Pierre Cardin Yatak","isPartOf":{"@id":"https:\/\/pierrecardinyatak.com.tr\/#website"},"primaryImageOfPage":{"@id":"https:\/\/pierrecardinyatak.com.tr\/urun\/mira-yatak\/#primaryimage"},"image":{"@id":"https:\/\/pierrecardinyatak.com.tr\/urun\/mira-yatak\/#primaryimage"},"thumbnailUrl":"https:\/\/pierrecardinyatak.com.tr\/wp-content\/uploads\/2025\/10\/mira.jpg","datePublished":"2025-10-15T16:29:37+00:00","dateModified":"2025-10-17T13:19:03+00:00","description":"Mira Yatak - Pierre Cardin Yatak","breadcrumb":{"@id":"https:\/\/pierrecardinyatak.com.tr\/urun\/mira-yatak\/#breadcrumb"},"inLanguage":"ru-RU","potentialAction":[{"@type":"ReadAction","target":["https:\/\/pierrecardinyatak.com.tr\/urun\/mira-yatak\/"]}]},{"@type":"ImageObject","inLanguage":"ru-RU","@id":"https:\/\/pierrecardinyatak.com.tr\/urun\/mira-yatak\/#primaryimage","url":"https:\/\/pierrecardinyatak.com.tr\/wp-content\/uploads\/2025\/10\/mira.jpg","contentUrl":"https:\/\/pierrecardinyatak.com.tr\/wp-content\/uploads\/2025\/10\/mira.jpg","width":2523,"height":2022},{"@type":"BreadcrumbList","@id":"https:\/\/pierrecardinyatak.com.tr\/urun\/mira-yatak\/#breadcrumb","itemListElement":[{"@type":"ListItem","position":1,"name":"Anasayfa","item":"https:\/\/pierrecardinyatak.com.tr\/"},{"@type":"ListItem","position":2,"name":"Ma\u011faza","item":"https:\/\/pierrecardinyatak.com.tr\/magaza\/"},{"@type":"ListItem","position":3,"name":"Mira Yatak"}]},{"@type":"WebSite","@id":"https:\/\/pierrecardinyatak.com.tr\/#website","url":"https:\/\/pierrecardinyatak.com.tr\/","name":"Pierre Cardin Yatak","description":"-","potentialAction":[{"@type":"SearchAction","target":{"@type":"EntryPoint","urlTemplate":"https:\/\/pierrecardinyatak.com.tr\/?s={search_term_string}"},"query-input":{"@type":"PropertyValueSpecification","valueRequired":true,"valueName":"search_term_string"}}],"inLanguage":"ru-RU"}]}},"brands":[],"_links":{"self":[{"href":"https:\/\/pierrecardinyatak.com.tr\/kk\/wp-json\/wp\/v2\/product\/12401","targetHints":{"allow":["GET"]}}],"collection":[{"href":"https:\/\/pierrecardinyatak.com.tr\/kk\/wp-json\/wp\/v2\/product"}],"about":[{"href":"https:\/\/pierrecardinyatak.com.tr\/kk\/wp-json\/wp\/v2\/types\/product"}],"wp:featuredmedia":[{"embeddable":true,"href":"https:\/\/pierrecardinyatak.com.tr\/kk\/wp-json\/wp\/v2\/media\/12406"}],"wp:attachment":[{"href":"https:\/\/pierrecardinyatak.com.tr\/kk\/wp-json\/wp\/v2\/media?parent=12401"}],"wp:term":[{"taxonomy":"pwb-brand","embeddable":true,"href":"https:\/\/pierrecardinyatak.com.tr\/kk\/wp-json\/wp\/v2\/pwb-brand?post=12401"},{"taxonomy":"product_brand","embeddable":true,"href":"https:\/\/pierrecardinyatak.com.tr\/kk\/wp-json\/wp\/v2\/product_brand?post=12401"},{"taxonomy":"product_cat","embeddable":true,"href":"https:\/\/pierrecardinyatak.com.tr\/kk\/wp-json\/wp\/v2\/product_cat?post=12401"},{"taxonomy":"product_tag","embeddable":true,"href":"https:\/\/pierrecardinyatak.com.tr\/kk\/wp-json\/wp\/v2\/product_tag?post=12401"}],"curies":[{"name":"wp","href":"https:\/\/api.w.org\/{rel}","templated":true}]}}