{"id":7655,"date":"2024-01-31T18:12:34","date_gmt":"2024-01-31T15:12:34","guid":{"rendered":"https:\/\/pierrecardinyatak.com.tr\/?post_type=product&#038;p=7655"},"modified":"2026-04-03T16:56:53","modified_gmt":"2026-04-03T13:56:53","slug":"centaure-yatak-baza-baslik-set","status":"publish","type":"product","link":"https:\/\/pierrecardinyatak.com.tr\/hy\/product\/centaure-yatak-baza-baslik-set\/","title":{"rendered":"Centaure Yatak &#038; Baza &#038; Ba\u015fl\u0131k Set"},"content":{"rendered":"<div class=\"wpb-content-wrapper\"><div class=\"vc_row wpb_row vc_row-fluid\"><div class=\"wpb_column vc_column_container vc_col-sm-12\"><div class=\"vc_column-inner\"><div class=\"wpb_wrapper\">\t\t<div id=\"wd-68e776a6ed124\" class=\"wd-image wd-wpb wd-rs-68e776a6ed124 text-center\">\n\t\t\t\n\t\t\t<img decoding=\"async\" width=\"2560\" height=\"1686\" src=\"https:\/\/pierrecardinyatak.com.tr\/wp-content\/uploads\/2024\/01\/P.C-Katalog-2025-134-scaled.png\" class=\"attachment-full size-full\" alt=\"\" srcset=\"https:\/\/pierrecardinyatak.com.tr\/wp-content\/uploads\/2024\/01\/P.C-Katalog-2025-134-scaled.png 2560w, https:\/\/pierrecardinyatak.com.tr\/wp-content\/uploads\/2024\/01\/P.C-Katalog-2025-134-300x198.png 300w, https:\/\/pierrecardinyatak.com.tr\/wp-content\/uploads\/2024\/01\/P.C-Katalog-2025-134-1024x674.png 1024w, https:\/\/pierrecardinyatak.com.tr\/wp-content\/uploads\/2024\/01\/P.C-Katalog-2025-134-768x506.png 768w, https:\/\/pierrecardinyatak.com.tr\/wp-content\/uploads\/2024\/01\/P.C-Katalog-2025-134-1536x1011.png 1536w, https:\/\/pierrecardinyatak.com.tr\/wp-content\/uploads\/2024\/01\/P.C-Katalog-2025-134-2048x1348.png 2048w, https:\/\/pierrecardinyatak.com.tr\/wp-content\/uploads\/2024\/01\/P.C-Katalog-2025-134-18x12.png 18w, https:\/\/pierrecardinyatak.com.tr\/wp-content\/uploads\/2024\/01\/P.C-Katalog-2025-134-1200x790.png 1200w, https:\/\/pierrecardinyatak.com.tr\/wp-content\/uploads\/2024\/01\/P.C-Katalog-2025-134-150x99.png 150w, https:\/\/pierrecardinyatak.com.tr\/wp-content\/uploads\/2024\/01\/P.C-Katalog-2025-134-500x329.png 500w, https:\/\/pierrecardinyatak.com.tr\/wp-content\/uploads\/2024\/01\/P.C-Katalog-2025-134-800x527.png 800w, https:\/\/pierrecardinyatak.com.tr\/wp-content\/uploads\/2024\/01\/P.C-Katalog-2025-134-1280x843.png 1280w, https:\/\/pierrecardinyatak.com.tr\/wp-content\/uploads\/2024\/01\/P.C-Katalog-2025-134-1920x1264.png 1920w\" sizes=\"(max-width: 2560px) 100vw, 2560px\" \/>\n\t\t\t\t\t<\/div>\n\t\t\n\t<div class=\"wpb_text_column wpb_content_element\" >\n\t\t<div class=\"wpb_wrapper\">\n\t\t\t<p>Centaure Yatak<\/p>\n<p>&#8220;Centaure, do\u011fal ya\u015fam\u0131n esintisini modern teknolojiyle harmanlayan bir yatak olarak sizi kucaklar. Bambu kuma\u015f\u0131n\u0131n hafifli\u011fi ve nefes alabilen yap\u0131s\u0131, geceleri do\u011fal bir ferahl\u0131k sunarken, Classic Coil Air Balance\u00ae sistemi her bir hareketinize uyum sa\u011flar&#8230;&#8221;<\/p>\n\n\t\t<\/div>\n\t<\/div>\n\n\t<div  class=\"wpb_single_image wpb_content_element vc_align_center\">\n\t\t\n\t\t<figure class=\"wpb_wrapper vc_figure\">\n\t\t\t<div class=\"vc_single_image-wrapper   vc_box_border_grey\"><img decoding=\"async\" width=\"900\" height=\"232\" src=\"https:\/\/pierrecardinyatak.com.tr\/wp-content\/uploads\/2022\/11\/yatak-sertlik-3-4.webp\" class=\"vc_single_image-img attachment-full\" alt=\"Pierre Cardin Yatak Sertlik 3-4\" title=\"yatak-sertlik-3-4\" srcset=\"https:\/\/pierrecardinyatak.com.tr\/wp-content\/uploads\/2022\/11\/yatak-sertlik-3-4.webp 900w, https:\/\/pierrecardinyatak.com.tr\/wp-content\/uploads\/2022\/11\/yatak-sertlik-3-4-150x39.webp 150w, https:\/\/pierrecardinyatak.com.tr\/wp-content\/uploads\/2022\/11\/yatak-sertlik-3-4-300x77.webp 300w, https:\/\/pierrecardinyatak.com.tr\/wp-content\/uploads\/2022\/11\/yatak-sertlik-3-4-768x198.webp 768w\" sizes=\"(max-width: 900px) 100vw, 900px\" \/><\/div>\n\t\t<\/figure>\n\t<\/div>\n\n\t<div  class=\"wpb_single_image wpb_content_element vc_align_center\">\n\t\t\n\t\t<figure class=\"wpb_wrapper vc_figure\">\n\t\t\t<div class=\"vc_single_image-wrapper   vc_box_border_grey\"><img decoding=\"async\" width=\"1101\" height=\"300\" src=\"https:\/\/pierrecardinyatak.com.tr\/wp-content\/uploads\/2024\/01\/pierre-cardin-centaure-yatak-ozellikleri-2.jpg\" class=\"vc_single_image-img attachment-full\" alt=\"Pierre Cardin Yatak Centaure Bleu Marine Yatak \u00d6zellikleri - \u0130konlar 2\" title=\"pierre-cardin-centaure-yatak-ozellikleri-2\" srcset=\"https:\/\/pierrecardinyatak.com.tr\/wp-content\/uploads\/2024\/01\/pierre-cardin-centaure-yatak-ozellikleri-2.jpg 1101w, https:\/\/pierrecardinyatak.com.tr\/wp-content\/uploads\/2024\/01\/pierre-cardin-centaure-yatak-ozellikleri-2-150x41.jpg 150w, https:\/\/pierrecardinyatak.com.tr\/wp-content\/uploads\/2024\/01\/pierre-cardin-centaure-yatak-ozellikleri-2-300x82.jpg 300w, https:\/\/pierrecardinyatak.com.tr\/wp-content\/uploads\/2024\/01\/pierre-cardin-centaure-yatak-ozellikleri-2-1024x279.jpg 1024w, https:\/\/pierrecardinyatak.com.tr\/wp-content\/uploads\/2024\/01\/pierre-cardin-centaure-yatak-ozellikleri-2-768x209.jpg 768w\" sizes=\"(max-width: 1101px) 100vw, 1101px\" \/><\/div>\n\t\t<\/figure>\n\t<\/div>\n\n\t<div  class=\"wpb_single_image wpb_content_element vc_align_center\">\n\t\t\n\t\t<figure class=\"wpb_wrapper vc_figure\">\n\t\t\t<div class=\"vc_single_image-wrapper   vc_box_border_grey\"><img decoding=\"async\" width=\"1101\" height=\"300\" src=\"https:\/\/pierrecardinyatak.com.tr\/wp-content\/uploads\/2024\/01\/pierre-cardin-centaure-yatak-ozellikleri-1.jpg\" class=\"vc_single_image-img attachment-full\" alt=\"Pierre Cardin Yatak Centaure Bleu Marine Yatak \u00d6zellikleri - \u0130konlar\" title=\"pierre-cardin-centaure-yatak-ozellikleri-1\" srcset=\"https:\/\/pierrecardinyatak.com.tr\/wp-content\/uploads\/2024\/01\/pierre-cardin-centaure-yatak-ozellikleri-1.jpg 1101w, https:\/\/pierrecardinyatak.com.tr\/wp-content\/uploads\/2024\/01\/pierre-cardin-centaure-yatak-ozellikleri-1-150x41.jpg 150w, https:\/\/pierrecardinyatak.com.tr\/wp-content\/uploads\/2024\/01\/pierre-cardin-centaure-yatak-ozellikleri-1-300x82.jpg 300w, https:\/\/pierrecardinyatak.com.tr\/wp-content\/uploads\/2024\/01\/pierre-cardin-centaure-yatak-ozellikleri-1-1024x279.jpg 1024w, https:\/\/pierrecardinyatak.com.tr\/wp-content\/uploads\/2024\/01\/pierre-cardin-centaure-yatak-ozellikleri-1-768x209.jpg 768w\" sizes=\"(max-width: 1101px) 100vw, 1101px\" \/><\/div>\n\t\t<\/figure>\n\t<\/div>\n\n\t<div class=\"wpb_text_column wpb_content_element\" >\n\t\t<div class=\"wpb_wrapper\">\n\t\t\t<p>Teknik \u00d6zellikler<\/p>\n<p>Bamboo Yarns\u00ae: Bambudan elde edilen do\u011fal liflerden yap\u0131lan kuma\u015f t\u00fcr\u00fcd\u00fcr. Yumu\u015fak, nefes alabilir ve ekstra hijyen sa\u011flayan \u00f6zelliklere sahiptir.<br \/>\n\u00c7\u0131kar\u0131labilir Ped: \u00c7\u0131kar\u0131labilir pedi sayesinde yatak sertli\u011fi konusunda se\u00e7im yapabilme, ayn\u0131 zamanda ilave yatak olarak da kullan\u0131labilme imkan\u0131 sunar.<br \/>\nClassic Coil Air Balance\u00ae:Yata\u011f\u0131n ana destek yap\u0131s\u0131n\u0131 olu\u015fturan, geleneksel yay sisteminin yenilik\u00e7i bir yorumu olan Classic Coil Air Balance\u00ae yay teknolojisi; v\u00fccut a\u011f\u0131rl\u0131\u011f\u0131n\u0131 do\u011fru \u015fekilde destekleyerek rahat bir uyku deneyimi sunar.<br \/>\nEkstra Soft Konfor Katman\u0131: Yata\u011f\u0131n \u00fcst k\u0131sm\u0131nda ekstra yumu\u015fakl\u0131k ve rahatl\u0131k sa\u011flayan \u00f6zel katmand\u0131r.<br \/>\nAnti-slip:\u00a0Yata\u011f\u0131n alt k\u0131sm\u0131nda bulunan, yata\u011f\u0131n zeminde kaymas\u0131n\u0131 \u00f6nleyen bir malzemedir. Yata\u011f\u0131n yerinde sabit kalmas\u0131n\u0131 sa\u011flar ve g\u00fcvenlik a\u00e7\u0131s\u0131ndan \u00f6nemlidir.<\/p>\n\n\t\t<\/div>\n\t<\/div>\n<\/div><\/div><\/div><\/div><div class=\"vc_row wpb_row vc_row-fluid\"><div class=\"wpb_column vc_column_container vc_col-sm-12\"><div class=\"vc_column-inner\"><div class=\"wpb_wrapper\"><\/div><\/div><\/div><\/div>\n<\/div>","protected":false},"excerpt":{"rendered":"<p><strong>Y\u0131kanabilir K\u0131l\u0131f &#8211; Robot S\u00fcp\u00fcrge Uyumlu<\/strong><\/p>","protected":false},"featured_media":15798,"template":"","meta":[],"pwb-brand":[390,389,400,404],"product_brand":[],"product_cat":[63,67,64,218],"product_tag":[],"class_list":{"0":"post-7655","1":"product","2":"type-product","3":"status-publish","4":"has-post-thumbnail","6":"pwb-brand-coklu-yay-sistemi","7":"pwb-brand-dogru-omurga-destegi","8":"pwb-brand-kus-tuyu-hissiyatli-sunger","9":"pwb-brand-yikanabilir-ped","10":"product_cat-baza-baslik","11":"product_cat-sandikli-baza-set","12":"product_cat-yatak-baza-baslik-setler","13":"product_cat-yatak-baza-baslik-tumu","15":"first","16":"instock","17":"shipping-taxable","18":"purchasable","19":"product-type-variable","20":"has-default-attributes"},"yoast_head":"<!-- This site is optimized with the Yoast SEO plugin v25.7 - https:\/\/yoast.com\/wordpress\/plugins\/seo\/ -->\n<title>Centaure Yatak &amp; Baza &amp; Ba\u015fl\u0131k Set - Pierre Cardin Yatak<\/title>\n<meta name=\"description\" content=\"Centaure Yatak &amp; Baza &amp; Ba\u015fl\u0131k Set - Pierre Cardin Yatak\" \/>\n<meta name=\"robots\" content=\"index, follow, max-snippet:-1, max-image-preview:large, max-video-preview:-1\" \/>\n<link rel=\"canonical\" href=\"https:\/\/pierrecardinyatak.com.tr\/hy\/product\/centaure-yatak-baza-baslik-set\/\" \/>\n<meta property=\"og:locale\" content=\"en_US\" \/>\n<meta property=\"og:type\" content=\"article\" \/>\n<meta property=\"og:title\" content=\"Centaure Yatak &amp; Baza &amp; Ba\u015fl\u0131k Set - Pierre Cardin Yatak\" \/>\n<meta property=\"og:description\" content=\"Centaure Yatak &amp; Baza &amp; Ba\u015fl\u0131k Set - Pierre Cardin Yatak\" \/>\n<meta property=\"og:url\" content=\"https:\/\/pierrecardinyatak.com.tr\/hy\/product\/centaure-yatak-baza-baslik-set\/\" \/>\n<meta property=\"og:site_name\" content=\"Pierre Cardin Yatak\" \/>\n<meta property=\"article:publisher\" content=\"https:\/\/www.facebook.com\/pierrecardinyatak\" \/>\n<meta property=\"article:modified_time\" content=\"2026-04-03T13:56:53+00:00\" \/>\n<meta property=\"og:image\" content=\"https:\/\/pierrecardinyatak.com.tr\/wp-content\/uploads\/2024\/01\/Centaure-Ai.jpg\" \/>\n\t<meta property=\"og:image:width\" content=\"2048\" \/>\n\t<meta property=\"og:image:height\" content=\"1364\" \/>\n\t<meta property=\"og:image:type\" content=\"image\/jpeg\" \/>\n<meta name=\"twitter:card\" content=\"summary_large_image\" \/>\n<meta name=\"twitter:site\" content=\"@pcardinbedding\" \/>\n<meta name=\"twitter:label1\" content=\"Est. reading time\" \/>\n\t<meta name=\"twitter:data1\" content=\"2 minutes\" \/>\n<script type=\"application\/ld+json\" class=\"yoast-schema-graph\">{\"@context\":\"https:\/\/schema.org\",\"@graph\":[{\"@type\":[\"WebPage\",\"ItemPage\"],\"@id\":\"https:\/\/pierrecardinyatak.com.tr\/urun\/centaure-yatak-baza-baslik-set\/\",\"url\":\"https:\/\/pierrecardinyatak.com.tr\/urun\/centaure-yatak-baza-baslik-set\/\",\"name\":\"Centaure Yatak & Baza & Ba\u015fl\u0131k Set - Pierre Cardin Yatak\",\"isPartOf\":{\"@id\":\"https:\/\/pierrecardinyatak.com.tr\/#website\"},\"primaryImageOfPage\":{\"@id\":\"https:\/\/pierrecardinyatak.com.tr\/urun\/centaure-yatak-baza-baslik-set\/#primaryimage\"},\"image\":{\"@id\":\"https:\/\/pierrecardinyatak.com.tr\/urun\/centaure-yatak-baza-baslik-set\/#primaryimage\"},\"thumbnailUrl\":\"https:\/\/pierrecardinyatak.com.tr\/wp-content\/uploads\/2024\/01\/Centaure-Ai.jpg\",\"datePublished\":\"2024-01-31T15:12:34+00:00\",\"dateModified\":\"2026-04-03T13:56:53+00:00\",\"description\":\"Centaure Yatak & Baza & Ba\u015fl\u0131k Set - Pierre Cardin Yatak\",\"breadcrumb\":{\"@id\":\"https:\/\/pierrecardinyatak.com.tr\/urun\/centaure-yatak-baza-baslik-set\/#breadcrumb\"},\"inLanguage\":\"hy-AM\",\"potentialAction\":[{\"@type\":\"ReadAction\",\"target\":[\"https:\/\/pierrecardinyatak.com.tr\/urun\/centaure-yatak-baza-baslik-set\/\"]}]},{\"@type\":\"ImageObject\",\"inLanguage\":\"hy-AM\",\"@id\":\"https:\/\/pierrecardinyatak.com.tr\/urun\/centaure-yatak-baza-baslik-set\/#primaryimage\",\"url\":\"https:\/\/pierrecardinyatak.com.tr\/wp-content\/uploads\/2024\/01\/Centaure-Ai.jpg\",\"contentUrl\":\"https:\/\/pierrecardinyatak.com.tr\/wp-content\/uploads\/2024\/01\/Centaure-Ai.jpg\",\"width\":2048,\"height\":1364,\"caption\":\"Screenshot\"},{\"@type\":\"BreadcrumbList\",\"@id\":\"https:\/\/pierrecardinyatak.com.tr\/urun\/centaure-yatak-baza-baslik-set\/#breadcrumb\",\"itemListElement\":[{\"@type\":\"ListItem\",\"position\":1,\"name\":\"Anasayfa\",\"item\":\"https:\/\/pierrecardinyatak.com.tr\/\"},{\"@type\":\"ListItem\",\"position\":2,\"name\":\"Ma\u011faza\",\"item\":\"https:\/\/pierrecardinyatak.com.tr\/magaza\/\"},{\"@type\":\"ListItem\",\"position\":3,\"name\":\"Centaure Yatak &#038; Baza &#038; Ba\u015fl\u0131k Set\"}]},{\"@type\":\"WebSite\",\"@id\":\"https:\/\/pierrecardinyatak.com.tr\/#website\",\"url\":\"https:\/\/pierrecardinyatak.com.tr\/\",\"name\":\"Pierre Cardin Yatak\",\"description\":\"-\",\"potentialAction\":[{\"@type\":\"SearchAction\",\"target\":{\"@type\":\"EntryPoint\",\"urlTemplate\":\"https:\/\/pierrecardinyatak.com.tr\/?s={search_term_string}\"},\"query-input\":{\"@type\":\"PropertyValueSpecification\",\"valueRequired\":true,\"valueName\":\"search_term_string\"}}],\"inLanguage\":\"hy-AM\"}]}<\/script>\n<!-- \/ Yoast SEO plugin. -->","yoast_head_json":{"title":"Centaure Yatak & Baza & Ba\u015fl\u0131k Set - Pierre Cardin Yatak","description":"Centaure Yatak & Baza & Ba\u015fl\u0131k Set - Pierre Cardin Yatak","robots":{"index":"index","follow":"follow","max-snippet":"max-snippet:-1","max-image-preview":"max-image-preview:large","max-video-preview":"max-video-preview:-1"},"canonical":"https:\/\/pierrecardinyatak.com.tr\/hy\/product\/centaure-yatak-baza-baslik-set\/","og_locale":"en_US","og_type":"article","og_title":"Centaure Yatak & Baza & Ba\u015fl\u0131k Set - Pierre Cardin Yatak","og_description":"Centaure Yatak & Baza & Ba\u015fl\u0131k Set - Pierre Cardin Yatak","og_url":"https:\/\/pierrecardinyatak.com.tr\/hy\/product\/centaure-yatak-baza-baslik-set\/","og_site_name":"Pierre Cardin Yatak","article_publisher":"https:\/\/www.facebook.com\/pierrecardinyatak","article_modified_time":"2026-04-03T13:56:53+00:00","og_image":[{"width":2048,"height":1364,"url":"https:\/\/pierrecardinyatak.com.tr\/wp-content\/uploads\/2024\/01\/Centaure-Ai.jpg","type":"image\/jpeg"}],"twitter_card":"summary_large_image","twitter_site":"@pcardinbedding","twitter_misc":{"Est. reading time":"2 minutes"},"schema":{"@context":"https:\/\/schema.org","@graph":[{"@type":["WebPage","ItemPage"],"@id":"https:\/\/pierrecardinyatak.com.tr\/urun\/centaure-yatak-baza-baslik-set\/","url":"https:\/\/pierrecardinyatak.com.tr\/urun\/centaure-yatak-baza-baslik-set\/","name":"Centaure Yatak & Baza & Ba\u015fl\u0131k Set - Pierre Cardin Yatak","isPartOf":{"@id":"https:\/\/pierrecardinyatak.com.tr\/#website"},"primaryImageOfPage":{"@id":"https:\/\/pierrecardinyatak.com.tr\/urun\/centaure-yatak-baza-baslik-set\/#primaryimage"},"image":{"@id":"https:\/\/pierrecardinyatak.com.tr\/urun\/centaure-yatak-baza-baslik-set\/#primaryimage"},"thumbnailUrl":"https:\/\/pierrecardinyatak.com.tr\/wp-content\/uploads\/2024\/01\/Centaure-Ai.jpg","datePublished":"2024-01-31T15:12:34+00:00","dateModified":"2026-04-03T13:56:53+00:00","description":"Centaure Yatak & Baza & Ba\u015fl\u0131k Set - Pierre Cardin Yatak","breadcrumb":{"@id":"https:\/\/pierrecardinyatak.com.tr\/urun\/centaure-yatak-baza-baslik-set\/#breadcrumb"},"inLanguage":"hy-AM","potentialAction":[{"@type":"ReadAction","target":["https:\/\/pierrecardinyatak.com.tr\/urun\/centaure-yatak-baza-baslik-set\/"]}]},{"@type":"ImageObject","inLanguage":"hy-AM","@id":"https:\/\/pierrecardinyatak.com.tr\/urun\/centaure-yatak-baza-baslik-set\/#primaryimage","url":"https:\/\/pierrecardinyatak.com.tr\/wp-content\/uploads\/2024\/01\/Centaure-Ai.jpg","contentUrl":"https:\/\/pierrecardinyatak.com.tr\/wp-content\/uploads\/2024\/01\/Centaure-Ai.jpg","width":2048,"height":1364,"caption":"Screenshot"},{"@type":"BreadcrumbList","@id":"https:\/\/pierrecardinyatak.com.tr\/urun\/centaure-yatak-baza-baslik-set\/#breadcrumb","itemListElement":[{"@type":"ListItem","position":1,"name":"Anasayfa","item":"https:\/\/pierrecardinyatak.com.tr\/"},{"@type":"ListItem","position":2,"name":"Ma\u011faza","item":"https:\/\/pierrecardinyatak.com.tr\/magaza\/"},{"@type":"ListItem","position":3,"name":"Centaure Yatak &#038; Baza &#038; Ba\u015fl\u0131k Set"}]},{"@type":"WebSite","@id":"https:\/\/pierrecardinyatak.com.tr\/#website","url":"https:\/\/pierrecardinyatak.com.tr\/","name":"Pierre Cardin Yatak","description":"-","potentialAction":[{"@type":"SearchAction","target":{"@type":"EntryPoint","urlTemplate":"https:\/\/pierrecardinyatak.com.tr\/?s={search_term_string}"},"query-input":{"@type":"PropertyValueSpecification","valueRequired":true,"valueName":"search_term_string"}}],"inLanguage":"hy-AM"}]}},"brands":[{"id":390,"name":"\u00c7oklu Yay Sistemi","slug":"coklu-yay-sistemi"},{"id":389,"name":"Do\u011fru Omurga Deste\u011fi","slug":"dogru-omurga-destegi"},{"id":400,"name":"Ku\u015f T\u00fcy\u00fc S\u00fcnger","slug":"kus-tuyu-hissiyatli-sunger"},{"id":404,"name":"Y\u0131kanabilir Ped","slug":"yikanabilir-ped"}],"_links":{"self":[{"href":"https:\/\/pierrecardinyatak.com.tr\/hy\/wp-json\/wp\/v2\/product\/7655","targetHints":{"allow":["GET"]}}],"collection":[{"href":"https:\/\/pierrecardinyatak.com.tr\/hy\/wp-json\/wp\/v2\/product"}],"about":[{"href":"https:\/\/pierrecardinyatak.com.tr\/hy\/wp-json\/wp\/v2\/types\/product"}],"wp:featuredmedia":[{"embeddable":true,"href":"https:\/\/pierrecardinyatak.com.tr\/hy\/wp-json\/wp\/v2\/media\/15798"}],"wp:attachment":[{"href":"https:\/\/pierrecardinyatak.com.tr\/hy\/wp-json\/wp\/v2\/media?parent=7655"}],"wp:term":[{"taxonomy":"pwb-brand","embeddable":true,"href":"https:\/\/pierrecardinyatak.com.tr\/hy\/wp-json\/wp\/v2\/pwb-brand?post=7655"},{"taxonomy":"product_brand","embeddable":true,"href":"https:\/\/pierrecardinyatak.com.tr\/hy\/wp-json\/wp\/v2\/product_brand?post=7655"},{"taxonomy":"product_cat","embeddable":true,"href":"https:\/\/pierrecardinyatak.com.tr\/hy\/wp-json\/wp\/v2\/product_cat?post=7655"},{"taxonomy":"product_tag","embeddable":true,"href":"https:\/\/pierrecardinyatak.com.tr\/hy\/wp-json\/wp\/v2\/product_tag?post=7655"}],"curies":[{"name":"wp","href":"https:\/\/api.w.org\/{rel}","templated":true}]}}