{"id":2658,"date":"2022-12-18T14:05:06","date_gmt":"2022-12-18T11:05:06","guid":{"rendered":"https:\/\/pierrecardinbedding.com.tr\/?post_type=product&#038;p=2658"},"modified":"2026-04-03T16:00:55","modified_gmt":"2026-04-03T13:00:55","slug":"bambola-yastik","status":"publish","type":"product","link":"https:\/\/pierrecardinyatak.com.tr\/hy\/product\/bambola-yastik\/","title":{"rendered":"Bambola Yast\u0131k"},"content":{"rendered":"<p>Bambu do\u011fal yap\u0131s\u0131 ile dayan\u0131kl\u0131d\u0131r<\/p>\n<p>Bedenin nefes almas\u0131na yard\u0131mc\u0131 olur<\/p>\n<p>Ferahl\u0131k verir, serin tutar<\/p>\n<p>Bambu, s\u0131cak yaz ve bahar mevsimlerinde serin, kuru bir uyku uyumak isteyenlerin do\u011fal ve yumu\u015fak tercihi olacakt\u0131r.<\/p>\n<ul>\n<li>Microfiber<\/li>\n<li>50&#215;70<\/li>\n<\/ul>","protected":false},"excerpt":{"rendered":"<p><strong>Bambu &#8211; Bahar ve Yaz Aylar\u0131 \u0130\u00e7in \u0130deal<\/strong><\/p>","protected":false},"featured_media":0,"template":"","meta":[],"pwb-brand":[238,237],"product_brand":[],"product_cat":[83,159,160,166,280,165,346,161,163,21],"product_tag":[],"class_list":{"0":"post-2658","1":"product","2":"type-product","3":"status-publish","5":"pwb-brand-bahar-ve-yaz-aylari-icin-ideal","6":"pwb-brand-bambu","7":"product_cat-bambu-yastiklar","8":"product_cat-cozum-urunleri-yastik","9":"product_cat-dogalligi-sevenler-yastik","10":"product_cat-dort-mevsim-ozellikliler","11":"product_cat-icerige-gore-yastik","12":"product_cat-isi-nem-dengeleyiciler-yastik","13":"product_cat-picollection","14":"product_cat-serinleme-etkisi-arayanlar-yastik","15":"product_cat-usuyenler-terleyenler-yastik","16":"product_cat-yastik","18":"first","19":"instock","20":"shipping-taxable","21":"purchasable","22":"product-type-simple"},"yoast_head":"<!-- This site is optimized with the Yoast SEO plugin v27.4 - https:\/\/yoast.com\/product\/yoast-seo-wordpress\/ -->\n<title>Bambola Yast\u0131k - Pierre Cardin Yatak<\/title>\n<meta name=\"description\" content=\"Pierre Cardin Bedding Bambola Yast\u0131k ile \u00e7ok rahat edeceksiniz. Bambunun do\u011fal yap\u0131s\u0131 sayesinde cildinizin nefes almas\u0131na yard\u0131mc\u0131 olur.\" \/>\n<meta name=\"robots\" content=\"index, follow, max-snippet:-1, max-image-preview:large, max-video-preview:-1\" \/>\n<link rel=\"canonical\" href=\"https:\/\/pierrecardinyatak.com.tr\/hy\/product\/bambola-yastik\/\" \/>\n<meta property=\"og:locale\" content=\"en_US\" \/>\n<meta property=\"og:type\" content=\"article\" \/>\n<meta property=\"og:title\" content=\"Bambola Yast\u0131k - Pierre Cardin Yatak\" \/>\n<meta property=\"og:description\" content=\"Pierre Cardin Bedding Bambola Yast\u0131k ile \u00e7ok rahat edeceksiniz. Bambunun do\u011fal yap\u0131s\u0131 sayesinde cildinizin nefes almas\u0131na yard\u0131mc\u0131 olur.\" \/>\n<meta property=\"og:url\" content=\"https:\/\/pierrecardinyatak.com.tr\/hy\/product\/bambola-yastik\/\" \/>\n<meta property=\"og:site_name\" content=\"Pierre Cardin Yatak\" \/>\n<meta property=\"article:publisher\" content=\"https:\/\/www.facebook.com\/pierrecardinyatak\" \/>\n<meta property=\"article:modified_time\" content=\"2026-04-03T13:00:55+00:00\" \/>\n<meta name=\"twitter:card\" content=\"summary_large_image\" \/>\n<meta name=\"twitter:site\" content=\"@pcardinbedding\" \/>\n<meta name=\"twitter:label1\" content=\"Est. reading time\" \/>\n\t<meta name=\"twitter:data1\" content=\"1 minute\" \/>\n<script type=\"application\/ld+json\" class=\"yoast-schema-graph\">{\"@context\":\"https:\\\/\\\/schema.org\",\"@graph\":[{\"@type\":[\"WebPage\",\"ItemPage\"],\"@id\":\"https:\\\/\\\/pierrecardinyatak.com.tr\\\/urun\\\/bambola-yastik\\\/\",\"url\":\"https:\\\/\\\/pierrecardinyatak.com.tr\\\/urun\\\/bambola-yastik\\\/\",\"name\":\"Bambola Yast\u0131k - Pierre Cardin Yatak\",\"isPartOf\":{\"@id\":\"https:\\\/\\\/pierrecardinyatak.com.tr\\\/#website\"},\"datePublished\":\"2022-12-18T11:05:06+00:00\",\"dateModified\":\"2026-04-03T13:00:55+00:00\",\"description\":\"Pierre Cardin Bedding Bambola Yast\u0131k ile \u00e7ok rahat edeceksiniz. Bambunun do\u011fal yap\u0131s\u0131 sayesinde cildinizin nefes almas\u0131na yard\u0131mc\u0131 olur.\",\"breadcrumb\":{\"@id\":\"https:\\\/\\\/pierrecardinyatak.com.tr\\\/urun\\\/bambola-yastik\\\/#breadcrumb\"},\"inLanguage\":\"hy-AM\",\"potentialAction\":[{\"@type\":\"ReadAction\",\"target\":[\"https:\\\/\\\/pierrecardinyatak.com.tr\\\/urun\\\/bambola-yastik\\\/\"]}]},{\"@type\":\"BreadcrumbList\",\"@id\":\"https:\\\/\\\/pierrecardinyatak.com.tr\\\/urun\\\/bambola-yastik\\\/#breadcrumb\",\"itemListElement\":[{\"@type\":\"ListItem\",\"position\":1,\"name\":\"Anasayfa\",\"item\":\"https:\\\/\\\/pierrecardinyatak.com.tr\\\/\"},{\"@type\":\"ListItem\",\"position\":2,\"name\":\"Ma\u011faza\",\"item\":\"https:\\\/\\\/pierrecardinyatak.com.tr\\\/magaza\\\/\"},{\"@type\":\"ListItem\",\"position\":3,\"name\":\"Bambola Yast\u0131k\"}]},{\"@type\":\"WebSite\",\"@id\":\"https:\\\/\\\/pierrecardinyatak.com.tr\\\/#website\",\"url\":\"https:\\\/\\\/pierrecardinyatak.com.tr\\\/\",\"name\":\"Pierre Cardin Yatak\",\"description\":\"-\",\"potentialAction\":[{\"@type\":\"SearchAction\",\"target\":{\"@type\":\"EntryPoint\",\"urlTemplate\":\"https:\\\/\\\/pierrecardinyatak.com.tr\\\/?s={search_term_string}\"},\"query-input\":{\"@type\":\"PropertyValueSpecification\",\"valueRequired\":true,\"valueName\":\"search_term_string\"}}],\"inLanguage\":\"hy-AM\"}]}<\/script>\n<!-- \/ Yoast SEO plugin. -->","yoast_head_json":{"title":"Bambola Yast\u0131k - Pierre Cardin Yatak","description":"Pierre Cardin Bedding Bambola Yast\u0131k ile \u00e7ok rahat edeceksiniz. Bambunun do\u011fal yap\u0131s\u0131 sayesinde cildinizin nefes almas\u0131na yard\u0131mc\u0131 olur.","robots":{"index":"index","follow":"follow","max-snippet":"max-snippet:-1","max-image-preview":"max-image-preview:large","max-video-preview":"max-video-preview:-1"},"canonical":"https:\/\/pierrecardinyatak.com.tr\/hy\/product\/bambola-yastik\/","og_locale":"en_US","og_type":"article","og_title":"Bambola Yast\u0131k - Pierre Cardin Yatak","og_description":"Pierre Cardin Bedding Bambola Yast\u0131k ile \u00e7ok rahat edeceksiniz. Bambunun do\u011fal yap\u0131s\u0131 sayesinde cildinizin nefes almas\u0131na yard\u0131mc\u0131 olur.","og_url":"https:\/\/pierrecardinyatak.com.tr\/hy\/product\/bambola-yastik\/","og_site_name":"Pierre Cardin Yatak","article_publisher":"https:\/\/www.facebook.com\/pierrecardinyatak","article_modified_time":"2026-04-03T13:00:55+00:00","twitter_card":"summary_large_image","twitter_site":"@pcardinbedding","twitter_misc":{"Est. reading time":"1 minute"},"schema":{"@context":"https:\/\/schema.org","@graph":[{"@type":["WebPage","ItemPage"],"@id":"https:\/\/pierrecardinyatak.com.tr\/urun\/bambola-yastik\/","url":"https:\/\/pierrecardinyatak.com.tr\/urun\/bambola-yastik\/","name":"Bambola Yast\u0131k - Pierre Cardin Yatak","isPartOf":{"@id":"https:\/\/pierrecardinyatak.com.tr\/#website"},"datePublished":"2022-12-18T11:05:06+00:00","dateModified":"2026-04-03T13:00:55+00:00","description":"Pierre Cardin Bedding Bambola Yast\u0131k ile \u00e7ok rahat edeceksiniz. Bambunun do\u011fal yap\u0131s\u0131 sayesinde cildinizin nefes almas\u0131na yard\u0131mc\u0131 olur.","breadcrumb":{"@id":"https:\/\/pierrecardinyatak.com.tr\/urun\/bambola-yastik\/#breadcrumb"},"inLanguage":"hy-AM","potentialAction":[{"@type":"ReadAction","target":["https:\/\/pierrecardinyatak.com.tr\/urun\/bambola-yastik\/"]}]},{"@type":"BreadcrumbList","@id":"https:\/\/pierrecardinyatak.com.tr\/urun\/bambola-yastik\/#breadcrumb","itemListElement":[{"@type":"ListItem","position":1,"name":"Anasayfa","item":"https:\/\/pierrecardinyatak.com.tr\/"},{"@type":"ListItem","position":2,"name":"Ma\u011faza","item":"https:\/\/pierrecardinyatak.com.tr\/magaza\/"},{"@type":"ListItem","position":3,"name":"Bambola Yast\u0131k"}]},{"@type":"WebSite","@id":"https:\/\/pierrecardinyatak.com.tr\/#website","url":"https:\/\/pierrecardinyatak.com.tr\/","name":"Pierre Cardin Yatak","description":"-","potentialAction":[{"@type":"SearchAction","target":{"@type":"EntryPoint","urlTemplate":"https:\/\/pierrecardinyatak.com.tr\/?s={search_term_string}"},"query-input":{"@type":"PropertyValueSpecification","valueRequired":true,"valueName":"search_term_string"}}],"inLanguage":"hy-AM"}]}},"brands":[{"id":238,"name":"Bahar ve Yaz Aylar\u0131 \u0130\u00e7in \u0130deal","slug":"bahar-ve-yaz-aylari-icin-ideal"},{"id":237,"name":"Bambu","slug":"bambu"}],"_links":{"self":[{"href":"https:\/\/pierrecardinyatak.com.tr\/hy\/wp-json\/wp\/v2\/product\/2658","targetHints":{"allow":["GET"]}}],"collection":[{"href":"https:\/\/pierrecardinyatak.com.tr\/hy\/wp-json\/wp\/v2\/product"}],"about":[{"href":"https:\/\/pierrecardinyatak.com.tr\/hy\/wp-json\/wp\/v2\/types\/product"}],"wp:attachment":[{"href":"https:\/\/pierrecardinyatak.com.tr\/hy\/wp-json\/wp\/v2\/media?parent=2658"}],"wp:term":[{"taxonomy":"pwb-brand","embeddable":true,"href":"https:\/\/pierrecardinyatak.com.tr\/hy\/wp-json\/wp\/v2\/pwb-brand?post=2658"},{"taxonomy":"product_brand","embeddable":true,"href":"https:\/\/pierrecardinyatak.com.tr\/hy\/wp-json\/wp\/v2\/product_brand?post=2658"},{"taxonomy":"product_cat","embeddable":true,"href":"https:\/\/pierrecardinyatak.com.tr\/hy\/wp-json\/wp\/v2\/product_cat?post=2658"},{"taxonomy":"product_tag","embeddable":true,"href":"https:\/\/pierrecardinyatak.com.tr\/hy\/wp-json\/wp\/v2\/product_tag?post=2658"}],"curies":[{"name":"wp","href":"https:\/\/api.w.org\/{rel}","templated":true}]}}