{"id":16268,"date":"2026-02-16T15:52:16","date_gmt":"2026-02-16T12:52:16","guid":{"rendered":"https:\/\/pierrecardinyatak.com.tr\/?post_type=product&#038;p=16268"},"modified":"2026-04-02T14:59:27","modified_gmt":"2026-04-02T11:59:27","slug":"melodie-baslik-2","status":"publish","type":"product","link":"https:\/\/pierrecardinyatak.com.tr\/hy\/product\/melodie-baslik-2\/","title":{"rendered":"Melodie Ba\u015fl\u0131k"},"content":{"rendered":"<div class=\"wpb-content-wrapper\"><div class=\"vc_row wpb_row vc_row-fluid\"><div class=\"wpb_column vc_column_container vc_col-sm-12\"><div class=\"vc_column-inner\"><div class=\"wpb_wrapper\">\t\t<div id=\"wd-698f1090b4658\" class=\"wd-image wd-wpb wd-rs-698f1090b4658 text-center\">\n\t\t\t\n\t\t\t<img decoding=\"async\" width=\"2560\" height=\"1686\" src=\"https:\/\/pierrecardinyatak.com.tr\/wp-content\/uploads\/2024\/01\/P.C-Katalog-2025-099-scaled.png\" class=\"attachment-full size-full\" alt=\"\" srcset=\"https:\/\/pierrecardinyatak.com.tr\/wp-content\/uploads\/2024\/01\/P.C-Katalog-2025-099-scaled.png 2560w, https:\/\/pierrecardinyatak.com.tr\/wp-content\/uploads\/2024\/01\/P.C-Katalog-2025-099-300x198.png 300w, https:\/\/pierrecardinyatak.com.tr\/wp-content\/uploads\/2024\/01\/P.C-Katalog-2025-099-1024x674.png 1024w, https:\/\/pierrecardinyatak.com.tr\/wp-content\/uploads\/2024\/01\/P.C-Katalog-2025-099-768x506.png 768w, https:\/\/pierrecardinyatak.com.tr\/wp-content\/uploads\/2024\/01\/P.C-Katalog-2025-099-1536x1011.png 1536w, https:\/\/pierrecardinyatak.com.tr\/wp-content\/uploads\/2024\/01\/P.C-Katalog-2025-099-2048x1348.png 2048w, https:\/\/pierrecardinyatak.com.tr\/wp-content\/uploads\/2024\/01\/P.C-Katalog-2025-099-18x12.png 18w, https:\/\/pierrecardinyatak.com.tr\/wp-content\/uploads\/2024\/01\/P.C-Katalog-2025-099-1200x790.png 1200w, https:\/\/pierrecardinyatak.com.tr\/wp-content\/uploads\/2024\/01\/P.C-Katalog-2025-099-150x99.png 150w, https:\/\/pierrecardinyatak.com.tr\/wp-content\/uploads\/2024\/01\/P.C-Katalog-2025-099-500x329.png 500w, https:\/\/pierrecardinyatak.com.tr\/wp-content\/uploads\/2024\/01\/P.C-Katalog-2025-099-800x527.png 800w, https:\/\/pierrecardinyatak.com.tr\/wp-content\/uploads\/2024\/01\/P.C-Katalog-2025-099-1280x843.png 1280w, https:\/\/pierrecardinyatak.com.tr\/wp-content\/uploads\/2024\/01\/P.C-Katalog-2025-099-1920x1264.png 1920w\" sizes=\"(max-width: 2560px) 100vw, 2560px\" \/>\n\t\t\t\t\t<\/div>\n\t\t\n\t<div class=\"wpb_text_column wpb_content_element\" >\n\t\t<div class=\"wpb_wrapper\">\n\t\t\t<h2 style=\"font-size: 18px; text-align: center;\">Melodie Baza &amp; Ba\u015fl\u0131k<\/h2>\n<p>\u2022 Modern Tasar\u0131mlar<br \/>\n\u2022 \u00d6zel Kuma\u015f ve Renk Se\u00e7imleri<br \/>\n\u2022 Sa\u011flam G\u00f6vde Yap\u0131s\u0131<\/p>\n\n\t\t<\/div>\n\t<\/div>\n<\/div><\/div><\/div><\/div><div class=\"vc_row wpb_row vc_row-fluid\"><div class=\"wpb_column vc_column_container vc_col-sm-12\"><div class=\"vc_column-inner\"><div class=\"wpb_wrapper\"><\/div><\/div><\/div><\/div>\n<\/div>","protected":false},"excerpt":{"rendered":"<p><strong>\u015e\u0131k Tasar\u0131m &#8211; Modern Minimalist<\/strong><\/p>","protected":false},"featured_media":9404,"template":"","meta":[],"pwb-brand":[410],"product_brand":[],"product_cat":[19],"product_tag":[],"class_list":{"0":"post-16268","1":"product","2":"type-product","3":"status-publish","4":"has-post-thumbnail","6":"pwb-brand-ozel-tasarimli-kumas","7":"product_cat-baslik","9":"first","10":"instock","11":"shipping-taxable","12":"purchasable","13":"product-type-variable"},"yoast_head":"<!-- This site is optimized with the Yoast SEO plugin v25.7 - https:\/\/yoast.com\/wordpress\/plugins\/seo\/ -->\n<title>Melodie Ba\u015fl\u0131k - Pierre Cardin Yatak<\/title>\n<meta name=\"description\" content=\"Melodie Ba\u015fl\u0131k - Pierre Cardin Yatak Zarif ve sa\u011flam tasar\u0131m\u0131yla yatak odan\u0131z\u0131 tamamlayan bir se\u00e7enek. Fonksiyonellik ve estetik bir arada!\" \/>\n<meta name=\"robots\" content=\"index, follow, max-snippet:-1, max-image-preview:large, max-video-preview:-1\" \/>\n<link rel=\"canonical\" href=\"https:\/\/pierrecardinyatak.com.tr\/hy\/product\/melodie-baslik-2\/\" \/>\n<meta property=\"og:locale\" content=\"en_US\" \/>\n<meta property=\"og:type\" content=\"article\" \/>\n<meta property=\"og:title\" content=\"Melodie Ba\u015fl\u0131k - Pierre Cardin Yatak\" \/>\n<meta property=\"og:description\" content=\"Melodie Ba\u015fl\u0131k - Pierre Cardin Yatak Zarif ve sa\u011flam tasar\u0131m\u0131yla yatak odan\u0131z\u0131 tamamlayan bir se\u00e7enek. Fonksiyonellik ve estetik bir arada!\" \/>\n<meta property=\"og:url\" content=\"https:\/\/pierrecardinyatak.com.tr\/hy\/product\/melodie-baslik-2\/\" \/>\n<meta property=\"og:site_name\" content=\"Pierre Cardin Yatak\" \/>\n<meta property=\"article:publisher\" content=\"https:\/\/www.facebook.com\/pierrecardinyatak\" \/>\n<meta property=\"article:modified_time\" content=\"2026-04-02T11:59:27+00:00\" \/>\n<meta property=\"og:image\" content=\"https:\/\/pierrecardinyatak.com.tr\/wp-content\/uploads\/2024\/01\/urun-melodie23-scaled.jpg\" \/>\n\t<meta property=\"og:image:width\" content=\"2560\" \/>\n\t<meta property=\"og:image:height\" content=\"1707\" \/>\n\t<meta property=\"og:image:type\" content=\"image\/jpeg\" \/>\n<meta name=\"twitter:card\" content=\"summary_large_image\" \/>\n<meta name=\"twitter:site\" content=\"@pcardinbedding\" \/>\n<meta name=\"twitter:label1\" content=\"Est. reading time\" \/>\n\t<meta name=\"twitter:data1\" content=\"1 minute\" \/>\n<script type=\"application\/ld+json\" class=\"yoast-schema-graph\">{\"@context\":\"https:\/\/schema.org\",\"@graph\":[{\"@type\":[\"WebPage\",\"ItemPage\"],\"@id\":\"https:\/\/pierrecardinyatak.com.tr\/urun\/melodie-baslik-2\/\",\"url\":\"https:\/\/pierrecardinyatak.com.tr\/urun\/melodie-baslik-2\/\",\"name\":\"Melodie Ba\u015fl\u0131k - Pierre Cardin Yatak\",\"isPartOf\":{\"@id\":\"https:\/\/pierrecardinyatak.com.tr\/#website\"},\"primaryImageOfPage\":{\"@id\":\"https:\/\/pierrecardinyatak.com.tr\/urun\/melodie-baslik-2\/#primaryimage\"},\"image\":{\"@id\":\"https:\/\/pierrecardinyatak.com.tr\/urun\/melodie-baslik-2\/#primaryimage\"},\"thumbnailUrl\":\"https:\/\/pierrecardinyatak.com.tr\/wp-content\/uploads\/2024\/01\/urun-melodie23-scaled.jpg\",\"datePublished\":\"2026-02-16T12:52:16+00:00\",\"dateModified\":\"2026-04-02T11:59:27+00:00\",\"description\":\"Melodie Ba\u015fl\u0131k - Pierre Cardin Yatak Zarif ve sa\u011flam tasar\u0131m\u0131yla yatak odan\u0131z\u0131 tamamlayan bir se\u00e7enek. Fonksiyonellik ve estetik bir arada!\",\"breadcrumb\":{\"@id\":\"https:\/\/pierrecardinyatak.com.tr\/urun\/melodie-baslik-2\/#breadcrumb\"},\"inLanguage\":\"hy-AM\",\"potentialAction\":[{\"@type\":\"ReadAction\",\"target\":[\"https:\/\/pierrecardinyatak.com.tr\/urun\/melodie-baslik-2\/\"]}]},{\"@type\":\"ImageObject\",\"inLanguage\":\"hy-AM\",\"@id\":\"https:\/\/pierrecardinyatak.com.tr\/urun\/melodie-baslik-2\/#primaryimage\",\"url\":\"https:\/\/pierrecardinyatak.com.tr\/wp-content\/uploads\/2024\/01\/urun-melodie23-scaled.jpg\",\"contentUrl\":\"https:\/\/pierrecardinyatak.com.tr\/wp-content\/uploads\/2024\/01\/urun-melodie23-scaled.jpg\",\"width\":2560,\"height\":1707},{\"@type\":\"BreadcrumbList\",\"@id\":\"https:\/\/pierrecardinyatak.com.tr\/urun\/melodie-baslik-2\/#breadcrumb\",\"itemListElement\":[{\"@type\":\"ListItem\",\"position\":1,\"name\":\"Anasayfa\",\"item\":\"https:\/\/pierrecardinyatak.com.tr\/\"},{\"@type\":\"ListItem\",\"position\":2,\"name\":\"Ma\u011faza\",\"item\":\"https:\/\/pierrecardinyatak.com.tr\/magaza\/\"},{\"@type\":\"ListItem\",\"position\":3,\"name\":\"Melodie Ba\u015fl\u0131k\"}]},{\"@type\":\"WebSite\",\"@id\":\"https:\/\/pierrecardinyatak.com.tr\/#website\",\"url\":\"https:\/\/pierrecardinyatak.com.tr\/\",\"name\":\"Pierre Cardin Yatak\",\"description\":\"-\",\"potentialAction\":[{\"@type\":\"SearchAction\",\"target\":{\"@type\":\"EntryPoint\",\"urlTemplate\":\"https:\/\/pierrecardinyatak.com.tr\/?s={search_term_string}\"},\"query-input\":{\"@type\":\"PropertyValueSpecification\",\"valueRequired\":true,\"valueName\":\"search_term_string\"}}],\"inLanguage\":\"hy-AM\"}]}<\/script>\n<!-- \/ Yoast SEO plugin. -->","yoast_head_json":{"title":"Melodie Ba\u015fl\u0131k - Pierre Cardin Yatak","description":"Melodie Ba\u015fl\u0131k - Pierre Cardin Yatak Zarif ve sa\u011flam tasar\u0131m\u0131yla yatak odan\u0131z\u0131 tamamlayan bir se\u00e7enek. Fonksiyonellik ve estetik bir arada!","robots":{"index":"index","follow":"follow","max-snippet":"max-snippet:-1","max-image-preview":"max-image-preview:large","max-video-preview":"max-video-preview:-1"},"canonical":"https:\/\/pierrecardinyatak.com.tr\/hy\/product\/melodie-baslik-2\/","og_locale":"en_US","og_type":"article","og_title":"Melodie Ba\u015fl\u0131k - Pierre Cardin Yatak","og_description":"Melodie Ba\u015fl\u0131k - Pierre Cardin Yatak Zarif ve sa\u011flam tasar\u0131m\u0131yla yatak odan\u0131z\u0131 tamamlayan bir se\u00e7enek. Fonksiyonellik ve estetik bir arada!","og_url":"https:\/\/pierrecardinyatak.com.tr\/hy\/product\/melodie-baslik-2\/","og_site_name":"Pierre Cardin Yatak","article_publisher":"https:\/\/www.facebook.com\/pierrecardinyatak","article_modified_time":"2026-04-02T11:59:27+00:00","og_image":[{"width":2560,"height":1707,"url":"https:\/\/pierrecardinyatak.com.tr\/wp-content\/uploads\/2024\/01\/urun-melodie23-scaled.jpg","type":"image\/jpeg"}],"twitter_card":"summary_large_image","twitter_site":"@pcardinbedding","twitter_misc":{"Est. reading time":"1 minute"},"schema":{"@context":"https:\/\/schema.org","@graph":[{"@type":["WebPage","ItemPage"],"@id":"https:\/\/pierrecardinyatak.com.tr\/urun\/melodie-baslik-2\/","url":"https:\/\/pierrecardinyatak.com.tr\/urun\/melodie-baslik-2\/","name":"Melodie Ba\u015fl\u0131k - Pierre Cardin Yatak","isPartOf":{"@id":"https:\/\/pierrecardinyatak.com.tr\/#website"},"primaryImageOfPage":{"@id":"https:\/\/pierrecardinyatak.com.tr\/urun\/melodie-baslik-2\/#primaryimage"},"image":{"@id":"https:\/\/pierrecardinyatak.com.tr\/urun\/melodie-baslik-2\/#primaryimage"},"thumbnailUrl":"https:\/\/pierrecardinyatak.com.tr\/wp-content\/uploads\/2024\/01\/urun-melodie23-scaled.jpg","datePublished":"2026-02-16T12:52:16+00:00","dateModified":"2026-04-02T11:59:27+00:00","description":"Melodie Ba\u015fl\u0131k - Pierre Cardin Yatak Zarif ve sa\u011flam tasar\u0131m\u0131yla yatak odan\u0131z\u0131 tamamlayan bir se\u00e7enek. Fonksiyonellik ve estetik bir arada!","breadcrumb":{"@id":"https:\/\/pierrecardinyatak.com.tr\/urun\/melodie-baslik-2\/#breadcrumb"},"inLanguage":"hy-AM","potentialAction":[{"@type":"ReadAction","target":["https:\/\/pierrecardinyatak.com.tr\/urun\/melodie-baslik-2\/"]}]},{"@type":"ImageObject","inLanguage":"hy-AM","@id":"https:\/\/pierrecardinyatak.com.tr\/urun\/melodie-baslik-2\/#primaryimage","url":"https:\/\/pierrecardinyatak.com.tr\/wp-content\/uploads\/2024\/01\/urun-melodie23-scaled.jpg","contentUrl":"https:\/\/pierrecardinyatak.com.tr\/wp-content\/uploads\/2024\/01\/urun-melodie23-scaled.jpg","width":2560,"height":1707},{"@type":"BreadcrumbList","@id":"https:\/\/pierrecardinyatak.com.tr\/urun\/melodie-baslik-2\/#breadcrumb","itemListElement":[{"@type":"ListItem","position":1,"name":"Anasayfa","item":"https:\/\/pierrecardinyatak.com.tr\/"},{"@type":"ListItem","position":2,"name":"Ma\u011faza","item":"https:\/\/pierrecardinyatak.com.tr\/magaza\/"},{"@type":"ListItem","position":3,"name":"Melodie Ba\u015fl\u0131k"}]},{"@type":"WebSite","@id":"https:\/\/pierrecardinyatak.com.tr\/#website","url":"https:\/\/pierrecardinyatak.com.tr\/","name":"Pierre Cardin Yatak","description":"-","potentialAction":[{"@type":"SearchAction","target":{"@type":"EntryPoint","urlTemplate":"https:\/\/pierrecardinyatak.com.tr\/?s={search_term_string}"},"query-input":{"@type":"PropertyValueSpecification","valueRequired":true,"valueName":"search_term_string"}}],"inLanguage":"hy-AM"}]}},"brands":[{"id":410,"name":"\u00d6zel Tasar\u0131ml\u0131 Kuma\u015f","slug":"ozel-tasarimli-kumas"}],"_links":{"self":[{"href":"https:\/\/pierrecardinyatak.com.tr\/hy\/wp-json\/wp\/v2\/product\/16268","targetHints":{"allow":["GET"]}}],"collection":[{"href":"https:\/\/pierrecardinyatak.com.tr\/hy\/wp-json\/wp\/v2\/product"}],"about":[{"href":"https:\/\/pierrecardinyatak.com.tr\/hy\/wp-json\/wp\/v2\/types\/product"}],"wp:featuredmedia":[{"embeddable":true,"href":"https:\/\/pierrecardinyatak.com.tr\/hy\/wp-json\/wp\/v2\/media\/9404"}],"wp:attachment":[{"href":"https:\/\/pierrecardinyatak.com.tr\/hy\/wp-json\/wp\/v2\/media?parent=16268"}],"wp:term":[{"taxonomy":"pwb-brand","embeddable":true,"href":"https:\/\/pierrecardinyatak.com.tr\/hy\/wp-json\/wp\/v2\/pwb-brand?post=16268"},{"taxonomy":"product_brand","embeddable":true,"href":"https:\/\/pierrecardinyatak.com.tr\/hy\/wp-json\/wp\/v2\/product_brand?post=16268"},{"taxonomy":"product_cat","embeddable":true,"href":"https:\/\/pierrecardinyatak.com.tr\/hy\/wp-json\/wp\/v2\/product_cat?post=16268"},{"taxonomy":"product_tag","embeddable":true,"href":"https:\/\/pierrecardinyatak.com.tr\/hy\/wp-json\/wp\/v2\/product_tag?post=16268"}],"curies":[{"name":"wp","href":"https:\/\/api.w.org\/{rel}","templated":true}]}}