{"id":14408,"date":"2026-02-06T17:32:59","date_gmt":"2026-02-06T14:32:59","guid":{"rendered":"https:\/\/pierrecardinyatak.com.tr\/?post_type=product&#038;p=14408"},"modified":"2026-04-02T00:29:36","modified_gmt":"2026-04-01T21:29:36","slug":"parma-yatak","status":"publish","type":"product","link":"https:\/\/pierrecardinyatak.com.tr\/hy\/product\/parma-yatak\/","title":{"rendered":"Parma Yatak"},"content":{"rendered":"<div class=\"wpb-content-wrapper\"><div class=\"vc_row wpb_row vc_row-fluid\"><div class=\"wpb_column vc_column_container vc_col-sm-6\"><div class=\"vc_column-inner\"><div class=\"wpb_wrapper\"><div class=\"vc_row wpb_row vc_inner vc_row-fluid\"><div class=\"wpb_column vc_column_container vc_col-sm-6\"><div class=\"vc_column-inner\"><div class=\"wpb_wrapper\">\n\t<div class=\"wpb_text_column wpb_content_element\" >\n\t\t<div class=\"wpb_wrapper\">\n\t\t\t<p><strong>MULTI SPRING<\/strong><br \/>\n\u00c7OKLU YAY S\u0130STEM\u0130<\/p>\n<p class=\"p1\">\u00c7oklu yay sistemi, y\u00fcksek yay say\u0131s\u0131 sayesinde dengeli ve tepkisel bir destek sunar. V\u00fccut a\u011f\u0131rl\u0131\u011f\u0131n\u0131 e\u015fit \u015fekilde da\u011f\u0131tarak bas\u0131n\u00e7 azalt\u0131m\u0131n\u0131 art\u0131r\u0131r, konforu y\u00fckseltir ve yatak y\u00fczeyinin tamam\u0131nda stabil destek sa\u011flar.<\/p>\n\n\t\t<\/div>\n\t<\/div>\n<\/div><\/div><\/div><div class=\"wpb_column vc_column_container vc_col-sm-6\"><div class=\"vc_column-inner\"><div class=\"wpb_wrapper\">\n\t<div class=\"wpb_text_column wpb_content_element\" >\n\t\t<div class=\"wpb_wrapper\">\n\t\t\t<p><strong>MATTRESS ANTI-SLIP FEATURE<\/strong><br \/>\nKAYDIRMAZ YATAK \u00d6ZELL\u0130\u011e\u0130<\/p>\n<p class=\"p1\">Yatak kayd\u0131rmaz \u00f6zelli\u011fi, yata\u011f\u0131n baza \u00fczerinde sabit kalmas\u0131n\u0131 sa\u011flayarak istenmeyen kaymalar\u0131 \u00f6nler. Uyku s\u0131ras\u0131nda stabiliteyi art\u0131r\u0131r, konforu destekler ve daha g\u00fcvenli bir uyku y\u00fczeyi sunar.<\/p>\n\n\t\t<\/div>\n\t<\/div>\n<\/div><\/div><\/div><\/div><\/div><\/div><\/div><div class=\"wpb_column vc_column_container vc_col-sm-6\"><div class=\"vc_column-inner\"><div class=\"wpb_wrapper\">\t\t<div id=\"wd-69b6d5de5ac65\" class=\"wd-image wd-wpb wd-rs-69b6d5de5ac65 text-center\">\n\t\t\t\n\t\t\t<img decoding=\"async\" width=\"1006\" height=\"160\" src=\"https:\/\/pierrecardinyatak.com.tr\/wp-content\/uploads\/2026\/03\/parma-1.png\" class=\"attachment-full size-full\" alt=\"\" srcset=\"https:\/\/pierrecardinyatak.com.tr\/wp-content\/uploads\/2026\/03\/parma-1.png 1006w, https:\/\/pierrecardinyatak.com.tr\/wp-content\/uploads\/2026\/03\/parma-1-300x48.png 300w, https:\/\/pierrecardinyatak.com.tr\/wp-content\/uploads\/2026\/03\/parma-1-768x122.png 768w, https:\/\/pierrecardinyatak.com.tr\/wp-content\/uploads\/2026\/03\/parma-1-18x3.png 18w, https:\/\/pierrecardinyatak.com.tr\/wp-content\/uploads\/2026\/03\/parma-1-150x24.png 150w, https:\/\/pierrecardinyatak.com.tr\/wp-content\/uploads\/2026\/03\/parma-1-500x80.png 500w, https:\/\/pierrecardinyatak.com.tr\/wp-content\/uploads\/2026\/03\/parma-1-800x127.png 800w\" sizes=\"(max-width: 1006px) 100vw, 1006px\" \/>\n\t\t\t\t\t<\/div>\n\t\t\t\t<div id=\"wd-69b6d5eb68d43\" class=\"wd-image wd-wpb wd-rs-69b6d5eb68d43 text-center\">\n\t\t\t\n\t\t\t<img decoding=\"async\" width=\"1006\" height=\"160\" src=\"https:\/\/pierrecardinyatak.com.tr\/wp-content\/uploads\/2026\/03\/parma-2.png\" class=\"attachment-full size-full\" alt=\"\" srcset=\"https:\/\/pierrecardinyatak.com.tr\/wp-content\/uploads\/2026\/03\/parma-2.png 1006w, https:\/\/pierrecardinyatak.com.tr\/wp-content\/uploads\/2026\/03\/parma-2-300x48.png 300w, https:\/\/pierrecardinyatak.com.tr\/wp-content\/uploads\/2026\/03\/parma-2-768x122.png 768w, https:\/\/pierrecardinyatak.com.tr\/wp-content\/uploads\/2026\/03\/parma-2-18x3.png 18w, https:\/\/pierrecardinyatak.com.tr\/wp-content\/uploads\/2026\/03\/parma-2-150x24.png 150w, https:\/\/pierrecardinyatak.com.tr\/wp-content\/uploads\/2026\/03\/parma-2-500x80.png 500w, https:\/\/pierrecardinyatak.com.tr\/wp-content\/uploads\/2026\/03\/parma-2-800x127.png 800w\" sizes=\"(max-width: 1006px) 100vw, 1006px\" \/>\n\t\t\t\t\t<\/div>\n\t\t<\/div><\/div><\/div><\/div><div class=\"vc_row wpb_row vc_row-fluid vc_row-o-content-middle vc_row-flex wd-rs-69b287874ce7c\"><div class=\"wpb_column vc_column_container vc_col-sm-12\"><div class=\"vc_column-inner\"><div class=\"wpb_wrapper\">\t\t<div id=\"wd-69b6d5f5e0859\" class=\"wd-image wd-wpb wd-rs-69b6d5f5e0859 text-center\">\n\t\t\t\n\t\t\t<img decoding=\"async\" width=\"925\" height=\"530\" src=\"https:\/\/pierrecardinyatak.com.tr\/wp-content\/uploads\/2026\/03\/aromatherapy-3.png\" class=\"attachment-full size-full\" alt=\"\" srcset=\"https:\/\/pierrecardinyatak.com.tr\/wp-content\/uploads\/2026\/03\/aromatherapy-3.png 925w, https:\/\/pierrecardinyatak.com.tr\/wp-content\/uploads\/2026\/03\/aromatherapy-3-300x172.png 300w, https:\/\/pierrecardinyatak.com.tr\/wp-content\/uploads\/2026\/03\/aromatherapy-3-768x440.png 768w, https:\/\/pierrecardinyatak.com.tr\/wp-content\/uploads\/2026\/03\/aromatherapy-3-18x10.png 18w, https:\/\/pierrecardinyatak.com.tr\/wp-content\/uploads\/2026\/03\/aromatherapy-3-150x86.png 150w, https:\/\/pierrecardinyatak.com.tr\/wp-content\/uploads\/2026\/03\/aromatherapy-3-500x286.png 500w, https:\/\/pierrecardinyatak.com.tr\/wp-content\/uploads\/2026\/03\/aromatherapy-3-800x458.png 800w\" sizes=\"(max-width: 925px) 100vw, 925px\" \/>\n\t\t\t\t\t<\/div>\n\t\t<\/div><\/div><\/div><\/div>\n<\/div>","protected":false},"excerpt":{"rendered":"MULTI SPRING \u00c7OKLU YAY S\u0130STEM\u0130 \u00c7oklu yay sistemi, y\u00fcksek yay say\u0131s\u0131 sayesinde dengeli ve tepkisel bir destek sunar. V\u00fccut a\u011f\u0131rl\u0131\u011f\u0131n\u0131","protected":false},"featured_media":14391,"template":"","meta":[],"pwb-brand":[434,390,432,433,431],"product_brand":[],"product_cat":[219],"product_tag":[],"class_list":{"0":"post-14408","1":"product","2":"type-product","3":"status-publish","4":"has-post-thumbnail","6":"pwb-brand-2-0-yay","7":"pwb-brand-coklu-yay-sistemi","8":"pwb-brand-hot-melt-teknolojisi","9":"pwb-brand-kaymaz-yuzey","10":"pwb-brand-omurga-destegi","11":"product_cat-yataklar-ana-kategori","13":"first","14":"instock","15":"shipping-taxable","16":"purchasable","17":"product-type-variable"},"yoast_head":"<!-- This site is optimized with the Yoast SEO plugin v25.7 - https:\/\/yoast.com\/wordpress\/plugins\/seo\/ -->\n<title>Parma Yatak - Pierre Cardin Yatak<\/title>\n<meta name=\"description\" content=\"Parma Yatak - Pierre Cardin Yatak\" \/>\n<meta name=\"robots\" content=\"index, follow, max-snippet:-1, max-image-preview:large, max-video-preview:-1\" \/>\n<link rel=\"canonical\" href=\"https:\/\/pierrecardinyatak.com.tr\/hy\/product\/parma-yatak\/\" \/>\n<meta property=\"og:locale\" content=\"en_US\" \/>\n<meta property=\"og:type\" content=\"article\" \/>\n<meta property=\"og:title\" content=\"Parma Yatak - Pierre Cardin Yatak\" \/>\n<meta property=\"og:description\" content=\"Parma Yatak - Pierre Cardin Yatak\" \/>\n<meta property=\"og:url\" content=\"https:\/\/pierrecardinyatak.com.tr\/hy\/product\/parma-yatak\/\" \/>\n<meta property=\"og:site_name\" content=\"Pierre Cardin Yatak\" \/>\n<meta property=\"article:publisher\" content=\"https:\/\/www.facebook.com\/pierrecardinyatak\" \/>\n<meta property=\"article:modified_time\" content=\"2026-04-01T21:29:36+00:00\" \/>\n<meta property=\"og:image\" content=\"https:\/\/pierrecardinyatak.com.tr\/wp-content\/uploads\/2026\/02\/parma-12735-2.jpg\" \/>\n\t<meta property=\"og:image:width\" content=\"2048\" \/>\n\t<meta property=\"og:image:height\" content=\"1365\" \/>\n\t<meta property=\"og:image:type\" content=\"image\/jpeg\" \/>\n<meta name=\"twitter:card\" content=\"summary_large_image\" \/>\n<meta name=\"twitter:site\" content=\"@pcardinbedding\" \/>\n<meta name=\"twitter:label1\" content=\"Est. reading time\" \/>\n\t<meta name=\"twitter:data1\" content=\"2 minutes\" \/>\n<script type=\"application\/ld+json\" class=\"yoast-schema-graph\">{\"@context\":\"https:\/\/schema.org\",\"@graph\":[{\"@type\":[\"WebPage\",\"ItemPage\"],\"@id\":\"https:\/\/pierrecardinyatak.com.tr\/urun\/parma-yatak\/\",\"url\":\"https:\/\/pierrecardinyatak.com.tr\/urun\/parma-yatak\/\",\"name\":\"Parma Yatak - Pierre Cardin Yatak\",\"isPartOf\":{\"@id\":\"https:\/\/pierrecardinyatak.com.tr\/#website\"},\"primaryImageOfPage\":{\"@id\":\"https:\/\/pierrecardinyatak.com.tr\/urun\/parma-yatak\/#primaryimage\"},\"image\":{\"@id\":\"https:\/\/pierrecardinyatak.com.tr\/urun\/parma-yatak\/#primaryimage\"},\"thumbnailUrl\":\"https:\/\/pierrecardinyatak.com.tr\/wp-content\/uploads\/2026\/02\/parma-12735-2.jpg\",\"datePublished\":\"2026-02-06T14:32:59+00:00\",\"dateModified\":\"2026-04-01T21:29:36+00:00\",\"description\":\"Parma Yatak - Pierre Cardin Yatak\",\"breadcrumb\":{\"@id\":\"https:\/\/pierrecardinyatak.com.tr\/urun\/parma-yatak\/#breadcrumb\"},\"inLanguage\":\"hy-AM\",\"potentialAction\":[{\"@type\":\"ReadAction\",\"target\":[\"https:\/\/pierrecardinyatak.com.tr\/urun\/parma-yatak\/\"]}]},{\"@type\":\"ImageObject\",\"inLanguage\":\"hy-AM\",\"@id\":\"https:\/\/pierrecardinyatak.com.tr\/urun\/parma-yatak\/#primaryimage\",\"url\":\"https:\/\/pierrecardinyatak.com.tr\/wp-content\/uploads\/2026\/02\/parma-12735-2.jpg\",\"contentUrl\":\"https:\/\/pierrecardinyatak.com.tr\/wp-content\/uploads\/2026\/02\/parma-12735-2.jpg\",\"width\":2048,\"height\":1365},{\"@type\":\"BreadcrumbList\",\"@id\":\"https:\/\/pierrecardinyatak.com.tr\/urun\/parma-yatak\/#breadcrumb\",\"itemListElement\":[{\"@type\":\"ListItem\",\"position\":1,\"name\":\"Anasayfa\",\"item\":\"https:\/\/pierrecardinyatak.com.tr\/\"},{\"@type\":\"ListItem\",\"position\":2,\"name\":\"Ma\u011faza\",\"item\":\"https:\/\/pierrecardinyatak.com.tr\/magaza\/\"},{\"@type\":\"ListItem\",\"position\":3,\"name\":\"Parma Yatak\"}]},{\"@type\":\"WebSite\",\"@id\":\"https:\/\/pierrecardinyatak.com.tr\/#website\",\"url\":\"https:\/\/pierrecardinyatak.com.tr\/\",\"name\":\"Pierre Cardin Yatak\",\"description\":\"-\",\"potentialAction\":[{\"@type\":\"SearchAction\",\"target\":{\"@type\":\"EntryPoint\",\"urlTemplate\":\"https:\/\/pierrecardinyatak.com.tr\/?s={search_term_string}\"},\"query-input\":{\"@type\":\"PropertyValueSpecification\",\"valueRequired\":true,\"valueName\":\"search_term_string\"}}],\"inLanguage\":\"hy-AM\"}]}<\/script>\n<!-- \/ Yoast SEO plugin. -->","yoast_head_json":{"title":"Parma Yatak - Pierre Cardin Yatak","description":"Parma Yatak - Pierre Cardin Yatak","robots":{"index":"index","follow":"follow","max-snippet":"max-snippet:-1","max-image-preview":"max-image-preview:large","max-video-preview":"max-video-preview:-1"},"canonical":"https:\/\/pierrecardinyatak.com.tr\/hy\/product\/parma-yatak\/","og_locale":"en_US","og_type":"article","og_title":"Parma Yatak - Pierre Cardin Yatak","og_description":"Parma Yatak - Pierre Cardin Yatak","og_url":"https:\/\/pierrecardinyatak.com.tr\/hy\/product\/parma-yatak\/","og_site_name":"Pierre Cardin Yatak","article_publisher":"https:\/\/www.facebook.com\/pierrecardinyatak","article_modified_time":"2026-04-01T21:29:36+00:00","og_image":[{"width":2048,"height":1365,"url":"https:\/\/pierrecardinyatak.com.tr\/wp-content\/uploads\/2026\/02\/parma-12735-2.jpg","type":"image\/jpeg"}],"twitter_card":"summary_large_image","twitter_site":"@pcardinbedding","twitter_misc":{"Est. reading time":"2 minutes"},"schema":{"@context":"https:\/\/schema.org","@graph":[{"@type":["WebPage","ItemPage"],"@id":"https:\/\/pierrecardinyatak.com.tr\/urun\/parma-yatak\/","url":"https:\/\/pierrecardinyatak.com.tr\/urun\/parma-yatak\/","name":"Parma Yatak - Pierre Cardin Yatak","isPartOf":{"@id":"https:\/\/pierrecardinyatak.com.tr\/#website"},"primaryImageOfPage":{"@id":"https:\/\/pierrecardinyatak.com.tr\/urun\/parma-yatak\/#primaryimage"},"image":{"@id":"https:\/\/pierrecardinyatak.com.tr\/urun\/parma-yatak\/#primaryimage"},"thumbnailUrl":"https:\/\/pierrecardinyatak.com.tr\/wp-content\/uploads\/2026\/02\/parma-12735-2.jpg","datePublished":"2026-02-06T14:32:59+00:00","dateModified":"2026-04-01T21:29:36+00:00","description":"Parma Yatak - Pierre Cardin Yatak","breadcrumb":{"@id":"https:\/\/pierrecardinyatak.com.tr\/urun\/parma-yatak\/#breadcrumb"},"inLanguage":"hy-AM","potentialAction":[{"@type":"ReadAction","target":["https:\/\/pierrecardinyatak.com.tr\/urun\/parma-yatak\/"]}]},{"@type":"ImageObject","inLanguage":"hy-AM","@id":"https:\/\/pierrecardinyatak.com.tr\/urun\/parma-yatak\/#primaryimage","url":"https:\/\/pierrecardinyatak.com.tr\/wp-content\/uploads\/2026\/02\/parma-12735-2.jpg","contentUrl":"https:\/\/pierrecardinyatak.com.tr\/wp-content\/uploads\/2026\/02\/parma-12735-2.jpg","width":2048,"height":1365},{"@type":"BreadcrumbList","@id":"https:\/\/pierrecardinyatak.com.tr\/urun\/parma-yatak\/#breadcrumb","itemListElement":[{"@type":"ListItem","position":1,"name":"Anasayfa","item":"https:\/\/pierrecardinyatak.com.tr\/"},{"@type":"ListItem","position":2,"name":"Ma\u011faza","item":"https:\/\/pierrecardinyatak.com.tr\/magaza\/"},{"@type":"ListItem","position":3,"name":"Parma Yatak"}]},{"@type":"WebSite","@id":"https:\/\/pierrecardinyatak.com.tr\/#website","url":"https:\/\/pierrecardinyatak.com.tr\/","name":"Pierre Cardin Yatak","description":"-","potentialAction":[{"@type":"SearchAction","target":{"@type":"EntryPoint","urlTemplate":"https:\/\/pierrecardinyatak.com.tr\/?s={search_term_string}"},"query-input":{"@type":"PropertyValueSpecification","valueRequired":true,"valueName":"search_term_string"}}],"inLanguage":"hy-AM"}]}},"brands":[{"id":434,"name":"2.0 Yay","slug":"2-0-yay"},{"id":390,"name":"\u00c7oklu Yay Sistemi","slug":"coklu-yay-sistemi"},{"id":432,"name":"Hot Melt Teknolojisi","slug":"hot-melt-teknolojisi"},{"id":433,"name":"Kaymaz Y\u00fczey","slug":"kaymaz-yuzey"},{"id":431,"name":"Omurga Deste\u011fi","slug":"omurga-destegi"}],"_links":{"self":[{"href":"https:\/\/pierrecardinyatak.com.tr\/hy\/wp-json\/wp\/v2\/product\/14408","targetHints":{"allow":["GET"]}}],"collection":[{"href":"https:\/\/pierrecardinyatak.com.tr\/hy\/wp-json\/wp\/v2\/product"}],"about":[{"href":"https:\/\/pierrecardinyatak.com.tr\/hy\/wp-json\/wp\/v2\/types\/product"}],"wp:featuredmedia":[{"embeddable":true,"href":"https:\/\/pierrecardinyatak.com.tr\/hy\/wp-json\/wp\/v2\/media\/14391"}],"wp:attachment":[{"href":"https:\/\/pierrecardinyatak.com.tr\/hy\/wp-json\/wp\/v2\/media?parent=14408"}],"wp:term":[{"taxonomy":"pwb-brand","embeddable":true,"href":"https:\/\/pierrecardinyatak.com.tr\/hy\/wp-json\/wp\/v2\/pwb-brand?post=14408"},{"taxonomy":"product_brand","embeddable":true,"href":"https:\/\/pierrecardinyatak.com.tr\/hy\/wp-json\/wp\/v2\/product_brand?post=14408"},{"taxonomy":"product_cat","embeddable":true,"href":"https:\/\/pierrecardinyatak.com.tr\/hy\/wp-json\/wp\/v2\/product_cat?post=14408"},{"taxonomy":"product_tag","embeddable":true,"href":"https:\/\/pierrecardinyatak.com.tr\/hy\/wp-json\/wp\/v2\/product_tag?post=14408"}],"curies":[{"name":"wp","href":"https:\/\/api.w.org\/{rel}","templated":true}]}}