{"id":14360,"date":"2026-02-06T17:19:59","date_gmt":"2026-02-06T14:19:59","guid":{"rendered":"https:\/\/pierrecardinyatak.com.tr\/?post_type=product&#038;p=14360"},"modified":"2026-04-02T00:32:24","modified_gmt":"2026-04-01T21:32:24","slug":"verona-yatak","status":"publish","type":"product","link":"https:\/\/pierrecardinyatak.com.tr\/hy\/product\/verona-yatak\/","title":{"rendered":"Verona Yatak"},"content":{"rendered":"<div class=\"wpb-content-wrapper\"><div class=\"vc_row wpb_row vc_row-fluid\"><div class=\"wpb_column vc_column_container vc_col-sm-6\"><div class=\"vc_column-inner\"><div class=\"wpb_wrapper\"><div class=\"vc_row wpb_row vc_inner vc_row-fluid\"><div class=\"wpb_column vc_column_container vc_col-sm-6\"><div class=\"vc_column-inner\"><div class=\"wpb_wrapper\">\n\t<div class=\"wpb_text_column wpb_content_element\" >\n\t\t<div class=\"wpb_wrapper\">\n\t\t\t<p><strong>DOUBLE SIDED USE<\/strong><br \/>\n\u00c7\u0130FT TARAFLI KULLANIM<\/p>\n<p class=\"p1\">\u00c7ift tarafl\u0131 kullan\u0131m, yata\u011f\u0131n her iki y\u00fcz\u00fcn\u00fcn de kullan\u0131labilmesini sa\u011flayarak \u00fcr\u00fcn \u00f6mr\u00fcn\u00fc uzat\u0131r ve konforun s\u00fcreklili\u011fini destekler. A\u015f\u0131nmay\u0131 dengeli \u015fekilde da\u011f\u0131tarak destek performans\u0131n\u0131n korunmas\u0131na ve uzun s\u00fcreli uyku kalitesine katk\u0131 sa\u011flar.<\/p>\n\n\t\t<\/div>\n\t<\/div>\n<\/div><\/div><\/div><div class=\"wpb_column vc_column_container vc_col-sm-6\"><div class=\"vc_column-inner\"><div class=\"wpb_wrapper\">\n\t<div class=\"wpb_text_column wpb_content_element\" >\n\t\t<div class=\"wpb_wrapper\">\n\t\t\t<p><strong>POCKET SPRING<\/strong><br \/>\nPAKET YAY S\u0130STEM\u0130<\/p>\n<p class=\"p1\">Pocket yay sistemi, her biri ayr\u0131 ayr\u0131 kuma\u015f torbalar i\u00e7inde bulunan yaylardan olu\u015fur. Yaylar\u0131n ba\u011f\u0131ms\u0131z \u00e7al\u0131\u015fmas\u0131 sayesinde v\u00fccuda noktasal destek sa\u011flar, bas\u0131n\u00e7 noktalar\u0131n\u0131 azalt\u0131r ve hareket izolasyonu sunarak kesintisiz ve dengeli bir uyku deneyimi olu\u015fturur.<\/p>\n\n\t\t<\/div>\n\t<\/div>\n<\/div><\/div><\/div><\/div><\/div><\/div><\/div><div class=\"wpb_column vc_column_container vc_col-sm-6\"><div class=\"vc_column-inner\"><div class=\"wpb_wrapper\">\t\t<div id=\"wd-69b6d4b96d860\" class=\"wd-image wd-wpb wd-rs-69b6d4b96d860 text-center\">\n\t\t\t\n\t\t\t<img decoding=\"async\" width=\"1006\" height=\"160\" src=\"https:\/\/pierrecardinyatak.com.tr\/wp-content\/uploads\/2026\/03\/verona-1.png\" class=\"attachment-full size-full\" alt=\"\" srcset=\"https:\/\/pierrecardinyatak.com.tr\/wp-content\/uploads\/2026\/03\/verona-1.png 1006w, https:\/\/pierrecardinyatak.com.tr\/wp-content\/uploads\/2026\/03\/verona-1-300x48.png 300w, https:\/\/pierrecardinyatak.com.tr\/wp-content\/uploads\/2026\/03\/verona-1-768x122.png 768w, https:\/\/pierrecardinyatak.com.tr\/wp-content\/uploads\/2026\/03\/verona-1-18x3.png 18w, https:\/\/pierrecardinyatak.com.tr\/wp-content\/uploads\/2026\/03\/verona-1-150x24.png 150w, https:\/\/pierrecardinyatak.com.tr\/wp-content\/uploads\/2026\/03\/verona-1-500x80.png 500w, https:\/\/pierrecardinyatak.com.tr\/wp-content\/uploads\/2026\/03\/verona-1-800x127.png 800w\" sizes=\"(max-width: 1006px) 100vw, 1006px\" \/>\n\t\t\t\t\t<\/div>\n\t\t\t\t<div id=\"wd-69b6d4c7dd19d\" class=\"wd-image wd-wpb wd-rs-69b6d4c7dd19d text-center\">\n\t\t\t\n\t\t\t<img decoding=\"async\" width=\"1006\" height=\"160\" src=\"https:\/\/pierrecardinyatak.com.tr\/wp-content\/uploads\/2026\/03\/verona-2.png\" class=\"attachment-full size-full\" alt=\"\" srcset=\"https:\/\/pierrecardinyatak.com.tr\/wp-content\/uploads\/2026\/03\/verona-2.png 1006w, https:\/\/pierrecardinyatak.com.tr\/wp-content\/uploads\/2026\/03\/verona-2-300x48.png 300w, https:\/\/pierrecardinyatak.com.tr\/wp-content\/uploads\/2026\/03\/verona-2-768x122.png 768w, https:\/\/pierrecardinyatak.com.tr\/wp-content\/uploads\/2026\/03\/verona-2-18x3.png 18w, https:\/\/pierrecardinyatak.com.tr\/wp-content\/uploads\/2026\/03\/verona-2-150x24.png 150w, https:\/\/pierrecardinyatak.com.tr\/wp-content\/uploads\/2026\/03\/verona-2-500x80.png 500w, https:\/\/pierrecardinyatak.com.tr\/wp-content\/uploads\/2026\/03\/verona-2-800x127.png 800w\" sizes=\"(max-width: 1006px) 100vw, 1006px\" \/>\n\t\t\t\t\t<\/div>\n\t\t<\/div><\/div><\/div><\/div><div class=\"vc_row wpb_row vc_row-fluid vc_row-o-content-middle vc_row-flex wd-rs-69b287874ce7c\"><div class=\"wpb_column vc_column_container vc_col-sm-12\"><div class=\"vc_column-inner\"><div class=\"wpb_wrapper\">\t\t<div id=\"wd-69b6d4cff300d\" class=\"wd-image wd-wpb wd-rs-69b6d4cff300d text-center\">\n\t\t\t\n\t\t\t<img decoding=\"async\" width=\"925\" height=\"530\" src=\"https:\/\/pierrecardinyatak.com.tr\/wp-content\/uploads\/2026\/03\/verona-3.png\" class=\"attachment-full size-full\" alt=\"\" srcset=\"https:\/\/pierrecardinyatak.com.tr\/wp-content\/uploads\/2026\/03\/verona-3.png 925w, https:\/\/pierrecardinyatak.com.tr\/wp-content\/uploads\/2026\/03\/verona-3-300x172.png 300w, https:\/\/pierrecardinyatak.com.tr\/wp-content\/uploads\/2026\/03\/verona-3-768x440.png 768w, https:\/\/pierrecardinyatak.com.tr\/wp-content\/uploads\/2026\/03\/verona-3-18x10.png 18w, https:\/\/pierrecardinyatak.com.tr\/wp-content\/uploads\/2026\/03\/verona-3-150x86.png 150w, https:\/\/pierrecardinyatak.com.tr\/wp-content\/uploads\/2026\/03\/verona-3-500x286.png 500w, https:\/\/pierrecardinyatak.com.tr\/wp-content\/uploads\/2026\/03\/verona-3-800x458.png 800w\" sizes=\"(max-width: 925px) 100vw, 925px\" \/>\n\t\t\t\t\t<\/div>\n\t\t<\/div><\/div><\/div><\/div>\n<\/div>","protected":false},"excerpt":{"rendered":"DOUBLE SIDED USE \u00c7\u0130FT TARAFLI KULLANIM \u00c7ift tarafl\u0131 kullan\u0131m, yata\u011f\u0131n her iki y\u00fcz\u00fcn\u00fcn de kullan\u0131labilmesini sa\u011flayarak \u00fcr\u00fcn \u00f6mr\u00fcn\u00fc uzat\u0131r ve","protected":false},"featured_media":14358,"template":"","meta":[],"pwb-brand":[434,269,430,432,431,386],"product_brand":[],"product_cat":[219],"product_tag":[],"class_list":{"0":"post-14360","1":"product","2":"type-product","3":"status-publish","4":"has-post-thumbnail","6":"pwb-brand-2-0-yay","7":"pwb-brand-cift-tarafli-kullanim","8":"pwb-brand-hareket-izolasyonu","9":"pwb-brand-hot-melt-teknolojisi","10":"pwb-brand-omurga-destegi","11":"pwb-brand-paket-yay","12":"product_cat-yataklar-ana-kategori","14":"first","15":"instock","16":"shipping-taxable","17":"purchasable","18":"product-type-variable"},"yoast_head":"<!-- This site is optimized with the Yoast SEO plugin v25.7 - https:\/\/yoast.com\/wordpress\/plugins\/seo\/ -->\n<title>Verona Yatak - Pierre Cardin Yatak<\/title>\n<meta name=\"description\" content=\"Verona Yatak - Pierre Cardin Yatak\" \/>\n<meta name=\"robots\" content=\"index, follow, max-snippet:-1, max-image-preview:large, max-video-preview:-1\" \/>\n<link rel=\"canonical\" href=\"https:\/\/pierrecardinyatak.com.tr\/hy\/product\/verona-yatak\/\" \/>\n<meta property=\"og:locale\" content=\"en_US\" \/>\n<meta property=\"og:type\" content=\"article\" \/>\n<meta property=\"og:title\" content=\"Verona Yatak - Pierre Cardin Yatak\" \/>\n<meta property=\"og:description\" content=\"Verona Yatak - Pierre Cardin Yatak\" \/>\n<meta property=\"og:url\" content=\"https:\/\/pierrecardinyatak.com.tr\/hy\/product\/verona-yatak\/\" \/>\n<meta property=\"og:site_name\" content=\"Pierre Cardin Yatak\" \/>\n<meta property=\"article:publisher\" content=\"https:\/\/www.facebook.com\/pierrecardinyatak\" \/>\n<meta property=\"article:modified_time\" content=\"2026-04-01T21:32:24+00:00\" \/>\n<meta property=\"og:image\" content=\"https:\/\/pierrecardinyatak.com.tr\/wp-content\/uploads\/2026\/02\/verona-12739-2.jpg\" \/>\n\t<meta property=\"og:image:width\" content=\"2048\" \/>\n\t<meta property=\"og:image:height\" content=\"1365\" \/>\n\t<meta property=\"og:image:type\" content=\"image\/jpeg\" \/>\n<meta name=\"twitter:card\" content=\"summary_large_image\" \/>\n<meta name=\"twitter:site\" content=\"@pcardinbedding\" \/>\n<meta name=\"twitter:label1\" content=\"Est. reading time\" \/>\n\t<meta name=\"twitter:data1\" content=\"2 minutes\" \/>\n<script type=\"application\/ld+json\" class=\"yoast-schema-graph\">{\"@context\":\"https:\/\/schema.org\",\"@graph\":[{\"@type\":[\"WebPage\",\"ItemPage\"],\"@id\":\"https:\/\/pierrecardinyatak.com.tr\/urun\/verona-yatak\/\",\"url\":\"https:\/\/pierrecardinyatak.com.tr\/urun\/verona-yatak\/\",\"name\":\"Verona Yatak - Pierre Cardin Yatak\",\"isPartOf\":{\"@id\":\"https:\/\/pierrecardinyatak.com.tr\/#website\"},\"primaryImageOfPage\":{\"@id\":\"https:\/\/pierrecardinyatak.com.tr\/urun\/verona-yatak\/#primaryimage\"},\"image\":{\"@id\":\"https:\/\/pierrecardinyatak.com.tr\/urun\/verona-yatak\/#primaryimage\"},\"thumbnailUrl\":\"https:\/\/pierrecardinyatak.com.tr\/wp-content\/uploads\/2026\/02\/verona-12739-2.jpg\",\"datePublished\":\"2026-02-06T14:19:59+00:00\",\"dateModified\":\"2026-04-01T21:32:24+00:00\",\"description\":\"Verona Yatak - Pierre Cardin Yatak\",\"breadcrumb\":{\"@id\":\"https:\/\/pierrecardinyatak.com.tr\/urun\/verona-yatak\/#breadcrumb\"},\"inLanguage\":\"hy-AM\",\"potentialAction\":[{\"@type\":\"ReadAction\",\"target\":[\"https:\/\/pierrecardinyatak.com.tr\/urun\/verona-yatak\/\"]}]},{\"@type\":\"ImageObject\",\"inLanguage\":\"hy-AM\",\"@id\":\"https:\/\/pierrecardinyatak.com.tr\/urun\/verona-yatak\/#primaryimage\",\"url\":\"https:\/\/pierrecardinyatak.com.tr\/wp-content\/uploads\/2026\/02\/verona-12739-2.jpg\",\"contentUrl\":\"https:\/\/pierrecardinyatak.com.tr\/wp-content\/uploads\/2026\/02\/verona-12739-2.jpg\",\"width\":2048,\"height\":1365},{\"@type\":\"BreadcrumbList\",\"@id\":\"https:\/\/pierrecardinyatak.com.tr\/urun\/verona-yatak\/#breadcrumb\",\"itemListElement\":[{\"@type\":\"ListItem\",\"position\":1,\"name\":\"Anasayfa\",\"item\":\"https:\/\/pierrecardinyatak.com.tr\/\"},{\"@type\":\"ListItem\",\"position\":2,\"name\":\"Ma\u011faza\",\"item\":\"https:\/\/pierrecardinyatak.com.tr\/magaza\/\"},{\"@type\":\"ListItem\",\"position\":3,\"name\":\"Verona Yatak\"}]},{\"@type\":\"WebSite\",\"@id\":\"https:\/\/pierrecardinyatak.com.tr\/#website\",\"url\":\"https:\/\/pierrecardinyatak.com.tr\/\",\"name\":\"Pierre Cardin Yatak\",\"description\":\"-\",\"potentialAction\":[{\"@type\":\"SearchAction\",\"target\":{\"@type\":\"EntryPoint\",\"urlTemplate\":\"https:\/\/pierrecardinyatak.com.tr\/?s={search_term_string}\"},\"query-input\":{\"@type\":\"PropertyValueSpecification\",\"valueRequired\":true,\"valueName\":\"search_term_string\"}}],\"inLanguage\":\"hy-AM\"}]}<\/script>\n<!-- \/ Yoast SEO plugin. -->","yoast_head_json":{"title":"Verona Yatak - Pierre Cardin Yatak","description":"Verona Yatak - Pierre Cardin Yatak","robots":{"index":"index","follow":"follow","max-snippet":"max-snippet:-1","max-image-preview":"max-image-preview:large","max-video-preview":"max-video-preview:-1"},"canonical":"https:\/\/pierrecardinyatak.com.tr\/hy\/product\/verona-yatak\/","og_locale":"en_US","og_type":"article","og_title":"Verona Yatak - Pierre Cardin Yatak","og_description":"Verona Yatak - Pierre Cardin Yatak","og_url":"https:\/\/pierrecardinyatak.com.tr\/hy\/product\/verona-yatak\/","og_site_name":"Pierre Cardin Yatak","article_publisher":"https:\/\/www.facebook.com\/pierrecardinyatak","article_modified_time":"2026-04-01T21:32:24+00:00","og_image":[{"width":2048,"height":1365,"url":"https:\/\/pierrecardinyatak.com.tr\/wp-content\/uploads\/2026\/02\/verona-12739-2.jpg","type":"image\/jpeg"}],"twitter_card":"summary_large_image","twitter_site":"@pcardinbedding","twitter_misc":{"Est. reading time":"2 minutes"},"schema":{"@context":"https:\/\/schema.org","@graph":[{"@type":["WebPage","ItemPage"],"@id":"https:\/\/pierrecardinyatak.com.tr\/urun\/verona-yatak\/","url":"https:\/\/pierrecardinyatak.com.tr\/urun\/verona-yatak\/","name":"Verona Yatak - Pierre Cardin Yatak","isPartOf":{"@id":"https:\/\/pierrecardinyatak.com.tr\/#website"},"primaryImageOfPage":{"@id":"https:\/\/pierrecardinyatak.com.tr\/urun\/verona-yatak\/#primaryimage"},"image":{"@id":"https:\/\/pierrecardinyatak.com.tr\/urun\/verona-yatak\/#primaryimage"},"thumbnailUrl":"https:\/\/pierrecardinyatak.com.tr\/wp-content\/uploads\/2026\/02\/verona-12739-2.jpg","datePublished":"2026-02-06T14:19:59+00:00","dateModified":"2026-04-01T21:32:24+00:00","description":"Verona Yatak - Pierre Cardin Yatak","breadcrumb":{"@id":"https:\/\/pierrecardinyatak.com.tr\/urun\/verona-yatak\/#breadcrumb"},"inLanguage":"hy-AM","potentialAction":[{"@type":"ReadAction","target":["https:\/\/pierrecardinyatak.com.tr\/urun\/verona-yatak\/"]}]},{"@type":"ImageObject","inLanguage":"hy-AM","@id":"https:\/\/pierrecardinyatak.com.tr\/urun\/verona-yatak\/#primaryimage","url":"https:\/\/pierrecardinyatak.com.tr\/wp-content\/uploads\/2026\/02\/verona-12739-2.jpg","contentUrl":"https:\/\/pierrecardinyatak.com.tr\/wp-content\/uploads\/2026\/02\/verona-12739-2.jpg","width":2048,"height":1365},{"@type":"BreadcrumbList","@id":"https:\/\/pierrecardinyatak.com.tr\/urun\/verona-yatak\/#breadcrumb","itemListElement":[{"@type":"ListItem","position":1,"name":"Anasayfa","item":"https:\/\/pierrecardinyatak.com.tr\/"},{"@type":"ListItem","position":2,"name":"Ma\u011faza","item":"https:\/\/pierrecardinyatak.com.tr\/magaza\/"},{"@type":"ListItem","position":3,"name":"Verona Yatak"}]},{"@type":"WebSite","@id":"https:\/\/pierrecardinyatak.com.tr\/#website","url":"https:\/\/pierrecardinyatak.com.tr\/","name":"Pierre Cardin Yatak","description":"-","potentialAction":[{"@type":"SearchAction","target":{"@type":"EntryPoint","urlTemplate":"https:\/\/pierrecardinyatak.com.tr\/?s={search_term_string}"},"query-input":{"@type":"PropertyValueSpecification","valueRequired":true,"valueName":"search_term_string"}}],"inLanguage":"hy-AM"}]}},"brands":[{"id":434,"name":"2.0 Yay","slug":"2-0-yay"},{"id":269,"name":"\u00c7ift Tarafl\u0131 Kullan\u0131m","slug":"cift-tarafli-kullanim"},{"id":430,"name":"Hareket \u0130zolasyonu","slug":"hareket-izolasyonu"},{"id":432,"name":"Hot Melt Teknolojisi","slug":"hot-melt-teknolojisi"},{"id":431,"name":"Omurga Deste\u011fi","slug":"omurga-destegi"},{"id":386,"name":"Paket Yay Sistemi","slug":"paket-yay"}],"_links":{"self":[{"href":"https:\/\/pierrecardinyatak.com.tr\/hy\/wp-json\/wp\/v2\/product\/14360","targetHints":{"allow":["GET"]}}],"collection":[{"href":"https:\/\/pierrecardinyatak.com.tr\/hy\/wp-json\/wp\/v2\/product"}],"about":[{"href":"https:\/\/pierrecardinyatak.com.tr\/hy\/wp-json\/wp\/v2\/types\/product"}],"wp:featuredmedia":[{"embeddable":true,"href":"https:\/\/pierrecardinyatak.com.tr\/hy\/wp-json\/wp\/v2\/media\/14358"}],"wp:attachment":[{"href":"https:\/\/pierrecardinyatak.com.tr\/hy\/wp-json\/wp\/v2\/media?parent=14360"}],"wp:term":[{"taxonomy":"pwb-brand","embeddable":true,"href":"https:\/\/pierrecardinyatak.com.tr\/hy\/wp-json\/wp\/v2\/pwb-brand?post=14360"},{"taxonomy":"product_brand","embeddable":true,"href":"https:\/\/pierrecardinyatak.com.tr\/hy\/wp-json\/wp\/v2\/product_brand?post=14360"},{"taxonomy":"product_cat","embeddable":true,"href":"https:\/\/pierrecardinyatak.com.tr\/hy\/wp-json\/wp\/v2\/product_cat?post=14360"},{"taxonomy":"product_tag","embeddable":true,"href":"https:\/\/pierrecardinyatak.com.tr\/hy\/wp-json\/wp\/v2\/product_tag?post=14360"}],"curies":[{"name":"wp","href":"https:\/\/api.w.org\/{rel}","templated":true}]}}