{"id":14081,"date":"2026-02-06T15:47:39","date_gmt":"2026-02-06T12:47:39","guid":{"rendered":"https:\/\/pierrecardinyatak.com.tr\/?post_type=product&#038;p=14081"},"modified":"2026-04-02T00:47:12","modified_gmt":"2026-04-01T21:47:12","slug":"bellagio-yatak","status":"publish","type":"product","link":"https:\/\/pierrecardinyatak.com.tr\/hy\/product\/bellagio-yatak\/","title":{"rendered":"Bellagio Yatak"},"content":{"rendered":"<div class=\"wpb-content-wrapper\"><div class=\"vc_row wpb_row vc_row-fluid\"><div class=\"wpb_column vc_column_container vc_col-sm-6\"><div class=\"vc_column-inner\"><div class=\"wpb_wrapper\"><div class=\"vc_row wpb_row vc_inner vc_row-fluid\"><div class=\"wpb_column vc_column_container vc_col-sm-6\"><div class=\"vc_column-inner\"><div class=\"wpb_wrapper\">\n\t<div class=\"wpb_text_column wpb_content_element\" >\n\t\t<div class=\"wpb_wrapper\">\n\t\t\t<p><strong>POCKET SPRING<\/strong><br \/>\nPAKET YAY S\u0130STEN\u0130<\/p>\n<p class=\"p1\">Pocket yay sistemi, her biri ayr\u0131 ayr\u0131 kuma\u015f torbalar i\u00e7inde bulunan yaylardan olu\u015fur. Yaylar\u0131n ba\u011f\u0131ms\u0131z \u00e7al\u0131\u015fmas\u0131 sayesinde v\u00fccu-da noktasal destek sa\u011flar, bas\u0131n\u00e7 noktalar\u0131n\u0131 azalt\u0131r ve hareket izolasyonu sunarak kesinti- siz ve dengeli bir uyku deneyimi olu\u015fturur.<\/p>\n\n\t\t<\/div>\n\t<\/div>\n<\/div><\/div><\/div><div class=\"wpb_column vc_column_container vc_col-sm-6\"><div class=\"vc_column-inner\"><div class=\"wpb_wrapper\">\n\t<div class=\"wpb_text_column wpb_content_element\" >\n\t\t<div class=\"wpb_wrapper\">\n\t\t\t<p><strong>EXTRA FIRM FOAM<\/strong><br \/>\nEKSTRA SERT S\u00dcNGER<\/p>\n<p class=\"p1\">Y\u00fcksek yo\u011funluklu yap\u0131s\u0131yla Extra Firm Foam, maksimum stabilite ve dayan\u0131kl\u0131l\u0131k sunar. A\u015f\u0131r\u0131 g\u00f6m\u00fclmeyi \u00f6nleyerek omurgan\u0131n do\u011fal hizas\u0131n\u0131 destekler; daha sert ve g\u00fc\u00e7l\u00fc destek arayanlar i\u00e7in ideal bir uyku y\u00fczeyi sa\u011flar.<\/p>\n\n\t\t<\/div>\n\t<\/div>\n<\/div><\/div><\/div><\/div><\/div><\/div><\/div><div class=\"wpb_column vc_column_container vc_col-sm-6\"><div class=\"vc_column-inner\"><div class=\"wpb_wrapper\">\t\t<div id=\"wd-69b2872c8c35b\" class=\"wd-image wd-wpb wd-rs-69b2872c8c35b text-center\">\n\t\t\t\n\t\t\t<img decoding=\"async\" width=\"1006\" height=\"168\" src=\"https:\/\/pierrecardinyatak.com.tr\/wp-content\/uploads\/2026\/02\/opera_G9moC058rV.webp\" class=\"attachment-full size-full\" alt=\"\" srcset=\"https:\/\/pierrecardinyatak.com.tr\/wp-content\/uploads\/2026\/02\/opera_G9moC058rV.webp 1006w, https:\/\/pierrecardinyatak.com.tr\/wp-content\/uploads\/2026\/02\/opera_G9moC058rV-300x50.webp 300w, https:\/\/pierrecardinyatak.com.tr\/wp-content\/uploads\/2026\/02\/opera_G9moC058rV-768x128.webp 768w, https:\/\/pierrecardinyatak.com.tr\/wp-content\/uploads\/2026\/02\/opera_G9moC058rV-18x3.webp 18w, https:\/\/pierrecardinyatak.com.tr\/wp-content\/uploads\/2026\/02\/opera_G9moC058rV-150x25.webp 150w, https:\/\/pierrecardinyatak.com.tr\/wp-content\/uploads\/2026\/02\/opera_G9moC058rV-500x83.webp 500w, https:\/\/pierrecardinyatak.com.tr\/wp-content\/uploads\/2026\/02\/opera_G9moC058rV-800x134.webp 800w\" sizes=\"(max-width: 1006px) 100vw, 1006px\" \/>\n\t\t\t\t\t<\/div>\n\t\t\t\t<div id=\"wd-69b4181a0b1bd\" class=\"wd-image wd-wpb wd-rs-69b4181a0b1bd text-center\">\n\t\t\t\n\t\t\t<img decoding=\"async\" width=\"1002\" height=\"168\" src=\"https:\/\/pierrecardinyatak.com.tr\/wp-content\/uploads\/2026\/02\/opera_yCPhjUZGTj.webp\" class=\"attachment-full size-full\" alt=\"\" srcset=\"https:\/\/pierrecardinyatak.com.tr\/wp-content\/uploads\/2026\/02\/opera_yCPhjUZGTj.webp 1002w, https:\/\/pierrecardinyatak.com.tr\/wp-content\/uploads\/2026\/02\/opera_yCPhjUZGTj-300x50.webp 300w, https:\/\/pierrecardinyatak.com.tr\/wp-content\/uploads\/2026\/02\/opera_yCPhjUZGTj-768x129.webp 768w, https:\/\/pierrecardinyatak.com.tr\/wp-content\/uploads\/2026\/02\/opera_yCPhjUZGTj-18x3.webp 18w, https:\/\/pierrecardinyatak.com.tr\/wp-content\/uploads\/2026\/02\/opera_yCPhjUZGTj-150x25.webp 150w, https:\/\/pierrecardinyatak.com.tr\/wp-content\/uploads\/2026\/02\/opera_yCPhjUZGTj-500x84.webp 500w, https:\/\/pierrecardinyatak.com.tr\/wp-content\/uploads\/2026\/02\/opera_yCPhjUZGTj-800x134.webp 800w\" sizes=\"(max-width: 1002px) 100vw, 1002px\" \/>\n\t\t\t\t\t<\/div>\n\t\t<\/div><\/div><\/div><\/div><div class=\"vc_row wpb_row vc_row-fluid vc_row-o-content-middle vc_row-flex wd-rs-69b287874ce7c\"><div class=\"wpb_column vc_column_container vc_col-sm-12\"><div class=\"vc_column-inner\"><div class=\"wpb_wrapper\">\t\t<div id=\"wd-69b2860f1ac66\" class=\"wd-image wd-wpb wd-rs-69b2860f1ac66 text-center\">\n\t\t\t\n\t\t\t<img decoding=\"async\" width=\"927\" height=\"532\" src=\"https:\/\/pierrecardinyatak.com.tr\/wp-content\/uploads\/2026\/02\/opera_mmCX8j934Q.webp\" class=\"attachment-full size-full\" alt=\"\" srcset=\"https:\/\/pierrecardinyatak.com.tr\/wp-content\/uploads\/2026\/02\/opera_mmCX8j934Q.webp 927w, https:\/\/pierrecardinyatak.com.tr\/wp-content\/uploads\/2026\/02\/opera_mmCX8j934Q-300x172.webp 300w, https:\/\/pierrecardinyatak.com.tr\/wp-content\/uploads\/2026\/02\/opera_mmCX8j934Q-768x441.webp 768w, https:\/\/pierrecardinyatak.com.tr\/wp-content\/uploads\/2026\/02\/opera_mmCX8j934Q-18x10.webp 18w, https:\/\/pierrecardinyatak.com.tr\/wp-content\/uploads\/2026\/02\/opera_mmCX8j934Q-150x86.webp 150w, https:\/\/pierrecardinyatak.com.tr\/wp-content\/uploads\/2026\/02\/opera_mmCX8j934Q-500x287.webp 500w, https:\/\/pierrecardinyatak.com.tr\/wp-content\/uploads\/2026\/02\/opera_mmCX8j934Q-800x459.webp 800w\" sizes=\"(max-width: 927px) 100vw, 927px\" \/>\n\t\t\t\t\t<\/div>\n\t\t<\/div><\/div><\/div><\/div>\n<\/div>","protected":false},"excerpt":{"rendered":"POCKET SPRING PAKET YAY S\u0130STEN\u0130 Pocket yay sistemi, her biri ayr\u0131 ayr\u0131 kuma\u015f torbalar i\u00e7inde bulunan yaylardan olu\u015fur. Yaylar\u0131n ba\u011f\u0131ms\u0131z","protected":false},"featured_media":14078,"template":"","meta":[],"pwb-brand":[434,430,432,387,435,433,431,386],"product_brand":[],"product_cat":[219],"product_tag":[],"class_list":{"0":"post-14081","1":"product","2":"type-product","3":"status-publish","4":"has-post-thumbnail","6":"pwb-brand-2-0-yay","7":"pwb-brand-hareket-izolasyonu","8":"pwb-brand-hot-melt-teknolojisi","9":"pwb-brand-yuksek-yogunluklu-hr-sunger","10":"pwb-brand-hyper-foam-sunger","11":"pwb-brand-kaymaz-yuzey","12":"pwb-brand-omurga-destegi","13":"pwb-brand-paket-yay","14":"product_cat-yataklar-ana-kategori","16":"first","17":"instock","18":"shipping-taxable","19":"purchasable","20":"product-type-variable"},"yoast_head":"<!-- This site is optimized with the Yoast SEO plugin v25.7 - https:\/\/yoast.com\/wordpress\/plugins\/seo\/ -->\n<title>Bellagio Yatak - Pierre Cardin Yatak<\/title>\n<meta name=\"description\" content=\"Bellagio Yatak - Pierre Cardin Yatak\" \/>\n<meta name=\"robots\" content=\"index, follow, max-snippet:-1, max-image-preview:large, max-video-preview:-1\" \/>\n<link rel=\"canonical\" href=\"https:\/\/pierrecardinyatak.com.tr\/hy\/product\/bellagio-yatak\/\" \/>\n<meta property=\"og:locale\" content=\"en_US\" \/>\n<meta property=\"og:type\" content=\"article\" \/>\n<meta property=\"og:title\" content=\"Bellagio Yatak - Pierre Cardin Yatak\" \/>\n<meta property=\"og:description\" content=\"Bellagio Yatak - Pierre Cardin Yatak\" \/>\n<meta property=\"og:url\" content=\"https:\/\/pierrecardinyatak.com.tr\/hy\/product\/bellagio-yatak\/\" \/>\n<meta property=\"og:site_name\" content=\"Pierre Cardin Yatak\" \/>\n<meta property=\"article:publisher\" content=\"https:\/\/www.facebook.com\/pierrecardinyatak\" \/>\n<meta property=\"article:modified_time\" content=\"2026-04-01T21:47:12+00:00\" \/>\n<meta property=\"og:image\" content=\"https:\/\/pierrecardinyatak.com.tr\/wp-content\/uploads\/2026\/02\/bellagio-12778.jpg\" \/>\n\t<meta property=\"og:image:width\" content=\"2048\" \/>\n\t<meta property=\"og:image:height\" content=\"2048\" \/>\n\t<meta property=\"og:image:type\" content=\"image\/jpeg\" \/>\n<meta name=\"twitter:card\" content=\"summary_large_image\" \/>\n<meta name=\"twitter:site\" content=\"@pcardinbedding\" \/>\n<meta name=\"twitter:label1\" content=\"Est. reading time\" \/>\n\t<meta name=\"twitter:data1\" content=\"2 minutes\" \/>\n<script type=\"application\/ld+json\" class=\"yoast-schema-graph\">{\"@context\":\"https:\/\/schema.org\",\"@graph\":[{\"@type\":[\"WebPage\",\"ItemPage\"],\"@id\":\"https:\/\/pierrecardinyatak.com.tr\/urun\/bellagio-yatak\/\",\"url\":\"https:\/\/pierrecardinyatak.com.tr\/urun\/bellagio-yatak\/\",\"name\":\"Bellagio Yatak - Pierre Cardin Yatak\",\"isPartOf\":{\"@id\":\"https:\/\/pierrecardinyatak.com.tr\/#website\"},\"primaryImageOfPage\":{\"@id\":\"https:\/\/pierrecardinyatak.com.tr\/urun\/bellagio-yatak\/#primaryimage\"},\"image\":{\"@id\":\"https:\/\/pierrecardinyatak.com.tr\/urun\/bellagio-yatak\/#primaryimage\"},\"thumbnailUrl\":\"https:\/\/pierrecardinyatak.com.tr\/wp-content\/uploads\/2026\/02\/bellagio-12778.jpg\",\"datePublished\":\"2026-02-06T12:47:39+00:00\",\"dateModified\":\"2026-04-01T21:47:12+00:00\",\"description\":\"Bellagio Yatak - Pierre Cardin Yatak\",\"breadcrumb\":{\"@id\":\"https:\/\/pierrecardinyatak.com.tr\/urun\/bellagio-yatak\/#breadcrumb\"},\"inLanguage\":\"hy-AM\",\"potentialAction\":[{\"@type\":\"ReadAction\",\"target\":[\"https:\/\/pierrecardinyatak.com.tr\/urun\/bellagio-yatak\/\"]}]},{\"@type\":\"ImageObject\",\"inLanguage\":\"hy-AM\",\"@id\":\"https:\/\/pierrecardinyatak.com.tr\/urun\/bellagio-yatak\/#primaryimage\",\"url\":\"https:\/\/pierrecardinyatak.com.tr\/wp-content\/uploads\/2026\/02\/bellagio-12778.jpg\",\"contentUrl\":\"https:\/\/pierrecardinyatak.com.tr\/wp-content\/uploads\/2026\/02\/bellagio-12778.jpg\",\"width\":2048,\"height\":2048},{\"@type\":\"BreadcrumbList\",\"@id\":\"https:\/\/pierrecardinyatak.com.tr\/urun\/bellagio-yatak\/#breadcrumb\",\"itemListElement\":[{\"@type\":\"ListItem\",\"position\":1,\"name\":\"Anasayfa\",\"item\":\"https:\/\/pierrecardinyatak.com.tr\/\"},{\"@type\":\"ListItem\",\"position\":2,\"name\":\"Ma\u011faza\",\"item\":\"https:\/\/pierrecardinyatak.com.tr\/magaza\/\"},{\"@type\":\"ListItem\",\"position\":3,\"name\":\"Bellagio Yatak\"}]},{\"@type\":\"WebSite\",\"@id\":\"https:\/\/pierrecardinyatak.com.tr\/#website\",\"url\":\"https:\/\/pierrecardinyatak.com.tr\/\",\"name\":\"Pierre Cardin Yatak\",\"description\":\"-\",\"potentialAction\":[{\"@type\":\"SearchAction\",\"target\":{\"@type\":\"EntryPoint\",\"urlTemplate\":\"https:\/\/pierrecardinyatak.com.tr\/?s={search_term_string}\"},\"query-input\":{\"@type\":\"PropertyValueSpecification\",\"valueRequired\":true,\"valueName\":\"search_term_string\"}}],\"inLanguage\":\"hy-AM\"}]}<\/script>\n<!-- \/ Yoast SEO plugin. -->","yoast_head_json":{"title":"Bellagio Yatak - Pierre Cardin Yatak","description":"Bellagio Yatak - Pierre Cardin Yatak","robots":{"index":"index","follow":"follow","max-snippet":"max-snippet:-1","max-image-preview":"max-image-preview:large","max-video-preview":"max-video-preview:-1"},"canonical":"https:\/\/pierrecardinyatak.com.tr\/hy\/product\/bellagio-yatak\/","og_locale":"en_US","og_type":"article","og_title":"Bellagio Yatak - Pierre Cardin Yatak","og_description":"Bellagio Yatak - Pierre Cardin Yatak","og_url":"https:\/\/pierrecardinyatak.com.tr\/hy\/product\/bellagio-yatak\/","og_site_name":"Pierre Cardin Yatak","article_publisher":"https:\/\/www.facebook.com\/pierrecardinyatak","article_modified_time":"2026-04-01T21:47:12+00:00","og_image":[{"width":2048,"height":2048,"url":"https:\/\/pierrecardinyatak.com.tr\/wp-content\/uploads\/2026\/02\/bellagio-12778.jpg","type":"image\/jpeg"}],"twitter_card":"summary_large_image","twitter_site":"@pcardinbedding","twitter_misc":{"Est. reading time":"2 minutes"},"schema":{"@context":"https:\/\/schema.org","@graph":[{"@type":["WebPage","ItemPage"],"@id":"https:\/\/pierrecardinyatak.com.tr\/urun\/bellagio-yatak\/","url":"https:\/\/pierrecardinyatak.com.tr\/urun\/bellagio-yatak\/","name":"Bellagio Yatak - Pierre Cardin Yatak","isPartOf":{"@id":"https:\/\/pierrecardinyatak.com.tr\/#website"},"primaryImageOfPage":{"@id":"https:\/\/pierrecardinyatak.com.tr\/urun\/bellagio-yatak\/#primaryimage"},"image":{"@id":"https:\/\/pierrecardinyatak.com.tr\/urun\/bellagio-yatak\/#primaryimage"},"thumbnailUrl":"https:\/\/pierrecardinyatak.com.tr\/wp-content\/uploads\/2026\/02\/bellagio-12778.jpg","datePublished":"2026-02-06T12:47:39+00:00","dateModified":"2026-04-01T21:47:12+00:00","description":"Bellagio Yatak - Pierre Cardin Yatak","breadcrumb":{"@id":"https:\/\/pierrecardinyatak.com.tr\/urun\/bellagio-yatak\/#breadcrumb"},"inLanguage":"hy-AM","potentialAction":[{"@type":"ReadAction","target":["https:\/\/pierrecardinyatak.com.tr\/urun\/bellagio-yatak\/"]}]},{"@type":"ImageObject","inLanguage":"hy-AM","@id":"https:\/\/pierrecardinyatak.com.tr\/urun\/bellagio-yatak\/#primaryimage","url":"https:\/\/pierrecardinyatak.com.tr\/wp-content\/uploads\/2026\/02\/bellagio-12778.jpg","contentUrl":"https:\/\/pierrecardinyatak.com.tr\/wp-content\/uploads\/2026\/02\/bellagio-12778.jpg","width":2048,"height":2048},{"@type":"BreadcrumbList","@id":"https:\/\/pierrecardinyatak.com.tr\/urun\/bellagio-yatak\/#breadcrumb","itemListElement":[{"@type":"ListItem","position":1,"name":"Anasayfa","item":"https:\/\/pierrecardinyatak.com.tr\/"},{"@type":"ListItem","position":2,"name":"Ma\u011faza","item":"https:\/\/pierrecardinyatak.com.tr\/magaza\/"},{"@type":"ListItem","position":3,"name":"Bellagio Yatak"}]},{"@type":"WebSite","@id":"https:\/\/pierrecardinyatak.com.tr\/#website","url":"https:\/\/pierrecardinyatak.com.tr\/","name":"Pierre Cardin Yatak","description":"-","potentialAction":[{"@type":"SearchAction","target":{"@type":"EntryPoint","urlTemplate":"https:\/\/pierrecardinyatak.com.tr\/?s={search_term_string}"},"query-input":{"@type":"PropertyValueSpecification","valueRequired":true,"valueName":"search_term_string"}}],"inLanguage":"hy-AM"}]}},"brands":[{"id":434,"name":"2.0 Yay","slug":"2-0-yay"},{"id":430,"name":"Hareket \u0130zolasyonu","slug":"hareket-izolasyonu"},{"id":432,"name":"Hot Melt Teknolojisi","slug":"hot-melt-teknolojisi"},{"id":387,"name":"HR S\u00fcnger","slug":"yuksek-yogunluklu-hr-sunger"},{"id":435,"name":"Hyper Foam S\u00fcnger","slug":"hyper-foam-sunger"},{"id":433,"name":"Kaymaz Y\u00fczey","slug":"kaymaz-yuzey"},{"id":431,"name":"Omurga Deste\u011fi","slug":"omurga-destegi"},{"id":386,"name":"Paket Yay Sistemi","slug":"paket-yay"}],"_links":{"self":[{"href":"https:\/\/pierrecardinyatak.com.tr\/hy\/wp-json\/wp\/v2\/product\/14081","targetHints":{"allow":["GET"]}}],"collection":[{"href":"https:\/\/pierrecardinyatak.com.tr\/hy\/wp-json\/wp\/v2\/product"}],"about":[{"href":"https:\/\/pierrecardinyatak.com.tr\/hy\/wp-json\/wp\/v2\/types\/product"}],"wp:featuredmedia":[{"embeddable":true,"href":"https:\/\/pierrecardinyatak.com.tr\/hy\/wp-json\/wp\/v2\/media\/14078"}],"wp:attachment":[{"href":"https:\/\/pierrecardinyatak.com.tr\/hy\/wp-json\/wp\/v2\/media?parent=14081"}],"wp:term":[{"taxonomy":"pwb-brand","embeddable":true,"href":"https:\/\/pierrecardinyatak.com.tr\/hy\/wp-json\/wp\/v2\/pwb-brand?post=14081"},{"taxonomy":"product_brand","embeddable":true,"href":"https:\/\/pierrecardinyatak.com.tr\/hy\/wp-json\/wp\/v2\/product_brand?post=14081"},{"taxonomy":"product_cat","embeddable":true,"href":"https:\/\/pierrecardinyatak.com.tr\/hy\/wp-json\/wp\/v2\/product_cat?post=14081"},{"taxonomy":"product_tag","embeddable":true,"href":"https:\/\/pierrecardinyatak.com.tr\/hy\/wp-json\/wp\/v2\/product_tag?post=14081"}],"curies":[{"name":"wp","href":"https:\/\/api.w.org\/{rel}","templated":true}]}}