{"id":496,"date":"2022-11-14T12:30:19","date_gmt":"2022-11-14T09:30:19","guid":{"rendered":"https:\/\/pierrecardinbedding.com.tr\/?page_id=496"},"modified":"2023-11-09T16:28:19","modified_gmt":"2023-11-09T13:28:19","slug":"gizlilik-ve-cerez-politikasi","status":"publish","type":"page","link":"https:\/\/pierrecardinyatak.com.tr\/hy\/gizlilik-ve-cerez-politikasi\/","title":{"rendered":"Gizlilik ve \u00c7erez Politikas\u0131"},"content":{"rendered":"<div class=\"wpb-content-wrapper\"><div class=\"vc_row wpb_row vc_row-fluid\"><div class=\"wpb_column vc_column_container vc_col-sm-2\"><div class=\"vc_column-inner\"><div class=\"wpb_wrapper\"><\/div><\/div><\/div><div class=\"wpb_column vc_column_container vc_col-sm-8\"><div class=\"vc_column-inner\"><div class=\"wpb_wrapper\">\n\t<div class=\"wpb_text_column wpb_content_element\" >\n\t\t<div class=\"wpb_wrapper\">\n\t\t\t<h1 style=\"text-align: center;\"><strong>Gizlilik ve \u00c7erez Politikas\u0131<\/strong><\/h1>\n<p>Ta\u015fk\u0131ranlar Grup \u015eirketleri, www.pierrecardinyatak.com.tr adresini(web sitesini) ziyaret eden kullan\u0131c\u0131lara daha iyi performans verebilmek, g\u00fcvenirlik ve \u015feffafl\u0131k sa\u011flamak i\u00e7in bu politikay\u0131 olu\u015fturmu\u015ftur.<br \/>\nTa\u015fk\u0131ranlar Grup \u015eirketleri olarak kullan\u0131c\u0131 deneyimini geli\u015ftirme, operasyonel faaliyetleri h\u0131zland\u0131rma, kesintisiz hizmeti geli\u015ftirmek i\u00e7in internet \u00e7erezlerini kullanmaktay\u0131z.<br \/>\n\u00c7erezleri a\u00e7mak, kapatmak, daha fazla teknik bilgiye sahip olmak i\u00e7in \u2018\u2019Google \u00c7erez Politikas\u0131n\u0131\u2019\u2019 inceleyin.<\/p>\n<p>Ta\u015fk\u0131ranlar Grup \u015eirketleri, www.pierrecardinbedding.com.tr adresini ziyaret eden kullan\u0131c\u0131lar\u0131n, \u00fcyelik i\u015flemi olu\u015fturan ziyaret\u00e7ilerin, sipari\u015f veren ki\u015filerin \u00e7erezlerini kendi bar\u0131nd\u0131rma alan\u0131 i\u00e7erisinde depolamaktad\u0131r. Pierre Cardin Yatak taraf\u0131ndan kullan\u0131lan KVK Kanunu ayd\u0131nlatma formuna, kullan\u0131c\u0131 ko\u015fullar\u0131na ve daha fazlas\u0131na www.pierrecardinbedding.com.tr \u00fczerinden ula\u015fabilirsiniz. Bu bilgilerin \u00e7\u0131kt\u0131s\u0131n\u0131 alarak daha sonra yaz\u0131l\u0131 olarak inceleyebilirsiniz.<\/p>\n<h2><strong>\u00c7erez(Cookies) Nedir? <\/strong><strong>Pierre Cardin Yatak Hangi Ama\u00e7larla Kullan\u0131r?<\/strong><\/h2>\n<p>\u0130nternet \u00fczerinde kullan\u0131c\u0131lar\u0131n parmak izleri olarak kabul edilen \u00e7erezler, ziyaret etti\u011finiz her sitede arama motorlar\u0131 ve taray\u0131c\u0131n\u0131z taraf\u0131ndan olu\u015fturulur. \u00c7erezleriniz Ta\u015fk\u0131ranlar Grup \u015eirketleri \u00fczerinde \u00f6zel ki\u015fisel verilerinizi kapsamadan, anonim olarak kay\u0131t alt\u0131na al\u0131n\u0131r. Ta\u015fk\u0131ranlar Grup \u015eirketleri olarak \u00e7erezleri web sitemizi ziyaret edilen kullan\u0131c\u0131lara daha kullan\u0131\u015fl\u0131, h\u0131zl\u0131 bir site sunmak i\u00e7in kullan\u0131yor, \u00e7erezleri kullanarak kullan\u0131c\u0131ya \u00f6zel promosyon \/ indirimler sa\u011fl\u0131yoruz. Ziyaret\u00e7ilere teklif vermek i\u00e7in \u00e7erezleri kullanan Ta\u015fk\u0131ranlar Grup \u015eirketleri, KVK Kanunu kapsam\u0131nda yer alan b\u00fct\u00fcn mevzuatlara uygun olarak hareket etmektedir.<br \/>\nTa\u015fk\u0131ranlar Grup \u015eirketleri taraf\u0131ndan \u00e7erezlerin temel kullan\u0131m ama\u00e7lar\u0131 \u015fu ba\u015fl\u0131klar alt\u0131ndad\u0131r:<\/p>\n<p>1.Pierre Cardin Yatak web site altyap\u0131s\u0131n\u0131n g\u00fc\u00e7lendirilmesi, teknik verilerin toplanabilmesi<br \/>\n2. Pierre Cardin Yatak sitesini ziyaret eden kullan\u0131c\u0131lar\u0131n analiz edilmesi, kullan\u0131c\u0131 davran\u0131\u015flar\u0131na ili\u015fkin verilerin toplanabilmesi<br \/>\n3. Ta\u015fk\u0131ranlar Grup \u015eirketleri\u2019nin yasal y\u00fck\u00fcml\u00fckleri gere\u011fince bilgi toplamas\u0131<\/p>\n<h3><strong>Ta\u015fk\u0131ranlar Grup \u015eirketleri Kullan\u0131c\u0131lar\u0131n \u00c7erezlerini Nas\u0131l \u0130\u015fliyor?<\/strong><\/h3>\n<p>Ta\u015fk\u0131ranlar Grup \u015eirketleri olarak web sitemizi ziyaret eden kullan\u0131c\u0131lar\u0131n verilerini i\u015flemek i\u00e7in teknik ara\u00e7lar (Google Analytics vb), kullan\u0131c\u0131 veri analizleri, \u00fcr\u00fcn ilgi analizleri, web sitesi t\u0131klama al\u0131\u015fkanl\u0131klar\u0131 ve benzeri durumlar\u0131 kullan\u0131yoruz. Ta\u015fk\u0131ranlar Grup \u015eirketleri kendi sat\u0131\u015f kanallar\u0131 i\u00e7erisinde kullan\u0131c\u0131lar\u0131n yapt\u0131\u011f\u0131 t\u00fcm gezintileri kapsayacak \u015fekilde bilgi toplamakta ve i\u015flemektedir.<\/p>\n<h3><strong>Ta\u015fk\u0131ranlar Grup \u015eirketleri Taraf\u0131ndan Kullan\u0131lan \u00c7erezler Hangileri?<\/strong><\/h3>\n<p>Zorunlu \u00c7erezler: Ta\u015fk\u0131ranlar Grup \u015eirketleri olarak ziyaret\u00e7ilere \u00e7al\u0131\u015fan, stabil bir web sitesi sunmak, sahtecilikten korumak i\u00e7in \u00e7al\u0131\u015ft\u0131rmak zorunda oldu\u011fumuz \u00e7erezleri b\u00fct\u00fcn durumlarda \u00e7al\u0131\u015ft\u0131r\u0131yoruz. \u0130\u015flev \u00c7erezleri: Kullan\u0131c\u0131 deneyimini geli\u015ftirmek, tasar\u0131msal olarak geli\u015fmek, sat\u0131\u015f raporlar\u0131 olu\u015fturmak, kullan\u0131c\u0131 veri analizi yapmak, web sitesini anla\u015f\u0131l\u0131r k\u0131lmak gibi birbirinden farkl\u0131 noktalar i\u00e7in i\u015flev \u00e7erezleri kullan\u0131yoruz.<\/p>\n<p>Hedefleme\/Reklam \u00c7erezleri: Pierre Cardin Yatak web sitesini ziyaret eden kullan\u0131c\u0131lara promosyon, reklam, teklif sunmak i\u00e7in bu \u00e7erez t\u00fcrlerini kullan\u0131yoruz. Bu \u00e7erez t\u00fcrleri istenildi\u011fi takdirde kullan\u0131c\u0131 taraf\u0131ndan kapat\u0131labilmektedir. Reklam\/hedefleme \u00e7erezlerinin kapat\u0131lmas\u0131, Ta\u015fk\u0131ranlar Grup \u015eirketleri\u2019nin stabil \u00e7al\u0131\u015fma performans\u0131na zarar vermez, aksatmaz. Fakat kullan\u0131c\u0131lara bu durumda \u00f6zel teklifler sunamay\u0131z. Kal\u0131c\u0131 \u00c7erezler: Kullan\u0131c\u0131n\u0131n site i\u00e7erisinde davran\u0131\u015flar\u0131n\u0131 \u00f6l\u00e7\u00fcmlemek i\u00e7in kal\u0131c\u0131 \u00e7erezleri kullan\u0131r\u0131z. Bu \u00e7erezler kullan\u0131c\u0131 kendi bilgisayar\u0131\/telefonu\/tableti \u00fczerinden taray\u0131c\u0131s\u0131n\u0131 d\u00fczenleyene kadar kal\u0131r.<\/p>\n<p>Oturum \u00c7erezleri: Pierre Cardin Yatak&#8217;\u0131 ziyaret etti\u011finiz farkl\u0131 zamanlar\u0131 birbirinden ay\u0131rmak i\u00e7in oturum \u00e7erezleri kullan\u0131yoruz. Bu t\u00fcr \u00e7erezler kullan\u0131c\u0131dan veri toplamak ve sadece web sitesi sayfas\u0131 a\u00e7\u0131kken kal\u0131r. Oturum \u00e7erezleri taray\u0131c\u0131n\u0131z\u0131n site \u00fczerinde yapt\u0131\u011f\u0131n\u0131z i\u015flemleri, verileri saklamak i\u00e7in kullan\u0131l\u0131r.<\/p>\n<p>Taray\u0131c\u0131n\u0131z \u00fczerinde yapaca\u011f\u0131n\u0131z ayarlarla Pierre Cardin Yatak&#8217;a izin verdi\u011finiz \u00e7erez t\u00fcrleri aras\u0131nda de\u011fi\u015fiklik yapabilir, \u00e7erez politikam\u0131zla ilgili bizimle <a href=\"mailto:info@pierrecardinbedding.com.tr\">info@pierrecardinbedding.com.tr<\/a> \u00fczerinden ileti\u015fime ge\u00e7ebilirsiniz.<\/p>\n\n\t\t<\/div>\n\t<\/div>\n<\/div><\/div><\/div><div class=\"wpb_column vc_column_container vc_col-sm-2\"><div class=\"vc_column-inner\"><div class=\"wpb_wrapper\"><\/div><\/div><\/div><\/div>\n<\/div>","protected":false},"excerpt":{"rendered":"Gizlilik ve \u00c7erez Politikas\u0131 Ta\u015fk\u0131ranlar Grup \u015eirketleri, www.pierrecardinyatak.com.tr adresini(web sitesini) ziyaret eden kullan\u0131c\u0131lara daha iyi performans verebilmek, g\u00fcvenirlik ve \u015feffafl\u0131k","protected":false},"author":1,"featured_media":0,"parent":0,"menu_order":0,"comment_status":"closed","ping_status":"closed","template":"","meta":{"footnotes":""},"class_list":["post-496","page","type-page","status-publish","hentry"],"yoast_head":"<!-- This site is optimized with the Yoast SEO plugin v25.7 - https:\/\/yoast.com\/wordpress\/plugins\/seo\/ -->\n<title>Gizlilik ve \u00c7erez Politikas\u0131 - Pierre Cardin Yatak<\/title>\n<meta name=\"description\" content=\"Pierre Cardin Bedding gizlilik ve \u00e7erez politikas\u0131 hakk\u0131nda detayl\u0131 bilgilere ula\u015fabilir, g\u00fcvenli al\u0131\u015fveri\u015fin tad\u0131n\u0131 \u00e7\u0131karabilirsiniz.\" \/>\n<meta name=\"robots\" content=\"index, follow, max-snippet:-1, max-image-preview:large, max-video-preview:-1\" \/>\n<link rel=\"canonical\" href=\"https:\/\/pierrecardinyatak.com.tr\/hy\/gizlilik-ve-cerez-politikasi\/\" \/>\n<meta property=\"og:locale\" content=\"en_US\" \/>\n<meta property=\"og:type\" content=\"article\" \/>\n<meta property=\"og:title\" content=\"Gizlilik ve \u00c7erez Politikas\u0131 - Pierre Cardin Yatak\" \/>\n<meta property=\"og:description\" content=\"Pierre Cardin Bedding gizlilik ve \u00e7erez politikas\u0131 hakk\u0131nda detayl\u0131 bilgilere ula\u015fabilir, g\u00fcvenli al\u0131\u015fveri\u015fin tad\u0131n\u0131 \u00e7\u0131karabilirsiniz.\" \/>\n<meta property=\"og:url\" content=\"https:\/\/pierrecardinyatak.com.tr\/hy\/gizlilik-ve-cerez-politikasi\/\" \/>\n<meta property=\"og:site_name\" content=\"Pierre Cardin Yatak\" \/>\n<meta property=\"article:publisher\" content=\"https:\/\/www.facebook.com\/pierrecardinyatak\" \/>\n<meta property=\"article:modified_time\" content=\"2023-11-09T13:28:19+00:00\" \/>\n<meta name=\"twitter:card\" content=\"summary_large_image\" \/>\n<meta name=\"twitter:site\" content=\"@pcardinbedding\" \/>\n<meta name=\"twitter:label1\" content=\"Est. reading time\" \/>\n\t<meta name=\"twitter:data1\" content=\"3 minutes\" \/>\n<script type=\"application\/ld+json\" class=\"yoast-schema-graph\">{\"@context\":\"https:\/\/schema.org\",\"@graph\":[{\"@type\":\"WebPage\",\"@id\":\"https:\/\/pierrecardinyatak.com.tr\/gizlilik-ve-cerez-politikasi\/\",\"url\":\"https:\/\/pierrecardinyatak.com.tr\/gizlilik-ve-cerez-politikasi\/\",\"name\":\"Gizlilik ve \u00c7erez Politikas\u0131 - Pierre Cardin Yatak\",\"isPartOf\":{\"@id\":\"https:\/\/pierrecardinyatak.com.tr\/#website\"},\"datePublished\":\"2022-11-14T09:30:19+00:00\",\"dateModified\":\"2023-11-09T13:28:19+00:00\",\"description\":\"Pierre Cardin Bedding gizlilik ve \u00e7erez politikas\u0131 hakk\u0131nda detayl\u0131 bilgilere ula\u015fabilir, g\u00fcvenli al\u0131\u015fveri\u015fin tad\u0131n\u0131 \u00e7\u0131karabilirsiniz.\",\"breadcrumb\":{\"@id\":\"https:\/\/pierrecardinyatak.com.tr\/gizlilik-ve-cerez-politikasi\/#breadcrumb\"},\"inLanguage\":\"hy-AM\",\"potentialAction\":[{\"@type\":\"ReadAction\",\"target\":[\"https:\/\/pierrecardinyatak.com.tr\/gizlilik-ve-cerez-politikasi\/\"]}]},{\"@type\":\"BreadcrumbList\",\"@id\":\"https:\/\/pierrecardinyatak.com.tr\/gizlilik-ve-cerez-politikasi\/#breadcrumb\",\"itemListElement\":[{\"@type\":\"ListItem\",\"position\":1,\"name\":\"Anasayfa\",\"item\":\"https:\/\/pierrecardinyatak.com.tr\/\"},{\"@type\":\"ListItem\",\"position\":2,\"name\":\"Gizlilik ve \u00c7erez Politikas\u0131\"}]},{\"@type\":\"WebSite\",\"@id\":\"https:\/\/pierrecardinyatak.com.tr\/#website\",\"url\":\"https:\/\/pierrecardinyatak.com.tr\/\",\"name\":\"Pierre Cardin Yatak\",\"description\":\"-\",\"potentialAction\":[{\"@type\":\"SearchAction\",\"target\":{\"@type\":\"EntryPoint\",\"urlTemplate\":\"https:\/\/pierrecardinyatak.com.tr\/?s={search_term_string}\"},\"query-input\":{\"@type\":\"PropertyValueSpecification\",\"valueRequired\":true,\"valueName\":\"search_term_string\"}}],\"inLanguage\":\"hy-AM\"},{\"@type\":\"Person\",\"@id\":\"https:\/\/pierrecardinyatak.com.tr\/#\/schema\/person\/1c182155c79ef557a479bd374b58f902\",\"name\":\"admin\",\"image\":{\"@type\":\"ImageObject\",\"inLanguage\":\"hy-AM\",\"@id\":\"https:\/\/pierrecardinyatak.com.tr\/#\/schema\/person\/image\/\",\"url\":\"https:\/\/secure.gravatar.com\/avatar\/3a0c75d6a4a7b2213bf32cead72e590c8f6aa56e5c7c70ea801e74aa7a9372bc?s=96&d=mm&r=g\",\"contentUrl\":\"https:\/\/secure.gravatar.com\/avatar\/3a0c75d6a4a7b2213bf32cead72e590c8f6aa56e5c7c70ea801e74aa7a9372bc?s=96&d=mm&r=g\",\"caption\":\"admin\"},\"sameAs\":[\"https:\/\/pierrecardinbedding.com.tr\"],\"url\":\"https:\/\/pierrecardinyatak.com.tr\/hy\/author\/admin\/\"}]}<\/script>\n<!-- \/ Yoast SEO plugin. -->","yoast_head_json":{"title":"Gizlilik ve \u00c7erez Politikas\u0131 - Pierre Cardin Yatak","description":"Pierre Cardin Bedding gizlilik ve \u00e7erez politikas\u0131 hakk\u0131nda detayl\u0131 bilgilere ula\u015fabilir, g\u00fcvenli al\u0131\u015fveri\u015fin tad\u0131n\u0131 \u00e7\u0131karabilirsiniz.","robots":{"index":"index","follow":"follow","max-snippet":"max-snippet:-1","max-image-preview":"max-image-preview:large","max-video-preview":"max-video-preview:-1"},"canonical":"https:\/\/pierrecardinyatak.com.tr\/hy\/gizlilik-ve-cerez-politikasi\/","og_locale":"en_US","og_type":"article","og_title":"Gizlilik ve \u00c7erez Politikas\u0131 - Pierre Cardin Yatak","og_description":"Pierre Cardin Bedding gizlilik ve \u00e7erez politikas\u0131 hakk\u0131nda detayl\u0131 bilgilere ula\u015fabilir, g\u00fcvenli al\u0131\u015fveri\u015fin tad\u0131n\u0131 \u00e7\u0131karabilirsiniz.","og_url":"https:\/\/pierrecardinyatak.com.tr\/hy\/gizlilik-ve-cerez-politikasi\/","og_site_name":"Pierre Cardin Yatak","article_publisher":"https:\/\/www.facebook.com\/pierrecardinyatak","article_modified_time":"2023-11-09T13:28:19+00:00","twitter_card":"summary_large_image","twitter_site":"@pcardinbedding","twitter_misc":{"Est. reading time":"3 minutes"},"schema":{"@context":"https:\/\/schema.org","@graph":[{"@type":"WebPage","@id":"https:\/\/pierrecardinyatak.com.tr\/gizlilik-ve-cerez-politikasi\/","url":"https:\/\/pierrecardinyatak.com.tr\/gizlilik-ve-cerez-politikasi\/","name":"Gizlilik ve \u00c7erez Politikas\u0131 - Pierre Cardin Yatak","isPartOf":{"@id":"https:\/\/pierrecardinyatak.com.tr\/#website"},"datePublished":"2022-11-14T09:30:19+00:00","dateModified":"2023-11-09T13:28:19+00:00","description":"Pierre Cardin Bedding gizlilik ve \u00e7erez politikas\u0131 hakk\u0131nda detayl\u0131 bilgilere ula\u015fabilir, g\u00fcvenli al\u0131\u015fveri\u015fin tad\u0131n\u0131 \u00e7\u0131karabilirsiniz.","breadcrumb":{"@id":"https:\/\/pierrecardinyatak.com.tr\/gizlilik-ve-cerez-politikasi\/#breadcrumb"},"inLanguage":"hy-AM","potentialAction":[{"@type":"ReadAction","target":["https:\/\/pierrecardinyatak.com.tr\/gizlilik-ve-cerez-politikasi\/"]}]},{"@type":"BreadcrumbList","@id":"https:\/\/pierrecardinyatak.com.tr\/gizlilik-ve-cerez-politikasi\/#breadcrumb","itemListElement":[{"@type":"ListItem","position":1,"name":"Anasayfa","item":"https:\/\/pierrecardinyatak.com.tr\/"},{"@type":"ListItem","position":2,"name":"Gizlilik ve \u00c7erez Politikas\u0131"}]},{"@type":"WebSite","@id":"https:\/\/pierrecardinyatak.com.tr\/#website","url":"https:\/\/pierrecardinyatak.com.tr\/","name":"Pierre Cardin Yatak","description":"-","potentialAction":[{"@type":"SearchAction","target":{"@type":"EntryPoint","urlTemplate":"https:\/\/pierrecardinyatak.com.tr\/?s={search_term_string}"},"query-input":{"@type":"PropertyValueSpecification","valueRequired":true,"valueName":"search_term_string"}}],"inLanguage":"hy-AM"},{"@type":"Person","@id":"https:\/\/pierrecardinyatak.com.tr\/#\/schema\/person\/1c182155c79ef557a479bd374b58f902","name":"admin","image":{"@type":"ImageObject","inLanguage":"hy-AM","@id":"https:\/\/pierrecardinyatak.com.tr\/#\/schema\/person\/image\/","url":"https:\/\/secure.gravatar.com\/avatar\/3a0c75d6a4a7b2213bf32cead72e590c8f6aa56e5c7c70ea801e74aa7a9372bc?s=96&d=mm&r=g","contentUrl":"https:\/\/secure.gravatar.com\/avatar\/3a0c75d6a4a7b2213bf32cead72e590c8f6aa56e5c7c70ea801e74aa7a9372bc?s=96&d=mm&r=g","caption":"admin"},"sameAs":["https:\/\/pierrecardinbedding.com.tr"],"url":"https:\/\/pierrecardinyatak.com.tr\/hy\/author\/admin\/"}]}},"_links":{"self":[{"href":"https:\/\/pierrecardinyatak.com.tr\/hy\/wp-json\/wp\/v2\/pages\/496","targetHints":{"allow":["GET"]}}],"collection":[{"href":"https:\/\/pierrecardinyatak.com.tr\/hy\/wp-json\/wp\/v2\/pages"}],"about":[{"href":"https:\/\/pierrecardinyatak.com.tr\/hy\/wp-json\/wp\/v2\/types\/page"}],"author":[{"embeddable":true,"href":"https:\/\/pierrecardinyatak.com.tr\/hy\/wp-json\/wp\/v2\/users\/1"}],"replies":[{"embeddable":true,"href":"https:\/\/pierrecardinyatak.com.tr\/hy\/wp-json\/wp\/v2\/comments?post=496"}],"version-history":[{"count":0,"href":"https:\/\/pierrecardinyatak.com.tr\/hy\/wp-json\/wp\/v2\/pages\/496\/revisions"}],"wp:attachment":[{"href":"https:\/\/pierrecardinyatak.com.tr\/hy\/wp-json\/wp\/v2\/media?parent=496"}],"curies":[{"name":"wp","href":"https:\/\/api.w.org\/{rel}","templated":true}]}}