{"id":2817,"date":"2022-12-20T13:16:42","date_gmt":"2022-12-20T10:16:42","guid":{"rendered":"https:\/\/pierrecardinbedding.com.tr\/?post_type=product&#038;p=2817"},"modified":"2025-05-27T17:51:25","modified_gmt":"2025-05-27T14:51:25","slug":"roben-ekru-banyo-havlusu","status":"publish","type":"product","link":"https:\/\/pierrecardinyatak.com.tr\/fr\/produit\/roben-ekru-banyo-havlusu\/","title":{"rendered":"Roben Ekru Banyo Havlusu"},"content":{"rendered":"<p>Picollection banyo tekstili koleksiyonumuzda yer alan \u00e7izgili minimal form ve ekru renk banyo havlusu; i\u00e7eri\u011findeki %100 Pamuk dokusu ile ciltte yumu\u015fak his b\u0131rak\u0131r.<\/p>\n<p>Y\u00fcksek gramaj\u0131 sayesinde, y\u00fcksek su emicili\u011fi ile konfor sa\u011flar.<\/p>","protected":false},"excerpt":{"rendered":"<p><strong>%100 Pamuk &#8211; 520 gr<\/strong><\/p>","protected":false},"featured_media":0,"template":"","meta":[],"pwb-brand":[264,233],"product_brand":[],"product_cat":[141,99,23,346],"product_tag":[],"class_list":{"0":"post-2817","1":"product","2":"type-product","3":"status-publish","5":"pwb-brand-520-gr","6":"pwb-brand-pamuk","7":"product_cat-banyo","8":"product_cat-banyo-havlulari","9":"product_cat-ev-tekstili","10":"product_cat-picollection","12":"first","13":"instock","14":"shipping-taxable","15":"purchasable","16":"product-type-simple"},"yoast_head":"<!-- This site is optimized with the Yoast SEO plugin v25.7 - https:\/\/yoast.com\/wordpress\/plugins\/seo\/ -->\n<title>Roben Ekru Banyo Havlusu - Pierre Cardin Yatak<\/title>\n<meta name=\"description\" content=\"Pierre Cardin Bedding Roben Ekru Banyo Havlusu ile banyo keyfiniz daha sa\u011fl\u0131kl\u0131 hale gelecek. Yumu\u015fac\u0131k dokusu olan Roben Banyo Havlusu ile kendinizi \u00f6d\u00fcllendirin.\" \/>\n<meta name=\"robots\" content=\"index, follow, max-snippet:-1, max-image-preview:large, max-video-preview:-1\" \/>\n<link rel=\"canonical\" href=\"https:\/\/pierrecardinyatak.com.tr\/fr\/produit\/roben-ekru-banyo-havlusu\/\" \/>\n<meta property=\"og:locale\" content=\"fr_FR\" \/>\n<meta property=\"og:type\" content=\"article\" \/>\n<meta property=\"og:title\" content=\"Roben Ekru Banyo Havlusu - Pierre Cardin Yatak\" \/>\n<meta property=\"og:description\" content=\"Pierre Cardin Bedding Roben Ekru Banyo Havlusu ile banyo keyfiniz daha sa\u011fl\u0131kl\u0131 hale gelecek. Yumu\u015fac\u0131k dokusu olan Roben Banyo Havlusu ile kendinizi \u00f6d\u00fcllendirin.\" \/>\n<meta property=\"og:url\" content=\"https:\/\/pierrecardinyatak.com.tr\/fr\/produit\/roben-ekru-banyo-havlusu\/\" \/>\n<meta property=\"og:site_name\" content=\"Pierre Cardin Yatak\" \/>\n<meta property=\"article:publisher\" content=\"https:\/\/www.facebook.com\/pierrecardinyatak\" \/>\n<meta property=\"article:modified_time\" content=\"2025-05-27T14:51:25+00:00\" \/>\n<meta name=\"twitter:card\" content=\"summary_large_image\" \/>\n<meta name=\"twitter:site\" content=\"@pcardinbedding\" \/>\n<meta name=\"twitter:label1\" content=\"Dur\u00e9e de lecture estim\u00e9e\" \/>\n\t<meta name=\"twitter:data1\" content=\"1 minute\" \/>\n<script type=\"application\/ld+json\" class=\"yoast-schema-graph\">{\"@context\":\"https:\/\/schema.org\",\"@graph\":[{\"@type\":[\"WebPage\",\"ItemPage\"],\"@id\":\"https:\/\/pierrecardinyatak.com.tr\/urun\/roben-ekru-banyo-havlusu\/\",\"url\":\"https:\/\/pierrecardinyatak.com.tr\/urun\/roben-ekru-banyo-havlusu\/\",\"name\":\"Roben Ekru Banyo Havlusu - Pierre Cardin Yatak\",\"isPartOf\":{\"@id\":\"https:\/\/pierrecardinyatak.com.tr\/#website\"},\"datePublished\":\"2022-12-20T10:16:42+00:00\",\"dateModified\":\"2025-05-27T14:51:25+00:00\",\"description\":\"Pierre Cardin Bedding Roben Ekru Banyo Havlusu ile banyo keyfiniz daha sa\u011fl\u0131kl\u0131 hale gelecek. Yumu\u015fac\u0131k dokusu olan Roben Banyo Havlusu ile kendinizi \u00f6d\u00fcllendirin.\",\"breadcrumb\":{\"@id\":\"https:\/\/pierrecardinyatak.com.tr\/urun\/roben-ekru-banyo-havlusu\/#breadcrumb\"},\"inLanguage\":\"fr-FR\",\"potentialAction\":[{\"@type\":\"ReadAction\",\"target\":[\"https:\/\/pierrecardinyatak.com.tr\/urun\/roben-ekru-banyo-havlusu\/\"]}]},{\"@type\":\"BreadcrumbList\",\"@id\":\"https:\/\/pierrecardinyatak.com.tr\/urun\/roben-ekru-banyo-havlusu\/#breadcrumb\",\"itemListElement\":[{\"@type\":\"ListItem\",\"position\":1,\"name\":\"Anasayfa\",\"item\":\"https:\/\/pierrecardinyatak.com.tr\/\"},{\"@type\":\"ListItem\",\"position\":2,\"name\":\"Ma\u011faza\",\"item\":\"https:\/\/pierrecardinyatak.com.tr\/magaza\/\"},{\"@type\":\"ListItem\",\"position\":3,\"name\":\"Roben Ekru Banyo Havlusu\"}]},{\"@type\":\"WebSite\",\"@id\":\"https:\/\/pierrecardinyatak.com.tr\/#website\",\"url\":\"https:\/\/pierrecardinyatak.com.tr\/\",\"name\":\"Pierre Cardin Yatak\",\"description\":\"-\",\"potentialAction\":[{\"@type\":\"SearchAction\",\"target\":{\"@type\":\"EntryPoint\",\"urlTemplate\":\"https:\/\/pierrecardinyatak.com.tr\/?s={search_term_string}\"},\"query-input\":{\"@type\":\"PropertyValueSpecification\",\"valueRequired\":true,\"valueName\":\"search_term_string\"}}],\"inLanguage\":\"fr-FR\"}]}<\/script>\n<!-- \/ Yoast SEO plugin. -->","yoast_head_json":{"title":"Roben Ekru Banyo Havlusu - Pierre Cardin Yatak","description":"Pierre Cardin Bedding Roben Ekru Banyo Havlusu ile banyo keyfiniz daha sa\u011fl\u0131kl\u0131 hale gelecek. Yumu\u015fac\u0131k dokusu olan Roben Banyo Havlusu ile kendinizi \u00f6d\u00fcllendirin.","robots":{"index":"index","follow":"follow","max-snippet":"max-snippet:-1","max-image-preview":"max-image-preview:large","max-video-preview":"max-video-preview:-1"},"canonical":"https:\/\/pierrecardinyatak.com.tr\/fr\/produit\/roben-ekru-banyo-havlusu\/","og_locale":"fr_FR","og_type":"article","og_title":"Roben Ekru Banyo Havlusu - Pierre Cardin Yatak","og_description":"Pierre Cardin Bedding Roben Ekru Banyo Havlusu ile banyo keyfiniz daha sa\u011fl\u0131kl\u0131 hale gelecek. Yumu\u015fac\u0131k dokusu olan Roben Banyo Havlusu ile kendinizi \u00f6d\u00fcllendirin.","og_url":"https:\/\/pierrecardinyatak.com.tr\/fr\/produit\/roben-ekru-banyo-havlusu\/","og_site_name":"Pierre Cardin Yatak","article_publisher":"https:\/\/www.facebook.com\/pierrecardinyatak","article_modified_time":"2025-05-27T14:51:25+00:00","twitter_card":"summary_large_image","twitter_site":"@pcardinbedding","twitter_misc":{"Dur\u00e9e de lecture estim\u00e9e":"1 minute"},"schema":{"@context":"https:\/\/schema.org","@graph":[{"@type":["WebPage","ItemPage"],"@id":"https:\/\/pierrecardinyatak.com.tr\/urun\/roben-ekru-banyo-havlusu\/","url":"https:\/\/pierrecardinyatak.com.tr\/urun\/roben-ekru-banyo-havlusu\/","name":"Roben Ekru Banyo Havlusu - Pierre Cardin Yatak","isPartOf":{"@id":"https:\/\/pierrecardinyatak.com.tr\/#website"},"datePublished":"2022-12-20T10:16:42+00:00","dateModified":"2025-05-27T14:51:25+00:00","description":"Pierre Cardin Bedding Roben Ekru Banyo Havlusu ile banyo keyfiniz daha sa\u011fl\u0131kl\u0131 hale gelecek. Yumu\u015fac\u0131k dokusu olan Roben Banyo Havlusu ile kendinizi \u00f6d\u00fcllendirin.","breadcrumb":{"@id":"https:\/\/pierrecardinyatak.com.tr\/urun\/roben-ekru-banyo-havlusu\/#breadcrumb"},"inLanguage":"fr-FR","potentialAction":[{"@type":"ReadAction","target":["https:\/\/pierrecardinyatak.com.tr\/urun\/roben-ekru-banyo-havlusu\/"]}]},{"@type":"BreadcrumbList","@id":"https:\/\/pierrecardinyatak.com.tr\/urun\/roben-ekru-banyo-havlusu\/#breadcrumb","itemListElement":[{"@type":"ListItem","position":1,"name":"Anasayfa","item":"https:\/\/pierrecardinyatak.com.tr\/"},{"@type":"ListItem","position":2,"name":"Ma\u011faza","item":"https:\/\/pierrecardinyatak.com.tr\/magaza\/"},{"@type":"ListItem","position":3,"name":"Roben Ekru Banyo Havlusu"}]},{"@type":"WebSite","@id":"https:\/\/pierrecardinyatak.com.tr\/#website","url":"https:\/\/pierrecardinyatak.com.tr\/","name":"Lit Pierre Cardin","description":"-","potentialAction":[{"@type":"SearchAction","target":{"@type":"EntryPoint","urlTemplate":"https:\/\/pierrecardinyatak.com.tr\/?s={search_term_string}"},"query-input":{"@type":"PropertyValueSpecification","valueRequired":true,"valueName":"search_term_string"}}],"inLanguage":"fr-FR"}]}},"brands":[{"id":264,"name":"520 gr","slug":"520-gr"},{"id":233,"name":"Coton","slug":"pamuk"}],"_links":{"self":[{"href":"https:\/\/pierrecardinyatak.com.tr\/fr\/wp-json\/wp\/v2\/product\/2817","targetHints":{"allow":["GET"]}}],"collection":[{"href":"https:\/\/pierrecardinyatak.com.tr\/fr\/wp-json\/wp\/v2\/product"}],"about":[{"href":"https:\/\/pierrecardinyatak.com.tr\/fr\/wp-json\/wp\/v2\/types\/product"}],"wp:attachment":[{"href":"https:\/\/pierrecardinyatak.com.tr\/fr\/wp-json\/wp\/v2\/media?parent=2817"}],"wp:term":[{"taxonomy":"pwb-brand","embeddable":true,"href":"https:\/\/pierrecardinyatak.com.tr\/fr\/wp-json\/wp\/v2\/pwb-brand?post=2817"},{"taxonomy":"product_brand","embeddable":true,"href":"https:\/\/pierrecardinyatak.com.tr\/fr\/wp-json\/wp\/v2\/product_brand?post=2817"},{"taxonomy":"product_cat","embeddable":true,"href":"https:\/\/pierrecardinyatak.com.tr\/fr\/wp-json\/wp\/v2\/product_cat?post=2817"},{"taxonomy":"product_tag","embeddable":true,"href":"https:\/\/pierrecardinyatak.com.tr\/fr\/wp-json\/wp\/v2\/product_tag?post=2817"}],"curies":[{"name":"wp","href":"https:\/\/api.w.org\/{rel}","templated":true}]}}