{"id":7,"date":"2022-11-10T07:18:33","date_gmt":"2022-11-10T07:18:33","guid":{"rendered":"https:\/\/pierrecardinbedding.com.tr\/index.php\/magaza\/"},"modified":"2023-01-31T15:31:41","modified_gmt":"2023-01-31T12:31:41","slug":"magaza","status":"publish","type":"page","link":"https:\/\/pierrecardinyatak.com.tr\/fr\/magaza\/","title":{"rendered":"Boutique"},"content":{"rendered":"","protected":false},"excerpt":{"rendered":"","protected":false},"author":1,"featured_media":0,"parent":0,"menu_order":0,"comment_status":"closed","ping_status":"closed","template":"","meta":{"footnotes":""},"class_list":["post-7","page","type-page","status-publish","hentry"],"yoast_head":"<!-- This site is optimized with the Yoast SEO plugin v25.7 - https:\/\/yoast.com\/wordpress\/plugins\/seo\/ -->\n<title>Ma\u011faza - Pierre Cardin Yatak<\/title>\n<meta name=\"description\" content=\"Pierre Cardin Bedding Ma\u011faza Sayfas\u0131n\u0131 ziyaret edin ve keyifli bir al\u0131\u015fveri\u015f deneyimi ya\u015fay\u0131n. Bizi takip edin ve yeniliklerden haberdar olun.\" \/>\n<meta name=\"robots\" content=\"index, follow, max-snippet:-1, max-image-preview:large, max-video-preview:-1\" \/>\n<link rel=\"canonical\" href=\"https:\/\/pierrecardinyatak.com.tr\/fr\/magaza\/\" \/>\n<meta property=\"og:locale\" content=\"fr_FR\" \/>\n<meta property=\"og:type\" content=\"article\" \/>\n<meta property=\"og:title\" content=\"Ma\u011faza - Pierre Cardin Yatak\" \/>\n<meta property=\"og:description\" content=\"Pierre Cardin Bedding Ma\u011faza Sayfas\u0131n\u0131 ziyaret edin ve keyifli bir al\u0131\u015fveri\u015f deneyimi ya\u015fay\u0131n. Bizi takip edin ve yeniliklerden haberdar olun.\" \/>\n<meta property=\"og:url\" content=\"https:\/\/pierrecardinyatak.com.tr\/fr\/magaza\/\" \/>\n<meta property=\"og:site_name\" content=\"Pierre Cardin Yatak\" \/>\n<meta property=\"article:publisher\" content=\"https:\/\/www.facebook.com\/pierrecardinyatak\" \/>\n<meta property=\"article:modified_time\" content=\"2023-01-31T12:31:41+00:00\" \/>\n<meta name=\"twitter:card\" content=\"summary_large_image\" \/>\n<meta name=\"twitter:site\" content=\"@pcardinbedding\" \/>\n<script type=\"application\/ld+json\" class=\"yoast-schema-graph\">{\"@context\":\"https:\/\/schema.org\",\"@graph\":[{\"@type\":\"WebPage\",\"@id\":\"https:\/\/pierrecardinyatak.com.tr\/magaza\/\",\"url\":\"https:\/\/pierrecardinyatak.com.tr\/magaza\/\",\"name\":\"Ma\u011faza - Pierre Cardin Yatak\",\"isPartOf\":{\"@id\":\"https:\/\/pierrecardinyatak.com.tr\/#website\"},\"datePublished\":\"2022-11-10T07:18:33+00:00\",\"dateModified\":\"2023-01-31T12:31:41+00:00\",\"description\":\"Pierre Cardin Bedding Ma\u011faza Sayfas\u0131n\u0131 ziyaret edin ve keyifli bir al\u0131\u015fveri\u015f deneyimi ya\u015fay\u0131n. Bizi takip edin ve yeniliklerden haberdar olun.\",\"breadcrumb\":{\"@id\":\"https:\/\/pierrecardinyatak.com.tr\/magaza\/#breadcrumb\"},\"inLanguage\":\"fr-FR\",\"potentialAction\":[{\"@type\":\"ReadAction\",\"target\":[\"https:\/\/pierrecardinyatak.com.tr\/magaza\/\"]}]},{\"@type\":\"BreadcrumbList\",\"@id\":\"https:\/\/pierrecardinyatak.com.tr\/magaza\/#breadcrumb\",\"itemListElement\":[{\"@type\":\"ListItem\",\"position\":1,\"name\":\"Anasayfa\",\"item\":\"https:\/\/pierrecardinyatak.com.tr\/\"},{\"@type\":\"ListItem\",\"position\":2,\"name\":\"Ma\u011faza\"}]},{\"@type\":\"WebSite\",\"@id\":\"https:\/\/pierrecardinyatak.com.tr\/#website\",\"url\":\"https:\/\/pierrecardinyatak.com.tr\/\",\"name\":\"Pierre Cardin Yatak\",\"description\":\"-\",\"potentialAction\":[{\"@type\":\"SearchAction\",\"target\":{\"@type\":\"EntryPoint\",\"urlTemplate\":\"https:\/\/pierrecardinyatak.com.tr\/?s={search_term_string}\"},\"query-input\":{\"@type\":\"PropertyValueSpecification\",\"valueRequired\":true,\"valueName\":\"search_term_string\"}}],\"inLanguage\":\"fr-FR\"},{\"@type\":\"Person\",\"@id\":\"https:\/\/pierrecardinyatak.com.tr\/#\/schema\/person\/1c182155c79ef557a479bd374b58f902\",\"name\":\"admin\",\"image\":{\"@type\":\"ImageObject\",\"inLanguage\":\"fr-FR\",\"@id\":\"https:\/\/pierrecardinyatak.com.tr\/#\/schema\/person\/image\/\",\"url\":\"https:\/\/secure.gravatar.com\/avatar\/3a0c75d6a4a7b2213bf32cead72e590c8f6aa56e5c7c70ea801e74aa7a9372bc?s=96&d=mm&r=g\",\"contentUrl\":\"https:\/\/secure.gravatar.com\/avatar\/3a0c75d6a4a7b2213bf32cead72e590c8f6aa56e5c7c70ea801e74aa7a9372bc?s=96&d=mm&r=g\",\"caption\":\"admin\"},\"sameAs\":[\"https:\/\/pierrecardinbedding.com.tr\"],\"url\":\"https:\/\/pierrecardinyatak.com.tr\/fr\/author\/admin\/\"}]}<\/script>\n<!-- \/ Yoast SEO plugin. -->","yoast_head_json":{"title":"Ma\u011faza - Pierre Cardin Yatak","description":"Pierre Cardin Bedding Ma\u011faza Sayfas\u0131n\u0131 ziyaret edin ve keyifli bir al\u0131\u015fveri\u015f deneyimi ya\u015fay\u0131n. Bizi takip edin ve yeniliklerden haberdar olun.","robots":{"index":"index","follow":"follow","max-snippet":"max-snippet:-1","max-image-preview":"max-image-preview:large","max-video-preview":"max-video-preview:-1"},"canonical":"https:\/\/pierrecardinyatak.com.tr\/fr\/magaza\/","og_locale":"fr_FR","og_type":"article","og_title":"Ma\u011faza - Pierre Cardin Yatak","og_description":"Pierre Cardin Bedding Ma\u011faza Sayfas\u0131n\u0131 ziyaret edin ve keyifli bir al\u0131\u015fveri\u015f deneyimi ya\u015fay\u0131n. Bizi takip edin ve yeniliklerden haberdar olun.","og_url":"https:\/\/pierrecardinyatak.com.tr\/fr\/magaza\/","og_site_name":"Pierre Cardin Yatak","article_publisher":"https:\/\/www.facebook.com\/pierrecardinyatak","article_modified_time":"2023-01-31T12:31:41+00:00","twitter_card":"summary_large_image","twitter_site":"@pcardinbedding","schema":{"@context":"https:\/\/schema.org","@graph":[{"@type":"WebPage","@id":"https:\/\/pierrecardinyatak.com.tr\/magaza\/","url":"https:\/\/pierrecardinyatak.com.tr\/magaza\/","name":"Ma\u011faza - Pierre Cardin Yatak","isPartOf":{"@id":"https:\/\/pierrecardinyatak.com.tr\/#website"},"datePublished":"2022-11-10T07:18:33+00:00","dateModified":"2023-01-31T12:31:41+00:00","description":"Pierre Cardin Bedding Ma\u011faza Sayfas\u0131n\u0131 ziyaret edin ve keyifli bir al\u0131\u015fveri\u015f deneyimi ya\u015fay\u0131n. Bizi takip edin ve yeniliklerden haberdar olun.","breadcrumb":{"@id":"https:\/\/pierrecardinyatak.com.tr\/magaza\/#breadcrumb"},"inLanguage":"fr-FR","potentialAction":[{"@type":"ReadAction","target":["https:\/\/pierrecardinyatak.com.tr\/magaza\/"]}]},{"@type":"BreadcrumbList","@id":"https:\/\/pierrecardinyatak.com.tr\/magaza\/#breadcrumb","itemListElement":[{"@type":"ListItem","position":1,"name":"Anasayfa","item":"https:\/\/pierrecardinyatak.com.tr\/"},{"@type":"ListItem","position":2,"name":"Ma\u011faza"}]},{"@type":"WebSite","@id":"https:\/\/pierrecardinyatak.com.tr\/#website","url":"https:\/\/pierrecardinyatak.com.tr\/","name":"Lit Pierre Cardin","description":"-","potentialAction":[{"@type":"SearchAction","target":{"@type":"EntryPoint","urlTemplate":"https:\/\/pierrecardinyatak.com.tr\/?s={search_term_string}"},"query-input":{"@type":"PropertyValueSpecification","valueRequired":true,"valueName":"search_term_string"}}],"inLanguage":"fr-FR"},{"@type":"Person","@id":"https:\/\/pierrecardinyatak.com.tr\/#\/schema\/person\/1c182155c79ef557a479bd374b58f902","name":"l'administration","image":{"@type":"ImageObject","inLanguage":"fr-FR","@id":"https:\/\/pierrecardinyatak.com.tr\/#\/schema\/person\/image\/","url":"https:\/\/secure.gravatar.com\/avatar\/3a0c75d6a4a7b2213bf32cead72e590c8f6aa56e5c7c70ea801e74aa7a9372bc?s=96&d=mm&r=g","contentUrl":"https:\/\/secure.gravatar.com\/avatar\/3a0c75d6a4a7b2213bf32cead72e590c8f6aa56e5c7c70ea801e74aa7a9372bc?s=96&d=mm&r=g","caption":"admin"},"sameAs":["https:\/\/pierrecardinbedding.com.tr"],"url":"https:\/\/pierrecardinyatak.com.tr\/fr\/author\/admin\/"}]}},"_links":{"self":[{"href":"https:\/\/pierrecardinyatak.com.tr\/fr\/wp-json\/wp\/v2\/pages\/7","targetHints":{"allow":["GET"]}}],"collection":[{"href":"https:\/\/pierrecardinyatak.com.tr\/fr\/wp-json\/wp\/v2\/pages"}],"about":[{"href":"https:\/\/pierrecardinyatak.com.tr\/fr\/wp-json\/wp\/v2\/types\/page"}],"author":[{"embeddable":true,"href":"https:\/\/pierrecardinyatak.com.tr\/fr\/wp-json\/wp\/v2\/users\/1"}],"replies":[{"embeddable":true,"href":"https:\/\/pierrecardinyatak.com.tr\/fr\/wp-json\/wp\/v2\/comments?post=7"}],"version-history":[{"count":0,"href":"https:\/\/pierrecardinyatak.com.tr\/fr\/wp-json\/wp\/v2\/pages\/7\/revisions"}],"wp:attachment":[{"href":"https:\/\/pierrecardinyatak.com.tr\/fr\/wp-json\/wp\/v2\/media?parent=7"}],"curies":[{"name":"wp","href":"https:\/\/api.w.org\/{rel}","templated":true}]}}