{"id":494,"date":"2022-11-14T12:29:14","date_gmt":"2022-11-14T09:29:14","guid":{"rendered":"https:\/\/pierrecardinbedding.com.tr\/?page_id=494"},"modified":"2023-11-09T15:04:36","modified_gmt":"2023-11-09T12:04:36","slug":"garanti-sartlari","status":"publish","type":"page","link":"https:\/\/pierrecardinyatak.com.tr\/fr\/garanti-sartlari\/","title":{"rendered":"Conditions de garantie"},"content":{"rendered":"<div class=\"wpb-content-wrapper\"><div class=\"vc_row wpb_row vc_row-fluid\"><div class=\"wpb_column vc_column_container vc_col-sm-2\"><div class=\"vc_column-inner\"><div class=\"wpb_wrapper\"><\/div><\/div><\/div><div class=\"wpb_column vc_column_container vc_col-sm-8\"><div class=\"vc_column-inner\"><div class=\"wpb_wrapper\">\n\t<div class=\"wpb_text_column wpb_content_element\" >\n\t\t<div class=\"wpb_wrapper\">\n\t\t\t<h1><strong>Conditions de garantie<\/strong><\/h1>\n<ul>\n<li><a href=\"https:\/\/pierrecardinbedding.com.tr\/\" target=\"_blank\" rel=\"noopener\">Lit Pierre Cardin<\/a> \u00fcr\u00fcnleri t\u00fcm par\u00e7alar\u0131yla birlikte (Ev Tekstili hari\u00e7) 2 y\u0131l s\u00fcre ile garanti kapsam\u0131ndad\u0131r.<\/li>\n<\/ul>\n<ol>\n<li>\u0130ndirimli olarak sat\u0131lan veya tan\u0131t\u0131m \u00f6rnekleri (\u201cdemolar\u201d, \u201cte\u015fhir \u00fcr\u00fcnleri\u2019\u2019, \u201coutlet \u00fcr\u00fcnleri\u201d, \u201cseri sonu \u00fcr\u00fcnleri\u201d, \u201cdefolu \u00fcr\u00fcnler\u201d) garanti kapsam\u0131nda de\u011fildir.<\/li>\n<\/ol>\n<ul>\n<li>Garanti s\u00fcresi \u00fcr\u00fcn\u00fcn m\u00fc\u015fteriye sorunsuz teslim edildi\u011fi tarihte ba\u015flar. Garanti ba\u015flang\u0131\u00e7 tarihi size teslim edilen garanti belgelerinde yer almaktad\u0131r. Garanti belgesinin size onayl\u0131 olarak teslim edildi\u011finden l\u00fctfen emin olunuz.<\/li>\n<li>Garanti kapsam\u0131nda de\u011fi\u015ftirilen \u00fcr\u00fcn ve yedek par\u00e7an\u0131n garanti s\u00fcresi, sat\u0131lan \u00fcr\u00fcn\u00fcn garanti s\u00fcresi ile s\u0131n\u0131rl\u0131d\u0131r.<\/li>\n<li>\u00dcr\u00fcnler garanti s\u00fcresi i\u00e7inde \u00fcretim, kurulum, ta\u015f\u0131ma hatalar\u0131 sebebiyle onar\u0131lmas\u0131 gerekti\u011finde, t\u00fcm i\u015flemler Yetkili Teknik servisler ya da bayiler taraf\u0131ndan \u00fccretsiz ger\u00e7ekle\u015ftirilir. Kullan\u0131m hatas\u0131 olmas\u0131 durumunda \u00fccretsiz i\u015flem yap\u0131lmaz.<\/li>\n<li>Garanti kapsam\u0131nda \u00fccretsiz i\u015flem yap\u0131labilmesi i\u00e7in \u00fcr\u00fcn\u00fcn garanti belgesi ya da faturas\u0131 yetkili servise ibraz edilmelidir.<\/li>\n<li>Garanti belgesinin onayl\u0131 olarak t\u00fcketiciye verilmesini temin etmek ve bu y\u00fck\u00fcml\u00fcl\u00fc\u011f\u00fcn yerine getirildi\u011fini ispat etmekle sat\u0131c\u0131, bayi veya acenteler sorumludur.<\/li>\n<li>Mal\u0131n b\u00fct\u00fcn par\u00e7alar\u0131 dahil olmak \u00fczere tamam\u0131 garanti kapsam\u0131ndad\u0131r.<\/li>\n<li>Mal\u0131n ay\u0131pl\u0131 oldu\u011funun anla\u015f\u0131lmas\u0131 durumunda t\u00fcketici, 6502 say\u0131l\u0131 T\u00fcketicinin<\/li>\n<\/ul>\n<h2>Korunmas\u0131 Hakk\u0131nda Kanun\u2019un 11\u2019inci maddesinde yer alan;<\/h2>\n<p>&gt; S\u00f6zle\u015fmeden d\u00f6nme,<\/p>\n<p>&gt; Sat\u0131\u015f bedelinden indirim isteme,<\/p>\n<p>&gt; \u00dccretsiz onar\u0131lmas\u0131n\u0131 isteme,<\/p>\n<p>&gt; Sat\u0131lan\u0131n ay\u0131ps\u0131z bir misli ile de\u011fi\u015ftirilmesini isteme haklar\u0131ndan birini kullanabilir.<\/p>\n<ul>\n<li>T\u00fcketicinin bu haklardan \u00fccretsiz onar\u0131m hakk\u0131n\u0131 se\u00e7mesi durumunda sat\u0131c\u0131; i\u015f\u00e7ilik masraf\u0131, de\u011fi\u015ftirilen par\u00e7a bedeli ya da ba\u015fka herhangi bir ad alt\u0131nda hi\u00e7bir \u00fccret talep etmeksizin mal\u0131n onar\u0131m\u0131n\u0131 yapmak veya yapt\u0131rmakla y\u00fck\u00fcml\u00fcd\u00fcr. T\u00fcketici \u00fccretsiz onar\u0131m hakk\u0131n\u0131 \u00fcretici veya ithalat\u00e7\u0131ya kar\u015f\u0131 da kullanabilir.<\/li>\n<li>Sat\u0131c\u0131, \u00fcretici ve ithalat\u00e7\u0131 t\u00fcketicinin bu hakk\u0131n\u0131 kullanmas\u0131ndan m\u00fcteselsilen sorumludur.<\/li>\n<\/ul>\n<h3>T\u00fcketicinin, \u00fccretsiz onar\u0131m hakk\u0131n\u0131 kullanmas\u0131 halinde mal\u0131n;<\/h3>\n<p>&gt; Garanti s\u00fcresi i\u00e7inde tekrar ar\u0131zalanmas\u0131,<\/p>\n<p>&gt; Tamiri i\u00e7in gereken azami s\u00fcrenin a\u015f\u0131lmas\u0131,<\/p>\n<p>&gt; Tamirinin m\u00fcmk\u00fcn olmad\u0131\u011f\u0131n\u0131n, yetkili servis istasyonu, sat\u0131c\u0131, \u00fcretici veya ithalat\u00e7\u0131 taraf\u0131ndan bir raporla belirlenmesi durumunda; t\u00fcketici mal\u0131n bedel iadesini, ay\u0131p oran\u0131nda bedel indirimini veya imk\u00e2n varsa mal\u0131n ay\u0131ps\u0131z misli ile de\u011fi\u015ftirilmesini sat\u0131c\u0131dan talep edebilir. Sat\u0131c\u0131, t\u00fcketicinin talebini reddedemez.<\/p>\n<p>Bu talebin yerine getirilmemesi durumunda sat\u0131c\u0131, \u00fcretici ve ithalat\u00e7\u0131 m\u00fcteselsilen sorumludur.<\/p>\n<ul>\n<li>6502 say\u0131l\u0131 T\u00fcketicinin Korunmas\u0131 Hakk\u0131nda Kanun\u2019a g\u00f6re mal\u0131n tamir s\u00fcresi 20 i\u015f g\u00fcn\u00fcn\u00fc ge\u00e7emez. Bu s\u00fcre, garanti s\u00fcresi i\u00e7inde mala ili\u015fkin ar\u0131zan\u0131n yetkili servis istasyonuna veya sat\u0131c\u0131ya bildirimi tarihinde, garanti s\u00fcresi d\u0131\u015f\u0131nda ise mal\u0131n yetkili servis istasyonuna teslim tarihinden itibaren ba\u015flar.<\/li>\n<li>Mal\u0131n kullanma k\u0131lavuzunda yer alan hususlara ayk\u0131r\u0131 kullan\u0131lmas\u0131ndan kaynaklanan ar\u0131zalar garanti kapsam\u0131 d\u0131\u015f\u0131ndad\u0131r.<\/li>\n<li>T\u00fcketici, garantiden do\u011fan haklar\u0131n\u0131n kullan\u0131lmas\u0131 ile ilgili olarak \u00e7\u0131kabilecek uyu\u015fmazl\u0131klarda yerle\u015fim yerinin bulundu\u011fu veya t\u00fcketici i\u015fleminin yap\u0131ld\u0131\u011f\u0131 yerdeki T\u00fcketici Hakem Heyeti\u2019ne veya T\u00fcketici Mahkemesi\u2019ne ba\u015fvurabilir.<\/li>\n<li>Sat\u0131c\u0131 taraf\u0131ndan bu garanti belgesinin verilmemesi durumunda, t\u00fcketici G\u00fcmr\u00fck ve Ticaret Bakanl\u0131\u011f\u0131 T\u00fcketicinin Korunmas\u0131 ve Piyasa G\u00f6zetimi Genel M\u00fcd\u00fcrl\u00fc\u011f\u00fc\u2019ne ba\u015fvurabilir.<\/li>\n<\/ul>\n\n\t\t<\/div>\n\t<\/div>\n<\/div><\/div><\/div><div class=\"wpb_column vc_column_container vc_col-sm-2\"><div class=\"vc_column-inner\"><div class=\"wpb_wrapper\"><\/div><\/div><\/div><\/div>\n<\/div>","protected":false},"excerpt":{"rendered":"Garanti \u015eartlar\u0131 Pierre Cardin Yatak \u00fcr\u00fcnleri t\u00fcm par\u00e7alar\u0131yla birlikte (Ev Tekstili hari\u00e7) 2 y\u0131l s\u00fcre ile garanti kapsam\u0131ndad\u0131r. \u0130ndirimli olarak","protected":false},"author":1,"featured_media":0,"parent":0,"menu_order":0,"comment_status":"closed","ping_status":"closed","template":"","meta":{"footnotes":""},"class_list":["post-494","page","type-page","status-publish","hentry"],"yoast_head":"<!-- This site is optimized with the Yoast SEO plugin v25.7 - https:\/\/yoast.com\/wordpress\/plugins\/seo\/ -->\n<title>Garanti \u015eartlar\u0131 - Pierre Cardin Yatak<\/title>\n<meta name=\"description\" content=\"Pierre Cardin Yatak garanti belgesi sayfas\u0131n\u0131 inceleyerek hizmetlerimiz hakk\u0131nda bilgi sahibi olabilirsiniz.\" \/>\n<meta name=\"robots\" content=\"index, follow, max-snippet:-1, max-image-preview:large, max-video-preview:-1\" \/>\n<link rel=\"canonical\" href=\"https:\/\/pierrecardinyatak.com.tr\/fr\/garanti-sartlari\/\" \/>\n<meta property=\"og:locale\" content=\"fr_FR\" \/>\n<meta property=\"og:type\" content=\"article\" \/>\n<meta property=\"og:title\" content=\"Garanti \u015eartlar\u0131 - Pierre Cardin Yatak\" \/>\n<meta property=\"og:description\" content=\"Pierre Cardin Yatak garanti belgesi sayfas\u0131n\u0131 inceleyerek hizmetlerimiz hakk\u0131nda bilgi sahibi olabilirsiniz.\" \/>\n<meta property=\"og:url\" content=\"https:\/\/pierrecardinyatak.com.tr\/fr\/garanti-sartlari\/\" \/>\n<meta property=\"og:site_name\" content=\"Pierre Cardin Yatak\" \/>\n<meta property=\"article:publisher\" content=\"https:\/\/www.facebook.com\/pierrecardinyatak\" \/>\n<meta property=\"article:modified_time\" content=\"2023-11-09T12:04:36+00:00\" \/>\n<meta name=\"twitter:card\" content=\"summary_large_image\" \/>\n<meta name=\"twitter:site\" content=\"@pcardinbedding\" \/>\n<meta name=\"twitter:label1\" content=\"Dur\u00e9e de lecture estim\u00e9e\" \/>\n\t<meta name=\"twitter:data1\" content=\"3 minutes\" \/>\n<script type=\"application\/ld+json\" class=\"yoast-schema-graph\">{\"@context\":\"https:\/\/schema.org\",\"@graph\":[{\"@type\":\"WebPage\",\"@id\":\"https:\/\/pierrecardinyatak.com.tr\/garanti-sartlari\/\",\"url\":\"https:\/\/pierrecardinyatak.com.tr\/garanti-sartlari\/\",\"name\":\"Garanti \u015eartlar\u0131 - Pierre Cardin Yatak\",\"isPartOf\":{\"@id\":\"https:\/\/pierrecardinyatak.com.tr\/#website\"},\"datePublished\":\"2022-11-14T09:29:14+00:00\",\"dateModified\":\"2023-11-09T12:04:36+00:00\",\"description\":\"Pierre Cardin Yatak garanti belgesi sayfas\u0131n\u0131 inceleyerek hizmetlerimiz hakk\u0131nda bilgi sahibi olabilirsiniz.\",\"breadcrumb\":{\"@id\":\"https:\/\/pierrecardinyatak.com.tr\/garanti-sartlari\/#breadcrumb\"},\"inLanguage\":\"fr-FR\",\"potentialAction\":[{\"@type\":\"ReadAction\",\"target\":[\"https:\/\/pierrecardinyatak.com.tr\/garanti-sartlari\/\"]}]},{\"@type\":\"BreadcrumbList\",\"@id\":\"https:\/\/pierrecardinyatak.com.tr\/garanti-sartlari\/#breadcrumb\",\"itemListElement\":[{\"@type\":\"ListItem\",\"position\":1,\"name\":\"Anasayfa\",\"item\":\"https:\/\/pierrecardinyatak.com.tr\/\"},{\"@type\":\"ListItem\",\"position\":2,\"name\":\"Garanti \u015eartlar\u0131\"}]},{\"@type\":\"WebSite\",\"@id\":\"https:\/\/pierrecardinyatak.com.tr\/#website\",\"url\":\"https:\/\/pierrecardinyatak.com.tr\/\",\"name\":\"Pierre Cardin Yatak\",\"description\":\"-\",\"potentialAction\":[{\"@type\":\"SearchAction\",\"target\":{\"@type\":\"EntryPoint\",\"urlTemplate\":\"https:\/\/pierrecardinyatak.com.tr\/?s={search_term_string}\"},\"query-input\":{\"@type\":\"PropertyValueSpecification\",\"valueRequired\":true,\"valueName\":\"search_term_string\"}}],\"inLanguage\":\"fr-FR\"},{\"@type\":\"Person\",\"@id\":\"https:\/\/pierrecardinyatak.com.tr\/#\/schema\/person\/1c182155c79ef557a479bd374b58f902\",\"name\":\"admin\",\"image\":{\"@type\":\"ImageObject\",\"inLanguage\":\"fr-FR\",\"@id\":\"https:\/\/pierrecardinyatak.com.tr\/#\/schema\/person\/image\/\",\"url\":\"https:\/\/secure.gravatar.com\/avatar\/3a0c75d6a4a7b2213bf32cead72e590c8f6aa56e5c7c70ea801e74aa7a9372bc?s=96&d=mm&r=g\",\"contentUrl\":\"https:\/\/secure.gravatar.com\/avatar\/3a0c75d6a4a7b2213bf32cead72e590c8f6aa56e5c7c70ea801e74aa7a9372bc?s=96&d=mm&r=g\",\"caption\":\"admin\"},\"sameAs\":[\"https:\/\/pierrecardinbedding.com.tr\"],\"url\":\"https:\/\/pierrecardinyatak.com.tr\/fr\/author\/admin\/\"}]}<\/script>\n<!-- \/ Yoast SEO plugin. -->","yoast_head_json":{"title":"Garanti \u015eartlar\u0131 - Pierre Cardin Yatak","description":"Pierre Cardin Yatak garanti belgesi sayfas\u0131n\u0131 inceleyerek hizmetlerimiz hakk\u0131nda bilgi sahibi olabilirsiniz.","robots":{"index":"index","follow":"follow","max-snippet":"max-snippet:-1","max-image-preview":"max-image-preview:large","max-video-preview":"max-video-preview:-1"},"canonical":"https:\/\/pierrecardinyatak.com.tr\/fr\/garanti-sartlari\/","og_locale":"fr_FR","og_type":"article","og_title":"Garanti \u015eartlar\u0131 - Pierre Cardin Yatak","og_description":"Pierre Cardin Yatak garanti belgesi sayfas\u0131n\u0131 inceleyerek hizmetlerimiz hakk\u0131nda bilgi sahibi olabilirsiniz.","og_url":"https:\/\/pierrecardinyatak.com.tr\/fr\/garanti-sartlari\/","og_site_name":"Pierre Cardin Yatak","article_publisher":"https:\/\/www.facebook.com\/pierrecardinyatak","article_modified_time":"2023-11-09T12:04:36+00:00","twitter_card":"summary_large_image","twitter_site":"@pcardinbedding","twitter_misc":{"Dur\u00e9e de lecture estim\u00e9e":"3 minutes"},"schema":{"@context":"https:\/\/schema.org","@graph":[{"@type":"WebPage","@id":"https:\/\/pierrecardinyatak.com.tr\/garanti-sartlari\/","url":"https:\/\/pierrecardinyatak.com.tr\/garanti-sartlari\/","name":"Garanti \u015eartlar\u0131 - Pierre Cardin Yatak","isPartOf":{"@id":"https:\/\/pierrecardinyatak.com.tr\/#website"},"datePublished":"2022-11-14T09:29:14+00:00","dateModified":"2023-11-09T12:04:36+00:00","description":"Pierre Cardin Yatak garanti belgesi sayfas\u0131n\u0131 inceleyerek hizmetlerimiz hakk\u0131nda bilgi sahibi olabilirsiniz.","breadcrumb":{"@id":"https:\/\/pierrecardinyatak.com.tr\/garanti-sartlari\/#breadcrumb"},"inLanguage":"fr-FR","potentialAction":[{"@type":"ReadAction","target":["https:\/\/pierrecardinyatak.com.tr\/garanti-sartlari\/"]}]},{"@type":"BreadcrumbList","@id":"https:\/\/pierrecardinyatak.com.tr\/garanti-sartlari\/#breadcrumb","itemListElement":[{"@type":"ListItem","position":1,"name":"Anasayfa","item":"https:\/\/pierrecardinyatak.com.tr\/"},{"@type":"ListItem","position":2,"name":"Garanti \u015eartlar\u0131"}]},{"@type":"WebSite","@id":"https:\/\/pierrecardinyatak.com.tr\/#website","url":"https:\/\/pierrecardinyatak.com.tr\/","name":"Lit Pierre Cardin","description":"-","potentialAction":[{"@type":"SearchAction","target":{"@type":"EntryPoint","urlTemplate":"https:\/\/pierrecardinyatak.com.tr\/?s={search_term_string}"},"query-input":{"@type":"PropertyValueSpecification","valueRequired":true,"valueName":"search_term_string"}}],"inLanguage":"fr-FR"},{"@type":"Person","@id":"https:\/\/pierrecardinyatak.com.tr\/#\/schema\/person\/1c182155c79ef557a479bd374b58f902","name":"l'administration","image":{"@type":"ImageObject","inLanguage":"fr-FR","@id":"https:\/\/pierrecardinyatak.com.tr\/#\/schema\/person\/image\/","url":"https:\/\/secure.gravatar.com\/avatar\/3a0c75d6a4a7b2213bf32cead72e590c8f6aa56e5c7c70ea801e74aa7a9372bc?s=96&d=mm&r=g","contentUrl":"https:\/\/secure.gravatar.com\/avatar\/3a0c75d6a4a7b2213bf32cead72e590c8f6aa56e5c7c70ea801e74aa7a9372bc?s=96&d=mm&r=g","caption":"admin"},"sameAs":["https:\/\/pierrecardinbedding.com.tr"],"url":"https:\/\/pierrecardinyatak.com.tr\/fr\/author\/admin\/"}]}},"_links":{"self":[{"href":"https:\/\/pierrecardinyatak.com.tr\/fr\/wp-json\/wp\/v2\/pages\/494","targetHints":{"allow":["GET"]}}],"collection":[{"href":"https:\/\/pierrecardinyatak.com.tr\/fr\/wp-json\/wp\/v2\/pages"}],"about":[{"href":"https:\/\/pierrecardinyatak.com.tr\/fr\/wp-json\/wp\/v2\/types\/page"}],"author":[{"embeddable":true,"href":"https:\/\/pierrecardinyatak.com.tr\/fr\/wp-json\/wp\/v2\/users\/1"}],"replies":[{"embeddable":true,"href":"https:\/\/pierrecardinyatak.com.tr\/fr\/wp-json\/wp\/v2\/comments?post=494"}],"version-history":[{"count":0,"href":"https:\/\/pierrecardinyatak.com.tr\/fr\/wp-json\/wp\/v2\/pages\/494\/revisions"}],"wp:attachment":[{"href":"https:\/\/pierrecardinyatak.com.tr\/fr\/wp-json\/wp\/v2\/media?parent=494"}],"curies":[{"name":"wp","href":"https:\/\/api.w.org\/{rel}","templated":true}]}}