{"id":7138,"date":"2024-01-17T14:47:31","date_gmt":"2024-01-17T11:47:31","guid":{"rendered":"https:\/\/pierrecardinyatak.com.tr\/?post_type=product&#038;p=7138"},"modified":"2025-05-27T17:51:22","modified_gmt":"2025-05-27T14:51:22","slug":"lumiere-yatak","status":"publish","type":"product","link":"https:\/\/pierrecardinyatak.com.tr\/en\/product\/lumiere-yatak\/","title":{"rendered":"Lumiere Bed"},"content":{"rendered":"<div class=\"wpb-content-wrapper\"><div class=\"vc_row wpb_row vc_row-fluid\"><div class=\"wpb_column vc_column_container vc_col-sm-12\"><div class=\"vc_column-inner\"><div class=\"wpb_wrapper\">\n\t<div class=\"wpb_text_column wpb_content_element\" >\n\t\t<div class=\"wpb_wrapper\">\n\t\t\t<h2 style=\"font-size: 18px;text-align: center\">Lumiere Bed<\/h2>\n<p style=\"text-align: center\"><em>&#8220;Lumiere yata\u011f\u0131n her bir yay\u0131, kendi kuma\u015f cebinde ba\u011f\u0131ms\u0131z olarak bulunur. Bu sayede yaylar, v\u00fccudun farkl\u0131 bask\u0131 noktalar\u0131na g\u00f6re ba\u011f\u0131ms\u0131z hareket edebilir ve b\u00f6ylece daha iyi v\u00fccut deste\u011fi sa\u011flar. Bu, bir ki\u015fi hareket etti\u011finde di\u011ferinin rahats\u0131z olmamas\u0131n\u0131n da garantisidir. S\u00fcrd\u00fcr\u00fclebilir kaynaklardan \u00fcretilen Tencel\u00ae kuma\u015f\u0131 ise, do\u011fa dostu bir yatakta uyuman\u0131n huzurunu arma\u011fan eder.&#8221;<\/em><\/p>\n\n\t\t<\/div>\n\t<\/div>\n\n\t<div  class=\"wpb_single_image wpb_content_element vc_align_center\">\n\t\t\n\t\t<figure class=\"wpb_wrapper vc_figure\">\n\t\t\t<div class=\"vc_single_image-wrapper   vc_box_border_grey\"><img decoding=\"async\" width=\"900\" height=\"232\" src=\"https:\/\/pierrecardinyatak.com.tr\/wp-content\/uploads\/2022\/11\/yatak-sertlik-2-3.webp\" class=\"vc_single_image-img attachment-full\" alt=\"Yatak Sertlik Dereceleri 2-3\" title=\"yatak-sertlik-2-3\" srcset=\"https:\/\/pierrecardinyatak.com.tr\/wp-content\/uploads\/2022\/11\/yatak-sertlik-2-3.webp 900w, https:\/\/pierrecardinyatak.com.tr\/wp-content\/uploads\/2022\/11\/yatak-sertlik-2-3-150x39.webp 150w, https:\/\/pierrecardinyatak.com.tr\/wp-content\/uploads\/2022\/11\/yatak-sertlik-2-3-300x77.webp 300w, https:\/\/pierrecardinyatak.com.tr\/wp-content\/uploads\/2022\/11\/yatak-sertlik-2-3-768x198.webp 768w\" sizes=\"(max-width: 900px) 100vw, 900px\" \/><\/div>\n\t\t<\/figure>\n\t<\/div>\n\n\t<div  class=\"wpb_single_image wpb_content_element vc_align_center\">\n\t\t\n\t\t<figure class=\"wpb_wrapper vc_figure\">\n\t\t\t<div class=\"vc_single_image-wrapper   vc_box_border_grey\"><img decoding=\"async\" width=\"1194\" height=\"300\" src=\"https:\/\/pierrecardinyatak.com.tr\/wp-content\/uploads\/2024\/01\/pierre-cardin-lumiere-yatak-ozellikleri-2.jpg\" class=\"vc_single_image-img attachment-full\" alt=\"Pierre Cardin Lumiere Yatak \u00d6zellikleri - 2\" title=\"pierre-cardin-lumiere-yatak-ozellikleri-2\" srcset=\"https:\/\/pierrecardinyatak.com.tr\/wp-content\/uploads\/2024\/01\/pierre-cardin-lumiere-yatak-ozellikleri-2.jpg 1194w, https:\/\/pierrecardinyatak.com.tr\/wp-content\/uploads\/2024\/01\/pierre-cardin-lumiere-yatak-ozellikleri-2-150x38.jpg 150w, https:\/\/pierrecardinyatak.com.tr\/wp-content\/uploads\/2024\/01\/pierre-cardin-lumiere-yatak-ozellikleri-2-300x75.jpg 300w, https:\/\/pierrecardinyatak.com.tr\/wp-content\/uploads\/2024\/01\/pierre-cardin-lumiere-yatak-ozellikleri-2-1024x257.jpg 1024w, https:\/\/pierrecardinyatak.com.tr\/wp-content\/uploads\/2024\/01\/pierre-cardin-lumiere-yatak-ozellikleri-2-768x193.jpg 768w\" sizes=\"(max-width: 1194px) 100vw, 1194px\" \/><\/div>\n\t\t<\/figure>\n\t<\/div>\n\n\t<div class=\"wpb_text_column wpb_content_element\" >\n\t\t<div class=\"wpb_wrapper\">\n\t\t\t<h2 style=\"font-size: 18px;text-align: center\">Technical Specifications<\/h2>\n<p><strong>Tencel\u00ae:<\/strong> Okalipt\u00fcs a\u011fac\u0131ndan elde edilen, s\u00fcrd\u00fcr\u00fclebilir ve \u00e7evre dostu bir kuma\u015ft\u0131r. Y\u00fcksek nem emici \u00f6zelli\u011fiyle \u00f6ne \u00e7\u0131kan bu kuma\u015f, yata\u011f\u0131 serin ve kuru tutar.<br \/>\n<strong>Visco:<\/strong> V\u00fccut \u0131s\u0131s\u0131 ve a\u011f\u0131rl\u0131\u011f\u0131na g\u00f6re \u015fekil alan visco teknolojisi, v\u00fccut konturlar\u0131n\u0131 taklit ederek kan dola\u015f\u0131m\u0131n\u0131 rahatlat\u0131r ve ki\u015fiye \u00f6zel bir uyku deneyimi sunar.<br \/>\n<strong>Base Coil Air Balance\u00ae: <\/strong>Base Coil Air Balance\u00ae, Pierre Cardin's interpretation of pocket spring technology where each spring is placed independently in its own fabric pockets, provides motion isolation between spouses while minimising the movements on one side of the bed to the other side.<br \/>\n<strong>Extra Soft Comfort Layer:<\/strong> Yata\u011f\u0131n \u00fcst k\u0131sm\u0131nda yer alan, ekstra yumu\u015fakl\u0131k ve rahatl\u0131k sa\u011flayan \u00f6zel katmand\u0131r.<br \/>\n<strong>Anti-slip:<\/strong>\u00a0It is a material at the bottom of the bed that prevents the bed from sliding on the floor. It keeps the mattress in place and is important for safety.<\/p>\n\n\t\t<\/div>\n\t<\/div>\n<\/div><\/div><\/div><\/div>\n<\/div>","protected":false},"excerpt":{"rendered":"<p><strong>Memory Comfort &#8211; Omurga Dostu Visco<\/strong><\/p>","protected":false},"featured_media":7864,"template":"","meta":[],"pwb-brand":[337,354,133],"product_brand":[],"product_cat":[219,172,38,176,178,181,59,58,48,51,53],"product_tag":[],"class_list":{"0":"post-7138","1":"product","2":"type-product","3":"status-publish","4":"has-post-thumbnail","6":"pwb-brand-90x190","7":"pwb-brand-memory-comfort","8":"pwb-brand-omurga-dostu-visco","9":"product_cat-yataklar-ana-kategori","10":"product_cat-base-coil-air-balance-yayli-yatak","11":"product_cat-cozum-urunleri-yatak","12":"product_cat-agriyla-uyananlar","13":"product_cat-temiz-uyku-sevenler-cozum-urunleri-yatak","14":"product_cat-yataktan-cikmak-istemeyenler","15":"product_cat-cift-kisilik","16":"product_cat-tek-kisilik","17":"product_cat-orta","18":"product_cat-teknoloji","19":"product_cat-visco-yatak","21":"first","22":"instock","23":"shipping-taxable","24":"purchasable","25":"product-type-variable"},"yoast_head":"<!-- This site is optimized with the Yoast SEO plugin v25.7 - https:\/\/yoast.com\/wordpress\/plugins\/seo\/ -->\n<title>Lumiere Yatak - Pierre Cardin Yatak<\/title>\n<meta name=\"description\" content=\"Lumiere Yatak - Pierre Cardin Yatak\" \/>\n<meta name=\"robots\" content=\"index, follow, max-snippet:-1, max-image-preview:large, max-video-preview:-1\" \/>\n<link rel=\"canonical\" href=\"https:\/\/pierrecardinyatak.com.tr\/en\/product\/lumiere-yatak\/\" \/>\n<meta property=\"og:locale\" content=\"en_GB\" \/>\n<meta property=\"og:type\" content=\"article\" \/>\n<meta property=\"og:title\" content=\"Lumiere Yatak - Pierre Cardin Yatak\" \/>\n<meta property=\"og:description\" content=\"Lumiere Yatak - Pierre Cardin Yatak\" \/>\n<meta property=\"og:url\" content=\"https:\/\/pierrecardinyatak.com.tr\/en\/product\/lumiere-yatak\/\" \/>\n<meta property=\"og:site_name\" content=\"Pierre Cardin Yatak\" \/>\n<meta property=\"article:publisher\" content=\"https:\/\/www.facebook.com\/pierrecardinyatak\" \/>\n<meta property=\"article:modified_time\" content=\"2025-05-27T14:51:22+00:00\" \/>\n<meta property=\"og:image\" content=\"https:\/\/pierrecardinyatak.com.tr\/wp-content\/uploads\/2024\/01\/pierre-cardin-lumiere-yatak-liste-1.jpg\" \/>\n\t<meta property=\"og:image:width\" content=\"580\" \/>\n\t<meta property=\"og:image:height\" content=\"435\" \/>\n\t<meta property=\"og:image:type\" content=\"image\/jpeg\" \/>\n<meta name=\"twitter:card\" content=\"summary_large_image\" \/>\n<meta name=\"twitter:site\" content=\"@pcardinbedding\" \/>\n<meta name=\"twitter:label1\" content=\"Estimated reading time\" \/>\n\t<meta name=\"twitter:data1\" content=\"2 minutes\" \/>\n<script type=\"application\/ld+json\" class=\"yoast-schema-graph\">{\"@context\":\"https:\/\/schema.org\",\"@graph\":[{\"@type\":[\"WebPage\",\"ItemPage\"],\"@id\":\"https:\/\/pierrecardinyatak.com.tr\/urun\/lumiere-yatak\/\",\"url\":\"https:\/\/pierrecardinyatak.com.tr\/urun\/lumiere-yatak\/\",\"name\":\"Lumiere Yatak - Pierre Cardin Yatak\",\"isPartOf\":{\"@id\":\"https:\/\/pierrecardinyatak.com.tr\/#website\"},\"primaryImageOfPage\":{\"@id\":\"https:\/\/pierrecardinyatak.com.tr\/urun\/lumiere-yatak\/#primaryimage\"},\"image\":{\"@id\":\"https:\/\/pierrecardinyatak.com.tr\/urun\/lumiere-yatak\/#primaryimage\"},\"thumbnailUrl\":\"https:\/\/pierrecardinyatak.com.tr\/wp-content\/uploads\/2024\/01\/pierre-cardin-lumiere-yatak-liste-1.jpg\",\"datePublished\":\"2024-01-17T11:47:31+00:00\",\"dateModified\":\"2025-05-27T14:51:22+00:00\",\"description\":\"Lumiere Yatak - Pierre Cardin Yatak\",\"breadcrumb\":{\"@id\":\"https:\/\/pierrecardinyatak.com.tr\/urun\/lumiere-yatak\/#breadcrumb\"},\"inLanguage\":\"en-GB\",\"potentialAction\":[{\"@type\":\"ReadAction\",\"target\":[\"https:\/\/pierrecardinyatak.com.tr\/urun\/lumiere-yatak\/\"]}]},{\"@type\":\"ImageObject\",\"inLanguage\":\"en-GB\",\"@id\":\"https:\/\/pierrecardinyatak.com.tr\/urun\/lumiere-yatak\/#primaryimage\",\"url\":\"https:\/\/pierrecardinyatak.com.tr\/wp-content\/uploads\/2024\/01\/pierre-cardin-lumiere-yatak-liste-1.jpg\",\"contentUrl\":\"https:\/\/pierrecardinyatak.com.tr\/wp-content\/uploads\/2024\/01\/pierre-cardin-lumiere-yatak-liste-1.jpg\",\"width\":580,\"height\":435,\"caption\":\"Pierre Cardin Lumiere Yatak Memory Comfort\"},{\"@type\":\"BreadcrumbList\",\"@id\":\"https:\/\/pierrecardinyatak.com.tr\/urun\/lumiere-yatak\/#breadcrumb\",\"itemListElement\":[{\"@type\":\"ListItem\",\"position\":1,\"name\":\"Anasayfa\",\"item\":\"https:\/\/pierrecardinyatak.com.tr\/\"},{\"@type\":\"ListItem\",\"position\":2,\"name\":\"Ma\u011faza\",\"item\":\"https:\/\/pierrecardinyatak.com.tr\/magaza\/\"},{\"@type\":\"ListItem\",\"position\":3,\"name\":\"Lumiere Yatak\"}]},{\"@type\":\"WebSite\",\"@id\":\"https:\/\/pierrecardinyatak.com.tr\/#website\",\"url\":\"https:\/\/pierrecardinyatak.com.tr\/\",\"name\":\"Pierre Cardin Yatak\",\"description\":\"-\",\"potentialAction\":[{\"@type\":\"SearchAction\",\"target\":{\"@type\":\"EntryPoint\",\"urlTemplate\":\"https:\/\/pierrecardinyatak.com.tr\/?s={search_term_string}\"},\"query-input\":{\"@type\":\"PropertyValueSpecification\",\"valueRequired\":true,\"valueName\":\"search_term_string\"}}],\"inLanguage\":\"en-GB\"}]}<\/script>\n<!-- \/ Yoast SEO plugin. -->","yoast_head_json":{"title":"Lumiere Yatak - Pierre Cardin Yatak","description":"Lumiere Yatak - Pierre Cardin Yatak","robots":{"index":"index","follow":"follow","max-snippet":"max-snippet:-1","max-image-preview":"max-image-preview:large","max-video-preview":"max-video-preview:-1"},"canonical":"https:\/\/pierrecardinyatak.com.tr\/en\/product\/lumiere-yatak\/","og_locale":"en_GB","og_type":"article","og_title":"Lumiere Yatak - Pierre Cardin Yatak","og_description":"Lumiere Yatak - Pierre Cardin Yatak","og_url":"https:\/\/pierrecardinyatak.com.tr\/en\/product\/lumiere-yatak\/","og_site_name":"Pierre Cardin Yatak","article_publisher":"https:\/\/www.facebook.com\/pierrecardinyatak","article_modified_time":"2025-05-27T14:51:22+00:00","og_image":[{"width":580,"height":435,"url":"https:\/\/pierrecardinyatak.com.tr\/wp-content\/uploads\/2024\/01\/pierre-cardin-lumiere-yatak-liste-1.jpg","type":"image\/jpeg"}],"twitter_card":"summary_large_image","twitter_site":"@pcardinbedding","twitter_misc":{"Estimated reading time":"2 minutes"},"schema":{"@context":"https:\/\/schema.org","@graph":[{"@type":["WebPage","ItemPage"],"@id":"https:\/\/pierrecardinyatak.com.tr\/urun\/lumiere-yatak\/","url":"https:\/\/pierrecardinyatak.com.tr\/urun\/lumiere-yatak\/","name":"Lumiere Yatak - Pierre Cardin Yatak","isPartOf":{"@id":"https:\/\/pierrecardinyatak.com.tr\/#website"},"primaryImageOfPage":{"@id":"https:\/\/pierrecardinyatak.com.tr\/urun\/lumiere-yatak\/#primaryimage"},"image":{"@id":"https:\/\/pierrecardinyatak.com.tr\/urun\/lumiere-yatak\/#primaryimage"},"thumbnailUrl":"https:\/\/pierrecardinyatak.com.tr\/wp-content\/uploads\/2024\/01\/pierre-cardin-lumiere-yatak-liste-1.jpg","datePublished":"2024-01-17T11:47:31+00:00","dateModified":"2025-05-27T14:51:22+00:00","description":"Lumiere Yatak - Pierre Cardin Yatak","breadcrumb":{"@id":"https:\/\/pierrecardinyatak.com.tr\/urun\/lumiere-yatak\/#breadcrumb"},"inLanguage":"en-GB","potentialAction":[{"@type":"ReadAction","target":["https:\/\/pierrecardinyatak.com.tr\/urun\/lumiere-yatak\/"]}]},{"@type":"ImageObject","inLanguage":"en-GB","@id":"https:\/\/pierrecardinyatak.com.tr\/urun\/lumiere-yatak\/#primaryimage","url":"https:\/\/pierrecardinyatak.com.tr\/wp-content\/uploads\/2024\/01\/pierre-cardin-lumiere-yatak-liste-1.jpg","contentUrl":"https:\/\/pierrecardinyatak.com.tr\/wp-content\/uploads\/2024\/01\/pierre-cardin-lumiere-yatak-liste-1.jpg","width":580,"height":435,"caption":"Pierre Cardin Lumiere Yatak Memory Comfort"},{"@type":"BreadcrumbList","@id":"https:\/\/pierrecardinyatak.com.tr\/urun\/lumiere-yatak\/#breadcrumb","itemListElement":[{"@type":"ListItem","position":1,"name":"Anasayfa","item":"https:\/\/pierrecardinyatak.com.tr\/"},{"@type":"ListItem","position":2,"name":"Ma\u011faza","item":"https:\/\/pierrecardinyatak.com.tr\/magaza\/"},{"@type":"ListItem","position":3,"name":"Lumiere Yatak"}]},{"@type":"WebSite","@id":"https:\/\/pierrecardinyatak.com.tr\/#website","url":"https:\/\/pierrecardinyatak.com.tr\/","name":"Pierre Cardin Bed","description":"-","potentialAction":[{"@type":"SearchAction","target":{"@type":"EntryPoint","urlTemplate":"https:\/\/pierrecardinyatak.com.tr\/?s={search_term_string}"},"query-input":{"@type":"PropertyValueSpecification","valueRequired":true,"valueName":"search_term_string"}}],"inLanguage":"en-GB"}]}},"brands":[{"id":337,"name":"90x190","slug":"90x190"},{"id":354,"name":"Memory Comfort","slug":"memory-comfort"},{"id":133,"name":"Spine Friendly Visco","slug":"omurga-dostu-visco"}],"_links":{"self":[{"href":"https:\/\/pierrecardinyatak.com.tr\/en\/wp-json\/wp\/v2\/product\/7138","targetHints":{"allow":["GET"]}}],"collection":[{"href":"https:\/\/pierrecardinyatak.com.tr\/en\/wp-json\/wp\/v2\/product"}],"about":[{"href":"https:\/\/pierrecardinyatak.com.tr\/en\/wp-json\/wp\/v2\/types\/product"}],"wp:featuredmedia":[{"embeddable":true,"href":"https:\/\/pierrecardinyatak.com.tr\/en\/wp-json\/wp\/v2\/media\/7864"}],"wp:attachment":[{"href":"https:\/\/pierrecardinyatak.com.tr\/en\/wp-json\/wp\/v2\/media?parent=7138"}],"wp:term":[{"taxonomy":"pwb-brand","embeddable":true,"href":"https:\/\/pierrecardinyatak.com.tr\/en\/wp-json\/wp\/v2\/pwb-brand?post=7138"},{"taxonomy":"product_brand","embeddable":true,"href":"https:\/\/pierrecardinyatak.com.tr\/en\/wp-json\/wp\/v2\/product_brand?post=7138"},{"taxonomy":"product_cat","embeddable":true,"href":"https:\/\/pierrecardinyatak.com.tr\/en\/wp-json\/wp\/v2\/product_cat?post=7138"},{"taxonomy":"product_tag","embeddable":true,"href":"https:\/\/pierrecardinyatak.com.tr\/en\/wp-json\/wp\/v2\/product_tag?post=7138"}],"curies":[{"name":"wp","href":"https:\/\/api.w.org\/{rel}","templated":true}]}}