{"id":2829,"date":"2022-12-20T14:54:07","date_gmt":"2022-12-20T11:54:07","guid":{"rendered":"https:\/\/pierrecardinbedding.com.tr\/?post_type=product&#038;p=2829"},"modified":"2025-05-27T17:51:25","modified_gmt":"2025-05-27T14:51:25","slug":"pure-ranforce-duvet-cover-set","status":"publish","type":"product","link":"https:\/\/pierrecardinyatak.com.tr\/en\/product\/pure-ranforce-duvet-cover-set\/","title":{"rendered":"Pure Ranforce Duvet Cover Set"},"content":{"rendered":"<p>Pi Collection Pure Duvet Cover Set, which you can choose for every season, adds movement to your bedroom with the softness it feels with double-sided basic colours and stitching details.<\/p>\n<p>Designed with two different colour options. With its modern and soft design, Pi Collection will carry its quality to the bedroom.<\/p>\n<p>%100 Pamuk ve Ranforce 57 Tel dokuma ile yumu\u015fak dokusuyla, bulutlar\u0131n \u00fczerinde uyku tad\u0131na varman\u0131z\u0131 sa\u011flayacak\u2026<\/p>","protected":false},"excerpt":{"rendered":"<p><strong>Double Sided Use - Anthracite Grey<\/strong><\/p>","protected":false},"featured_media":3607,"template":"","meta":[],"pwb-brand":[270,269],"product_brand":[],"product_cat":[96,23,94,346,95],"product_tag":[],"class_list":{"0":"post-2829","1":"product","2":"type-product","3":"status-publish","4":"has-post-thumbnail","6":"pwb-brand-antrasit-gri","7":"pwb-brand-cift-tarafli-kullanim","8":"product_cat-cift-kisilik-nevresim-seti","9":"product_cat-ev-tekstili","10":"product_cat-nevresim","11":"product_cat-picollection","12":"product_cat-tek-kisilik-nevresim-seti","14":"first","15":"instock","16":"shipping-taxable","17":"purchasable","18":"product-type-variable","19":"has-default-attributes"},"yoast_head":"<!-- This site is optimized with the Yoast SEO plugin v25.7 - https:\/\/yoast.com\/wordpress\/plugins\/seo\/ -->\n<title>Pure Ranforce Nevresim Seti - Pierre Cardin Yatak<\/title>\n<meta name=\"description\" content=\"Pierre Cardin Bedding Pure Ranforce Nevresim Seti, yatak odas\u0131 dekorasyonunuzu kolayla\u015ft\u0131racak. Pure ranforce ile kendinizi \u00f6d\u00fcllendirin.\" \/>\n<meta name=\"robots\" content=\"index, follow, max-snippet:-1, max-image-preview:large, max-video-preview:-1\" \/>\n<link rel=\"canonical\" href=\"https:\/\/pierrecardinyatak.com.tr\/en\/product\/pure-ranforce-duvet-cover-set\/\" \/>\n<meta property=\"og:locale\" content=\"en_GB\" \/>\n<meta property=\"og:type\" content=\"article\" \/>\n<meta property=\"og:title\" content=\"Pure Ranforce Nevresim Seti - Pierre Cardin Yatak\" \/>\n<meta property=\"og:description\" content=\"Pierre Cardin Bedding Pure Ranforce Nevresim Seti, yatak odas\u0131 dekorasyonunuzu kolayla\u015ft\u0131racak. Pure ranforce ile kendinizi \u00f6d\u00fcllendirin.\" \/>\n<meta property=\"og:url\" content=\"https:\/\/pierrecardinyatak.com.tr\/en\/product\/pure-ranforce-duvet-cover-set\/\" \/>\n<meta property=\"og:site_name\" content=\"Pierre Cardin Yatak\" \/>\n<meta property=\"article:publisher\" content=\"https:\/\/www.facebook.com\/pierrecardinyatak\" \/>\n<meta property=\"article:modified_time\" content=\"2025-05-27T14:51:25+00:00\" \/>\n<meta property=\"og:image\" content=\"https:\/\/pierrecardinyatak.com.tr\/wp-content\/uploads\/2022\/12\/urun-pure-antrasit-list.jpg\" \/>\n\t<meta property=\"og:image:width\" content=\"580\" \/>\n\t<meta property=\"og:image:height\" content=\"435\" \/>\n\t<meta property=\"og:image:type\" content=\"image\/jpeg\" \/>\n<meta name=\"twitter:card\" content=\"summary_large_image\" \/>\n<meta name=\"twitter:site\" content=\"@pcardinbedding\" \/>\n<meta name=\"twitter:label1\" content=\"Estimated reading time\" \/>\n\t<meta name=\"twitter:data1\" content=\"1 minute\" \/>\n<script type=\"application\/ld+json\" class=\"yoast-schema-graph\">{\"@context\":\"https:\/\/schema.org\",\"@graph\":[{\"@type\":[\"WebPage\",\"ItemPage\"],\"@id\":\"https:\/\/pierrecardinyatak.com.tr\/urun\/pure-ranforce-nevresim-seti\/\",\"url\":\"https:\/\/pierrecardinyatak.com.tr\/urun\/pure-ranforce-nevresim-seti\/\",\"name\":\"Pure Ranforce Nevresim Seti - Pierre Cardin Yatak\",\"isPartOf\":{\"@id\":\"https:\/\/pierrecardinyatak.com.tr\/#website\"},\"primaryImageOfPage\":{\"@id\":\"https:\/\/pierrecardinyatak.com.tr\/urun\/pure-ranforce-nevresim-seti\/#primaryimage\"},\"image\":{\"@id\":\"https:\/\/pierrecardinyatak.com.tr\/urun\/pure-ranforce-nevresim-seti\/#primaryimage\"},\"thumbnailUrl\":\"https:\/\/pierrecardinyatak.com.tr\/wp-content\/uploads\/2022\/12\/urun-pure-antrasit-list.jpg\",\"datePublished\":\"2022-12-20T11:54:07+00:00\",\"dateModified\":\"2025-05-27T14:51:25+00:00\",\"description\":\"Pierre Cardin Bedding Pure Ranforce Nevresim Seti, yatak odas\u0131 dekorasyonunuzu kolayla\u015ft\u0131racak. Pure ranforce ile kendinizi \u00f6d\u00fcllendirin.\",\"breadcrumb\":{\"@id\":\"https:\/\/pierrecardinyatak.com.tr\/urun\/pure-ranforce-nevresim-seti\/#breadcrumb\"},\"inLanguage\":\"en-GB\",\"potentialAction\":[{\"@type\":\"ReadAction\",\"target\":[\"https:\/\/pierrecardinyatak.com.tr\/urun\/pure-ranforce-nevresim-seti\/\"]}]},{\"@type\":\"ImageObject\",\"inLanguage\":\"en-GB\",\"@id\":\"https:\/\/pierrecardinyatak.com.tr\/urun\/pure-ranforce-nevresim-seti\/#primaryimage\",\"url\":\"https:\/\/pierrecardinyatak.com.tr\/wp-content\/uploads\/2022\/12\/urun-pure-antrasit-list.jpg\",\"contentUrl\":\"https:\/\/pierrecardinyatak.com.tr\/wp-content\/uploads\/2022\/12\/urun-pure-antrasit-list.jpg\",\"width\":580,\"height\":435,\"caption\":\"Zarif ve Do\u011fal: Pierre Cardin Pure Nevresim Seti Ekru | Yatak Odas\u0131na Estetik Bir Dokunu\u015f - Hemen \u0130nceleyin\"},{\"@type\":\"BreadcrumbList\",\"@id\":\"https:\/\/pierrecardinyatak.com.tr\/urun\/pure-ranforce-nevresim-seti\/#breadcrumb\",\"itemListElement\":[{\"@type\":\"ListItem\",\"position\":1,\"name\":\"Anasayfa\",\"item\":\"https:\/\/pierrecardinyatak.com.tr\/\"},{\"@type\":\"ListItem\",\"position\":2,\"name\":\"Ma\u011faza\",\"item\":\"https:\/\/pierrecardinyatak.com.tr\/magaza\/\"},{\"@type\":\"ListItem\",\"position\":3,\"name\":\"Pure Ranforce Nevresim Seti\"}]},{\"@type\":\"WebSite\",\"@id\":\"https:\/\/pierrecardinyatak.com.tr\/#website\",\"url\":\"https:\/\/pierrecardinyatak.com.tr\/\",\"name\":\"Pierre Cardin Yatak\",\"description\":\"-\",\"potentialAction\":[{\"@type\":\"SearchAction\",\"target\":{\"@type\":\"EntryPoint\",\"urlTemplate\":\"https:\/\/pierrecardinyatak.com.tr\/?s={search_term_string}\"},\"query-input\":{\"@type\":\"PropertyValueSpecification\",\"valueRequired\":true,\"valueName\":\"search_term_string\"}}],\"inLanguage\":\"en-GB\"}]}<\/script>\n<!-- \/ Yoast SEO plugin. -->","yoast_head_json":{"title":"Pure Ranforce Duvet Cover Set - Pierre Cardin Bedding","description":"Pierre Cardin Bedding Pure Ranforce Duvet Cover Set will make your bedroom decoration easier. Reward yourself with Pure ranforce.","robots":{"index":"index","follow":"follow","max-snippet":"max-snippet:-1","max-image-preview":"max-image-preview:large","max-video-preview":"max-video-preview:-1"},"canonical":"https:\/\/pierrecardinyatak.com.tr\/en\/product\/pure-ranforce-duvet-cover-set\/","og_locale":"en_GB","og_type":"article","og_title":"Pure Ranforce Nevresim Seti - Pierre Cardin Yatak","og_description":"Pierre Cardin Bedding Pure Ranforce Nevresim Seti, yatak odas\u0131 dekorasyonunuzu kolayla\u015ft\u0131racak. Pure ranforce ile kendinizi \u00f6d\u00fcllendirin.","og_url":"https:\/\/pierrecardinyatak.com.tr\/en\/product\/pure-ranforce-duvet-cover-set\/","og_site_name":"Pierre Cardin Yatak","article_publisher":"https:\/\/www.facebook.com\/pierrecardinyatak","article_modified_time":"2025-05-27T14:51:25+00:00","og_image":[{"width":580,"height":435,"url":"https:\/\/pierrecardinyatak.com.tr\/wp-content\/uploads\/2022\/12\/urun-pure-antrasit-list.jpg","type":"image\/jpeg"}],"twitter_card":"summary_large_image","twitter_site":"@pcardinbedding","twitter_misc":{"Estimated reading time":"1 minute"},"schema":{"@context":"https:\/\/schema.org","@graph":[{"@type":["WebPage","ItemPage"],"@id":"https:\/\/pierrecardinyatak.com.tr\/urun\/pure-ranforce-nevresim-seti\/","url":"https:\/\/pierrecardinyatak.com.tr\/urun\/pure-ranforce-nevresim-seti\/","name":"Pure Ranforce Duvet Cover Set - Pierre Cardin Bedding","isPartOf":{"@id":"https:\/\/pierrecardinyatak.com.tr\/#website"},"primaryImageOfPage":{"@id":"https:\/\/pierrecardinyatak.com.tr\/urun\/pure-ranforce-nevresim-seti\/#primaryimage"},"image":{"@id":"https:\/\/pierrecardinyatak.com.tr\/urun\/pure-ranforce-nevresim-seti\/#primaryimage"},"thumbnailUrl":"https:\/\/pierrecardinyatak.com.tr\/wp-content\/uploads\/2022\/12\/urun-pure-antrasit-list.jpg","datePublished":"2022-12-20T11:54:07+00:00","dateModified":"2025-05-27T14:51:25+00:00","description":"Pierre Cardin Bedding Pure Ranforce Duvet Cover Set will make your bedroom decoration easier. Reward yourself with Pure ranforce.","breadcrumb":{"@id":"https:\/\/pierrecardinyatak.com.tr\/urun\/pure-ranforce-nevresim-seti\/#breadcrumb"},"inLanguage":"en-GB","potentialAction":[{"@type":"ReadAction","target":["https:\/\/pierrecardinyatak.com.tr\/urun\/pure-ranforce-nevresim-seti\/"]}]},{"@type":"ImageObject","inLanguage":"en-GB","@id":"https:\/\/pierrecardinyatak.com.tr\/urun\/pure-ranforce-nevresim-seti\/#primaryimage","url":"https:\/\/pierrecardinyatak.com.tr\/wp-content\/uploads\/2022\/12\/urun-pure-antrasit-list.jpg","contentUrl":"https:\/\/pierrecardinyatak.com.tr\/wp-content\/uploads\/2022\/12\/urun-pure-antrasit-list.jpg","width":580,"height":435,"caption":"Zarif ve Do\u011fal: Pierre Cardin Pure Nevresim Seti Ekru | Yatak Odas\u0131na Estetik Bir Dokunu\u015f - Hemen \u0130nceleyin"},{"@type":"BreadcrumbList","@id":"https:\/\/pierrecardinyatak.com.tr\/urun\/pure-ranforce-nevresim-seti\/#breadcrumb","itemListElement":[{"@type":"ListItem","position":1,"name":"Anasayfa","item":"https:\/\/pierrecardinyatak.com.tr\/"},{"@type":"ListItem","position":2,"name":"Ma\u011faza","item":"https:\/\/pierrecardinyatak.com.tr\/magaza\/"},{"@type":"ListItem","position":3,"name":"Pure Ranforce Nevresim Seti"}]},{"@type":"WebSite","@id":"https:\/\/pierrecardinyatak.com.tr\/#website","url":"https:\/\/pierrecardinyatak.com.tr\/","name":"Pierre Cardin Bed","description":"-","potentialAction":[{"@type":"SearchAction","target":{"@type":"EntryPoint","urlTemplate":"https:\/\/pierrecardinyatak.com.tr\/?s={search_term_string}"},"query-input":{"@type":"PropertyValueSpecification","valueRequired":true,"valueName":"search_term_string"}}],"inLanguage":"en-GB"}]}},"brands":[{"id":270,"name":"Anthracite Grey","slug":"anthracite-grey"},{"id":269,"name":"Double Sided Use","slug":"cift-tarafli-kullanim"}],"_links":{"self":[{"href":"https:\/\/pierrecardinyatak.com.tr\/en\/wp-json\/wp\/v2\/product\/2829","targetHints":{"allow":["GET"]}}],"collection":[{"href":"https:\/\/pierrecardinyatak.com.tr\/en\/wp-json\/wp\/v2\/product"}],"about":[{"href":"https:\/\/pierrecardinyatak.com.tr\/en\/wp-json\/wp\/v2\/types\/product"}],"wp:featuredmedia":[{"embeddable":true,"href":"https:\/\/pierrecardinyatak.com.tr\/en\/wp-json\/wp\/v2\/media\/3607"}],"wp:attachment":[{"href":"https:\/\/pierrecardinyatak.com.tr\/en\/wp-json\/wp\/v2\/media?parent=2829"}],"wp:term":[{"taxonomy":"pwb-brand","embeddable":true,"href":"https:\/\/pierrecardinyatak.com.tr\/en\/wp-json\/wp\/v2\/pwb-brand?post=2829"},{"taxonomy":"product_brand","embeddable":true,"href":"https:\/\/pierrecardinyatak.com.tr\/en\/wp-json\/wp\/v2\/product_brand?post=2829"},{"taxonomy":"product_cat","embeddable":true,"href":"https:\/\/pierrecardinyatak.com.tr\/en\/wp-json\/wp\/v2\/product_cat?post=2829"},{"taxonomy":"product_tag","embeddable":true,"href":"https:\/\/pierrecardinyatak.com.tr\/en\/wp-json\/wp\/v2\/product_tag?post=2829"}],"curies":[{"name":"wp","href":"https:\/\/api.w.org\/{rel}","templated":true}]}}