{"id":12495,"date":"2025-10-16T11:56:38","date_gmt":"2025-10-16T08:56:38","guid":{"rendered":"https:\/\/pierrecardinyatak.com.tr\/?post_type=product&#038;p=12495"},"modified":"2025-10-17T13:37:19","modified_gmt":"2025-10-17T10:37:19","slug":"visco-spa-yatak","status":"publish","type":"product","link":"https:\/\/pierrecardinyatak.com.tr\/en\/product\/visco-spa-yatak\/","title":{"rendered":"Visco Spa Yatak"},"content":{"rendered":"<div class=\"wpb-content-wrapper\"><div class=\"vc_row wpb_row vc_row-fluid\"><div class=\"wpb_column vc_column_container vc_col-sm-8\"><div class=\"vc_column-inner\"><div class=\"wpb_wrapper\">\n\t<div class=\"wpb_text_column wpb_content_element\" >\n\t\t<div class=\"wpb_wrapper\">\n\t\t\t<h2 style=\"font-size: 18px; text-align: left;\">\u00dcr\u00fcn \u00d6l\u00e7\u00fcleri:<\/h2>\n<ul>\n<li>090X190<\/li>\n<li>090X200<\/li>\n<li>100X200<\/li>\n<li>120X200<\/li>\n<li>140X190<\/li>\n<li>140X200<\/li>\n<li>150X200<\/li>\n<li>160X200<\/li>\n<li>180X200<\/li>\n<li style=\"text-align: left;\"><strong>Yatak Y\u00fcksekli\u011fi:<\/strong> 38 CM<\/li>\n<\/ul>\n\n\t\t<\/div>\n\t<\/div>\n<\/div><\/div><\/div><div class=\"wpb_column vc_column_container vc_col-sm-4\"><div class=\"vc_column-inner\"><div class=\"wpb_wrapper\">\t\t<div id=\"wd-68f21a0530481\" class=\"wd-image wd-wpb wd-rs-68f21a0530481 text-center\">\n\t\t\t\n\t\t\t<img decoding=\"async\" width=\"945\" height=\"902\" src=\"https:\/\/pierrecardinyatak.com.tr\/wp-content\/uploads\/2025\/10\/48.png\" class=\"attachment-full size-full\" alt=\"\" srcset=\"https:\/\/pierrecardinyatak.com.tr\/wp-content\/uploads\/2025\/10\/48.png 945w, https:\/\/pierrecardinyatak.com.tr\/wp-content\/uploads\/2025\/10\/48-300x286.png 300w, https:\/\/pierrecardinyatak.com.tr\/wp-content\/uploads\/2025\/10\/48-768x733.png 768w, https:\/\/pierrecardinyatak.com.tr\/wp-content\/uploads\/2025\/10\/48-13x12.png 13w, https:\/\/pierrecardinyatak.com.tr\/wp-content\/uploads\/2025\/10\/48-150x143.png 150w, https:\/\/pierrecardinyatak.com.tr\/wp-content\/uploads\/2025\/10\/48-500x477.png 500w, https:\/\/pierrecardinyatak.com.tr\/wp-content\/uploads\/2025\/10\/48-800x764.png 800w\" sizes=\"(max-width: 945px) 100vw, 945px\" \/>\n\t\t\t\t\t<\/div>\n\t\t<\/div><\/div><\/div><\/div><div class=\"wpb_column vc_column_container vc_col-sm-12\"><div class=\"vc_column-inner\"><div class=\"wpb_wrapper\"><\/div><\/div><\/div><div class=\"vc_row wpb_row vc_row-fluid\"><div class=\"wpb_column vc_column_container vc_col-sm-12\"><div class=\"vc_column-inner\"><div class=\"wpb_wrapper\">\t\t<div id=\"wd-68f21c45b86d2\" class=\"wd-image wd-wpb wd-rs-68f21c45b86d2 text-center\">\n\t\t\t\n\t\t\t<img decoding=\"async\" width=\"2000\" height=\"218\" src=\"https:\/\/pierrecardinyatak.com.tr\/wp-content\/uploads\/2025\/10\/Perakende-Pierre-Cardin-Ic-Piyasa-Fiyat-Listesi-2025-3-1-kopya.pdf-1.png\" class=\"attachment-full size-full\" alt=\"\" srcset=\"https:\/\/pierrecardinyatak.com.tr\/wp-content\/uploads\/2025\/10\/Perakende-Pierre-Cardin-Ic-Piyasa-Fiyat-Listesi-2025-3-1-kopya.pdf-1.png 2000w, https:\/\/pierrecardinyatak.com.tr\/wp-content\/uploads\/2025\/10\/Perakende-Pierre-Cardin-Ic-Piyasa-Fiyat-Listesi-2025-3-1-kopya.pdf-1-300x33.png 300w, https:\/\/pierrecardinyatak.com.tr\/wp-content\/uploads\/2025\/10\/Perakende-Pierre-Cardin-Ic-Piyasa-Fiyat-Listesi-2025-3-1-kopya.pdf-1-1024x112.png 1024w, https:\/\/pierrecardinyatak.com.tr\/wp-content\/uploads\/2025\/10\/Perakende-Pierre-Cardin-Ic-Piyasa-Fiyat-Listesi-2025-3-1-kopya.pdf-1-768x84.png 768w, https:\/\/pierrecardinyatak.com.tr\/wp-content\/uploads\/2025\/10\/Perakende-Pierre-Cardin-Ic-Piyasa-Fiyat-Listesi-2025-3-1-kopya.pdf-1-1536x167.png 1536w, https:\/\/pierrecardinyatak.com.tr\/wp-content\/uploads\/2025\/10\/Perakende-Pierre-Cardin-Ic-Piyasa-Fiyat-Listesi-2025-3-1-kopya.pdf-1-18x2.png 18w, https:\/\/pierrecardinyatak.com.tr\/wp-content\/uploads\/2025\/10\/Perakende-Pierre-Cardin-Ic-Piyasa-Fiyat-Listesi-2025-3-1-kopya.pdf-1-1200x131.png 1200w, https:\/\/pierrecardinyatak.com.tr\/wp-content\/uploads\/2025\/10\/Perakende-Pierre-Cardin-Ic-Piyasa-Fiyat-Listesi-2025-3-1-kopya.pdf-1-150x16.png 150w, https:\/\/pierrecardinyatak.com.tr\/wp-content\/uploads\/2025\/10\/Perakende-Pierre-Cardin-Ic-Piyasa-Fiyat-Listesi-2025-3-1-kopya.pdf-1-500x55.png 500w, https:\/\/pierrecardinyatak.com.tr\/wp-content\/uploads\/2025\/10\/Perakende-Pierre-Cardin-Ic-Piyasa-Fiyat-Listesi-2025-3-1-kopya.pdf-1-800x87.png 800w, https:\/\/pierrecardinyatak.com.tr\/wp-content\/uploads\/2025\/10\/Perakende-Pierre-Cardin-Ic-Piyasa-Fiyat-Listesi-2025-3-1-kopya.pdf-1-1280x140.png 1280w, https:\/\/pierrecardinyatak.com.tr\/wp-content\/uploads\/2025\/10\/Perakende-Pierre-Cardin-Ic-Piyasa-Fiyat-Listesi-2025-3-1-kopya.pdf-1-1920x209.png 1920w\" sizes=\"(max-width: 2000px) 100vw, 2000px\" \/>\n\t\t\t\t\t<\/div>\n\t\t<\/div><\/div><\/div><\/div>\n<\/div>","protected":false},"excerpt":{"rendered":"<p>&#8220;Tatil keyfin odana d\u00f6nsen bile devam ediyor. Visco Spa yatak ile yata\u011f\u0131nda masaj tad\u0131nda bir uyku seni bekliyor.&#8221;<\/p>","protected":false},"featured_media":12506,"template":"","meta":[],"pwb-brand":[],"product_brand":[],"product_cat":[385],"product_tag":[],"class_list":{"0":"post-12495","1":"product","2":"type-product","3":"status-publish","4":"has-post-thumbnail","6":"product_cat-otel","8":"first","9":"instock","10":"shipping-taxable","11":"product-type-variable"},"yoast_head":"<!-- This site is optimized with the Yoast SEO plugin v25.7 - https:\/\/yoast.com\/wordpress\/plugins\/seo\/ -->\n<title>Visco Spa Yatak - Pierre Cardin Yatak<\/title>\n<meta name=\"description\" content=\"Visco Spa Yatak - Pierre Cardin Yatak\" \/>\n<meta name=\"robots\" content=\"index, follow, max-snippet:-1, max-image-preview:large, max-video-preview:-1\" \/>\n<link rel=\"canonical\" href=\"https:\/\/pierrecardinyatak.com.tr\/en\/product\/visco-spa-yatak\/\" \/>\n<meta property=\"og:locale\" content=\"en_GB\" \/>\n<meta property=\"og:type\" content=\"article\" \/>\n<meta property=\"og:title\" content=\"Visco Spa Yatak - Pierre Cardin Yatak\" \/>\n<meta property=\"og:description\" content=\"Visco Spa Yatak - Pierre Cardin Yatak\" \/>\n<meta property=\"og:url\" content=\"https:\/\/pierrecardinyatak.com.tr\/en\/product\/visco-spa-yatak\/\" \/>\n<meta property=\"og:site_name\" content=\"Pierre Cardin Yatak\" \/>\n<meta property=\"article:publisher\" content=\"https:\/\/www.facebook.com\/pierrecardinyatak\" \/>\n<meta property=\"article:modified_time\" content=\"2025-10-17T10:37:19+00:00\" \/>\n<meta property=\"og:image\" content=\"https:\/\/pierrecardinyatak.com.tr\/wp-content\/uploads\/2025\/10\/visco-spa1.jpg\" \/>\n\t<meta property=\"og:image:width\" content=\"2239\" \/>\n\t<meta property=\"og:image:height\" content=\"1810\" \/>\n\t<meta property=\"og:image:type\" content=\"image\/jpeg\" \/>\n<meta name=\"twitter:card\" content=\"summary_large_image\" \/>\n<meta name=\"twitter:site\" content=\"@pcardinbedding\" \/>\n<meta name=\"twitter:label1\" content=\"Estimated reading time\" \/>\n\t<meta name=\"twitter:data1\" content=\"1 minute\" \/>\n<script type=\"application\/ld+json\" class=\"yoast-schema-graph\">{\"@context\":\"https:\/\/schema.org\",\"@graph\":[{\"@type\":[\"WebPage\",\"ItemPage\"],\"@id\":\"https:\/\/pierrecardinyatak.com.tr\/urun\/visco-spa-yatak\/\",\"url\":\"https:\/\/pierrecardinyatak.com.tr\/urun\/visco-spa-yatak\/\",\"name\":\"Visco Spa Yatak - Pierre Cardin Yatak\",\"isPartOf\":{\"@id\":\"https:\/\/pierrecardinyatak.com.tr\/#website\"},\"primaryImageOfPage\":{\"@id\":\"https:\/\/pierrecardinyatak.com.tr\/urun\/visco-spa-yatak\/#primaryimage\"},\"image\":{\"@id\":\"https:\/\/pierrecardinyatak.com.tr\/urun\/visco-spa-yatak\/#primaryimage\"},\"thumbnailUrl\":\"https:\/\/pierrecardinyatak.com.tr\/wp-content\/uploads\/2025\/10\/visco-spa1.jpg\",\"datePublished\":\"2025-10-16T08:56:38+00:00\",\"dateModified\":\"2025-10-17T10:37:19+00:00\",\"description\":\"Visco Spa Yatak - Pierre Cardin Yatak\",\"breadcrumb\":{\"@id\":\"https:\/\/pierrecardinyatak.com.tr\/urun\/visco-spa-yatak\/#breadcrumb\"},\"inLanguage\":\"en-GB\",\"potentialAction\":[{\"@type\":\"ReadAction\",\"target\":[\"https:\/\/pierrecardinyatak.com.tr\/urun\/visco-spa-yatak\/\"]}]},{\"@type\":\"ImageObject\",\"inLanguage\":\"en-GB\",\"@id\":\"https:\/\/pierrecardinyatak.com.tr\/urun\/visco-spa-yatak\/#primaryimage\",\"url\":\"https:\/\/pierrecardinyatak.com.tr\/wp-content\/uploads\/2025\/10\/visco-spa1.jpg\",\"contentUrl\":\"https:\/\/pierrecardinyatak.com.tr\/wp-content\/uploads\/2025\/10\/visco-spa1.jpg\",\"width\":2239,\"height\":1810},{\"@type\":\"BreadcrumbList\",\"@id\":\"https:\/\/pierrecardinyatak.com.tr\/urun\/visco-spa-yatak\/#breadcrumb\",\"itemListElement\":[{\"@type\":\"ListItem\",\"position\":1,\"name\":\"Anasayfa\",\"item\":\"https:\/\/pierrecardinyatak.com.tr\/\"},{\"@type\":\"ListItem\",\"position\":2,\"name\":\"Ma\u011faza\",\"item\":\"https:\/\/pierrecardinyatak.com.tr\/magaza\/\"},{\"@type\":\"ListItem\",\"position\":3,\"name\":\"Visco Spa Yatak\"}]},{\"@type\":\"WebSite\",\"@id\":\"https:\/\/pierrecardinyatak.com.tr\/#website\",\"url\":\"https:\/\/pierrecardinyatak.com.tr\/\",\"name\":\"Pierre Cardin Yatak\",\"description\":\"-\",\"potentialAction\":[{\"@type\":\"SearchAction\",\"target\":{\"@type\":\"EntryPoint\",\"urlTemplate\":\"https:\/\/pierrecardinyatak.com.tr\/?s={search_term_string}\"},\"query-input\":{\"@type\":\"PropertyValueSpecification\",\"valueRequired\":true,\"valueName\":\"search_term_string\"}}],\"inLanguage\":\"en-GB\"}]}<\/script>\n<!-- \/ Yoast SEO plugin. -->","yoast_head_json":{"title":"Visco Spa Yatak - Pierre Cardin Yatak","description":"Visco Spa Yatak - Pierre Cardin Yatak","robots":{"index":"index","follow":"follow","max-snippet":"max-snippet:-1","max-image-preview":"max-image-preview:large","max-video-preview":"max-video-preview:-1"},"canonical":"https:\/\/pierrecardinyatak.com.tr\/en\/product\/visco-spa-yatak\/","og_locale":"en_GB","og_type":"article","og_title":"Visco Spa Yatak - Pierre Cardin Yatak","og_description":"Visco Spa Yatak - Pierre Cardin Yatak","og_url":"https:\/\/pierrecardinyatak.com.tr\/en\/product\/visco-spa-yatak\/","og_site_name":"Pierre Cardin Yatak","article_publisher":"https:\/\/www.facebook.com\/pierrecardinyatak","article_modified_time":"2025-10-17T10:37:19+00:00","og_image":[{"width":2239,"height":1810,"url":"https:\/\/pierrecardinyatak.com.tr\/wp-content\/uploads\/2025\/10\/visco-spa1.jpg","type":"image\/jpeg"}],"twitter_card":"summary_large_image","twitter_site":"@pcardinbedding","twitter_misc":{"Estimated reading time":"1 minute"},"schema":{"@context":"https:\/\/schema.org","@graph":[{"@type":["WebPage","ItemPage"],"@id":"https:\/\/pierrecardinyatak.com.tr\/urun\/visco-spa-yatak\/","url":"https:\/\/pierrecardinyatak.com.tr\/urun\/visco-spa-yatak\/","name":"Visco Spa Yatak - Pierre Cardin Yatak","isPartOf":{"@id":"https:\/\/pierrecardinyatak.com.tr\/#website"},"primaryImageOfPage":{"@id":"https:\/\/pierrecardinyatak.com.tr\/urun\/visco-spa-yatak\/#primaryimage"},"image":{"@id":"https:\/\/pierrecardinyatak.com.tr\/urun\/visco-spa-yatak\/#primaryimage"},"thumbnailUrl":"https:\/\/pierrecardinyatak.com.tr\/wp-content\/uploads\/2025\/10\/visco-spa1.jpg","datePublished":"2025-10-16T08:56:38+00:00","dateModified":"2025-10-17T10:37:19+00:00","description":"Visco Spa Yatak - Pierre Cardin Yatak","breadcrumb":{"@id":"https:\/\/pierrecardinyatak.com.tr\/urun\/visco-spa-yatak\/#breadcrumb"},"inLanguage":"en-GB","potentialAction":[{"@type":"ReadAction","target":["https:\/\/pierrecardinyatak.com.tr\/urun\/visco-spa-yatak\/"]}]},{"@type":"ImageObject","inLanguage":"en-GB","@id":"https:\/\/pierrecardinyatak.com.tr\/urun\/visco-spa-yatak\/#primaryimage","url":"https:\/\/pierrecardinyatak.com.tr\/wp-content\/uploads\/2025\/10\/visco-spa1.jpg","contentUrl":"https:\/\/pierrecardinyatak.com.tr\/wp-content\/uploads\/2025\/10\/visco-spa1.jpg","width":2239,"height":1810},{"@type":"BreadcrumbList","@id":"https:\/\/pierrecardinyatak.com.tr\/urun\/visco-spa-yatak\/#breadcrumb","itemListElement":[{"@type":"ListItem","position":1,"name":"Anasayfa","item":"https:\/\/pierrecardinyatak.com.tr\/"},{"@type":"ListItem","position":2,"name":"Ma\u011faza","item":"https:\/\/pierrecardinyatak.com.tr\/magaza\/"},{"@type":"ListItem","position":3,"name":"Visco Spa Yatak"}]},{"@type":"WebSite","@id":"https:\/\/pierrecardinyatak.com.tr\/#website","url":"https:\/\/pierrecardinyatak.com.tr\/","name":"Pierre Cardin Bed","description":"-","potentialAction":[{"@type":"SearchAction","target":{"@type":"EntryPoint","urlTemplate":"https:\/\/pierrecardinyatak.com.tr\/?s={search_term_string}"},"query-input":{"@type":"PropertyValueSpecification","valueRequired":true,"valueName":"search_term_string"}}],"inLanguage":"en-GB"}]}},"brands":[],"_links":{"self":[{"href":"https:\/\/pierrecardinyatak.com.tr\/en\/wp-json\/wp\/v2\/product\/12495","targetHints":{"allow":["GET"]}}],"collection":[{"href":"https:\/\/pierrecardinyatak.com.tr\/en\/wp-json\/wp\/v2\/product"}],"about":[{"href":"https:\/\/pierrecardinyatak.com.tr\/en\/wp-json\/wp\/v2\/types\/product"}],"wp:featuredmedia":[{"embeddable":true,"href":"https:\/\/pierrecardinyatak.com.tr\/en\/wp-json\/wp\/v2\/media\/12506"}],"wp:attachment":[{"href":"https:\/\/pierrecardinyatak.com.tr\/en\/wp-json\/wp\/v2\/media?parent=12495"}],"wp:term":[{"taxonomy":"pwb-brand","embeddable":true,"href":"https:\/\/pierrecardinyatak.com.tr\/en\/wp-json\/wp\/v2\/pwb-brand?post=12495"},{"taxonomy":"product_brand","embeddable":true,"href":"https:\/\/pierrecardinyatak.com.tr\/en\/wp-json\/wp\/v2\/product_brand?post=12495"},{"taxonomy":"product_cat","embeddable":true,"href":"https:\/\/pierrecardinyatak.com.tr\/en\/wp-json\/wp\/v2\/product_cat?post=12495"},{"taxonomy":"product_tag","embeddable":true,"href":"https:\/\/pierrecardinyatak.com.tr\/en\/wp-json\/wp\/v2\/product_tag?post=12495"}],"curies":[{"name":"wp","href":"https:\/\/api.w.org\/{rel}","templated":true}]}}