{"id":1535,"date":"2022-11-25T16:44:40","date_gmt":"2022-11-25T13:44:40","guid":{"rendered":"https:\/\/pierrecardinbedding.com.tr\/?page_id=1535"},"modified":"2023-01-31T16:31:13","modified_gmt":"2023-01-31T13:31:13","slug":"sikca-sorulan-sorular","status":"publish","type":"page","link":"https:\/\/pierrecardinyatak.com.tr\/en\/sikca-sorulan-sorular\/","title":{"rendered":"Frequently Asked Questions"},"content":{"rendered":"<div class=\"wpb-content-wrapper\"><div class=\"vc_row wpb_row vc_row-fluid\"><div class=\"wpb_column vc_column_container vc_col-sm-2\"><div class=\"vc_column-inner\"><div class=\"wpb_wrapper\"><\/div><\/div><\/div><div class=\"wpb_column vc_column_container vc_col-sm-8\"><div class=\"vc_column-inner\"><div class=\"wpb_wrapper\">\n\t<div class=\"wpb_text_column wpb_content_element\" >\n\t\t<div class=\"wpb_wrapper\">\n\t\t\t<p><strong>SHOWROOM\u2019UNUZ VAR MI, \u00dcR\u00dcNLER\u0130 NASIL \u0130NCELEYEB\u0130L\u0130R\u0130Z?<\/strong><\/p>\n<p>Sat\u0131\u015f Noktalar\u0131m\u0131z linkine t\u0131klayarak \u00fcr\u00fcnlerimizi size en yak\u0131n ma\u011fazam\u0131zda g\u00f6rebilirsiniz.<\/p>\n<p><strong>SHOWROOM\u2019DA G\u00d6R\u00dcD\u00dc\u011e\u00dcM \u00dcR\u00dcN\u00dc S\u0130TEDE NASIL BULAB\u0130L\u0130R\u0130M?<\/strong><\/p>\n<p>Ma\u011fazalar\u0131m\u0131zda g\u00f6rd\u00fc\u011f\u00fcn\u00fcz \u00fcr\u00fcnlere internet sitemizden kolayca ula\u015fabilirsiniz. Sitedeki arama kutucu\u011funa arad\u0131\u011f\u0131n\u0131z \u00fcr\u00fcn grubu (yatak, yast\u0131k, nevresim, gibi) veya \u00fcr\u00fcn\u00fcn ad\u0131 yazarak h\u0131zl\u0131ca arama yapabilirsiniz. Dilerseniz kategori ba\u015fl\u0131klar\u0131ndan se\u00e7erek, ya da filtreleri kullanarak da istedi\u011finiz \u00fcr\u00fcne ula\u015fabilirsiniz. Sitemizdeki arama alan\u0131, kategori ve filtre yap\u0131s\u0131 \u00fcr\u00fcnlerimize daha h\u0131zl\u0131 ula\u015fabilmeniz i\u00e7in \u00f6zelle\u015ftirilmi\u015ftir.<\/p>\n<p><strong>YATAKLARINIZ KA\u00c7 YIL GARANT\u0130L\u0130D\u0130R?<\/strong><\/p>\n<p>Sat\u0131n ald\u0131\u011f\u0131n\u0131z \u00fcr\u00fcnlerin \u00fczerinde belirtilen kullan\u0131m talimatlar\u0131n\u0131 dikkatle okuman\u0131z tavsiye ederiz. Hatal\u0131 kullan\u0131m veya temizleme \u015feklinden dolay\u0131 olu\u015facak; y\u0131rt\u0131lma, solma, k\u0131r\u0131lma ve y\u0131pranma gibi bozulmalar garanti kapsam\u0131 d\u0131\u015f\u0131nda kalacakt\u0131r.<\/p>\n<p><strong>\u0130ADE ETT\u0130\u011e\u0130M \u00dcR\u00dcNLER\u0130N GER\u0130 \u00d6DEMES\u0130N\u0130 NASIL YAPIYORSUNUZ?<\/strong><\/p>\n<p>\u0130ade etti\u011finiz \u00fcr\u00fcn taraf\u0131m\u0131za ula\u015f\u0131r ula\u015fmaz, ayn\u0131 \u00f6deme yoluyla hesab\u0131n\u0131za iade edilmektedir.<\/p>\n<p><strong>\u00d6DEMEY\u0130 YAPTIM ANCAK S\u0130PAR\u0130\u015e\u0130M OLU\u015eMADI NE YAPAB\u0130L\u0130R\u0130M?<\/strong><\/p>\n<p>E\u011fer kredi kart\u0131n\u0131zdan sipari\u015f tutar\u0131n\u0131n tahsil edildi\u011fini ancak sipari\u015finizin olu\u015fmad\u0131\u011f\u0131n\u0131 d\u00fc\u015f\u00fcn\u00fcyorsan\u0131z, Hesaplar\u0131m\u0131z incelenerek en k\u0131sa s\u00fcrede size konuyla ilgili geri bildirim yap\u0131lacakt\u0131r. Talebinizle birlikte ekran g\u00f6r\u00fcnt\u00fcs\u00fc ya da dekont g\u00f6ndermeniz durumunda ara\u015ft\u0131rma s\u00fcrecinin daha h\u0131zl\u0131 sonu\u00e7lanaca\u011f\u0131n\u0131 belirtmek isteriz.<\/p>\n<p><strong>T\u00dcM T\u00dcRK\u0130YE\u2019YE G\u00d6NDER\u0130M YAPIYORMUSUNUZ?<\/strong><\/p>\n<p>Evet, t\u00fcm T\u00fcrkiye\u2019ye g\u00f6nderim yap\u0131yoruz.<\/p>\n\n\t\t<\/div>\n\t<\/div>\n<\/div><\/div><\/div><div class=\"wpb_column vc_column_container vc_col-sm-2\"><div class=\"vc_column-inner\"><div class=\"wpb_wrapper\"><\/div><\/div><\/div><\/div>\n<\/div>","protected":false},"excerpt":{"rendered":"SHOWROOM\u2019UNUZ VAR MI, \u00dcR\u00dcNLER\u0130 NASIL \u0130NCELEYEB\u0130L\u0130R\u0130Z? Sat\u0131\u015f Noktalar\u0131m\u0131z linkine t\u0131klayarak \u00fcr\u00fcnlerimizi size en yak\u0131n ma\u011fazam\u0131zda g\u00f6rebilirsiniz. SHOWROOM\u2019DA G\u00d6R\u00dcD\u00dc\u011e\u00dcM \u00dcR\u00dcN\u00dc S\u0130TEDE","protected":false},"author":1,"featured_media":0,"parent":0,"menu_order":0,"comment_status":"closed","ping_status":"closed","template":"","meta":{"footnotes":""},"class_list":["post-1535","page","type-page","status-publish","hentry"],"yoast_head":"<!-- This site is optimized with the Yoast SEO plugin v25.7 - https:\/\/yoast.com\/wordpress\/plugins\/seo\/ -->\n<title>S\u0131k\u00e7a Sorulan Sorular - Pierre Cardin Yatak<\/title>\n<meta name=\"description\" content=\"Pierre Cardin Bedding S\u0131k\u00e7a Sorulan Sorular b\u00f6l\u00fcm\u00fcne ula\u015fabilirsiniz. Merak etti\u011finiz pek \u00e7ok konu hakk\u0131nda bilgi sahibi olabilirsiniz.\" \/>\n<meta name=\"robots\" content=\"index, follow, max-snippet:-1, max-image-preview:large, max-video-preview:-1\" \/>\n<link rel=\"canonical\" href=\"https:\/\/pierrecardinyatak.com.tr\/en\/sikca-sorulan-sorular\/\" \/>\n<meta property=\"og:locale\" content=\"en_GB\" \/>\n<meta property=\"og:type\" content=\"article\" \/>\n<meta property=\"og:title\" content=\"S\u0131k\u00e7a Sorulan Sorular - Pierre Cardin Yatak\" \/>\n<meta property=\"og:description\" content=\"Pierre Cardin Bedding S\u0131k\u00e7a Sorulan Sorular b\u00f6l\u00fcm\u00fcne ula\u015fabilirsiniz. Merak etti\u011finiz pek \u00e7ok konu hakk\u0131nda bilgi sahibi olabilirsiniz.\" \/>\n<meta property=\"og:url\" content=\"https:\/\/pierrecardinyatak.com.tr\/en\/sikca-sorulan-sorular\/\" \/>\n<meta property=\"og:site_name\" content=\"Pierre Cardin Yatak\" \/>\n<meta property=\"article:publisher\" content=\"https:\/\/www.facebook.com\/pierrecardinyatak\" \/>\n<meta property=\"article:modified_time\" content=\"2023-01-31T13:31:13+00:00\" \/>\n<meta name=\"twitter:card\" content=\"summary_large_image\" \/>\n<meta name=\"twitter:site\" content=\"@pcardinbedding\" \/>\n<meta name=\"twitter:label1\" content=\"Estimated reading time\" \/>\n\t<meta name=\"twitter:data1\" content=\"2 minutes\" \/>\n<script type=\"application\/ld+json\" class=\"yoast-schema-graph\">{\"@context\":\"https:\/\/schema.org\",\"@graph\":[{\"@type\":\"WebPage\",\"@id\":\"https:\/\/pierrecardinyatak.com.tr\/sikca-sorulan-sorular\/\",\"url\":\"https:\/\/pierrecardinyatak.com.tr\/sikca-sorulan-sorular\/\",\"name\":\"S\u0131k\u00e7a Sorulan Sorular - Pierre Cardin Yatak\",\"isPartOf\":{\"@id\":\"https:\/\/pierrecardinyatak.com.tr\/#website\"},\"datePublished\":\"2022-11-25T13:44:40+00:00\",\"dateModified\":\"2023-01-31T13:31:13+00:00\",\"description\":\"Pierre Cardin Bedding S\u0131k\u00e7a Sorulan Sorular b\u00f6l\u00fcm\u00fcne ula\u015fabilirsiniz. Merak etti\u011finiz pek \u00e7ok konu hakk\u0131nda bilgi sahibi olabilirsiniz.\",\"breadcrumb\":{\"@id\":\"https:\/\/pierrecardinyatak.com.tr\/sikca-sorulan-sorular\/#breadcrumb\"},\"inLanguage\":\"en-GB\",\"potentialAction\":[{\"@type\":\"ReadAction\",\"target\":[\"https:\/\/pierrecardinyatak.com.tr\/sikca-sorulan-sorular\/\"]}]},{\"@type\":\"BreadcrumbList\",\"@id\":\"https:\/\/pierrecardinyatak.com.tr\/sikca-sorulan-sorular\/#breadcrumb\",\"itemListElement\":[{\"@type\":\"ListItem\",\"position\":1,\"name\":\"Anasayfa\",\"item\":\"https:\/\/pierrecardinyatak.com.tr\/\"},{\"@type\":\"ListItem\",\"position\":2,\"name\":\"S\u0131k\u00e7a Sorulan Sorular\"}]},{\"@type\":\"WebSite\",\"@id\":\"https:\/\/pierrecardinyatak.com.tr\/#website\",\"url\":\"https:\/\/pierrecardinyatak.com.tr\/\",\"name\":\"Pierre Cardin Yatak\",\"description\":\"-\",\"potentialAction\":[{\"@type\":\"SearchAction\",\"target\":{\"@type\":\"EntryPoint\",\"urlTemplate\":\"https:\/\/pierrecardinyatak.com.tr\/?s={search_term_string}\"},\"query-input\":{\"@type\":\"PropertyValueSpecification\",\"valueRequired\":true,\"valueName\":\"search_term_string\"}}],\"inLanguage\":\"en-GB\"},{\"@type\":\"Person\",\"@id\":\"https:\/\/pierrecardinyatak.com.tr\/#\/schema\/person\/1c182155c79ef557a479bd374b58f902\",\"name\":\"admin\",\"image\":{\"@type\":\"ImageObject\",\"inLanguage\":\"en-GB\",\"@id\":\"https:\/\/pierrecardinyatak.com.tr\/#\/schema\/person\/image\/\",\"url\":\"https:\/\/secure.gravatar.com\/avatar\/3a0c75d6a4a7b2213bf32cead72e590c8f6aa56e5c7c70ea801e74aa7a9372bc?s=96&d=mm&r=g\",\"contentUrl\":\"https:\/\/secure.gravatar.com\/avatar\/3a0c75d6a4a7b2213bf32cead72e590c8f6aa56e5c7c70ea801e74aa7a9372bc?s=96&d=mm&r=g\",\"caption\":\"admin\"},\"sameAs\":[\"https:\/\/pierrecardinbedding.com.tr\"],\"url\":\"https:\/\/pierrecardinyatak.com.tr\/en\/author\/admin\/\"}]}<\/script>\n<!-- \/ Yoast SEO plugin. -->","yoast_head_json":{"title":"S\u0131k\u00e7a Sorulan Sorular - Pierre Cardin Yatak","description":"Pierre Cardin Bedding S\u0131k\u00e7a Sorulan Sorular b\u00f6l\u00fcm\u00fcne ula\u015fabilirsiniz. Merak etti\u011finiz pek \u00e7ok konu hakk\u0131nda bilgi sahibi olabilirsiniz.","robots":{"index":"index","follow":"follow","max-snippet":"max-snippet:-1","max-image-preview":"max-image-preview:large","max-video-preview":"max-video-preview:-1"},"canonical":"https:\/\/pierrecardinyatak.com.tr\/en\/sikca-sorulan-sorular\/","og_locale":"en_GB","og_type":"article","og_title":"S\u0131k\u00e7a Sorulan Sorular - Pierre Cardin Yatak","og_description":"Pierre Cardin Bedding S\u0131k\u00e7a Sorulan Sorular b\u00f6l\u00fcm\u00fcne ula\u015fabilirsiniz. Merak etti\u011finiz pek \u00e7ok konu hakk\u0131nda bilgi sahibi olabilirsiniz.","og_url":"https:\/\/pierrecardinyatak.com.tr\/en\/sikca-sorulan-sorular\/","og_site_name":"Pierre Cardin Yatak","article_publisher":"https:\/\/www.facebook.com\/pierrecardinyatak","article_modified_time":"2023-01-31T13:31:13+00:00","twitter_card":"summary_large_image","twitter_site":"@pcardinbedding","twitter_misc":{"Estimated reading time":"2 minutes"},"schema":{"@context":"https:\/\/schema.org","@graph":[{"@type":"WebPage","@id":"https:\/\/pierrecardinyatak.com.tr\/sikca-sorulan-sorular\/","url":"https:\/\/pierrecardinyatak.com.tr\/sikca-sorulan-sorular\/","name":"S\u0131k\u00e7a Sorulan Sorular - Pierre Cardin Yatak","isPartOf":{"@id":"https:\/\/pierrecardinyatak.com.tr\/#website"},"datePublished":"2022-11-25T13:44:40+00:00","dateModified":"2023-01-31T13:31:13+00:00","description":"Pierre Cardin Bedding S\u0131k\u00e7a Sorulan Sorular b\u00f6l\u00fcm\u00fcne ula\u015fabilirsiniz. Merak etti\u011finiz pek \u00e7ok konu hakk\u0131nda bilgi sahibi olabilirsiniz.","breadcrumb":{"@id":"https:\/\/pierrecardinyatak.com.tr\/sikca-sorulan-sorular\/#breadcrumb"},"inLanguage":"en-GB","potentialAction":[{"@type":"ReadAction","target":["https:\/\/pierrecardinyatak.com.tr\/sikca-sorulan-sorular\/"]}]},{"@type":"BreadcrumbList","@id":"https:\/\/pierrecardinyatak.com.tr\/sikca-sorulan-sorular\/#breadcrumb","itemListElement":[{"@type":"ListItem","position":1,"name":"Anasayfa","item":"https:\/\/pierrecardinyatak.com.tr\/"},{"@type":"ListItem","position":2,"name":"S\u0131k\u00e7a Sorulan Sorular"}]},{"@type":"WebSite","@id":"https:\/\/pierrecardinyatak.com.tr\/#website","url":"https:\/\/pierrecardinyatak.com.tr\/","name":"Pierre Cardin Bed","description":"-","potentialAction":[{"@type":"SearchAction","target":{"@type":"EntryPoint","urlTemplate":"https:\/\/pierrecardinyatak.com.tr\/?s={search_term_string}"},"query-input":{"@type":"PropertyValueSpecification","valueRequired":true,"valueName":"search_term_string"}}],"inLanguage":"en-GB"},{"@type":"Person","@id":"https:\/\/pierrecardinyatak.com.tr\/#\/schema\/person\/1c182155c79ef557a479bd374b58f902","name":"admin","image":{"@type":"ImageObject","inLanguage":"en-GB","@id":"https:\/\/pierrecardinyatak.com.tr\/#\/schema\/person\/image\/","url":"https:\/\/secure.gravatar.com\/avatar\/3a0c75d6a4a7b2213bf32cead72e590c8f6aa56e5c7c70ea801e74aa7a9372bc?s=96&d=mm&r=g","contentUrl":"https:\/\/secure.gravatar.com\/avatar\/3a0c75d6a4a7b2213bf32cead72e590c8f6aa56e5c7c70ea801e74aa7a9372bc?s=96&d=mm&r=g","caption":"admin"},"sameAs":["https:\/\/pierrecardinbedding.com.tr"],"url":"https:\/\/pierrecardinyatak.com.tr\/en\/author\/admin\/"}]}},"_links":{"self":[{"href":"https:\/\/pierrecardinyatak.com.tr\/en\/wp-json\/wp\/v2\/pages\/1535","targetHints":{"allow":["GET"]}}],"collection":[{"href":"https:\/\/pierrecardinyatak.com.tr\/en\/wp-json\/wp\/v2\/pages"}],"about":[{"href":"https:\/\/pierrecardinyatak.com.tr\/en\/wp-json\/wp\/v2\/types\/page"}],"author":[{"embeddable":true,"href":"https:\/\/pierrecardinyatak.com.tr\/en\/wp-json\/wp\/v2\/users\/1"}],"replies":[{"embeddable":true,"href":"https:\/\/pierrecardinyatak.com.tr\/en\/wp-json\/wp\/v2\/comments?post=1535"}],"version-history":[{"count":0,"href":"https:\/\/pierrecardinyatak.com.tr\/en\/wp-json\/wp\/v2\/pages\/1535\/revisions"}],"wp:attachment":[{"href":"https:\/\/pierrecardinyatak.com.tr\/en\/wp-json\/wp\/v2\/media?parent=1535"}],"curies":[{"name":"wp","href":"https:\/\/api.w.org\/{rel}","templated":true}]}}