{"id":1173,"date":"2022-11-22T10:27:21","date_gmt":"2022-11-22T07:27:21","guid":{"rendered":"https:\/\/pierrecardinbedding.com.tr\/?page_id=1173"},"modified":"2023-01-31T15:02:21","modified_gmt":"2023-01-31T12:02:21","slug":"hikayemiz","status":"publish","type":"page","link":"https:\/\/pierrecardinyatak.com.tr\/en\/hikayemiz\/","title":{"rendered":"Our Story"},"content":{"rendered":"<div class=\"wpb-content-wrapper\"><div class=\"vc_row wpb_row vc_row-fluid\"><div class=\"wpb_column vc_column_container vc_col-sm-2\"><div class=\"vc_column-inner\"><div class=\"wpb_wrapper\"><\/div><\/div><\/div><div class=\"wpb_column vc_column_container vc_col-sm-8\"><div class=\"vc_column-inner\"><div class=\"wpb_wrapper\">\n\t<div class=\"wpb_text_column wpb_content_element\" >\n\t\t<div class=\"wpb_wrapper\">\n\t\t\t<h1><strong>Tutkuyla \u00dcretmek\u2026<\/strong><\/h1>\n<p>60\u2019l\u0131 y\u0131llara avangart duru\u015fu ile damgas\u0131n\u0131 vuran ve d\u00fcnya moda sekt\u00f6r\u00fc tarihine bir k\u00fclt &#8211; designer olarak ad\u0131n\u0131 alt\u0131n harflerle yazd\u0131ran bir duayenin izinden gidiyoruz .<\/p>\n<p>Ayn\u0131 ruh, ayn\u0131 heyecan ve ayn\u0131 titizlikle Pierre Cardin Bedding markas\u0131n\u0131n temel ta\u015flar\u0131n\u0131 olu\u015fturduk. Uzun y\u0131llar alacak olan bu ser\u00fcvende Ta\u015fk\u0131ranlar Grup olarak hi\u00e7bir fedakarl\u0131ktan ka\u00e7\u0131nmadan b\u00fct\u00fcn \u00fcretim g\u00fcc\u00fcm\u00fcz\u00fc ve deneyimimizi de katarak yolumuza devam ediyoruz.<\/p>\n<h2><strong>\u00dcretti\u011fine \u0130nanmak\u2026<\/strong><\/h2>\n<p>En iyisini yapmak i\u00e7in yola \u00e7\u0131kanlar \u00f6nce kendine inanmal\u0131. Biz sadece kendimize de\u011fil; markam\u0131za \u00fclkemize, sizlere ve<strong> en \u00f6nemlisi \u00fcretti\u011fimize inand\u0131k. <\/strong>Pierre Cardin Bedding \u00fcr\u00fcnleri i\u015fte bu tutku ve inan\u00e7la \u00fcretildi.<\/p>\n\n\t\t<\/div>\n\t<\/div>\n<\/div><\/div><\/div><div class=\"wpb_column vc_column_container vc_col-sm-2\"><div class=\"vc_column-inner\"><div class=\"wpb_wrapper\"><\/div><\/div><\/div><\/div>\n<\/div>","protected":false},"excerpt":{"rendered":"Tutkuyla \u00dcretmek\u2026 60\u2019l\u0131 y\u0131llara avangart duru\u015fu ile damgas\u0131n\u0131 vuran ve d\u00fcnya moda sekt\u00f6r\u00fc tarihine bir k\u00fclt - designer olarak ad\u0131n\u0131","protected":false},"author":1,"featured_media":0,"parent":0,"menu_order":0,"comment_status":"closed","ping_status":"closed","template":"","meta":{"footnotes":""},"class_list":["post-1173","page","type-page","status-publish","hentry"],"yoast_head":"<!-- This site is optimized with the Yoast SEO plugin v27.4 - https:\/\/yoast.com\/product\/yoast-seo-wordpress\/ -->\n<title>Hikayemiz - Pierre Cardin Yatak<\/title>\n<meta name=\"description\" content=\"Pierre Cardin Bedding d\u00fcnyas\u0131yla tan\u0131\u015f\u0131n. Tutkuyla \u00fcretmek ve \u00fcretti\u011fine inanmak. Yeniliklerimizden haberdar olun.\" \/>\n<meta name=\"robots\" content=\"index, follow, max-snippet:-1, max-image-preview:large, max-video-preview:-1\" \/>\n<link rel=\"canonical\" href=\"https:\/\/pierrecardinyatak.com.tr\/en\/hikayemiz\/\" \/>\n<meta property=\"og:locale\" content=\"en_GB\" \/>\n<meta property=\"og:type\" content=\"article\" \/>\n<meta property=\"og:title\" content=\"Hikayemiz - Pierre Cardin Yatak\" \/>\n<meta property=\"og:description\" content=\"Pierre Cardin Bedding d\u00fcnyas\u0131yla tan\u0131\u015f\u0131n. Tutkuyla \u00fcretmek ve \u00fcretti\u011fine inanmak. Yeniliklerimizden haberdar olun.\" \/>\n<meta property=\"og:url\" content=\"https:\/\/pierrecardinyatak.com.tr\/en\/hikayemiz\/\" \/>\n<meta property=\"og:site_name\" content=\"Pierre Cardin Yatak\" \/>\n<meta property=\"article:publisher\" content=\"https:\/\/www.facebook.com\/pierrecardinyatak\" \/>\n<meta property=\"article:modified_time\" content=\"2023-01-31T12:02:21+00:00\" \/>\n<meta name=\"twitter:card\" content=\"summary_large_image\" \/>\n<meta name=\"twitter:site\" content=\"@pcardinbedding\" \/>\n<meta name=\"twitter:label1\" content=\"Estimated reading time\" \/>\n\t<meta name=\"twitter:data1\" content=\"1 minute\" \/>\n<script type=\"application\/ld+json\" class=\"yoast-schema-graph\">{\"@context\":\"https:\\\/\\\/schema.org\",\"@graph\":[{\"@type\":[\"Article\",\"BlogPosting\"],\"@id\":\"https:\\\/\\\/pierrecardinyatak.com.tr\\\/hikayemiz\\\/#article\",\"isPartOf\":{\"@id\":\"https:\\\/\\\/pierrecardinyatak.com.tr\\\/hikayemiz\\\/\"},\"author\":{\"name\":\"admin\",\"@id\":\"https:\\\/\\\/pierrecardinyatak.com.tr\\\/#\\\/schema\\\/person\\\/1c182155c79ef557a479bd374b58f902\"},\"headline\":\"Hikayemiz\",\"datePublished\":\"2022-11-22T07:27:21+00:00\",\"dateModified\":\"2023-01-31T12:02:21+00:00\",\"mainEntityOfPage\":{\"@id\":\"https:\\\/\\\/pierrecardinyatak.com.tr\\\/hikayemiz\\\/\"},\"wordCount\":163,\"inLanguage\":\"en-GB\"},{\"@type\":\"WebPage\",\"@id\":\"https:\\\/\\\/pierrecardinyatak.com.tr\\\/hikayemiz\\\/\",\"url\":\"https:\\\/\\\/pierrecardinyatak.com.tr\\\/hikayemiz\\\/\",\"name\":\"Hikayemiz - Pierre Cardin Yatak\",\"isPartOf\":{\"@id\":\"https:\\\/\\\/pierrecardinyatak.com.tr\\\/#website\"},\"datePublished\":\"2022-11-22T07:27:21+00:00\",\"dateModified\":\"2023-01-31T12:02:21+00:00\",\"description\":\"Pierre Cardin Bedding d\u00fcnyas\u0131yla tan\u0131\u015f\u0131n. Tutkuyla \u00fcretmek ve \u00fcretti\u011fine inanmak. Yeniliklerimizden haberdar olun.\",\"breadcrumb\":{\"@id\":\"https:\\\/\\\/pierrecardinyatak.com.tr\\\/hikayemiz\\\/#breadcrumb\"},\"inLanguage\":\"en-GB\",\"potentialAction\":[{\"@type\":\"ReadAction\",\"target\":[\"https:\\\/\\\/pierrecardinyatak.com.tr\\\/hikayemiz\\\/\"]}]},{\"@type\":\"BreadcrumbList\",\"@id\":\"https:\\\/\\\/pierrecardinyatak.com.tr\\\/hikayemiz\\\/#breadcrumb\",\"itemListElement\":[{\"@type\":\"ListItem\",\"position\":1,\"name\":\"Anasayfa\",\"item\":\"https:\\\/\\\/pierrecardinyatak.com.tr\\\/\"},{\"@type\":\"ListItem\",\"position\":2,\"name\":\"Hikayemiz\"}]},{\"@type\":\"WebSite\",\"@id\":\"https:\\\/\\\/pierrecardinyatak.com.tr\\\/#website\",\"url\":\"https:\\\/\\\/pierrecardinyatak.com.tr\\\/\",\"name\":\"Pierre Cardin Yatak\",\"description\":\"-\",\"potentialAction\":[{\"@type\":\"SearchAction\",\"target\":{\"@type\":\"EntryPoint\",\"urlTemplate\":\"https:\\\/\\\/pierrecardinyatak.com.tr\\\/?s={search_term_string}\"},\"query-input\":{\"@type\":\"PropertyValueSpecification\",\"valueRequired\":true,\"valueName\":\"search_term_string\"}}],\"inLanguage\":\"en-GB\"},{\"@type\":\"Person\",\"@id\":\"https:\\\/\\\/pierrecardinyatak.com.tr\\\/#\\\/schema\\\/person\\\/1c182155c79ef557a479bd374b58f902\",\"name\":\"admin\",\"image\":{\"@type\":\"ImageObject\",\"inLanguage\":\"en-GB\",\"@id\":\"https:\\\/\\\/secure.gravatar.com\\\/avatar\\\/3a0c75d6a4a7b2213bf32cead72e590c8f6aa56e5c7c70ea801e74aa7a9372bc?s=96&d=mm&r=g\",\"url\":\"https:\\\/\\\/secure.gravatar.com\\\/avatar\\\/3a0c75d6a4a7b2213bf32cead72e590c8f6aa56e5c7c70ea801e74aa7a9372bc?s=96&d=mm&r=g\",\"contentUrl\":\"https:\\\/\\\/secure.gravatar.com\\\/avatar\\\/3a0c75d6a4a7b2213bf32cead72e590c8f6aa56e5c7c70ea801e74aa7a9372bc?s=96&d=mm&r=g\",\"caption\":\"admin\"},\"sameAs\":[\"https:\\\/\\\/pierrecardinbedding.com.tr\"],\"url\":\"https:\\\/\\\/pierrecardinyatak.com.tr\\\/en\\\/author\\\/admin\\\/\"}]}<\/script>\n<!-- \/ Yoast SEO plugin. -->","yoast_head_json":{"title":"Hikayemiz - Pierre Cardin Yatak","description":"Pierre Cardin Bedding d\u00fcnyas\u0131yla tan\u0131\u015f\u0131n. Tutkuyla \u00fcretmek ve \u00fcretti\u011fine inanmak. Yeniliklerimizden haberdar olun.","robots":{"index":"index","follow":"follow","max-snippet":"max-snippet:-1","max-image-preview":"max-image-preview:large","max-video-preview":"max-video-preview:-1"},"canonical":"https:\/\/pierrecardinyatak.com.tr\/en\/hikayemiz\/","og_locale":"en_GB","og_type":"article","og_title":"Hikayemiz - Pierre Cardin Yatak","og_description":"Pierre Cardin Bedding d\u00fcnyas\u0131yla tan\u0131\u015f\u0131n. Tutkuyla \u00fcretmek ve \u00fcretti\u011fine inanmak. Yeniliklerimizden haberdar olun.","og_url":"https:\/\/pierrecardinyatak.com.tr\/en\/hikayemiz\/","og_site_name":"Pierre Cardin Yatak","article_publisher":"https:\/\/www.facebook.com\/pierrecardinyatak","article_modified_time":"2023-01-31T12:02:21+00:00","twitter_card":"summary_large_image","twitter_site":"@pcardinbedding","twitter_misc":{"Estimated reading time":"1 minute"},"schema":{"@context":"https:\/\/schema.org","@graph":[{"@type":["Article","BlogPosting"],"@id":"https:\/\/pierrecardinyatak.com.tr\/hikayemiz\/#article","isPartOf":{"@id":"https:\/\/pierrecardinyatak.com.tr\/hikayemiz\/"},"author":{"name":"admin","@id":"https:\/\/pierrecardinyatak.com.tr\/#\/schema\/person\/1c182155c79ef557a479bd374b58f902"},"headline":"Hikayemiz","datePublished":"2022-11-22T07:27:21+00:00","dateModified":"2023-01-31T12:02:21+00:00","mainEntityOfPage":{"@id":"https:\/\/pierrecardinyatak.com.tr\/hikayemiz\/"},"wordCount":163,"inLanguage":"en-GB"},{"@type":"WebPage","@id":"https:\/\/pierrecardinyatak.com.tr\/hikayemiz\/","url":"https:\/\/pierrecardinyatak.com.tr\/hikayemiz\/","name":"Hikayemiz - Pierre Cardin Yatak","isPartOf":{"@id":"https:\/\/pierrecardinyatak.com.tr\/#website"},"datePublished":"2022-11-22T07:27:21+00:00","dateModified":"2023-01-31T12:02:21+00:00","description":"Pierre Cardin Bedding d\u00fcnyas\u0131yla tan\u0131\u015f\u0131n. Tutkuyla \u00fcretmek ve \u00fcretti\u011fine inanmak. Yeniliklerimizden haberdar olun.","breadcrumb":{"@id":"https:\/\/pierrecardinyatak.com.tr\/hikayemiz\/#breadcrumb"},"inLanguage":"en-GB","potentialAction":[{"@type":"ReadAction","target":["https:\/\/pierrecardinyatak.com.tr\/hikayemiz\/"]}]},{"@type":"BreadcrumbList","@id":"https:\/\/pierrecardinyatak.com.tr\/hikayemiz\/#breadcrumb","itemListElement":[{"@type":"ListItem","position":1,"name":"Anasayfa","item":"https:\/\/pierrecardinyatak.com.tr\/"},{"@type":"ListItem","position":2,"name":"Hikayemiz"}]},{"@type":"WebSite","@id":"https:\/\/pierrecardinyatak.com.tr\/#website","url":"https:\/\/pierrecardinyatak.com.tr\/","name":"Pierre Cardin Bed","description":"-","potentialAction":[{"@type":"SearchAction","target":{"@type":"EntryPoint","urlTemplate":"https:\/\/pierrecardinyatak.com.tr\/?s={search_term_string}"},"query-input":{"@type":"PropertyValueSpecification","valueRequired":true,"valueName":"search_term_string"}}],"inLanguage":"en-GB"},{"@type":"Person","@id":"https:\/\/pierrecardinyatak.com.tr\/#\/schema\/person\/1c182155c79ef557a479bd374b58f902","name":"admin","image":{"@type":"ImageObject","inLanguage":"en-GB","@id":"https:\/\/secure.gravatar.com\/avatar\/3a0c75d6a4a7b2213bf32cead72e590c8f6aa56e5c7c70ea801e74aa7a9372bc?s=96&d=mm&r=g","url":"https:\/\/secure.gravatar.com\/avatar\/3a0c75d6a4a7b2213bf32cead72e590c8f6aa56e5c7c70ea801e74aa7a9372bc?s=96&d=mm&r=g","contentUrl":"https:\/\/secure.gravatar.com\/avatar\/3a0c75d6a4a7b2213bf32cead72e590c8f6aa56e5c7c70ea801e74aa7a9372bc?s=96&d=mm&r=g","caption":"admin"},"sameAs":["https:\/\/pierrecardinbedding.com.tr"],"url":"https:\/\/pierrecardinyatak.com.tr\/en\/author\/admin\/"}]}},"_links":{"self":[{"href":"https:\/\/pierrecardinyatak.com.tr\/en\/wp-json\/wp\/v2\/pages\/1173","targetHints":{"allow":["GET"]}}],"collection":[{"href":"https:\/\/pierrecardinyatak.com.tr\/en\/wp-json\/wp\/v2\/pages"}],"about":[{"href":"https:\/\/pierrecardinyatak.com.tr\/en\/wp-json\/wp\/v2\/types\/page"}],"author":[{"embeddable":true,"href":"https:\/\/pierrecardinyatak.com.tr\/en\/wp-json\/wp\/v2\/users\/1"}],"replies":[{"embeddable":true,"href":"https:\/\/pierrecardinyatak.com.tr\/en\/wp-json\/wp\/v2\/comments?post=1173"}],"version-history":[{"count":0,"href":"https:\/\/pierrecardinyatak.com.tr\/en\/wp-json\/wp\/v2\/pages\/1173\/revisions"}],"wp:attachment":[{"href":"https:\/\/pierrecardinyatak.com.tr\/en\/wp-json\/wp\/v2\/media?parent=1173"}],"curies":[{"name":"wp","href":"https:\/\/api.w.org\/{rel}","templated":true}]}}