{"id":2804,"date":"2022-12-20T10:40:46","date_gmt":"2022-12-20T07:40:46","guid":{"rendered":"https:\/\/pierrecardinbedding.com.tr\/?post_type=product&#038;p=2804"},"modified":"2025-05-27T17:51:26","modified_gmt":"2025-05-27T14:51:26","slug":"pure-ekru-duz-carsaf","status":"publish","type":"product","link":"https:\/\/pierrecardinyatak.com.tr\/az\/product\/pure-ekru-duz-carsaf\/","title":{"rendered":"Pure Ekru D\u00fcz \u00c7ar\u015faf"},"content":{"rendered":"<p>Pi Collection Pure D\u00fcz \u00c7ar\u015faf, yata\u011f\u0131n\u0131z\u0131 sararak, size e\u015fsiz uyku konforu sunar\u2026<\/p>\n<p>Soft rengi sayesinde, %100 Pamuklu ve 57 Tel dokuma ile \u00e7ekme yapmaz, y\u0131pranmaz ve solma yapmaz.<\/p>\n<p>Tek ki\u015filik \u00f6l\u00e7\u00fclerde tek yast\u0131k k\u0131l\u0131f\u0131, \u00e7ift ki\u015filik \u00f6l\u00e7\u00fclerde \u00e7ift yast\u0131k k\u0131l\u0131f\u0131 ile birlikte g\u00f6nderilir.<\/p>","protected":false},"excerpt":{"rendered":"<p><strong>%100 Pamuk &#8211; Ranforce 57 Tel<\/strong><\/p>","protected":false},"featured_media":0,"template":"","meta":[],"pwb-brand":[233,262],"product_brand":[],"product_cat":[100,103,101,346],"product_tag":[],"class_list":{"0":"post-2804","1":"product","2":"type-product","3":"status-publish","5":"pwb-brand-pamuk","6":"pwb-brand-ranforce-57-tel","7":"product_cat-carsaflar","8":"product_cat-carsaf-yastik-kilifi","9":"product_cat-duz-carsaflar","10":"product_cat-picollection","12":"first","13":"instock","14":"shipping-taxable","15":"purchasable","16":"product-type-variable","17":"has-default-attributes"},"yoast_head":"<!-- This site is optimized with the Yoast SEO plugin v25.7 - https:\/\/yoast.com\/wordpress\/plugins\/seo\/ -->\n<title>Pure Ekru D\u00fcz \u00c7ar\u015faf - Pierre Cardin Yatak<\/title>\n<meta name=\"description\" content=\"Pierre Cardin Bedding Pure Ekru D\u00fcz \u00c7ar\u015faf ile banyo keyfiniz daha sa\u011fl\u0131kl\u0131 hale gelecek. Pure d\u00fcz \u00e7ar\u015faflar ile \u00e7ok rahat edeceksiniz.\" \/>\n<meta name=\"robots\" content=\"index, follow, max-snippet:-1, max-image-preview:large, max-video-preview:-1\" \/>\n<link rel=\"canonical\" href=\"https:\/\/pierrecardinyatak.com.tr\/az\/product\/pure-ekru-duz-carsaf\/\" \/>\n<meta property=\"og:locale\" content=\"az_AZ\" \/>\n<meta property=\"og:type\" content=\"article\" \/>\n<meta property=\"og:title\" content=\"Pure Ekru D\u00fcz \u00c7ar\u015faf - Pierre Cardin Yatak\" \/>\n<meta property=\"og:description\" content=\"Pierre Cardin Bedding Pure Ekru D\u00fcz \u00c7ar\u015faf ile banyo keyfiniz daha sa\u011fl\u0131kl\u0131 hale gelecek. Pure d\u00fcz \u00e7ar\u015faflar ile \u00e7ok rahat edeceksiniz.\" \/>\n<meta property=\"og:url\" content=\"https:\/\/pierrecardinyatak.com.tr\/az\/product\/pure-ekru-duz-carsaf\/\" \/>\n<meta property=\"og:site_name\" content=\"Pierre Cardin Yatak\" \/>\n<meta property=\"article:publisher\" content=\"https:\/\/www.facebook.com\/pierrecardinyatak\" \/>\n<meta property=\"article:modified_time\" content=\"2025-05-27T14:51:26+00:00\" \/>\n<meta name=\"twitter:card\" content=\"summary_large_image\" \/>\n<meta name=\"twitter:site\" content=\"@pcardinbedding\" \/>\n<meta name=\"twitter:label1\" content=\"Est. reading time\" \/>\n\t<meta name=\"twitter:data1\" content=\"1 minute\" \/>\n<script type=\"application\/ld+json\" class=\"yoast-schema-graph\">{\"@context\":\"https:\/\/schema.org\",\"@graph\":[{\"@type\":[\"WebPage\",\"ItemPage\"],\"@id\":\"https:\/\/pierrecardinyatak.com.tr\/urun\/pure-ekru-duz-carsaf\/\",\"url\":\"https:\/\/pierrecardinyatak.com.tr\/urun\/pure-ekru-duz-carsaf\/\",\"name\":\"Pure Ekru D\u00fcz \u00c7ar\u015faf - Pierre Cardin Yatak\",\"isPartOf\":{\"@id\":\"https:\/\/pierrecardinyatak.com.tr\/#website\"},\"datePublished\":\"2022-12-20T07:40:46+00:00\",\"dateModified\":\"2025-05-27T14:51:26+00:00\",\"description\":\"Pierre Cardin Bedding Pure Ekru D\u00fcz \u00c7ar\u015faf ile banyo keyfiniz daha sa\u011fl\u0131kl\u0131 hale gelecek. Pure d\u00fcz \u00e7ar\u015faflar ile \u00e7ok rahat edeceksiniz.\",\"breadcrumb\":{\"@id\":\"https:\/\/pierrecardinyatak.com.tr\/urun\/pure-ekru-duz-carsaf\/#breadcrumb\"},\"inLanguage\":\"az\",\"potentialAction\":[{\"@type\":\"ReadAction\",\"target\":[\"https:\/\/pierrecardinyatak.com.tr\/urun\/pure-ekru-duz-carsaf\/\"]}]},{\"@type\":\"BreadcrumbList\",\"@id\":\"https:\/\/pierrecardinyatak.com.tr\/urun\/pure-ekru-duz-carsaf\/#breadcrumb\",\"itemListElement\":[{\"@type\":\"ListItem\",\"position\":1,\"name\":\"Anasayfa\",\"item\":\"https:\/\/pierrecardinyatak.com.tr\/\"},{\"@type\":\"ListItem\",\"position\":2,\"name\":\"Ma\u011faza\",\"item\":\"https:\/\/pierrecardinyatak.com.tr\/magaza\/\"},{\"@type\":\"ListItem\",\"position\":3,\"name\":\"Pure Ekru D\u00fcz \u00c7ar\u015faf\"}]},{\"@type\":\"WebSite\",\"@id\":\"https:\/\/pierrecardinyatak.com.tr\/#website\",\"url\":\"https:\/\/pierrecardinyatak.com.tr\/\",\"name\":\"Pierre Cardin Yatak\",\"description\":\"-\",\"potentialAction\":[{\"@type\":\"SearchAction\",\"target\":{\"@type\":\"EntryPoint\",\"urlTemplate\":\"https:\/\/pierrecardinyatak.com.tr\/?s={search_term_string}\"},\"query-input\":{\"@type\":\"PropertyValueSpecification\",\"valueRequired\":true,\"valueName\":\"search_term_string\"}}],\"inLanguage\":\"az\"}]}<\/script>\n<!-- \/ Yoast SEO plugin. -->","yoast_head_json":{"title":"Pure Ekru D\u00fcz \u00c7ar\u015faf - Pierre Cardin Yatak","description":"Pierre Cardin Bedding Pure Ekru D\u00fcz \u00c7ar\u015faf ile banyo keyfiniz daha sa\u011fl\u0131kl\u0131 hale gelecek. Pure d\u00fcz \u00e7ar\u015faflar ile \u00e7ok rahat edeceksiniz.","robots":{"index":"index","follow":"follow","max-snippet":"max-snippet:-1","max-image-preview":"max-image-preview:large","max-video-preview":"max-video-preview:-1"},"canonical":"https:\/\/pierrecardinyatak.com.tr\/az\/product\/pure-ekru-duz-carsaf\/","og_locale":"az_AZ","og_type":"article","og_title":"Pure Ekru D\u00fcz \u00c7ar\u015faf - Pierre Cardin Yatak","og_description":"Pierre Cardin Bedding Pure Ekru D\u00fcz \u00c7ar\u015faf ile banyo keyfiniz daha sa\u011fl\u0131kl\u0131 hale gelecek. Pure d\u00fcz \u00e7ar\u015faflar ile \u00e7ok rahat edeceksiniz.","og_url":"https:\/\/pierrecardinyatak.com.tr\/az\/product\/pure-ekru-duz-carsaf\/","og_site_name":"Pierre Cardin Yatak","article_publisher":"https:\/\/www.facebook.com\/pierrecardinyatak","article_modified_time":"2025-05-27T14:51:26+00:00","twitter_card":"summary_large_image","twitter_site":"@pcardinbedding","twitter_misc":{"Est. reading time":"1 minute"},"schema":{"@context":"https:\/\/schema.org","@graph":[{"@type":["WebPage","ItemPage"],"@id":"https:\/\/pierrecardinyatak.com.tr\/urun\/pure-ekru-duz-carsaf\/","url":"https:\/\/pierrecardinyatak.com.tr\/urun\/pure-ekru-duz-carsaf\/","name":"Pure Ekru D\u00fcz \u00c7ar\u015faf - Pierre Cardin Yatak","isPartOf":{"@id":"https:\/\/pierrecardinyatak.com.tr\/#website"},"datePublished":"2022-12-20T07:40:46+00:00","dateModified":"2025-05-27T14:51:26+00:00","description":"Pierre Cardin Bedding Pure Ekru D\u00fcz \u00c7ar\u015faf ile banyo keyfiniz daha sa\u011fl\u0131kl\u0131 hale gelecek. Pure d\u00fcz \u00e7ar\u015faflar ile \u00e7ok rahat edeceksiniz.","breadcrumb":{"@id":"https:\/\/pierrecardinyatak.com.tr\/urun\/pure-ekru-duz-carsaf\/#breadcrumb"},"inLanguage":"az","potentialAction":[{"@type":"ReadAction","target":["https:\/\/pierrecardinyatak.com.tr\/urun\/pure-ekru-duz-carsaf\/"]}]},{"@type":"BreadcrumbList","@id":"https:\/\/pierrecardinyatak.com.tr\/urun\/pure-ekru-duz-carsaf\/#breadcrumb","itemListElement":[{"@type":"ListItem","position":1,"name":"Anasayfa","item":"https:\/\/pierrecardinyatak.com.tr\/"},{"@type":"ListItem","position":2,"name":"Ma\u011faza","item":"https:\/\/pierrecardinyatak.com.tr\/magaza\/"},{"@type":"ListItem","position":3,"name":"Pure Ekru D\u00fcz \u00c7ar\u015faf"}]},{"@type":"WebSite","@id":"https:\/\/pierrecardinyatak.com.tr\/#website","url":"https:\/\/pierrecardinyatak.com.tr\/","name":"Pierre Cardin Yatak","description":"-","potentialAction":[{"@type":"SearchAction","target":{"@type":"EntryPoint","urlTemplate":"https:\/\/pierrecardinyatak.com.tr\/?s={search_term_string}"},"query-input":{"@type":"PropertyValueSpecification","valueRequired":true,"valueName":"search_term_string"}}],"inLanguage":"az"}]}},"brands":[{"id":233,"name":"Pamuk","slug":"pamuk"},{"id":262,"name":"Ranforce 57 Tel","slug":"ranforce-57-tel"}],"_links":{"self":[{"href":"https:\/\/pierrecardinyatak.com.tr\/az\/wp-json\/wp\/v2\/product\/2804","targetHints":{"allow":["GET"]}}],"collection":[{"href":"https:\/\/pierrecardinyatak.com.tr\/az\/wp-json\/wp\/v2\/product"}],"about":[{"href":"https:\/\/pierrecardinyatak.com.tr\/az\/wp-json\/wp\/v2\/types\/product"}],"wp:attachment":[{"href":"https:\/\/pierrecardinyatak.com.tr\/az\/wp-json\/wp\/v2\/media?parent=2804"}],"wp:term":[{"taxonomy":"pwb-brand","embeddable":true,"href":"https:\/\/pierrecardinyatak.com.tr\/az\/wp-json\/wp\/v2\/pwb-brand?post=2804"},{"taxonomy":"product_brand","embeddable":true,"href":"https:\/\/pierrecardinyatak.com.tr\/az\/wp-json\/wp\/v2\/product_brand?post=2804"},{"taxonomy":"product_cat","embeddable":true,"href":"https:\/\/pierrecardinyatak.com.tr\/az\/wp-json\/wp\/v2\/product_cat?post=2804"},{"taxonomy":"product_tag","embeddable":true,"href":"https:\/\/pierrecardinyatak.com.tr\/az\/wp-json\/wp\/v2\/product_tag?post=2804"}],"curies":[{"name":"wp","href":"https:\/\/api.w.org\/{rel}","templated":true}]}}