{"id":2654,"date":"2022-12-18T13:27:55","date_gmt":"2022-12-18T10:27:55","guid":{"rendered":"https:\/\/pierrecardinbedding.com.tr\/?post_type=product&#038;p=2654"},"modified":"2026-04-03T16:01:36","modified_gmt":"2026-04-03T13:01:36","slug":"cotonia-yastik","status":"publish","type":"product","link":"https:\/\/pierrecardinyatak.com.tr\/az\/product\/cotonia-yastik\/","title":{"rendered":"Cotonia Yast\u0131k"},"content":{"rendered":"<p>En eski dolgu malzemesi olan pamuk, v\u00fccudun nem dengesini korur ve uyku konforunuzu artt\u0131rmaya yard\u0131mc\u0131 olur.<\/p>\n<p>Pamuk nefes alabilen bir yap\u0131ya sahiptir ve yumu\u015fakt\u0131r. Fazla nemi tutar, serinlik hissi verir.<\/p>\n<p>Uyku ortam\u0131nda \u0131s\u0131y\u0131 dengeleyerek terleme sorununu engellemeye yard\u0131mc\u0131 olur. \u0130lkbahar ve yaz kullan\u0131m\u0131 i\u00e7in ideal bir \u00fcr\u00fcnd\u00fcr.<\/p>\n<ul>\n<li>Pamuk<\/li>\n<li>50&#215;70<\/li>\n<\/ul>","protected":false},"excerpt":{"rendered":"<p><strong>Pamuk &#8211; \u0130lkbahar ve Yaz Aylar\u0131 \u0130\u00e7in \u0130deal<\/strong><\/p>","protected":false},"featured_media":3687,"template":"","meta":[],"pwb-brand":[234,233],"product_brand":[],"product_cat":[159,160,280,165,81,346,161,163,21],"product_tag":[],"class_list":{"0":"post-2654","1":"product","2":"type-product","3":"status-publish","4":"has-post-thumbnail","6":"pwb-brand-ilkbahar-ve-yaz-aylari-icin-ideal","7":"pwb-brand-pamuk","8":"product_cat-cozum-urunleri-yastik","9":"product_cat-dogalligi-sevenler-yastik","10":"product_cat-icerige-gore-yastik","11":"product_cat-isi-nem-dengeleyiciler-yastik","12":"product_cat-pamuk-yastiklar","13":"product_cat-picollection","14":"product_cat-serinleme-etkisi-arayanlar-yastik","15":"product_cat-usuyenler-terleyenler-yastik","16":"product_cat-yastik","18":"first","19":"instock","20":"shipping-taxable","21":"purchasable","22":"product-type-simple"},"yoast_head":"<!-- This site is optimized with the Yoast SEO plugin v25.7 - https:\/\/yoast.com\/wordpress\/plugins\/seo\/ -->\n<title>Cotonia Yast\u0131k - Pierre Cardin Yatak<\/title>\n<meta name=\"description\" content=\"Pierre Cardin Bedding Cotonia Yast\u0131k ile \u00e7ok rahat edeceksiniz. Pamuksu dokusu sayesinde v\u00fccudun nem dengesini korur ve uyku konforunuzu artt\u0131r\u0131r.\" \/>\n<meta name=\"robots\" content=\"index, follow, max-snippet:-1, max-image-preview:large, max-video-preview:-1\" \/>\n<link rel=\"canonical\" href=\"https:\/\/pierrecardinyatak.com.tr\/az\/product\/cotonia-yastik\/\" \/>\n<meta property=\"og:locale\" content=\"az_AZ\" \/>\n<meta property=\"og:type\" content=\"article\" \/>\n<meta property=\"og:title\" content=\"Cotonia Yast\u0131k - Pierre Cardin Yatak\" \/>\n<meta property=\"og:description\" content=\"Pierre Cardin Bedding Cotonia Yast\u0131k ile \u00e7ok rahat edeceksiniz. Pamuksu dokusu sayesinde v\u00fccudun nem dengesini korur ve uyku konforunuzu artt\u0131r\u0131r.\" \/>\n<meta property=\"og:url\" content=\"https:\/\/pierrecardinyatak.com.tr\/az\/product\/cotonia-yastik\/\" \/>\n<meta property=\"og:site_name\" content=\"Pierre Cardin Yatak\" \/>\n<meta property=\"article:publisher\" content=\"https:\/\/www.facebook.com\/pierrecardinyatak\" \/>\n<meta property=\"article:modified_time\" content=\"2026-04-03T13:01:36+00:00\" \/>\n<meta property=\"og:image\" content=\"https:\/\/pierrecardinyatak.com.tr\/wp-content\/uploads\/2022\/12\/urun-cotonia-yastik-liste.jpg\" \/>\n\t<meta property=\"og:image:width\" content=\"580\" \/>\n\t<meta property=\"og:image:height\" content=\"435\" \/>\n\t<meta property=\"og:image:type\" content=\"image\/jpeg\" \/>\n<meta name=\"twitter:card\" content=\"summary_large_image\" \/>\n<meta name=\"twitter:site\" content=\"@pcardinbedding\" \/>\n<meta name=\"twitter:label1\" content=\"Est. reading time\" \/>\n\t<meta name=\"twitter:data1\" content=\"1 minute\" \/>\n<script type=\"application\/ld+json\" class=\"yoast-schema-graph\">{\"@context\":\"https:\/\/schema.org\",\"@graph\":[{\"@type\":[\"WebPage\",\"ItemPage\"],\"@id\":\"https:\/\/pierrecardinyatak.com.tr\/urun\/cotonia-yastik\/\",\"url\":\"https:\/\/pierrecardinyatak.com.tr\/urun\/cotonia-yastik\/\",\"name\":\"Cotonia Yast\u0131k - Pierre Cardin Yatak\",\"isPartOf\":{\"@id\":\"https:\/\/pierrecardinyatak.com.tr\/#website\"},\"primaryImageOfPage\":{\"@id\":\"https:\/\/pierrecardinyatak.com.tr\/urun\/cotonia-yastik\/#primaryimage\"},\"image\":{\"@id\":\"https:\/\/pierrecardinyatak.com.tr\/urun\/cotonia-yastik\/#primaryimage\"},\"thumbnailUrl\":\"https:\/\/pierrecardinyatak.com.tr\/wp-content\/uploads\/2022\/12\/urun-cotonia-yastik-liste.jpg\",\"datePublished\":\"2022-12-18T10:27:55+00:00\",\"dateModified\":\"2026-04-03T13:01:36+00:00\",\"description\":\"Pierre Cardin Bedding Cotonia Yast\u0131k ile \u00e7ok rahat edeceksiniz. Pamuksu dokusu sayesinde v\u00fccudun nem dengesini korur ve uyku konforunuzu artt\u0131r\u0131r.\",\"breadcrumb\":{\"@id\":\"https:\/\/pierrecardinyatak.com.tr\/urun\/cotonia-yastik\/#breadcrumb\"},\"inLanguage\":\"az\",\"potentialAction\":[{\"@type\":\"ReadAction\",\"target\":[\"https:\/\/pierrecardinyatak.com.tr\/urun\/cotonia-yastik\/\"]}]},{\"@type\":\"ImageObject\",\"inLanguage\":\"az\",\"@id\":\"https:\/\/pierrecardinyatak.com.tr\/urun\/cotonia-yastik\/#primaryimage\",\"url\":\"https:\/\/pierrecardinyatak.com.tr\/wp-content\/uploads\/2022\/12\/urun-cotonia-yastik-liste.jpg\",\"contentUrl\":\"https:\/\/pierrecardinyatak.com.tr\/wp-content\/uploads\/2022\/12\/urun-cotonia-yastik-liste.jpg\",\"width\":580,\"height\":435,\"caption\":\"Yumu\u015fakl\u0131k ve Destek: Pierre Cardin Cotonia Yast\u0131k Konforlu Bir Uyku Deneyimi - Hemen \u0130nceleyin\"},{\"@type\":\"BreadcrumbList\",\"@id\":\"https:\/\/pierrecardinyatak.com.tr\/urun\/cotonia-yastik\/#breadcrumb\",\"itemListElement\":[{\"@type\":\"ListItem\",\"position\":1,\"name\":\"Anasayfa\",\"item\":\"https:\/\/pierrecardinyatak.com.tr\/\"},{\"@type\":\"ListItem\",\"position\":2,\"name\":\"Ma\u011faza\",\"item\":\"https:\/\/pierrecardinyatak.com.tr\/magaza\/\"},{\"@type\":\"ListItem\",\"position\":3,\"name\":\"Cotonia Yast\u0131k\"}]},{\"@type\":\"WebSite\",\"@id\":\"https:\/\/pierrecardinyatak.com.tr\/#website\",\"url\":\"https:\/\/pierrecardinyatak.com.tr\/\",\"name\":\"Pierre Cardin Yatak\",\"description\":\"-\",\"potentialAction\":[{\"@type\":\"SearchAction\",\"target\":{\"@type\":\"EntryPoint\",\"urlTemplate\":\"https:\/\/pierrecardinyatak.com.tr\/?s={search_term_string}\"},\"query-input\":{\"@type\":\"PropertyValueSpecification\",\"valueRequired\":true,\"valueName\":\"search_term_string\"}}],\"inLanguage\":\"az\"}]}<\/script>\n<!-- \/ Yoast SEO plugin. -->","yoast_head_json":{"title":"Cotonia Yast\u0131k - Pierre Cardin Yatak","description":"Pierre Cardin Bedding Cotonia Yast\u0131k ile \u00e7ok rahat edeceksiniz. Pamuksu dokusu sayesinde v\u00fccudun nem dengesini korur ve uyku konforunuzu artt\u0131r\u0131r.","robots":{"index":"index","follow":"follow","max-snippet":"max-snippet:-1","max-image-preview":"max-image-preview:large","max-video-preview":"max-video-preview:-1"},"canonical":"https:\/\/pierrecardinyatak.com.tr\/az\/product\/cotonia-yastik\/","og_locale":"az_AZ","og_type":"article","og_title":"Cotonia Yast\u0131k - Pierre Cardin Yatak","og_description":"Pierre Cardin Bedding Cotonia Yast\u0131k ile \u00e7ok rahat edeceksiniz. Pamuksu dokusu sayesinde v\u00fccudun nem dengesini korur ve uyku konforunuzu artt\u0131r\u0131r.","og_url":"https:\/\/pierrecardinyatak.com.tr\/az\/product\/cotonia-yastik\/","og_site_name":"Pierre Cardin Yatak","article_publisher":"https:\/\/www.facebook.com\/pierrecardinyatak","article_modified_time":"2026-04-03T13:01:36+00:00","og_image":[{"width":580,"height":435,"url":"https:\/\/pierrecardinyatak.com.tr\/wp-content\/uploads\/2022\/12\/urun-cotonia-yastik-liste.jpg","type":"image\/jpeg"}],"twitter_card":"summary_large_image","twitter_site":"@pcardinbedding","twitter_misc":{"Est. reading time":"1 minute"},"schema":{"@context":"https:\/\/schema.org","@graph":[{"@type":["WebPage","ItemPage"],"@id":"https:\/\/pierrecardinyatak.com.tr\/urun\/cotonia-yastik\/","url":"https:\/\/pierrecardinyatak.com.tr\/urun\/cotonia-yastik\/","name":"Cotonia Yast\u0131k - Pierre Cardin Yatak","isPartOf":{"@id":"https:\/\/pierrecardinyatak.com.tr\/#website"},"primaryImageOfPage":{"@id":"https:\/\/pierrecardinyatak.com.tr\/urun\/cotonia-yastik\/#primaryimage"},"image":{"@id":"https:\/\/pierrecardinyatak.com.tr\/urun\/cotonia-yastik\/#primaryimage"},"thumbnailUrl":"https:\/\/pierrecardinyatak.com.tr\/wp-content\/uploads\/2022\/12\/urun-cotonia-yastik-liste.jpg","datePublished":"2022-12-18T10:27:55+00:00","dateModified":"2026-04-03T13:01:36+00:00","description":"Pierre Cardin Bedding Cotonia Yast\u0131k ile \u00e7ok rahat edeceksiniz. Pamuksu dokusu sayesinde v\u00fccudun nem dengesini korur ve uyku konforunuzu artt\u0131r\u0131r.","breadcrumb":{"@id":"https:\/\/pierrecardinyatak.com.tr\/urun\/cotonia-yastik\/#breadcrumb"},"inLanguage":"az","potentialAction":[{"@type":"ReadAction","target":["https:\/\/pierrecardinyatak.com.tr\/urun\/cotonia-yastik\/"]}]},{"@type":"ImageObject","inLanguage":"az","@id":"https:\/\/pierrecardinyatak.com.tr\/urun\/cotonia-yastik\/#primaryimage","url":"https:\/\/pierrecardinyatak.com.tr\/wp-content\/uploads\/2022\/12\/urun-cotonia-yastik-liste.jpg","contentUrl":"https:\/\/pierrecardinyatak.com.tr\/wp-content\/uploads\/2022\/12\/urun-cotonia-yastik-liste.jpg","width":580,"height":435,"caption":"Yumu\u015fakl\u0131k ve Destek: Pierre Cardin Cotonia Yast\u0131k Konforlu Bir Uyku Deneyimi - Hemen \u0130nceleyin"},{"@type":"BreadcrumbList","@id":"https:\/\/pierrecardinyatak.com.tr\/urun\/cotonia-yastik\/#breadcrumb","itemListElement":[{"@type":"ListItem","position":1,"name":"Anasayfa","item":"https:\/\/pierrecardinyatak.com.tr\/"},{"@type":"ListItem","position":2,"name":"Ma\u011faza","item":"https:\/\/pierrecardinyatak.com.tr\/magaza\/"},{"@type":"ListItem","position":3,"name":"Cotonia Yast\u0131k"}]},{"@type":"WebSite","@id":"https:\/\/pierrecardinyatak.com.tr\/#website","url":"https:\/\/pierrecardinyatak.com.tr\/","name":"Pierre Cardin Yatak","description":"-","potentialAction":[{"@type":"SearchAction","target":{"@type":"EntryPoint","urlTemplate":"https:\/\/pierrecardinyatak.com.tr\/?s={search_term_string}"},"query-input":{"@type":"PropertyValueSpecification","valueRequired":true,"valueName":"search_term_string"}}],"inLanguage":"az"}]}},"brands":[{"id":234,"name":"\u0130lkbahar ve Yaz Aylar\u0131 \u0130\u00e7in \u0130deal","slug":"ilkbahar-ve-yaz-aylari-icin-ideal"},{"id":233,"name":"Pamuk","slug":"pamuk"}],"_links":{"self":[{"href":"https:\/\/pierrecardinyatak.com.tr\/az\/wp-json\/wp\/v2\/product\/2654","targetHints":{"allow":["GET"]}}],"collection":[{"href":"https:\/\/pierrecardinyatak.com.tr\/az\/wp-json\/wp\/v2\/product"}],"about":[{"href":"https:\/\/pierrecardinyatak.com.tr\/az\/wp-json\/wp\/v2\/types\/product"}],"wp:featuredmedia":[{"embeddable":true,"href":"https:\/\/pierrecardinyatak.com.tr\/az\/wp-json\/wp\/v2\/media\/3687"}],"wp:attachment":[{"href":"https:\/\/pierrecardinyatak.com.tr\/az\/wp-json\/wp\/v2\/media?parent=2654"}],"wp:term":[{"taxonomy":"pwb-brand","embeddable":true,"href":"https:\/\/pierrecardinyatak.com.tr\/az\/wp-json\/wp\/v2\/pwb-brand?post=2654"},{"taxonomy":"product_brand","embeddable":true,"href":"https:\/\/pierrecardinyatak.com.tr\/az\/wp-json\/wp\/v2\/product_brand?post=2654"},{"taxonomy":"product_cat","embeddable":true,"href":"https:\/\/pierrecardinyatak.com.tr\/az\/wp-json\/wp\/v2\/product_cat?post=2654"},{"taxonomy":"product_tag","embeddable":true,"href":"https:\/\/pierrecardinyatak.com.tr\/az\/wp-json\/wp\/v2\/product_tag?post=2654"}],"curies":[{"name":"wp","href":"https:\/\/api.w.org\/{rel}","templated":true}]}}