{"id":2652,"date":"2022-12-18T13:22:58","date_gmt":"2022-12-18T10:22:58","guid":{"rendered":"https:\/\/pierrecardinbedding.com.tr\/?post_type=product&#038;p=2652"},"modified":"2026-04-03T16:00:07","modified_gmt":"2026-04-03T13:00:07","slug":"cloudia-yastik","status":"publish","type":"product","link":"https:\/\/pierrecardinyatak.com.tr\/az\/product\/cloudia-yastik\/","title":{"rendered":"Cloudia Yast\u0131k"},"content":{"rendered":"<p>Bulutlarda Uyuman\u0131n Tad\u0131n\u0131 Merak Edenlere\u2026<\/p>\n<p>Kaz t\u00fcy\u00fcnden sonra en yumu\u015fak dolgu malzemesidir. Kaz t\u00fcy\u00fcn\u00fc tercih etmeyen ancak ayn\u0131 yumu\u015fakl\u0131\u011f\u0131 ve hafifli\u011fini hissetmek isteyenler i\u00e7in idealdir.<\/p>\n<p>Kolay y\u0131kanabilir, hafif, yumu\u015fak, temiz bir dolgu malzemesine sahip \u00fcr\u00fcn\u00fcm\u00fcz; dolgun ve \u015f\u0131k yap\u0131s\u0131yla y\u00fcksek uyku konforu sunuyor\u2026<\/p>\n<ul>\n<li>Microfiber<\/li>\n<li>50&#215;70<\/li>\n<\/ul>","protected":false},"excerpt":{"rendered":"<p><strong>Elyaf, Bahar Aylar\u0131 \u0130\u00e7in \u0130deal<\/strong><\/p>","protected":false},"featured_media":3685,"template":"","meta":[],"pwb-brand":[232,231],"product_brand":[],"product_cat":[159,280,80,346,162,21],"product_tag":[],"class_list":{"0":"post-2652","1":"product","2":"type-product","3":"status-publish","4":"has-post-thumbnail","6":"pwb-brand-bahar-aylari-icin-ideal","7":"pwb-brand-elyaf","8":"product_cat-cozum-urunleri-yastik","9":"product_cat-icerige-gore-yastik","10":"product_cat-microfiber-yastiklar","11":"product_cat-picollection","12":"product_cat-temiz-uyku-sevenler-yastik","13":"product_cat-yastik","15":"first","16":"instock","17":"shipping-taxable","18":"purchasable","19":"product-type-simple"},"yoast_head":"<!-- This site is optimized with the Yoast SEO plugin v25.7 - https:\/\/yoast.com\/wordpress\/plugins\/seo\/ -->\n<title>Cloudia Yast\u0131k - Pierre Cardin Yatak<\/title>\n<meta name=\"description\" content=\"Pierre Cardin Bedding Cloudia Yast\u0131k ile \u00e7ok rahat edeceksiniz. Microfiber yap\u0131s\u0131 sayesinde cildinizin nefes almas\u0131na yard\u0131mc\u0131 olur.\" \/>\n<meta name=\"robots\" content=\"index, follow, max-snippet:-1, max-image-preview:large, max-video-preview:-1\" \/>\n<link rel=\"canonical\" href=\"https:\/\/pierrecardinyatak.com.tr\/az\/product\/cloudia-yastik\/\" \/>\n<meta property=\"og:locale\" content=\"az_AZ\" \/>\n<meta property=\"og:type\" content=\"article\" \/>\n<meta property=\"og:title\" content=\"Cloudia Yast\u0131k - Pierre Cardin Yatak\" \/>\n<meta property=\"og:description\" content=\"Pierre Cardin Bedding Cloudia Yast\u0131k ile \u00e7ok rahat edeceksiniz. Microfiber yap\u0131s\u0131 sayesinde cildinizin nefes almas\u0131na yard\u0131mc\u0131 olur.\" \/>\n<meta property=\"og:url\" content=\"https:\/\/pierrecardinyatak.com.tr\/az\/product\/cloudia-yastik\/\" \/>\n<meta property=\"og:site_name\" content=\"Pierre Cardin Yatak\" \/>\n<meta property=\"article:publisher\" content=\"https:\/\/www.facebook.com\/pierrecardinyatak\" \/>\n<meta property=\"article:modified_time\" content=\"2026-04-03T13:00:07+00:00\" \/>\n<meta property=\"og:image\" content=\"https:\/\/pierrecardinyatak.com.tr\/wp-content\/uploads\/2022\/12\/urun-cloudia-yastik-liste-1.jpg\" \/>\n\t<meta property=\"og:image:width\" content=\"580\" \/>\n\t<meta property=\"og:image:height\" content=\"435\" \/>\n\t<meta property=\"og:image:type\" content=\"image\/jpeg\" \/>\n<meta name=\"twitter:card\" content=\"summary_large_image\" \/>\n<meta name=\"twitter:site\" content=\"@pcardinbedding\" \/>\n<meta name=\"twitter:label1\" content=\"Est. reading time\" \/>\n\t<meta name=\"twitter:data1\" content=\"1 minute\" \/>\n<script type=\"application\/ld+json\" class=\"yoast-schema-graph\">{\"@context\":\"https:\/\/schema.org\",\"@graph\":[{\"@type\":[\"WebPage\",\"ItemPage\"],\"@id\":\"https:\/\/pierrecardinyatak.com.tr\/urun\/cloudia-yastik\/\",\"url\":\"https:\/\/pierrecardinyatak.com.tr\/urun\/cloudia-yastik\/\",\"name\":\"Cloudia Yast\u0131k - Pierre Cardin Yatak\",\"isPartOf\":{\"@id\":\"https:\/\/pierrecardinyatak.com.tr\/#website\"},\"primaryImageOfPage\":{\"@id\":\"https:\/\/pierrecardinyatak.com.tr\/urun\/cloudia-yastik\/#primaryimage\"},\"image\":{\"@id\":\"https:\/\/pierrecardinyatak.com.tr\/urun\/cloudia-yastik\/#primaryimage\"},\"thumbnailUrl\":\"https:\/\/pierrecardinyatak.com.tr\/wp-content\/uploads\/2022\/12\/urun-cloudia-yastik-liste-1.jpg\",\"datePublished\":\"2022-12-18T10:22:58+00:00\",\"dateModified\":\"2026-04-03T13:00:07+00:00\",\"description\":\"Pierre Cardin Bedding Cloudia Yast\u0131k ile \u00e7ok rahat edeceksiniz. Microfiber yap\u0131s\u0131 sayesinde cildinizin nefes almas\u0131na yard\u0131mc\u0131 olur.\",\"breadcrumb\":{\"@id\":\"https:\/\/pierrecardinyatak.com.tr\/urun\/cloudia-yastik\/#breadcrumb\"},\"inLanguage\":\"az\",\"potentialAction\":[{\"@type\":\"ReadAction\",\"target\":[\"https:\/\/pierrecardinyatak.com.tr\/urun\/cloudia-yastik\/\"]}]},{\"@type\":\"ImageObject\",\"inLanguage\":\"az\",\"@id\":\"https:\/\/pierrecardinyatak.com.tr\/urun\/cloudia-yastik\/#primaryimage\",\"url\":\"https:\/\/pierrecardinyatak.com.tr\/wp-content\/uploads\/2022\/12\/urun-cloudia-yastik-liste-1.jpg\",\"contentUrl\":\"https:\/\/pierrecardinyatak.com.tr\/wp-content\/uploads\/2022\/12\/urun-cloudia-yastik-liste-1.jpg\",\"width\":580,\"height\":435,\"caption\":\"Bulut Gibi Konfor: Pierre Cardin Cloudia Yast\u0131k Yumu\u015fakl\u0131k ve Destek Bir Arada - Hemen \u0130nceleyin\"},{\"@type\":\"BreadcrumbList\",\"@id\":\"https:\/\/pierrecardinyatak.com.tr\/urun\/cloudia-yastik\/#breadcrumb\",\"itemListElement\":[{\"@type\":\"ListItem\",\"position\":1,\"name\":\"Anasayfa\",\"item\":\"https:\/\/pierrecardinyatak.com.tr\/\"},{\"@type\":\"ListItem\",\"position\":2,\"name\":\"Ma\u011faza\",\"item\":\"https:\/\/pierrecardinyatak.com.tr\/magaza\/\"},{\"@type\":\"ListItem\",\"position\":3,\"name\":\"Cloudia Yast\u0131k\"}]},{\"@type\":\"WebSite\",\"@id\":\"https:\/\/pierrecardinyatak.com.tr\/#website\",\"url\":\"https:\/\/pierrecardinyatak.com.tr\/\",\"name\":\"Pierre Cardin Yatak\",\"description\":\"-\",\"potentialAction\":[{\"@type\":\"SearchAction\",\"target\":{\"@type\":\"EntryPoint\",\"urlTemplate\":\"https:\/\/pierrecardinyatak.com.tr\/?s={search_term_string}\"},\"query-input\":{\"@type\":\"PropertyValueSpecification\",\"valueRequired\":true,\"valueName\":\"search_term_string\"}}],\"inLanguage\":\"az\"}]}<\/script>\n<!-- \/ Yoast SEO plugin. -->","yoast_head_json":{"title":"Cloudia Yast\u0131k - Pierre Cardin Yatak","description":"Pierre Cardin Bedding Cloudia Yast\u0131k ile \u00e7ok rahat edeceksiniz. Microfiber yap\u0131s\u0131 sayesinde cildinizin nefes almas\u0131na yard\u0131mc\u0131 olur.","robots":{"index":"index","follow":"follow","max-snippet":"max-snippet:-1","max-image-preview":"max-image-preview:large","max-video-preview":"max-video-preview:-1"},"canonical":"https:\/\/pierrecardinyatak.com.tr\/az\/product\/cloudia-yastik\/","og_locale":"az_AZ","og_type":"article","og_title":"Cloudia Yast\u0131k - Pierre Cardin Yatak","og_description":"Pierre Cardin Bedding Cloudia Yast\u0131k ile \u00e7ok rahat edeceksiniz. Microfiber yap\u0131s\u0131 sayesinde cildinizin nefes almas\u0131na yard\u0131mc\u0131 olur.","og_url":"https:\/\/pierrecardinyatak.com.tr\/az\/product\/cloudia-yastik\/","og_site_name":"Pierre Cardin Yatak","article_publisher":"https:\/\/www.facebook.com\/pierrecardinyatak","article_modified_time":"2026-04-03T13:00:07+00:00","og_image":[{"width":580,"height":435,"url":"https:\/\/pierrecardinyatak.com.tr\/wp-content\/uploads\/2022\/12\/urun-cloudia-yastik-liste-1.jpg","type":"image\/jpeg"}],"twitter_card":"summary_large_image","twitter_site":"@pcardinbedding","twitter_misc":{"Est. reading time":"1 minute"},"schema":{"@context":"https:\/\/schema.org","@graph":[{"@type":["WebPage","ItemPage"],"@id":"https:\/\/pierrecardinyatak.com.tr\/urun\/cloudia-yastik\/","url":"https:\/\/pierrecardinyatak.com.tr\/urun\/cloudia-yastik\/","name":"Cloudia Yast\u0131k - Pierre Cardin Yatak","isPartOf":{"@id":"https:\/\/pierrecardinyatak.com.tr\/#website"},"primaryImageOfPage":{"@id":"https:\/\/pierrecardinyatak.com.tr\/urun\/cloudia-yastik\/#primaryimage"},"image":{"@id":"https:\/\/pierrecardinyatak.com.tr\/urun\/cloudia-yastik\/#primaryimage"},"thumbnailUrl":"https:\/\/pierrecardinyatak.com.tr\/wp-content\/uploads\/2022\/12\/urun-cloudia-yastik-liste-1.jpg","datePublished":"2022-12-18T10:22:58+00:00","dateModified":"2026-04-03T13:00:07+00:00","description":"Pierre Cardin Bedding Cloudia Yast\u0131k ile \u00e7ok rahat edeceksiniz. Microfiber yap\u0131s\u0131 sayesinde cildinizin nefes almas\u0131na yard\u0131mc\u0131 olur.","breadcrumb":{"@id":"https:\/\/pierrecardinyatak.com.tr\/urun\/cloudia-yastik\/#breadcrumb"},"inLanguage":"az","potentialAction":[{"@type":"ReadAction","target":["https:\/\/pierrecardinyatak.com.tr\/urun\/cloudia-yastik\/"]}]},{"@type":"ImageObject","inLanguage":"az","@id":"https:\/\/pierrecardinyatak.com.tr\/urun\/cloudia-yastik\/#primaryimage","url":"https:\/\/pierrecardinyatak.com.tr\/wp-content\/uploads\/2022\/12\/urun-cloudia-yastik-liste-1.jpg","contentUrl":"https:\/\/pierrecardinyatak.com.tr\/wp-content\/uploads\/2022\/12\/urun-cloudia-yastik-liste-1.jpg","width":580,"height":435,"caption":"Bulut Gibi Konfor: Pierre Cardin Cloudia Yast\u0131k Yumu\u015fakl\u0131k ve Destek Bir Arada - Hemen \u0130nceleyin"},{"@type":"BreadcrumbList","@id":"https:\/\/pierrecardinyatak.com.tr\/urun\/cloudia-yastik\/#breadcrumb","itemListElement":[{"@type":"ListItem","position":1,"name":"Anasayfa","item":"https:\/\/pierrecardinyatak.com.tr\/"},{"@type":"ListItem","position":2,"name":"Ma\u011faza","item":"https:\/\/pierrecardinyatak.com.tr\/magaza\/"},{"@type":"ListItem","position":3,"name":"Cloudia Yast\u0131k"}]},{"@type":"WebSite","@id":"https:\/\/pierrecardinyatak.com.tr\/#website","url":"https:\/\/pierrecardinyatak.com.tr\/","name":"Pierre Cardin Yatak","description":"-","potentialAction":[{"@type":"SearchAction","target":{"@type":"EntryPoint","urlTemplate":"https:\/\/pierrecardinyatak.com.tr\/?s={search_term_string}"},"query-input":{"@type":"PropertyValueSpecification","valueRequired":true,"valueName":"search_term_string"}}],"inLanguage":"az"}]}},"brands":[{"id":232,"name":"Bahar Aylar\u0131 \u0130\u00e7in \u0130deal","slug":"bahar-aylari-icin-ideal"},{"id":231,"name":"Elyaf","slug":"elyaf"}],"_links":{"self":[{"href":"https:\/\/pierrecardinyatak.com.tr\/az\/wp-json\/wp\/v2\/product\/2652","targetHints":{"allow":["GET"]}}],"collection":[{"href":"https:\/\/pierrecardinyatak.com.tr\/az\/wp-json\/wp\/v2\/product"}],"about":[{"href":"https:\/\/pierrecardinyatak.com.tr\/az\/wp-json\/wp\/v2\/types\/product"}],"wp:featuredmedia":[{"embeddable":true,"href":"https:\/\/pierrecardinyatak.com.tr\/az\/wp-json\/wp\/v2\/media\/3685"}],"wp:attachment":[{"href":"https:\/\/pierrecardinyatak.com.tr\/az\/wp-json\/wp\/v2\/media?parent=2652"}],"wp:term":[{"taxonomy":"pwb-brand","embeddable":true,"href":"https:\/\/pierrecardinyatak.com.tr\/az\/wp-json\/wp\/v2\/pwb-brand?post=2652"},{"taxonomy":"product_brand","embeddable":true,"href":"https:\/\/pierrecardinyatak.com.tr\/az\/wp-json\/wp\/v2\/product_brand?post=2652"},{"taxonomy":"product_cat","embeddable":true,"href":"https:\/\/pierrecardinyatak.com.tr\/az\/wp-json\/wp\/v2\/product_cat?post=2652"},{"taxonomy":"product_tag","embeddable":true,"href":"https:\/\/pierrecardinyatak.com.tr\/az\/wp-json\/wp\/v2\/product_tag?post=2652"}],"curies":[{"name":"wp","href":"https:\/\/api.w.org\/{rel}","templated":true}]}}