{"id":14115,"date":"2026-02-06T15:59:07","date_gmt":"2026-02-06T12:59:07","guid":{"rendered":"https:\/\/pierrecardinyatak.com.tr\/?post_type=product&#038;p=14115"},"modified":"2026-04-02T00:44:45","modified_gmt":"2026-04-01T21:44:45","slug":"la-fayette-yatak","status":"publish","type":"product","link":"https:\/\/pierrecardinyatak.com.tr\/az\/product\/la-fayette-yatak\/","title":{"rendered":"La Fayette Yatak"},"content":{"rendered":"<div class=\"wpb-content-wrapper\"><div class=\"vc_row wpb_row vc_row-fluid\"><div class=\"wpb_column vc_column_container vc_col-sm-6\"><div class=\"vc_column-inner\"><div class=\"wpb_wrapper\"><div class=\"vc_row wpb_row vc_inner vc_row-fluid\"><div class=\"wpb_column vc_column_container vc_col-sm-6\"><div class=\"vc_column-inner\"><div class=\"wpb_wrapper\">\n\t<div class=\"wpb_text_column wpb_content_element\" >\n\t\t<div class=\"wpb_wrapper\">\n\t\t\t<p><strong>SMART &amp; SOFT<\/strong><\/p>\n<p class=\"p1\">Yatak kuma\u015f\u0131na uygulanan Smart&amp;Soft teknolojisi, cilt \u00fczerinde m\u00fckemmel nem emici \u00f6zelli\u011fini uygular, ferah ve e\u015fsiz bir uyku deneyimi sunar.<\/p>\n\n\t\t<\/div>\n\t<\/div>\n<\/div><\/div><\/div><div class=\"wpb_column vc_column_container vc_col-sm-6\"><div class=\"vc_column-inner\"><div class=\"wpb_wrapper\">\n\t<div class=\"wpb_text_column wpb_content_element\" >\n\t\t<div class=\"wpb_wrapper\">\n\t\t\t<p><strong>EXTRA FIRM FOAM<\/strong><br \/>\nEKSTRA SERT S\u00dcNGER<\/p>\n<p class=\"p1\">Y\u00fcksek yo\u011funluklu yap\u0131s\u0131yla Extra Firm Foam, maksimum stabilite ve dayan\u0131kl\u0131l\u0131k sunar. A\u015f\u0131r\u0131 g\u00f6m\u00fclmeyi \u00f6nleyerek omurgan\u0131n do\u011fal hizas\u0131n\u0131 destekler; daha sert ve g\u00fc\u00e7l\u00fc destek arayanlar i\u00e7in ideal bir uyku y\u00fczeyi sa\u011flar.<\/p>\n\n\t\t<\/div>\n\t<\/div>\n<\/div><\/div><\/div><\/div><\/div><\/div><\/div><div class=\"wpb_column vc_column_container vc_col-sm-6\"><div class=\"vc_column-inner\"><div class=\"wpb_wrapper\">\t\t<div id=\"wd-69b418d05fcd3\" class=\"wd-image wd-wpb wd-rs-69b418d05fcd3 text-center\">\n\t\t\t\n\t\t\t<img decoding=\"async\" width=\"1006\" height=\"160\" src=\"https:\/\/pierrecardinyatak.com.tr\/wp-content\/uploads\/2026\/03\/la-fayette-1.png\" class=\"attachment-full size-full\" alt=\"\" srcset=\"https:\/\/pierrecardinyatak.com.tr\/wp-content\/uploads\/2026\/03\/la-fayette-1.png 1006w, https:\/\/pierrecardinyatak.com.tr\/wp-content\/uploads\/2026\/03\/la-fayette-1-300x48.png 300w, https:\/\/pierrecardinyatak.com.tr\/wp-content\/uploads\/2026\/03\/la-fayette-1-768x122.png 768w, https:\/\/pierrecardinyatak.com.tr\/wp-content\/uploads\/2026\/03\/la-fayette-1-18x3.png 18w, https:\/\/pierrecardinyatak.com.tr\/wp-content\/uploads\/2026\/03\/la-fayette-1-150x24.png 150w, https:\/\/pierrecardinyatak.com.tr\/wp-content\/uploads\/2026\/03\/la-fayette-1-500x80.png 500w, https:\/\/pierrecardinyatak.com.tr\/wp-content\/uploads\/2026\/03\/la-fayette-1-800x127.png 800w\" sizes=\"(max-width: 1006px) 100vw, 1006px\" \/>\n\t\t\t\t\t<\/div>\n\t\t\t\t<div id=\"wd-69b418dfb07a1\" class=\"wd-image wd-wpb wd-rs-69b418dfb07a1 text-center\">\n\t\t\t\n\t\t\t<img decoding=\"async\" width=\"1006\" height=\"160\" src=\"https:\/\/pierrecardinyatak.com.tr\/wp-content\/uploads\/2026\/03\/la-fayette-2.png\" class=\"attachment-full size-full\" alt=\"\" srcset=\"https:\/\/pierrecardinyatak.com.tr\/wp-content\/uploads\/2026\/03\/la-fayette-2.png 1006w, https:\/\/pierrecardinyatak.com.tr\/wp-content\/uploads\/2026\/03\/la-fayette-2-300x48.png 300w, https:\/\/pierrecardinyatak.com.tr\/wp-content\/uploads\/2026\/03\/la-fayette-2-768x122.png 768w, https:\/\/pierrecardinyatak.com.tr\/wp-content\/uploads\/2026\/03\/la-fayette-2-18x3.png 18w, https:\/\/pierrecardinyatak.com.tr\/wp-content\/uploads\/2026\/03\/la-fayette-2-150x24.png 150w, https:\/\/pierrecardinyatak.com.tr\/wp-content\/uploads\/2026\/03\/la-fayette-2-500x80.png 500w, https:\/\/pierrecardinyatak.com.tr\/wp-content\/uploads\/2026\/03\/la-fayette-2-800x127.png 800w\" sizes=\"(max-width: 1006px) 100vw, 1006px\" \/>\n\t\t\t\t\t<\/div>\n\t\t<\/div><\/div><\/div><\/div><div class=\"vc_row wpb_row vc_row-fluid vc_row-o-content-middle vc_row-flex wd-rs-69b287874ce7c\"><div class=\"wpb_column vc_column_container vc_col-sm-12\"><div class=\"vc_column-inner\"><div class=\"wpb_wrapper\">\t\t<div id=\"wd-69b418eb6608b\" class=\"wd-image wd-wpb wd-rs-69b418eb6608b text-center\">\n\t\t\t\n\t\t\t<img decoding=\"async\" width=\"925\" height=\"530\" src=\"https:\/\/pierrecardinyatak.com.tr\/wp-content\/uploads\/2026\/03\/la-fayette-3.png\" class=\"attachment-full size-full\" alt=\"\" srcset=\"https:\/\/pierrecardinyatak.com.tr\/wp-content\/uploads\/2026\/03\/la-fayette-3.png 925w, https:\/\/pierrecardinyatak.com.tr\/wp-content\/uploads\/2026\/03\/la-fayette-3-300x172.png 300w, https:\/\/pierrecardinyatak.com.tr\/wp-content\/uploads\/2026\/03\/la-fayette-3-768x440.png 768w, https:\/\/pierrecardinyatak.com.tr\/wp-content\/uploads\/2026\/03\/la-fayette-3-18x10.png 18w, https:\/\/pierrecardinyatak.com.tr\/wp-content\/uploads\/2026\/03\/la-fayette-3-150x86.png 150w, https:\/\/pierrecardinyatak.com.tr\/wp-content\/uploads\/2026\/03\/la-fayette-3-500x286.png 500w, https:\/\/pierrecardinyatak.com.tr\/wp-content\/uploads\/2026\/03\/la-fayette-3-800x458.png 800w\" sizes=\"(max-width: 925px) 100vw, 925px\" \/>\n\t\t\t\t\t<\/div>\n\t\t<\/div><\/div><\/div><\/div>\n<\/div>","protected":false},"excerpt":{"rendered":"SMART &amp; SOFT Yatak kuma\u015f\u0131na uygulanan Smart&amp;Soft teknolojisi, cilt \u00fczerinde m\u00fckemmel nem emici \u00f6zelli\u011fini uygular, ferah ve e\u015fsiz bir uyku","protected":false},"featured_media":14106,"template":"","meta":[],"pwb-brand":[434,438,430,432,435,433,431,386,437],"product_brand":[],"product_cat":[219],"product_tag":[],"class_list":{"0":"post-14115","1":"product","2":"type-product","3":"status-publish","4":"has-post-thumbnail","6":"pwb-brand-2-0-yay","7":"pwb-brand-ekstra-sert-konfor-sungeri","8":"pwb-brand-hareket-izolasyonu","9":"pwb-brand-hot-melt-teknolojisi","10":"pwb-brand-hyper-foam-sunger","11":"pwb-brand-kaymaz-yuzey","12":"pwb-brand-omurga-destegi","13":"pwb-brand-paket-yay","14":"pwb-brand-smart-soft-sunger","15":"product_cat-yataklar-ana-kategori","17":"first","18":"instock","19":"shipping-taxable","20":"purchasable","21":"product-type-variable"},"yoast_head":"<!-- This site is optimized with the Yoast SEO plugin v25.7 - https:\/\/yoast.com\/wordpress\/plugins\/seo\/ -->\n<title>La Fayette Yatak - Pierre Cardin Yatak<\/title>\n<meta name=\"description\" content=\"La Fayette Yatak - Pierre Cardin Yatak\" \/>\n<meta name=\"robots\" content=\"index, follow, max-snippet:-1, max-image-preview:large, max-video-preview:-1\" \/>\n<link rel=\"canonical\" href=\"https:\/\/pierrecardinyatak.com.tr\/az\/product\/la-fayette-yatak\/\" \/>\n<meta property=\"og:locale\" content=\"az_AZ\" \/>\n<meta property=\"og:type\" content=\"article\" \/>\n<meta property=\"og:title\" content=\"La Fayette Yatak - Pierre Cardin Yatak\" \/>\n<meta property=\"og:description\" content=\"La Fayette Yatak - Pierre Cardin Yatak\" \/>\n<meta property=\"og:url\" content=\"https:\/\/pierrecardinyatak.com.tr\/az\/product\/la-fayette-yatak\/\" \/>\n<meta property=\"og:site_name\" content=\"Pierre Cardin Yatak\" \/>\n<meta property=\"article:publisher\" content=\"https:\/\/www.facebook.com\/pierrecardinyatak\" \/>\n<meta property=\"article:modified_time\" content=\"2026-04-01T21:44:45+00:00\" \/>\n<meta property=\"og:image\" content=\"https:\/\/pierrecardinyatak.com.tr\/wp-content\/uploads\/2026\/02\/la-fayette-12797-2-1.jpg\" \/>\n\t<meta property=\"og:image:width\" content=\"2048\" \/>\n\t<meta property=\"og:image:height\" content=\"2048\" \/>\n\t<meta property=\"og:image:type\" content=\"image\/jpeg\" \/>\n<meta name=\"twitter:card\" content=\"summary_large_image\" \/>\n<meta name=\"twitter:site\" content=\"@pcardinbedding\" \/>\n<meta name=\"twitter:label1\" content=\"Est. reading time\" \/>\n\t<meta name=\"twitter:data1\" content=\"2 minutes\" \/>\n<script type=\"application\/ld+json\" class=\"yoast-schema-graph\">{\"@context\":\"https:\/\/schema.org\",\"@graph\":[{\"@type\":[\"WebPage\",\"ItemPage\"],\"@id\":\"https:\/\/pierrecardinyatak.com.tr\/urun\/la-fayette-yatak\/\",\"url\":\"https:\/\/pierrecardinyatak.com.tr\/urun\/la-fayette-yatak\/\",\"name\":\"La Fayette Yatak - Pierre Cardin Yatak\",\"isPartOf\":{\"@id\":\"https:\/\/pierrecardinyatak.com.tr\/#website\"},\"primaryImageOfPage\":{\"@id\":\"https:\/\/pierrecardinyatak.com.tr\/urun\/la-fayette-yatak\/#primaryimage\"},\"image\":{\"@id\":\"https:\/\/pierrecardinyatak.com.tr\/urun\/la-fayette-yatak\/#primaryimage\"},\"thumbnailUrl\":\"https:\/\/pierrecardinyatak.com.tr\/wp-content\/uploads\/2026\/02\/la-fayette-12797-2-1.jpg\",\"datePublished\":\"2026-02-06T12:59:07+00:00\",\"dateModified\":\"2026-04-01T21:44:45+00:00\",\"description\":\"La Fayette Yatak - Pierre Cardin Yatak\",\"breadcrumb\":{\"@id\":\"https:\/\/pierrecardinyatak.com.tr\/urun\/la-fayette-yatak\/#breadcrumb\"},\"inLanguage\":\"az\",\"potentialAction\":[{\"@type\":\"ReadAction\",\"target\":[\"https:\/\/pierrecardinyatak.com.tr\/urun\/la-fayette-yatak\/\"]}]},{\"@type\":\"ImageObject\",\"inLanguage\":\"az\",\"@id\":\"https:\/\/pierrecardinyatak.com.tr\/urun\/la-fayette-yatak\/#primaryimage\",\"url\":\"https:\/\/pierrecardinyatak.com.tr\/wp-content\/uploads\/2026\/02\/la-fayette-12797-2-1.jpg\",\"contentUrl\":\"https:\/\/pierrecardinyatak.com.tr\/wp-content\/uploads\/2026\/02\/la-fayette-12797-2-1.jpg\",\"width\":2048,\"height\":2048},{\"@type\":\"BreadcrumbList\",\"@id\":\"https:\/\/pierrecardinyatak.com.tr\/urun\/la-fayette-yatak\/#breadcrumb\",\"itemListElement\":[{\"@type\":\"ListItem\",\"position\":1,\"name\":\"Anasayfa\",\"item\":\"https:\/\/pierrecardinyatak.com.tr\/\"},{\"@type\":\"ListItem\",\"position\":2,\"name\":\"Ma\u011faza\",\"item\":\"https:\/\/pierrecardinyatak.com.tr\/magaza\/\"},{\"@type\":\"ListItem\",\"position\":3,\"name\":\"La Fayette Yatak\"}]},{\"@type\":\"WebSite\",\"@id\":\"https:\/\/pierrecardinyatak.com.tr\/#website\",\"url\":\"https:\/\/pierrecardinyatak.com.tr\/\",\"name\":\"Pierre Cardin Yatak\",\"description\":\"-\",\"potentialAction\":[{\"@type\":\"SearchAction\",\"target\":{\"@type\":\"EntryPoint\",\"urlTemplate\":\"https:\/\/pierrecardinyatak.com.tr\/?s={search_term_string}\"},\"query-input\":{\"@type\":\"PropertyValueSpecification\",\"valueRequired\":true,\"valueName\":\"search_term_string\"}}],\"inLanguage\":\"az\"}]}<\/script>\n<!-- \/ Yoast SEO plugin. -->","yoast_head_json":{"title":"La Fayette Yatak - Pierre Cardin Yatak","description":"La Fayette Yatak - Pierre Cardin Yatak","robots":{"index":"index","follow":"follow","max-snippet":"max-snippet:-1","max-image-preview":"max-image-preview:large","max-video-preview":"max-video-preview:-1"},"canonical":"https:\/\/pierrecardinyatak.com.tr\/az\/product\/la-fayette-yatak\/","og_locale":"az_AZ","og_type":"article","og_title":"La Fayette Yatak - Pierre Cardin Yatak","og_description":"La Fayette Yatak - Pierre Cardin Yatak","og_url":"https:\/\/pierrecardinyatak.com.tr\/az\/product\/la-fayette-yatak\/","og_site_name":"Pierre Cardin Yatak","article_publisher":"https:\/\/www.facebook.com\/pierrecardinyatak","article_modified_time":"2026-04-01T21:44:45+00:00","og_image":[{"width":2048,"height":2048,"url":"https:\/\/pierrecardinyatak.com.tr\/wp-content\/uploads\/2026\/02\/la-fayette-12797-2-1.jpg","type":"image\/jpeg"}],"twitter_card":"summary_large_image","twitter_site":"@pcardinbedding","twitter_misc":{"Est. reading time":"2 minutes"},"schema":{"@context":"https:\/\/schema.org","@graph":[{"@type":["WebPage","ItemPage"],"@id":"https:\/\/pierrecardinyatak.com.tr\/urun\/la-fayette-yatak\/","url":"https:\/\/pierrecardinyatak.com.tr\/urun\/la-fayette-yatak\/","name":"La Fayette Yatak - Pierre Cardin Yatak","isPartOf":{"@id":"https:\/\/pierrecardinyatak.com.tr\/#website"},"primaryImageOfPage":{"@id":"https:\/\/pierrecardinyatak.com.tr\/urun\/la-fayette-yatak\/#primaryimage"},"image":{"@id":"https:\/\/pierrecardinyatak.com.tr\/urun\/la-fayette-yatak\/#primaryimage"},"thumbnailUrl":"https:\/\/pierrecardinyatak.com.tr\/wp-content\/uploads\/2026\/02\/la-fayette-12797-2-1.jpg","datePublished":"2026-02-06T12:59:07+00:00","dateModified":"2026-04-01T21:44:45+00:00","description":"La Fayette Yatak - Pierre Cardin Yatak","breadcrumb":{"@id":"https:\/\/pierrecardinyatak.com.tr\/urun\/la-fayette-yatak\/#breadcrumb"},"inLanguage":"az","potentialAction":[{"@type":"ReadAction","target":["https:\/\/pierrecardinyatak.com.tr\/urun\/la-fayette-yatak\/"]}]},{"@type":"ImageObject","inLanguage":"az","@id":"https:\/\/pierrecardinyatak.com.tr\/urun\/la-fayette-yatak\/#primaryimage","url":"https:\/\/pierrecardinyatak.com.tr\/wp-content\/uploads\/2026\/02\/la-fayette-12797-2-1.jpg","contentUrl":"https:\/\/pierrecardinyatak.com.tr\/wp-content\/uploads\/2026\/02\/la-fayette-12797-2-1.jpg","width":2048,"height":2048},{"@type":"BreadcrumbList","@id":"https:\/\/pierrecardinyatak.com.tr\/urun\/la-fayette-yatak\/#breadcrumb","itemListElement":[{"@type":"ListItem","position":1,"name":"Anasayfa","item":"https:\/\/pierrecardinyatak.com.tr\/"},{"@type":"ListItem","position":2,"name":"Ma\u011faza","item":"https:\/\/pierrecardinyatak.com.tr\/magaza\/"},{"@type":"ListItem","position":3,"name":"La Fayette Yatak"}]},{"@type":"WebSite","@id":"https:\/\/pierrecardinyatak.com.tr\/#website","url":"https:\/\/pierrecardinyatak.com.tr\/","name":"Pierre Cardin Yatak","description":"-","potentialAction":[{"@type":"SearchAction","target":{"@type":"EntryPoint","urlTemplate":"https:\/\/pierrecardinyatak.com.tr\/?s={search_term_string}"},"query-input":{"@type":"PropertyValueSpecification","valueRequired":true,"valueName":"search_term_string"}}],"inLanguage":"az"}]}},"brands":[{"id":434,"name":"2.0 Yay","slug":"2-0-yay"},{"id":438,"name":"Ekstra Sert Konfor S\u00fcngeri","slug":"ekstra-sert-konfor-sungeri"},{"id":430,"name":"Hareket \u0130zolasyonu","slug":"hareket-izolasyonu"},{"id":432,"name":"Hot Melt Teknolojisi","slug":"hot-melt-teknolojisi"},{"id":435,"name":"Hyper Foam S\u00fcnger","slug":"hyper-foam-sunger"},{"id":433,"name":"Kaymaz Y\u00fczey","slug":"kaymaz-yuzey"},{"id":431,"name":"Omurga Deste\u011fi","slug":"omurga-destegi"},{"id":386,"name":"Paket Yay Sistemi","slug":"paket-yay"},{"id":437,"name":"Smart Soft S\u00fcnger","slug":"smart-soft-sunger"}],"_links":{"self":[{"href":"https:\/\/pierrecardinyatak.com.tr\/az\/wp-json\/wp\/v2\/product\/14115","targetHints":{"allow":["GET"]}}],"collection":[{"href":"https:\/\/pierrecardinyatak.com.tr\/az\/wp-json\/wp\/v2\/product"}],"about":[{"href":"https:\/\/pierrecardinyatak.com.tr\/az\/wp-json\/wp\/v2\/types\/product"}],"wp:featuredmedia":[{"embeddable":true,"href":"https:\/\/pierrecardinyatak.com.tr\/az\/wp-json\/wp\/v2\/media\/14106"}],"wp:attachment":[{"href":"https:\/\/pierrecardinyatak.com.tr\/az\/wp-json\/wp\/v2\/media?parent=14115"}],"wp:term":[{"taxonomy":"pwb-brand","embeddable":true,"href":"https:\/\/pierrecardinyatak.com.tr\/az\/wp-json\/wp\/v2\/pwb-brand?post=14115"},{"taxonomy":"product_brand","embeddable":true,"href":"https:\/\/pierrecardinyatak.com.tr\/az\/wp-json\/wp\/v2\/product_brand?post=14115"},{"taxonomy":"product_cat","embeddable":true,"href":"https:\/\/pierrecardinyatak.com.tr\/az\/wp-json\/wp\/v2\/product_cat?post=14115"},{"taxonomy":"product_tag","embeddable":true,"href":"https:\/\/pierrecardinyatak.com.tr\/az\/wp-json\/wp\/v2\/product_tag?post=14115"}],"curies":[{"name":"wp","href":"https:\/\/api.w.org\/{rel}","templated":true}]}}