{"id":12471,"date":"2025-10-15T21:08:43","date_gmt":"2025-10-15T18:08:43","guid":{"rendered":"https:\/\/pierrecardinyatak.com.tr\/?post_type=product&#038;p=12471"},"modified":"2025-10-17T13:49:19","modified_gmt":"2025-10-17T10:49:19","slug":"camilla-yatak","status":"publish","type":"product","link":"https:\/\/pierrecardinyatak.com.tr\/az\/product\/camilla-yatak\/","title":{"rendered":"Camilla Yatak"},"content":{"rendered":"<div class=\"wpb-content-wrapper\"><div class=\"vc_row wpb_row vc_row-fluid\"><div class=\"wpb_column vc_column_container vc_col-sm-8\"><div class=\"vc_column-inner\"><div class=\"wpb_wrapper\">\n\t<div class=\"wpb_text_column wpb_content_element\" >\n\t\t<div class=\"wpb_wrapper\">\n\t\t\t<h2 style=\"font-size: 18px; text-align: left;\">\u00dcr\u00fcn \u00d6l\u00e7\u00fcleri:<\/h2>\n<ul>\n<li>090X190<\/li>\n<li>090X200<\/li>\n<li>100X200<\/li>\n<li>120X200<\/li>\n<li>140X190<\/li>\n<li>140X200<\/li>\n<li>150X200<\/li>\n<li>160X200<\/li>\n<li>180X200<\/li>\n<li style=\"text-align: left;\"><strong>Yatak Y\u00fcksekli\u011fi:<\/strong> 30 CM<\/li>\n<\/ul>\n\n\t\t<\/div>\n\t<\/div>\n<\/div><\/div><\/div><div class=\"wpb_column vc_column_container vc_col-sm-4\"><div class=\"vc_column-inner\"><div class=\"wpb_wrapper\">\t\t<div id=\"wd-68f21f01afd44\" class=\"wd-image wd-wpb wd-rs-68f21f01afd44 text-center\">\n\t\t\t\n\t\t\t<img decoding=\"async\" width=\"945\" height=\"902\" src=\"https:\/\/pierrecardinyatak.com.tr\/wp-content\/uploads\/2025\/10\/48.png\" class=\"attachment-full size-full\" alt=\"\" srcset=\"https:\/\/pierrecardinyatak.com.tr\/wp-content\/uploads\/2025\/10\/48.png 945w, https:\/\/pierrecardinyatak.com.tr\/wp-content\/uploads\/2025\/10\/48-300x286.png 300w, https:\/\/pierrecardinyatak.com.tr\/wp-content\/uploads\/2025\/10\/48-768x733.png 768w, https:\/\/pierrecardinyatak.com.tr\/wp-content\/uploads\/2025\/10\/48-13x12.png 13w, https:\/\/pierrecardinyatak.com.tr\/wp-content\/uploads\/2025\/10\/48-150x143.png 150w, https:\/\/pierrecardinyatak.com.tr\/wp-content\/uploads\/2025\/10\/48-500x477.png 500w, https:\/\/pierrecardinyatak.com.tr\/wp-content\/uploads\/2025\/10\/48-800x764.png 800w\" sizes=\"(max-width: 945px) 100vw, 945px\" \/>\n\t\t\t\t\t<\/div>\n\t\t<\/div><\/div><\/div><\/div><div class=\"wpb_column vc_column_container vc_col-sm-12\"><div class=\"vc_column-inner\"><div class=\"wpb_wrapper\"><\/div><\/div><\/div><div class=\"vc_row wpb_row vc_row-fluid\"><div class=\"wpb_column vc_column_container vc_col-sm-12\"><div class=\"vc_column-inner\"><div class=\"wpb_wrapper\">\t\t<div id=\"wd-68f21f11f0368\" class=\"wd-image wd-wpb wd-rs-68f21f11f0368 text-center\">\n\t\t\t\n\t\t\t<img decoding=\"async\" width=\"2000\" height=\"218\" src=\"https:\/\/pierrecardinyatak.com.tr\/wp-content\/uploads\/2025\/10\/Perakende-Pierre-Cardin-Ic-Piyasa-Fiyat-Listesi-2025-3-1-kopya.pdf-2.png\" class=\"attachment-full size-full\" alt=\"\" srcset=\"https:\/\/pierrecardinyatak.com.tr\/wp-content\/uploads\/2025\/10\/Perakende-Pierre-Cardin-Ic-Piyasa-Fiyat-Listesi-2025-3-1-kopya.pdf-2.png 2000w, https:\/\/pierrecardinyatak.com.tr\/wp-content\/uploads\/2025\/10\/Perakende-Pierre-Cardin-Ic-Piyasa-Fiyat-Listesi-2025-3-1-kopya.pdf-2-300x33.png 300w, https:\/\/pierrecardinyatak.com.tr\/wp-content\/uploads\/2025\/10\/Perakende-Pierre-Cardin-Ic-Piyasa-Fiyat-Listesi-2025-3-1-kopya.pdf-2-1024x112.png 1024w, https:\/\/pierrecardinyatak.com.tr\/wp-content\/uploads\/2025\/10\/Perakende-Pierre-Cardin-Ic-Piyasa-Fiyat-Listesi-2025-3-1-kopya.pdf-2-768x84.png 768w, https:\/\/pierrecardinyatak.com.tr\/wp-content\/uploads\/2025\/10\/Perakende-Pierre-Cardin-Ic-Piyasa-Fiyat-Listesi-2025-3-1-kopya.pdf-2-1536x167.png 1536w, https:\/\/pierrecardinyatak.com.tr\/wp-content\/uploads\/2025\/10\/Perakende-Pierre-Cardin-Ic-Piyasa-Fiyat-Listesi-2025-3-1-kopya.pdf-2-18x2.png 18w, https:\/\/pierrecardinyatak.com.tr\/wp-content\/uploads\/2025\/10\/Perakende-Pierre-Cardin-Ic-Piyasa-Fiyat-Listesi-2025-3-1-kopya.pdf-2-1200x131.png 1200w, https:\/\/pierrecardinyatak.com.tr\/wp-content\/uploads\/2025\/10\/Perakende-Pierre-Cardin-Ic-Piyasa-Fiyat-Listesi-2025-3-1-kopya.pdf-2-150x16.png 150w, https:\/\/pierrecardinyatak.com.tr\/wp-content\/uploads\/2025\/10\/Perakende-Pierre-Cardin-Ic-Piyasa-Fiyat-Listesi-2025-3-1-kopya.pdf-2-500x55.png 500w, https:\/\/pierrecardinyatak.com.tr\/wp-content\/uploads\/2025\/10\/Perakende-Pierre-Cardin-Ic-Piyasa-Fiyat-Listesi-2025-3-1-kopya.pdf-2-800x87.png 800w, https:\/\/pierrecardinyatak.com.tr\/wp-content\/uploads\/2025\/10\/Perakende-Pierre-Cardin-Ic-Piyasa-Fiyat-Listesi-2025-3-1-kopya.pdf-2-1280x140.png 1280w, https:\/\/pierrecardinyatak.com.tr\/wp-content\/uploads\/2025\/10\/Perakende-Pierre-Cardin-Ic-Piyasa-Fiyat-Listesi-2025-3-1-kopya.pdf-2-1920x209.png 1920w\" sizes=\"(max-width: 2000px) 100vw, 2000px\" \/>\n\t\t\t\t\t<\/div>\n\t\t<\/div><\/div><\/div><\/div>\n<\/div>","protected":false},"excerpt":{"rendered":"<p>&#8220;Camilla Yatak ile zinde uyand\u0131\u011f\u0131n\u0131z sabahlar unutulmaz bir tatilin kahraman\u0131 olacakt\u0131r.&#8221;<\/p>","protected":false},"featured_media":12481,"template":"","meta":[],"pwb-brand":[],"product_brand":[],"product_cat":[385],"product_tag":[],"class_list":{"0":"post-12471","1":"product","2":"type-product","3":"status-publish","4":"has-post-thumbnail","6":"product_cat-otel","8":"first","9":"instock","10":"shipping-taxable","11":"product-type-variable"},"yoast_head":"<!-- This site is optimized with the Yoast SEO plugin v25.7 - https:\/\/yoast.com\/wordpress\/plugins\/seo\/ -->\n<title>Camilla Yatak - Pierre Cardin Yatak<\/title>\n<meta name=\"description\" content=\"Camilla Yatak - Pierre Cardin Yatak\" \/>\n<meta name=\"robots\" content=\"index, follow, max-snippet:-1, max-image-preview:large, max-video-preview:-1\" \/>\n<link rel=\"canonical\" href=\"https:\/\/pierrecardinyatak.com.tr\/az\/product\/camilla-yatak\/\" \/>\n<meta property=\"og:locale\" content=\"az_AZ\" \/>\n<meta property=\"og:type\" content=\"article\" \/>\n<meta property=\"og:title\" content=\"Camilla Yatak - Pierre Cardin Yatak\" \/>\n<meta property=\"og:description\" content=\"Camilla Yatak - Pierre Cardin Yatak\" \/>\n<meta property=\"og:url\" content=\"https:\/\/pierrecardinyatak.com.tr\/az\/product\/camilla-yatak\/\" \/>\n<meta property=\"og:site_name\" content=\"Pierre Cardin Yatak\" \/>\n<meta property=\"article:publisher\" content=\"https:\/\/www.facebook.com\/pierrecardinyatak\" \/>\n<meta property=\"article:modified_time\" content=\"2025-10-17T10:49:19+00:00\" \/>\n<meta property=\"og:image\" content=\"https:\/\/pierrecardinyatak.com.tr\/wp-content\/uploads\/2025\/10\/camilla.jpg\" \/>\n\t<meta property=\"og:image:width\" content=\"2535\" \/>\n\t<meta property=\"og:image:height\" content=\"2118\" \/>\n\t<meta property=\"og:image:type\" content=\"image\/jpeg\" \/>\n<meta name=\"twitter:card\" content=\"summary_large_image\" \/>\n<meta name=\"twitter:site\" content=\"@pcardinbedding\" \/>\n<meta name=\"twitter:label1\" content=\"Est. reading time\" \/>\n\t<meta name=\"twitter:data1\" content=\"1 minute\" \/>\n<script type=\"application\/ld+json\" class=\"yoast-schema-graph\">{\"@context\":\"https:\/\/schema.org\",\"@graph\":[{\"@type\":[\"WebPage\",\"ItemPage\"],\"@id\":\"https:\/\/pierrecardinyatak.com.tr\/urun\/camilla-yatak\/\",\"url\":\"https:\/\/pierrecardinyatak.com.tr\/urun\/camilla-yatak\/\",\"name\":\"Camilla Yatak - Pierre Cardin Yatak\",\"isPartOf\":{\"@id\":\"https:\/\/pierrecardinyatak.com.tr\/#website\"},\"primaryImageOfPage\":{\"@id\":\"https:\/\/pierrecardinyatak.com.tr\/urun\/camilla-yatak\/#primaryimage\"},\"image\":{\"@id\":\"https:\/\/pierrecardinyatak.com.tr\/urun\/camilla-yatak\/#primaryimage\"},\"thumbnailUrl\":\"https:\/\/pierrecardinyatak.com.tr\/wp-content\/uploads\/2025\/10\/camilla.jpg\",\"datePublished\":\"2025-10-15T18:08:43+00:00\",\"dateModified\":\"2025-10-17T10:49:19+00:00\",\"description\":\"Camilla Yatak - Pierre Cardin Yatak\",\"breadcrumb\":{\"@id\":\"https:\/\/pierrecardinyatak.com.tr\/urun\/camilla-yatak\/#breadcrumb\"},\"inLanguage\":\"az\",\"potentialAction\":[{\"@type\":\"ReadAction\",\"target\":[\"https:\/\/pierrecardinyatak.com.tr\/urun\/camilla-yatak\/\"]}]},{\"@type\":\"ImageObject\",\"inLanguage\":\"az\",\"@id\":\"https:\/\/pierrecardinyatak.com.tr\/urun\/camilla-yatak\/#primaryimage\",\"url\":\"https:\/\/pierrecardinyatak.com.tr\/wp-content\/uploads\/2025\/10\/camilla.jpg\",\"contentUrl\":\"https:\/\/pierrecardinyatak.com.tr\/wp-content\/uploads\/2025\/10\/camilla.jpg\",\"width\":2535,\"height\":2118},{\"@type\":\"BreadcrumbList\",\"@id\":\"https:\/\/pierrecardinyatak.com.tr\/urun\/camilla-yatak\/#breadcrumb\",\"itemListElement\":[{\"@type\":\"ListItem\",\"position\":1,\"name\":\"Anasayfa\",\"item\":\"https:\/\/pierrecardinyatak.com.tr\/\"},{\"@type\":\"ListItem\",\"position\":2,\"name\":\"Ma\u011faza\",\"item\":\"https:\/\/pierrecardinyatak.com.tr\/magaza\/\"},{\"@type\":\"ListItem\",\"position\":3,\"name\":\"Camilla Yatak\"}]},{\"@type\":\"WebSite\",\"@id\":\"https:\/\/pierrecardinyatak.com.tr\/#website\",\"url\":\"https:\/\/pierrecardinyatak.com.tr\/\",\"name\":\"Pierre Cardin Yatak\",\"description\":\"-\",\"potentialAction\":[{\"@type\":\"SearchAction\",\"target\":{\"@type\":\"EntryPoint\",\"urlTemplate\":\"https:\/\/pierrecardinyatak.com.tr\/?s={search_term_string}\"},\"query-input\":{\"@type\":\"PropertyValueSpecification\",\"valueRequired\":true,\"valueName\":\"search_term_string\"}}],\"inLanguage\":\"az\"}]}<\/script>\n<!-- \/ Yoast SEO plugin. -->","yoast_head_json":{"title":"Camilla Yatak - Pierre Cardin Yatak","description":"Camilla Yatak - Pierre Cardin Yatak","robots":{"index":"index","follow":"follow","max-snippet":"max-snippet:-1","max-image-preview":"max-image-preview:large","max-video-preview":"max-video-preview:-1"},"canonical":"https:\/\/pierrecardinyatak.com.tr\/az\/product\/camilla-yatak\/","og_locale":"az_AZ","og_type":"article","og_title":"Camilla Yatak - Pierre Cardin Yatak","og_description":"Camilla Yatak - Pierre Cardin Yatak","og_url":"https:\/\/pierrecardinyatak.com.tr\/az\/product\/camilla-yatak\/","og_site_name":"Pierre Cardin Yatak","article_publisher":"https:\/\/www.facebook.com\/pierrecardinyatak","article_modified_time":"2025-10-17T10:49:19+00:00","og_image":[{"width":2535,"height":2118,"url":"https:\/\/pierrecardinyatak.com.tr\/wp-content\/uploads\/2025\/10\/camilla.jpg","type":"image\/jpeg"}],"twitter_card":"summary_large_image","twitter_site":"@pcardinbedding","twitter_misc":{"Est. reading time":"1 minute"},"schema":{"@context":"https:\/\/schema.org","@graph":[{"@type":["WebPage","ItemPage"],"@id":"https:\/\/pierrecardinyatak.com.tr\/urun\/camilla-yatak\/","url":"https:\/\/pierrecardinyatak.com.tr\/urun\/camilla-yatak\/","name":"Camilla Yatak - Pierre Cardin Yatak","isPartOf":{"@id":"https:\/\/pierrecardinyatak.com.tr\/#website"},"primaryImageOfPage":{"@id":"https:\/\/pierrecardinyatak.com.tr\/urun\/camilla-yatak\/#primaryimage"},"image":{"@id":"https:\/\/pierrecardinyatak.com.tr\/urun\/camilla-yatak\/#primaryimage"},"thumbnailUrl":"https:\/\/pierrecardinyatak.com.tr\/wp-content\/uploads\/2025\/10\/camilla.jpg","datePublished":"2025-10-15T18:08:43+00:00","dateModified":"2025-10-17T10:49:19+00:00","description":"Camilla Yatak - Pierre Cardin Yatak","breadcrumb":{"@id":"https:\/\/pierrecardinyatak.com.tr\/urun\/camilla-yatak\/#breadcrumb"},"inLanguage":"az","potentialAction":[{"@type":"ReadAction","target":["https:\/\/pierrecardinyatak.com.tr\/urun\/camilla-yatak\/"]}]},{"@type":"ImageObject","inLanguage":"az","@id":"https:\/\/pierrecardinyatak.com.tr\/urun\/camilla-yatak\/#primaryimage","url":"https:\/\/pierrecardinyatak.com.tr\/wp-content\/uploads\/2025\/10\/camilla.jpg","contentUrl":"https:\/\/pierrecardinyatak.com.tr\/wp-content\/uploads\/2025\/10\/camilla.jpg","width":2535,"height":2118},{"@type":"BreadcrumbList","@id":"https:\/\/pierrecardinyatak.com.tr\/urun\/camilla-yatak\/#breadcrumb","itemListElement":[{"@type":"ListItem","position":1,"name":"Anasayfa","item":"https:\/\/pierrecardinyatak.com.tr\/"},{"@type":"ListItem","position":2,"name":"Ma\u011faza","item":"https:\/\/pierrecardinyatak.com.tr\/magaza\/"},{"@type":"ListItem","position":3,"name":"Camilla Yatak"}]},{"@type":"WebSite","@id":"https:\/\/pierrecardinyatak.com.tr\/#website","url":"https:\/\/pierrecardinyatak.com.tr\/","name":"Pierre Cardin Yatak","description":"-","potentialAction":[{"@type":"SearchAction","target":{"@type":"EntryPoint","urlTemplate":"https:\/\/pierrecardinyatak.com.tr\/?s={search_term_string}"},"query-input":{"@type":"PropertyValueSpecification","valueRequired":true,"valueName":"search_term_string"}}],"inLanguage":"az"}]}},"brands":[],"_links":{"self":[{"href":"https:\/\/pierrecardinyatak.com.tr\/az\/wp-json\/wp\/v2\/product\/12471","targetHints":{"allow":["GET"]}}],"collection":[{"href":"https:\/\/pierrecardinyatak.com.tr\/az\/wp-json\/wp\/v2\/product"}],"about":[{"href":"https:\/\/pierrecardinyatak.com.tr\/az\/wp-json\/wp\/v2\/types\/product"}],"wp:featuredmedia":[{"embeddable":true,"href":"https:\/\/pierrecardinyatak.com.tr\/az\/wp-json\/wp\/v2\/media\/12481"}],"wp:attachment":[{"href":"https:\/\/pierrecardinyatak.com.tr\/az\/wp-json\/wp\/v2\/media?parent=12471"}],"wp:term":[{"taxonomy":"pwb-brand","embeddable":true,"href":"https:\/\/pierrecardinyatak.com.tr\/az\/wp-json\/wp\/v2\/pwb-brand?post=12471"},{"taxonomy":"product_brand","embeddable":true,"href":"https:\/\/pierrecardinyatak.com.tr\/az\/wp-json\/wp\/v2\/product_brand?post=12471"},{"taxonomy":"product_cat","embeddable":true,"href":"https:\/\/pierrecardinyatak.com.tr\/az\/wp-json\/wp\/v2\/product_cat?post=12471"},{"taxonomy":"product_tag","embeddable":true,"href":"https:\/\/pierrecardinyatak.com.tr\/az\/wp-json\/wp\/v2\/product_tag?post=12471"}],"curies":[{"name":"wp","href":"https:\/\/api.w.org\/{rel}","templated":true}]}}