{"id":5651,"date":"2023-04-03T14:37:33","date_gmt":"2023-04-03T11:37:33","guid":{"rendered":"https:\/\/pierrecardinbedding.com.tr\/?page_id=5651"},"modified":"2023-12-13T15:36:04","modified_gmt":"2023-12-13T12:36:04","slug":"assistant","status":"publish","type":"page","link":"https:\/\/pierrecardinyatak.com.tr\/az\/assistant\/","title":{"rendered":"Assistant"},"content":{"rendered":"<div class=\"wpb-content-wrapper\"><div class=\"vc_row wpb_row vc_row-fluid\"><div class=\"wpb_column vc_column_container vc_col-sm-12\"><div class=\"vc_column-inner\"><div class=\"wpb_wrapper\">\n\t\t\t\t<p class=\"rs-p-wp-fix\"><\/p>\n\t\t\t\t<sr7-module data-alias=\"slider-1-1\" data-id=\"2\" id=\"SR7_2_1\" class=\"rs-ov-hidden\" data-version=\"6.7.35\">\n\t\t\t\t\t<sr7-adjuster><\/sr7-adjuster>\n\t\t\t\t\t<sr7-content>\n\t\t\t\t\t\t<sr7-slide id=\"SR7_2_1-2\" data-key=\"2\">\n\t\t\t\t\t\t\t<sr7-bg id=\"SR7_2_1-2-10\" class=\"sr7-layer\"><noscript><img decoding=\"async\" src=\"https:\/\/pierrecardinyatak.com.tr\/wp-content\/uploads\/2023\/04\/pierre-cardin-bedding-assistant.jpg\" alt=\"\" title=\"pierre-cardin-bedding-assistant\"><\/noscript><\/sr7-bg>\n\t\t\t\t\t\t\t<a id=\"SR7_2_1-2-0\" class=\"sr7-layer\" href=\"\/az\/assistant-start\/\" target=\"_self\">Ba\u015flat<\/a>\n\t\t\t\t\t\t\t<sr7-txt id=\"SR7_2_1-2-9\" class=\"sr7-layer\">Ba\u015flat<\/sr7-txt>\n\t\t\t\t\t\t<\/sr7-slide>\n\t\t\t\t\t\t<sr7-slide id=\"SR7_2_1-37\" data-key=\"37\">\n\t\t\t\t\t\t<\/sr7-slide>\n\t\t\t\t\t<\/sr7-content>\n\t\t\t\t\t<image_lists style=\"display:none\">\n\t\t\t\t\t\t<img data-src=\"\/\/pierrecardinyatak.com.tr\/wp-content\/uploads\/2023\/04\/pierre-cardin-bedding-assistant.jpg\" data-libid=\"5654\" data-lib=\"medialibrary\" title=\"pierre-cardin-bedding-assistant\" width=\"0\" height=\"0\" data-dbsrc=\"Ly9waWVycmVjYXJkaW55YXRhay5jb20udHIvd3AtY29udGVudC91cGxvYWRzLzIwMjMvMDQvcGllcnJlLWNhcmRpbi1iZWRkaW5nLWFzc2lzdGFudC5qcGc=\"\/>\n\t\t\t\t\t<\/image_lists>\n\t\t\t\t<\/sr7-module>\n\t\t\t\t<script>\n\t\t\t\t\tSR7.PMH ??={}; SR7.PMH[\"SR7_2_1\"] = {cn:100,state:false,fn: function() { if (_tpt!==undefined && _tpt.prepareModuleHeight !== undefined) {  _tpt.prepareModuleHeight({id:\"SR7_2_1\",el:[720,720,720,720,320],type:'standard',shdw:'0',gh:[720,720,720,720,320],gw:[1920,1920,1920,1920,480],vpt:['-200px&#039;,&#039;-200px&#039;,&#039;-200px&#039;,&#039;-200px&#039;,&#039;-200px'],size:{fullWidth:true, fullHeight:false},mh:'0',onh:0,onw:0,bg:{color:'{\"orig\":\"transparent\",\"type\":\"solid\",\"string\":\"transparent\"}'},googleFont:\"ignore\"});   SR7.PMH[\"SR7_2_1\"].state=true;} else if(SR7.PMH[\"SR7_2_1\"].cn-->0)\tsetTimeout( SR7.PMH[\"SR7_2_1\"].fn,19);}};SR7.PMH[\"SR7_2_1\" ].fn();\n\t\t\t\t<\/script>\n<div class=\"vc_empty_space\"   style=\"height: 32px\"><span class=\"vc_empty_space_inner\"><\/span><\/div><div class=\"vc_row wpb_row vc_inner vc_row-fluid\"><div class=\"wpb_column vc_column_container vc_col-sm-2\"><div class=\"vc_column-inner\"><div class=\"wpb_wrapper\"><\/div><\/div><\/div><div class=\"wpb_column vc_column_container vc_col-sm-8\"><div class=\"vc_column-inner\"><div class=\"wpb_wrapper\"><h2 style=\"text-align: center;font-family:Lato;font-weight:400;font-style:normal\" class=\"vc_custom_heading vc_do_custom_heading\" >Assistant Nedir?<\/h2>\t\t<div id=\"wd-6579a4246830e\" class=\"wd-text-block wd-wpb reset-last-child wd-rs-6579a4246830e text-left\">\n\t\t\t<p>Uyku sa\u011fl\u0131\u011f\u0131 uzmanlar\u0131m\u0131z taraf\u0131ndan haz\u0131rlanan Pierre Cardin Yatak Assistant; do\u011fru yatak se\u00e7imi konusunda \u00f6neriler sunan geli\u015fmi\u015f bir algoritmad\u0131r. Bilin\u00e7siz \u015fekilde yatak sat\u0131n al\u0131nmas\u0131n\u0131 \u00f6nlemek amac\u0131yla tasarlanan Assistant, kullan\u0131c\u0131 i\u00e7in portf\u00f6y\u00fcm\u00fczdeki en uygun \u00fcr\u00fcnleri listeler. Testte yer alan sorulara verdi\u011finiz cevaplar\u0131 analiz ederek sizin i\u00e7in maksimum konfor sa\u011flayacak yataklar\u0131 bulur. Siz keyifle sorular\u0131 yan\u0131tlarken uyku sa\u011fl\u0131\u011f\u0131n\u0131z i\u00e7in \u00e7al\u0131\u015f\u0131r.<\/p>\n<p>Pierre Cardin Yatak Assistant, Ta\u015fk\u0131ranlar Grup \u015eirketi\u2019nin 40 y\u0131l\u0131 a\u015fk\u0131n tecr\u00fcbesi ve kalitesiyle g\u00fcvence alt\u0131ndad\u0131r. Algoritmam\u0131z\u0131n sizlere \u00f6nerdi\u011fi yataklar, tamamen konfor d\u00fczeyinizi ve uyku sa\u011fl\u0131\u011f\u0131n\u0131z\u0131 y\u00fckseltmeye y\u00f6neliktir. Assistant\u2019\u0131 kullanarak daha iyi uyuyabilir, yepyeni bir sabaha uyanabilirsiniz.<\/p>\n\t\t<\/div>\n\t\t<\/div><\/div><\/div><div class=\"wpb_column vc_column_container vc_col-sm-2\"><div class=\"vc_column-inner\"><div class=\"wpb_wrapper\"><\/div><\/div><\/div><\/div><\/div><\/div><\/div><\/div><div class=\"vc_row wpb_row vc_row-fluid\"><div class=\"wpb_column vc_column_container vc_col-sm-12\"><div class=\"vc_column-inner\"><div class=\"wpb_wrapper\"><\/div><\/div><\/div><\/div>\n<\/div>","protected":false},"excerpt":{"rendered":"Ba\u015flat Ba\u015flat Assistant Nedir? Uyku sa\u011fl\u0131\u011f\u0131 uzmanlar\u0131m\u0131z taraf\u0131ndan haz\u0131rlanan Pierre Cardin Yatak Assistant; do\u011fru yatak se\u00e7imi konusunda \u00f6neriler sunan geli\u015fmi\u015f","protected":false},"author":1,"featured_media":0,"parent":0,"menu_order":0,"comment_status":"closed","ping_status":"closed","template":"","meta":{"footnotes":""},"class_list":["post-5651","page","type-page","status-publish","hentry"],"yoast_head":"<!-- This site is optimized with the Yoast SEO plugin v25.7 - https:\/\/yoast.com\/wordpress\/plugins\/seo\/ -->\n<title>Assistant - Pierre Cardin Yatak<\/title>\n<meta name=\"description\" content=\"Pierre Cardin Yatak Assistant&#039;\u0131 kullanarak yatak se\u00e7imi konusunda size yard\u0131mc\u0131 olacak bilgilere ula\u015fabilirsiniz.\" \/>\n<meta name=\"robots\" content=\"index, follow, max-snippet:-1, max-image-preview:large, max-video-preview:-1\" \/>\n<link rel=\"canonical\" href=\"https:\/\/pierrecardinyatak.com.tr\/az\/assistant\/\" \/>\n<meta property=\"og:locale\" content=\"az_AZ\" \/>\n<meta property=\"og:type\" content=\"article\" \/>\n<meta property=\"og:title\" content=\"Assistant - Pierre Cardin Yatak\" \/>\n<meta property=\"og:description\" content=\"Pierre Cardin Yatak Assistant&#039;\u0131 kullanarak yatak se\u00e7imi konusunda size yard\u0131mc\u0131 olacak bilgilere ula\u015fabilirsiniz.\" \/>\n<meta property=\"og:url\" content=\"https:\/\/pierrecardinyatak.com.tr\/az\/assistant\/\" \/>\n<meta property=\"og:site_name\" content=\"Pierre Cardin Yatak\" \/>\n<meta property=\"article:publisher\" content=\"https:\/\/www.facebook.com\/pierrecardinyatak\" \/>\n<meta property=\"article:modified_time\" content=\"2023-12-13T12:36:04+00:00\" \/>\n<meta name=\"twitter:card\" content=\"summary_large_image\" \/>\n<meta name=\"twitter:site\" content=\"@pcardinbedding\" \/>\n<meta name=\"twitter:label1\" content=\"Est. reading time\" \/>\n\t<meta name=\"twitter:data1\" content=\"1 minute\" \/>\n<script type=\"application\/ld+json\" class=\"yoast-schema-graph\">{\"@context\":\"https:\/\/schema.org\",\"@graph\":[{\"@type\":\"WebPage\",\"@id\":\"https:\/\/pierrecardinyatak.com.tr\/assistant\/\",\"url\":\"https:\/\/pierrecardinyatak.com.tr\/assistant\/\",\"name\":\"Assistant - Pierre Cardin Yatak\",\"isPartOf\":{\"@id\":\"https:\/\/pierrecardinyatak.com.tr\/#website\"},\"datePublished\":\"2023-04-03T11:37:33+00:00\",\"dateModified\":\"2023-12-13T12:36:04+00:00\",\"description\":\"Pierre Cardin Yatak Assistant'\u0131 kullanarak yatak se\u00e7imi konusunda size yard\u0131mc\u0131 olacak bilgilere ula\u015fabilirsiniz.\",\"breadcrumb\":{\"@id\":\"https:\/\/pierrecardinyatak.com.tr\/assistant\/#breadcrumb\"},\"inLanguage\":\"az\",\"potentialAction\":[{\"@type\":\"ReadAction\",\"target\":[\"https:\/\/pierrecardinyatak.com.tr\/assistant\/\"]}]},{\"@type\":\"BreadcrumbList\",\"@id\":\"https:\/\/pierrecardinyatak.com.tr\/assistant\/#breadcrumb\",\"itemListElement\":[{\"@type\":\"ListItem\",\"position\":1,\"name\":\"Anasayfa\",\"item\":\"https:\/\/pierrecardinyatak.com.tr\/\"},{\"@type\":\"ListItem\",\"position\":2,\"name\":\"Assistant\"}]},{\"@type\":\"WebSite\",\"@id\":\"https:\/\/pierrecardinyatak.com.tr\/#website\",\"url\":\"https:\/\/pierrecardinyatak.com.tr\/\",\"name\":\"Pierre Cardin Yatak\",\"description\":\"-\",\"potentialAction\":[{\"@type\":\"SearchAction\",\"target\":{\"@type\":\"EntryPoint\",\"urlTemplate\":\"https:\/\/pierrecardinyatak.com.tr\/?s={search_term_string}\"},\"query-input\":{\"@type\":\"PropertyValueSpecification\",\"valueRequired\":true,\"valueName\":\"search_term_string\"}}],\"inLanguage\":\"az\"},{\"@type\":\"Person\",\"@id\":\"https:\/\/pierrecardinyatak.com.tr\/#\/schema\/person\/1c182155c79ef557a479bd374b58f902\",\"name\":\"admin\",\"image\":{\"@type\":\"ImageObject\",\"inLanguage\":\"az\",\"@id\":\"https:\/\/pierrecardinyatak.com.tr\/#\/schema\/person\/image\/\",\"url\":\"https:\/\/secure.gravatar.com\/avatar\/3a0c75d6a4a7b2213bf32cead72e590c8f6aa56e5c7c70ea801e74aa7a9372bc?s=96&d=mm&r=g\",\"contentUrl\":\"https:\/\/secure.gravatar.com\/avatar\/3a0c75d6a4a7b2213bf32cead72e590c8f6aa56e5c7c70ea801e74aa7a9372bc?s=96&d=mm&r=g\",\"caption\":\"admin\"},\"sameAs\":[\"https:\/\/pierrecardinbedding.com.tr\"],\"url\":\"https:\/\/pierrecardinyatak.com.tr\/az\/author\/admin\/\"}]}<\/script>\n<!-- \/ Yoast SEO plugin. -->","yoast_head_json":{"title":"Assistant - Pierre Cardin Yatak","description":"Pierre Cardin Yatak Assistant'\u0131 kullanarak yatak se\u00e7imi konusunda size yard\u0131mc\u0131 olacak bilgilere ula\u015fabilirsiniz.","robots":{"index":"index","follow":"follow","max-snippet":"max-snippet:-1","max-image-preview":"max-image-preview:large","max-video-preview":"max-video-preview:-1"},"canonical":"https:\/\/pierrecardinyatak.com.tr\/az\/assistant\/","og_locale":"az_AZ","og_type":"article","og_title":"Assistant - Pierre Cardin Yatak","og_description":"Pierre Cardin Yatak Assistant'\u0131 kullanarak yatak se\u00e7imi konusunda size yard\u0131mc\u0131 olacak bilgilere ula\u015fabilirsiniz.","og_url":"https:\/\/pierrecardinyatak.com.tr\/az\/assistant\/","og_site_name":"Pierre Cardin Yatak","article_publisher":"https:\/\/www.facebook.com\/pierrecardinyatak","article_modified_time":"2023-12-13T12:36:04+00:00","twitter_card":"summary_large_image","twitter_site":"@pcardinbedding","twitter_misc":{"Est. reading time":"1 minute"},"schema":{"@context":"https:\/\/schema.org","@graph":[{"@type":"WebPage","@id":"https:\/\/pierrecardinyatak.com.tr\/assistant\/","url":"https:\/\/pierrecardinyatak.com.tr\/assistant\/","name":"Assistant - Pierre Cardin Yatak","isPartOf":{"@id":"https:\/\/pierrecardinyatak.com.tr\/#website"},"datePublished":"2023-04-03T11:37:33+00:00","dateModified":"2023-12-13T12:36:04+00:00","description":"Pierre Cardin Yatak Assistant'\u0131 kullanarak yatak se\u00e7imi konusunda size yard\u0131mc\u0131 olacak bilgilere ula\u015fabilirsiniz.","breadcrumb":{"@id":"https:\/\/pierrecardinyatak.com.tr\/assistant\/#breadcrumb"},"inLanguage":"az","potentialAction":[{"@type":"ReadAction","target":["https:\/\/pierrecardinyatak.com.tr\/assistant\/"]}]},{"@type":"BreadcrumbList","@id":"https:\/\/pierrecardinyatak.com.tr\/assistant\/#breadcrumb","itemListElement":[{"@type":"ListItem","position":1,"name":"Anasayfa","item":"https:\/\/pierrecardinyatak.com.tr\/"},{"@type":"ListItem","position":2,"name":"Assistant"}]},{"@type":"WebSite","@id":"https:\/\/pierrecardinyatak.com.tr\/#website","url":"https:\/\/pierrecardinyatak.com.tr\/","name":"Pierre Cardin Yatak","description":"-","potentialAction":[{"@type":"SearchAction","target":{"@type":"EntryPoint","urlTemplate":"https:\/\/pierrecardinyatak.com.tr\/?s={search_term_string}"},"query-input":{"@type":"PropertyValueSpecification","valueRequired":true,"valueName":"search_term_string"}}],"inLanguage":"az"},{"@type":"Person","@id":"https:\/\/pierrecardinyatak.com.tr\/#\/schema\/person\/1c182155c79ef557a479bd374b58f902","name":"admin","image":{"@type":"ImageObject","inLanguage":"az","@id":"https:\/\/pierrecardinyatak.com.tr\/#\/schema\/person\/image\/","url":"https:\/\/secure.gravatar.com\/avatar\/3a0c75d6a4a7b2213bf32cead72e590c8f6aa56e5c7c70ea801e74aa7a9372bc?s=96&d=mm&r=g","contentUrl":"https:\/\/secure.gravatar.com\/avatar\/3a0c75d6a4a7b2213bf32cead72e590c8f6aa56e5c7c70ea801e74aa7a9372bc?s=96&d=mm&r=g","caption":"admin"},"sameAs":["https:\/\/pierrecardinbedding.com.tr"],"url":"https:\/\/pierrecardinyatak.com.tr\/az\/author\/admin\/"}]}},"_links":{"self":[{"href":"https:\/\/pierrecardinyatak.com.tr\/az\/wp-json\/wp\/v2\/pages\/5651","targetHints":{"allow":["GET"]}}],"collection":[{"href":"https:\/\/pierrecardinyatak.com.tr\/az\/wp-json\/wp\/v2\/pages"}],"about":[{"href":"https:\/\/pierrecardinyatak.com.tr\/az\/wp-json\/wp\/v2\/types\/page"}],"author":[{"embeddable":true,"href":"https:\/\/pierrecardinyatak.com.tr\/az\/wp-json\/wp\/v2\/users\/1"}],"replies":[{"embeddable":true,"href":"https:\/\/pierrecardinyatak.com.tr\/az\/wp-json\/wp\/v2\/comments?post=5651"}],"version-history":[{"count":0,"href":"https:\/\/pierrecardinyatak.com.tr\/az\/wp-json\/wp\/v2\/pages\/5651\/revisions"}],"wp:attachment":[{"href":"https:\/\/pierrecardinyatak.com.tr\/az\/wp-json\/wp\/v2\/media?parent=5651"}],"curies":[{"name":"wp","href":"https:\/\/api.w.org\/{rel}","templated":true}]}}