{"id":7462,"date":"2024-01-31T12:06:37","date_gmt":"2024-01-31T09:06:37","guid":{"rendered":"https:\/\/pierrecardinyatak.com.tr\/?post_type=product&#038;p=7462"},"modified":"2026-04-02T14:08:04","modified_gmt":"2026-04-02T11:08:04","slug":"melodie-yatak-baza-baslik-set","status":"publish","type":"product","link":"https:\/\/pierrecardinyatak.com.tr\/ar\/%d8%a7%d9%84%d9%85%d9%86%d8%aa%d8%ac\/melodie-yatak-baza-baslik-set\/","title":{"rendered":"Melodie Yatak &amp; Baza &amp; Ba\u015fl\u0131k Set"},"content":{"rendered":"<div class=\"wpb-content-wrapper\"><div class=\"vc_row wpb_row vc_row-fluid\"><div class=\"wpb_column vc_column_container vc_col-sm-12\"><div class=\"vc_column-inner\"><div class=\"wpb_wrapper\">\t\t<div id=\"wd-68e767a0564a4\" class=\"wd-image wd-wpb wd-rs-68e767a0564a4 text-center\">\n\t\t\t\n\t\t\t<img decoding=\"async\" width=\"2560\" height=\"1686\" src=\"https:\/\/pierrecardinyatak.com.tr\/wp-content\/uploads\/2024\/01\/P.C-Katalog-2025-098-scaled.png\" class=\"attachment-full size-full\" alt=\"\" srcset=\"https:\/\/pierrecardinyatak.com.tr\/wp-content\/uploads\/2024\/01\/P.C-Katalog-2025-098-scaled.png 2560w, https:\/\/pierrecardinyatak.com.tr\/wp-content\/uploads\/2024\/01\/P.C-Katalog-2025-098-300x198.png 300w, https:\/\/pierrecardinyatak.com.tr\/wp-content\/uploads\/2024\/01\/P.C-Katalog-2025-098-1024x674.png 1024w, https:\/\/pierrecardinyatak.com.tr\/wp-content\/uploads\/2024\/01\/P.C-Katalog-2025-098-768x506.png 768w, https:\/\/pierrecardinyatak.com.tr\/wp-content\/uploads\/2024\/01\/P.C-Katalog-2025-098-1536x1011.png 1536w, https:\/\/pierrecardinyatak.com.tr\/wp-content\/uploads\/2024\/01\/P.C-Katalog-2025-098-2048x1348.png 2048w, https:\/\/pierrecardinyatak.com.tr\/wp-content\/uploads\/2024\/01\/P.C-Katalog-2025-098-18x12.png 18w, https:\/\/pierrecardinyatak.com.tr\/wp-content\/uploads\/2024\/01\/P.C-Katalog-2025-098-1200x790.png 1200w, https:\/\/pierrecardinyatak.com.tr\/wp-content\/uploads\/2024\/01\/P.C-Katalog-2025-098-150x99.png 150w, https:\/\/pierrecardinyatak.com.tr\/wp-content\/uploads\/2024\/01\/P.C-Katalog-2025-098-500x329.png 500w, https:\/\/pierrecardinyatak.com.tr\/wp-content\/uploads\/2024\/01\/P.C-Katalog-2025-098-800x527.png 800w, https:\/\/pierrecardinyatak.com.tr\/wp-content\/uploads\/2024\/01\/P.C-Katalog-2025-098-1280x843.png 1280w, https:\/\/pierrecardinyatak.com.tr\/wp-content\/uploads\/2024\/01\/P.C-Katalog-2025-098-1920x1264.png 1920w\" sizes=\"(max-width: 2560px) 100vw, 2560px\" \/>\n\t\t\t\t\t<\/div>\n\t\t\n\t<div class=\"wpb_text_column wpb_content_element\" >\n\t\t<div class=\"wpb_wrapper\">\n\t\t\t<h2 style=\"font-size: 18px; text-align: center;\">\u0633\u0631\u064a\u0631 \u0645\u064a\u0644\u0648\u062f\u064a<\/h2>\n<p style=\"text-align: center;\"><em>&#8220;Melodie, gecenin huzur dolu konserini yatak odan\u0131za ta\u015f\u0131r. Stresin azalt\u0131lmas\u0131na yard\u0131mc\u0131 olan \u00f6zel kuma\u015f\u0131, g\u00fcn\u00fcn t\u00fcm gerilimini nazik bir dokunu\u015fla \u00fczerinizden al\u0131r. Sertifikal\u0131 ve do\u011fal malzemeleriyle cildinize en saf dokunu\u015fu sunarken, Hyper foam&#8217;un ekstra yumu\u015fakl\u0131\u011f\u0131 ile v\u00fccudunuz bulutlar\u0131n \u00fczerinde s\u00fcz\u00fcl\u00fcyor gibi hafifler.&#8221;<\/em><\/p>\n\n\t\t<\/div>\n\t<\/div>\n\n\t<div  class=\"wpb_single_image wpb_content_element vc_align_center\">\n\t\t\n\t\t<figure class=\"wpb_wrapper vc_figure\">\n\t\t\t<div class=\"vc_single_image-wrapper   vc_box_border_grey\"><img decoding=\"async\" width=\"1477\" height=\"381\" src=\"https:\/\/pierrecardinyatak.com.tr\/wp-content\/uploads\/2024\/01\/pierre-cardin-yatak-sertlik-4.png\" class=\"vc_single_image-img attachment-full\" alt=\"Pierre Cardin Yatak Sertlik Derecesi 4\" title=\"pierre-cardin-yatak-sertlik-4\" srcset=\"https:\/\/pierrecardinyatak.com.tr\/wp-content\/uploads\/2024\/01\/pierre-cardin-yatak-sertlik-4.png 1477w, https:\/\/pierrecardinyatak.com.tr\/wp-content\/uploads\/2024\/01\/pierre-cardin-yatak-sertlik-4-150x39.png 150w, https:\/\/pierrecardinyatak.com.tr\/wp-content\/uploads\/2024\/01\/pierre-cardin-yatak-sertlik-4-1200x310.png 1200w, https:\/\/pierrecardinyatak.com.tr\/wp-content\/uploads\/2024\/01\/pierre-cardin-yatak-sertlik-4-300x77.png 300w, https:\/\/pierrecardinyatak.com.tr\/wp-content\/uploads\/2024\/01\/pierre-cardin-yatak-sertlik-4-1024x264.png 1024w, https:\/\/pierrecardinyatak.com.tr\/wp-content\/uploads\/2024\/01\/pierre-cardin-yatak-sertlik-4-768x198.png 768w\" sizes=\"(max-width: 1477px) 100vw, 1477px\" \/><\/div>\n\t\t<\/figure>\n\t<\/div>\n\n\t<div  class=\"wpb_single_image wpb_content_element vc_align_center\">\n\t\t\n\t\t<figure class=\"wpb_wrapper vc_figure\">\n\t\t\t<div class=\"vc_single_image-wrapper   vc_box_border_grey\"><img decoding=\"async\" width=\"1038\" height=\"300\" src=\"https:\/\/pierrecardinyatak.com.tr\/wp-content\/uploads\/2024\/02\/pierre-cardin-melodie-yatak-ozellikleri-2.jpg\" class=\"vc_single_image-img attachment-full\" alt=\"Pierre Cardin Melodie Yatak \u00d6zellikleri - 2\" title=\"pierre-cardin-melodie-yatak-ozellikleri-2\" srcset=\"https:\/\/pierrecardinyatak.com.tr\/wp-content\/uploads\/2024\/02\/pierre-cardin-melodie-yatak-ozellikleri-2.jpg 1038w, https:\/\/pierrecardinyatak.com.tr\/wp-content\/uploads\/2024\/02\/pierre-cardin-melodie-yatak-ozellikleri-2-150x43.jpg 150w, https:\/\/pierrecardinyatak.com.tr\/wp-content\/uploads\/2024\/02\/pierre-cardin-melodie-yatak-ozellikleri-2-300x87.jpg 300w, https:\/\/pierrecardinyatak.com.tr\/wp-content\/uploads\/2024\/02\/pierre-cardin-melodie-yatak-ozellikleri-2-1024x296.jpg 1024w, https:\/\/pierrecardinyatak.com.tr\/wp-content\/uploads\/2024\/02\/pierre-cardin-melodie-yatak-ozellikleri-2-768x222.jpg 768w\" sizes=\"(max-width: 1038px) 100vw, 1038px\" \/><\/div>\n\t\t<\/figure>\n\t<\/div>\n\n\t<div  class=\"wpb_single_image wpb_content_element vc_align_center\">\n\t\t\n\t\t<figure class=\"wpb_wrapper vc_figure\">\n\t\t\t<div class=\"vc_single_image-wrapper   vc_box_border_grey\"><img decoding=\"async\" width=\"1188\" height=\"300\" src=\"https:\/\/pierrecardinyatak.com.tr\/wp-content\/uploads\/2024\/02\/pierre-cardin-melodie-yatak-ozellikleri-1.jpg\" class=\"vc_single_image-img attachment-full\" alt=\"Pierre Cardin Melodie Yatak \u00d6zellikleri - 1\" title=\"pierre-cardin-melodie-yatak-ozellikleri-1\" srcset=\"https:\/\/pierrecardinyatak.com.tr\/wp-content\/uploads\/2024\/02\/pierre-cardin-melodie-yatak-ozellikleri-1.jpg 1188w, https:\/\/pierrecardinyatak.com.tr\/wp-content\/uploads\/2024\/02\/pierre-cardin-melodie-yatak-ozellikleri-1-150x38.jpg 150w, https:\/\/pierrecardinyatak.com.tr\/wp-content\/uploads\/2024\/02\/pierre-cardin-melodie-yatak-ozellikleri-1-300x76.jpg 300w, https:\/\/pierrecardinyatak.com.tr\/wp-content\/uploads\/2024\/02\/pierre-cardin-melodie-yatak-ozellikleri-1-1024x259.jpg 1024w, https:\/\/pierrecardinyatak.com.tr\/wp-content\/uploads\/2024\/02\/pierre-cardin-melodie-yatak-ozellikleri-1-768x194.jpg 768w\" sizes=\"(max-width: 1188px) 100vw, 1188px\" \/><\/div>\n\t\t<\/figure>\n\t<\/div>\n\n\t<div class=\"wpb_text_column wpb_content_element\" >\n\t\t<div class=\"wpb_wrapper\">\n\t\t\t<h2 style=\"font-size: 18px; text-align: center;\">\u0627\u0644\u0645\u0648\u0627\u0635\u0641\u0627\u062a \u0627\u0644\u0641\u0646\u064a\u0629<\/h2>\n<p><strong>Anti Stress\u00ae:<\/strong> G\u00fcn boyunca biriken stres ve negatif enerjileri \u00f6zel uygulamalar ile haz\u0131rlanan kuma\u015f\u0131 sayesinde azaltmaya yard\u0131mc\u0131 olur.<br \/>\n<strong>Base Coil Air Balance\u00ae: <\/strong>Her bir yay\u0131n, kendi kuma\u015f cepleri i\u00e7inde ba\u011f\u0131ms\u0131z olarak yerle\u015ftirildi\u011fi pocket yay teknolojisinin Pierre Cardin yorumu olan Base Coil Air Balance\u00ae; yata\u011f\u0131n bir taraf\u0131ndaki hareketleri di\u011fer tarafa minimum d\u00fczeyde aktar\u0131rken, e\u015fler aras\u0131nda hareket izolasyonu sa\u011flar.<br \/>\n<strong>Ekstra Soft Konfor Katman\u0131:<\/strong> Yata\u011f\u0131n \u00fcst k\u0131sm\u0131nda yer alan, ekstra yumu\u015fakl\u0131k ve rahatl\u0131k sa\u011flayan \u00f6zel katmand\u0131r.<br \/>\n<strong>Anti-slip:<\/strong>\u00a0Yata\u011f\u0131n alt k\u0131sm\u0131nda bulunan, yata\u011f\u0131n zeminde kaymas\u0131n\u0131 \u00f6nleyen bir malzemedir. Yata\u011f\u0131n yerinde sabit kalmas\u0131n\u0131 sa\u011flar ve g\u00fcvenlik a\u00e7\u0131s\u0131ndan \u00f6nemlidir.<\/p>\n\n\t\t<\/div>\n\t<\/div>\n<\/div><\/div><\/div><\/div><div class=\"vc_row wpb_row vc_row-fluid\"><div class=\"wpb_column vc_column_container vc_col-sm-12\"><div class=\"vc_column-inner\"><div class=\"wpb_wrapper\"><\/div><\/div><\/div><\/div>\n<\/div>","protected":false},"excerpt":{"rendered":"<p><strong>Anti Stress &#8211; \u015e\u0131k Tasar\u0131m<\/strong><\/p>","protected":false},"featured_media":9387,"template":"","meta":[],"pwb-brand":[389,388,387,386,402],"product_brand":[],"product_cat":[63,67,64,218],"product_tag":[],"class_list":{"0":"post-7462","1":"product","2":"type-product","3":"status-publish","4":"has-post-thumbnail","6":"pwb-brand-dogru-omurga-destegi","7":"pwb-brand-hareket-yalitimi","8":"pwb-brand-yuksek-yogunluklu-hr-sunger","9":"pwb-brand-paket-yay","10":"pwb-brand-yuksek-yogunluklu-sunger","11":"product_cat-baza-baslik","12":"product_cat-sandikli-baza-set","13":"product_cat-yatak-baza-baslik-setler","14":"product_cat-yatak-baza-baslik-tumu","16":"first","17":"instock","18":"shipping-taxable","19":"purchasable","20":"product-type-variable","21":"has-default-attributes"},"yoast_head":"<!-- This site is optimized with the Yoast SEO plugin v25.7 - https:\/\/yoast.com\/wordpress\/plugins\/seo\/ -->\n<title>Melodie Yatak &amp; Baza &amp; Ba\u015fl\u0131k Set - Pierre Cardin Yatak<\/title>\n<meta name=\"description\" content=\"Melodie Yatak &amp; Baza &amp; Ba\u015fl\u0131k Set - Pierre Cardin Yatak\" \/>\n<meta name=\"robots\" content=\"index, follow, max-snippet:-1, max-image-preview:large, max-video-preview:-1\" \/>\n<link rel=\"canonical\" href=\"https:\/\/pierrecardinyatak.com.tr\/ar\/\u0627\u0644\u0645\u0646\u062a\u062c\/melodie-yatak-baza-baslik-set\/\" \/>\n<meta property=\"og:locale\" content=\"ar_AR\" \/>\n<meta property=\"og:type\" content=\"article\" \/>\n<meta property=\"og:title\" content=\"Melodie Yatak &amp; Baza &amp; Ba\u015fl\u0131k Set - Pierre Cardin Yatak\" \/>\n<meta property=\"og:description\" content=\"Melodie Yatak &amp; Baza &amp; Ba\u015fl\u0131k Set - Pierre Cardin Yatak\" \/>\n<meta property=\"og:url\" content=\"https:\/\/pierrecardinyatak.com.tr\/ar\/\u0627\u0644\u0645\u0646\u062a\u062c\/melodie-yatak-baza-baslik-set\/\" \/>\n<meta property=\"og:site_name\" content=\"Pierre Cardin Yatak\" \/>\n<meta property=\"article:publisher\" content=\"https:\/\/www.facebook.com\/pierrecardinyatak\" \/>\n<meta property=\"article:modified_time\" content=\"2026-04-02T11:08:04+00:00\" \/>\n<meta property=\"og:image\" content=\"https:\/\/pierrecardinyatak.com.tr\/wp-content\/uploads\/2024\/01\/urun-melodie6.jpg\" \/>\n\t<meta property=\"og:image:width\" content=\"1518\" \/>\n\t<meta property=\"og:image:height\" content=\"854\" \/>\n\t<meta property=\"og:image:type\" content=\"image\/jpeg\" \/>\n<meta name=\"twitter:card\" content=\"summary_large_image\" \/>\n<meta name=\"twitter:site\" content=\"@pcardinbedding\" \/>\n<meta name=\"twitter:label1\" content=\"\u0648\u0642\u062a \u0627\u0644\u0642\u0631\u0627\u0621\u0629 \u0627\u0644\u0645\u064f\u0642\u062f\u0651\u0631\" \/>\n\t<meta name=\"twitter:data1\" content=\"\u062f\u0642\u064a\u0642\u062a\u0627\u0646\" \/>\n<script type=\"application\/ld+json\" class=\"yoast-schema-graph\">{\"@context\":\"https:\/\/schema.org\",\"@graph\":[{\"@type\":[\"WebPage\",\"ItemPage\"],\"@id\":\"https:\/\/pierrecardinyatak.com.tr\/urun\/melodie-yatak-baza-baslik-set\/\",\"url\":\"https:\/\/pierrecardinyatak.com.tr\/urun\/melodie-yatak-baza-baslik-set\/\",\"name\":\"Melodie Yatak &amp; Baza &amp; Ba\u015fl\u0131k Set - Pierre Cardin Yatak\",\"isPartOf\":{\"@id\":\"https:\/\/pierrecardinyatak.com.tr\/#website\"},\"primaryImageOfPage\":{\"@id\":\"https:\/\/pierrecardinyatak.com.tr\/urun\/melodie-yatak-baza-baslik-set\/#primaryimage\"},\"image\":{\"@id\":\"https:\/\/pierrecardinyatak.com.tr\/urun\/melodie-yatak-baza-baslik-set\/#primaryimage\"},\"thumbnailUrl\":\"https:\/\/pierrecardinyatak.com.tr\/wp-content\/uploads\/2024\/01\/urun-melodie6.jpg\",\"datePublished\":\"2024-01-31T09:06:37+00:00\",\"dateModified\":\"2026-04-02T11:08:04+00:00\",\"description\":\"Melodie Yatak &amp; Baza &amp; Ba\u015fl\u0131k Set - Pierre Cardin Yatak\",\"breadcrumb\":{\"@id\":\"https:\/\/pierrecardinyatak.com.tr\/urun\/melodie-yatak-baza-baslik-set\/#breadcrumb\"},\"inLanguage\":\"ar\",\"potentialAction\":[{\"@type\":\"ReadAction\",\"target\":[\"https:\/\/pierrecardinyatak.com.tr\/urun\/melodie-yatak-baza-baslik-set\/\"]}]},{\"@type\":\"ImageObject\",\"inLanguage\":\"ar\",\"@id\":\"https:\/\/pierrecardinyatak.com.tr\/urun\/melodie-yatak-baza-baslik-set\/#primaryimage\",\"url\":\"https:\/\/pierrecardinyatak.com.tr\/wp-content\/uploads\/2024\/01\/urun-melodie6.jpg\",\"contentUrl\":\"https:\/\/pierrecardinyatak.com.tr\/wp-content\/uploads\/2024\/01\/urun-melodie6.jpg\",\"width\":1518,\"height\":854},{\"@type\":\"BreadcrumbList\",\"@id\":\"https:\/\/pierrecardinyatak.com.tr\/urun\/melodie-yatak-baza-baslik-set\/#breadcrumb\",\"itemListElement\":[{\"@type\":\"ListItem\",\"position\":1,\"name\":\"Anasayfa\",\"item\":\"https:\/\/pierrecardinyatak.com.tr\/\"},{\"@type\":\"ListItem\",\"position\":2,\"name\":\"Ma\u011faza\",\"item\":\"https:\/\/pierrecardinyatak.com.tr\/magaza\/\"},{\"@type\":\"ListItem\",\"position\":3,\"name\":\"Melodie Yatak &amp; Baza &amp; Ba\u015fl\u0131k Set\"}]},{\"@type\":\"WebSite\",\"@id\":\"https:\/\/pierrecardinyatak.com.tr\/#website\",\"url\":\"https:\/\/pierrecardinyatak.com.tr\/\",\"name\":\"Pierre Cardin Yatak\",\"description\":\"-\",\"potentialAction\":[{\"@type\":\"SearchAction\",\"target\":{\"@type\":\"EntryPoint\",\"urlTemplate\":\"https:\/\/pierrecardinyatak.com.tr\/?s={search_term_string}\"},\"query-input\":{\"@type\":\"PropertyValueSpecification\",\"valueRequired\":true,\"valueName\":\"search_term_string\"}}],\"inLanguage\":\"ar\"}]}<\/script>\n<!-- \/ Yoast SEO plugin. -->","yoast_head_json":{"title":"Melodie Yatak &amp; Baza &amp; Ba\u015fl\u0131k Set - Pierre Cardin Yatak","description":"Melodie Yatak &amp; Baza &amp; Ba\u015fl\u0131k Set - Pierre Cardin Yatak","robots":{"index":"index","follow":"follow","max-snippet":"max-snippet:-1","max-image-preview":"max-image-preview:large","max-video-preview":"max-video-preview:-1"},"canonical":"https:\/\/pierrecardinyatak.com.tr\/ar\/\u0627\u0644\u0645\u0646\u062a\u062c\/melodie-yatak-baza-baslik-set\/","og_locale":"ar_AR","og_type":"article","og_title":"Melodie Yatak &amp; Baza &amp; Ba\u015fl\u0131k Set - Pierre Cardin Yatak","og_description":"Melodie Yatak &amp; Baza &amp; Ba\u015fl\u0131k Set - Pierre Cardin Yatak","og_url":"https:\/\/pierrecardinyatak.com.tr\/ar\/\u0627\u0644\u0645\u0646\u062a\u062c\/melodie-yatak-baza-baslik-set\/","og_site_name":"Pierre Cardin Yatak","article_publisher":"https:\/\/www.facebook.com\/pierrecardinyatak","article_modified_time":"2026-04-02T11:08:04+00:00","og_image":[{"width":1518,"height":854,"url":"https:\/\/pierrecardinyatak.com.tr\/wp-content\/uploads\/2024\/01\/urun-melodie6.jpg","type":"image\/jpeg"}],"twitter_card":"summary_large_image","twitter_site":"@pcardinbedding","twitter_misc":{"\u0648\u0642\u062a \u0627\u0644\u0642\u0631\u0627\u0621\u0629 \u0627\u0644\u0645\u064f\u0642\u062f\u0651\u0631":"\u062f\u0642\u064a\u0642\u062a\u0627\u0646"},"schema":{"@context":"https:\/\/schema.org","@graph":[{"@type":["WebPage","ItemPage"],"@id":"https:\/\/pierrecardinyatak.com.tr\/urun\/melodie-yatak-baza-baslik-set\/","url":"https:\/\/pierrecardinyatak.com.tr\/urun\/melodie-yatak-baza-baslik-set\/","name":"Melodie Yatak &amp; Baza &amp; Ba\u015fl\u0131k Set - Pierre Cardin Yatak","isPartOf":{"@id":"https:\/\/pierrecardinyatak.com.tr\/#website"},"primaryImageOfPage":{"@id":"https:\/\/pierrecardinyatak.com.tr\/urun\/melodie-yatak-baza-baslik-set\/#primaryimage"},"image":{"@id":"https:\/\/pierrecardinyatak.com.tr\/urun\/melodie-yatak-baza-baslik-set\/#primaryimage"},"thumbnailUrl":"https:\/\/pierrecardinyatak.com.tr\/wp-content\/uploads\/2024\/01\/urun-melodie6.jpg","datePublished":"2024-01-31T09:06:37+00:00","dateModified":"2026-04-02T11:08:04+00:00","description":"Melodie Yatak &amp; Baza &amp; Ba\u015fl\u0131k Set - Pierre Cardin Yatak","breadcrumb":{"@id":"https:\/\/pierrecardinyatak.com.tr\/urun\/melodie-yatak-baza-baslik-set\/#breadcrumb"},"inLanguage":"ar","potentialAction":[{"@type":"ReadAction","target":["https:\/\/pierrecardinyatak.com.tr\/urun\/melodie-yatak-baza-baslik-set\/"]}]},{"@type":"ImageObject","inLanguage":"ar","@id":"https:\/\/pierrecardinyatak.com.tr\/urun\/melodie-yatak-baza-baslik-set\/#primaryimage","url":"https:\/\/pierrecardinyatak.com.tr\/wp-content\/uploads\/2024\/01\/urun-melodie6.jpg","contentUrl":"https:\/\/pierrecardinyatak.com.tr\/wp-content\/uploads\/2024\/01\/urun-melodie6.jpg","width":1518,"height":854},{"@type":"BreadcrumbList","@id":"https:\/\/pierrecardinyatak.com.tr\/urun\/melodie-yatak-baza-baslik-set\/#breadcrumb","itemListElement":[{"@type":"ListItem","position":1,"name":"Anasayfa","item":"https:\/\/pierrecardinyatak.com.tr\/"},{"@type":"ListItem","position":2,"name":"Ma\u011faza","item":"https:\/\/pierrecardinyatak.com.tr\/magaza\/"},{"@type":"ListItem","position":3,"name":"Melodie Yatak &amp; Baza &amp; Ba\u015fl\u0131k Set"}]},{"@type":"WebSite","@id":"https:\/\/pierrecardinyatak.com.tr\/#website","url":"https:\/\/pierrecardinyatak.com.tr\/","name":"\u0633\u0631\u064a\u0631 \u0628\u064a\u064a\u0631 \u0643\u0627\u0631\u062f\u0627\u0646","description":"-","potentialAction":[{"@type":"SearchAction","target":{"@type":"EntryPoint","urlTemplate":"https:\/\/pierrecardinyatak.com.tr\/?s={search_term_string}"},"query-input":{"@type":"PropertyValueSpecification","valueRequired":true,"valueName":"search_term_string"}}],"inLanguage":"ar"}]}},"brands":[{"id":389,"name":"Do\u011fru Omurga Deste\u011fi","slug":"dogru-omurga-destegi"},{"id":388,"name":"Hareket Yal\u0131t\u0131m\u0131","slug":"hareket-yalitimi"},{"id":387,"name":"HR S\u00fcnger","slug":"yuksek-yogunluklu-hr-sunger"},{"id":386,"name":"Paket Yay Sistemi","slug":"paket-yay"},{"id":402,"name":"Y\u00fcksek Yo\u011funluklu S\u00fcnger","slug":"yuksek-yogunluklu-sunger"}],"_links":{"self":[{"href":"https:\/\/pierrecardinyatak.com.tr\/ar\/wp-json\/wp\/v2\/product\/7462","targetHints":{"allow":["GET"]}}],"collection":[{"href":"https:\/\/pierrecardinyatak.com.tr\/ar\/wp-json\/wp\/v2\/product"}],"about":[{"href":"https:\/\/pierrecardinyatak.com.tr\/ar\/wp-json\/wp\/v2\/types\/product"}],"wp:featuredmedia":[{"embeddable":true,"href":"https:\/\/pierrecardinyatak.com.tr\/ar\/wp-json\/wp\/v2\/media\/9387"}],"wp:attachment":[{"href":"https:\/\/pierrecardinyatak.com.tr\/ar\/wp-json\/wp\/v2\/media?parent=7462"}],"wp:term":[{"taxonomy":"pwb-brand","embeddable":true,"href":"https:\/\/pierrecardinyatak.com.tr\/ar\/wp-json\/wp\/v2\/pwb-brand?post=7462"},{"taxonomy":"product_brand","embeddable":true,"href":"https:\/\/pierrecardinyatak.com.tr\/ar\/wp-json\/wp\/v2\/product_brand?post=7462"},{"taxonomy":"product_cat","embeddable":true,"href":"https:\/\/pierrecardinyatak.com.tr\/ar\/wp-json\/wp\/v2\/product_cat?post=7462"},{"taxonomy":"product_tag","embeddable":true,"href":"https:\/\/pierrecardinyatak.com.tr\/ar\/wp-json\/wp\/v2\/product_tag?post=7462"}],"curies":[{"name":"wp","href":"https:\/\/api.w.org\/{rel}","templated":true}]}}