{"id":2829,"date":"2022-12-20T14:54:07","date_gmt":"2022-12-20T11:54:07","guid":{"rendered":"https:\/\/pierrecardinbedding.com.tr\/?post_type=product&#038;p=2829"},"modified":"2025-05-27T17:51:25","modified_gmt":"2025-05-27T14:51:25","slug":"%d8%b7%d9%82%d9%85-%d8%ba%d8%b7%d8%a7%d8%a1-%d9%84%d8%ad%d8%a7%d9%81-%d8%b1%d8%a7%d9%86%d9%81%d9%88%d8%b1%d8%b3-%d9%86%d9%82%d9%8a","status":"publish","type":"product","link":"https:\/\/pierrecardinyatak.com.tr\/ar\/%d8%a7%d9%84%d9%85%d9%86%d8%aa%d8%ac\/%d8%b7%d9%82%d9%85-%d8%ba%d8%b7%d8%a7%d8%a1-%d9%84%d8%ad%d8%a7%d9%81-%d8%b1%d8%a7%d9%86%d9%81%d9%88%d8%b1%d8%b3-%d9%86%d9%82%d9%8a\/","title":{"rendered":"\u0637\u0642\u0645 \u0623\u063a\u0637\u064a\u0629 \u0644\u062d\u0627\u0641 \u0628\u064a\u0648\u0631 \u0631\u0627\u0646\u0641\u0648\u0631\u0633"},"content":{"rendered":"<p>\u064a\u0636\u0641\u064a \u0637\u0642\u0645 \u0623\u063a\u0637\u064a\u0629 \u0627\u0644\u0644\u062d\u0627\u0641 Pi Collection Pure\u060c \u0627\u0644\u0630\u064a \u064a\u0645\u0643\u0646\u0643 \u0627\u062e\u062a\u064a\u0627\u0631\u0647 \u0644\u0643\u0644 \u0645\u0648\u0633\u0645\u060c \u062d\u0631\u0643\u0629 \u0639\u0644\u0649 \u063a\u0631\u0641\u0629 \u0646\u0648\u0645\u0643 \u0628\u0646\u0639\u0648\u0645\u062a\u0647 \u0645\u0639 \u0623\u0644\u0648\u0627\u0646\u0647 \u0627\u0644\u0623\u0633\u0627\u0633\u064a\u0629 \u0627\u0644\u0645\u0632\u062f\u0648\u062c\u0629 \u0648\u062a\u0641\u0627\u0635\u064a\u0644 \u0627\u0644\u062e\u064a\u0627\u0637\u0629.<\/p>\n<p>\u0645\u0635\u0645\u0645\u0629 \u0628\u062e\u064a\u0627\u0631\u064a\u0646 \u0645\u062e\u062a\u0644\u0641\u064a\u0646 \u0645\u0646 \u0627\u0644\u0623\u0644\u0648\u0627\u0646. \u0628\u0641\u0636\u0644 \u062a\u0635\u0645\u064a\u0645\u0647\u0627 \u0627\u0644\u0639\u0635\u0631\u064a \u0648\u0627\u0644\u0646\u0627\u0639\u0645\u060c \u0633\u062a\u062d\u0645\u0644 \u0645\u062c\u0645\u0648\u0639\u0629 Pi Collection \u062c\u0648\u062f\u062a\u0647\u0627 \u0625\u0644\u0649 \u063a\u0631\u0641\u0629 \u0627\u0644\u0646\u0648\u0645.<\/p>\n<p>%100 Pamuk ve Ranforce 57 Tel dokuma ile yumu\u015fak dokusuyla, bulutlar\u0131n \u00fczerinde uyku tad\u0131na varman\u0131z\u0131 sa\u011flayacak\u2026<\/p>","protected":false},"excerpt":{"rendered":"<p><strong>\u0627\u0633\u062a\u062e\u062f\u0627\u0645 \u0639\u0644\u0649 \u0627\u0644\u0648\u062c\u0647\u064a\u0646 - \u0631\u0645\u0627\u062f\u064a \u0623\u0646\u062b\u0631\u0627\u0633\u0627\u064a\u062a<\/strong><\/p>","protected":false},"featured_media":3607,"template":"","meta":[],"pwb-brand":[270,269],"product_brand":[],"product_cat":[96,23,94,346,95],"product_tag":[],"class_list":{"0":"post-2829","1":"product","2":"type-product","3":"status-publish","4":"has-post-thumbnail","6":"pwb-brand-antrasit-gri","7":"pwb-brand-cift-tarafli-kullanim","8":"product_cat-cift-kisilik-nevresim-seti","9":"product_cat-ev-tekstili","10":"product_cat-nevresim","11":"product_cat-picollection","12":"product_cat-tek-kisilik-nevresim-seti","14":"first","15":"instock","16":"shipping-taxable","17":"purchasable","18":"product-type-variable","19":"has-default-attributes"},"yoast_head":"<!-- This site is optimized with the Yoast SEO plugin v25.7 - https:\/\/yoast.com\/wordpress\/plugins\/seo\/ -->\n<title>Pure Ranforce Nevresim Seti - Pierre Cardin Yatak<\/title>\n<meta name=\"description\" content=\"Pierre Cardin Bedding Pure Ranforce Nevresim Seti, yatak odas\u0131 dekorasyonunuzu kolayla\u015ft\u0131racak. Pure ranforce ile kendinizi \u00f6d\u00fcllendirin.\" \/>\n<meta name=\"robots\" content=\"index, follow, max-snippet:-1, max-image-preview:large, max-video-preview:-1\" \/>\n<link rel=\"canonical\" href=\"https:\/\/pierrecardinyatak.com.tr\/ar\/\u0627\u0644\u0645\u0646\u062a\u062c\/\u0637\u0642\u0645-\u063a\u0637\u0627\u0621-\u0644\u062d\u0627\u0641-\u0631\u0627\u0646\u0641\u0648\u0631\u0633-\u0646\u0642\u064a\/\" \/>\n<meta property=\"og:locale\" content=\"ar_AR\" \/>\n<meta property=\"og:type\" content=\"article\" \/>\n<meta property=\"og:title\" content=\"Pure Ranforce Nevresim Seti - Pierre Cardin Yatak\" \/>\n<meta property=\"og:description\" content=\"Pierre Cardin Bedding Pure Ranforce Nevresim Seti, yatak odas\u0131 dekorasyonunuzu kolayla\u015ft\u0131racak. Pure ranforce ile kendinizi \u00f6d\u00fcllendirin.\" \/>\n<meta property=\"og:url\" content=\"https:\/\/pierrecardinyatak.com.tr\/ar\/\u0627\u0644\u0645\u0646\u062a\u062c\/\u0637\u0642\u0645-\u063a\u0637\u0627\u0621-\u0644\u062d\u0627\u0641-\u0631\u0627\u0646\u0641\u0648\u0631\u0633-\u0646\u0642\u064a\/\" \/>\n<meta property=\"og:site_name\" content=\"Pierre Cardin Yatak\" \/>\n<meta property=\"article:publisher\" content=\"https:\/\/www.facebook.com\/pierrecardinyatak\" \/>\n<meta property=\"article:modified_time\" content=\"2025-05-27T14:51:25+00:00\" \/>\n<meta property=\"og:image\" content=\"https:\/\/pierrecardinyatak.com.tr\/wp-content\/uploads\/2022\/12\/urun-pure-antrasit-list.jpg\" \/>\n\t<meta property=\"og:image:width\" content=\"580\" \/>\n\t<meta property=\"og:image:height\" content=\"435\" \/>\n\t<meta property=\"og:image:type\" content=\"image\/jpeg\" \/>\n<meta name=\"twitter:card\" content=\"summary_large_image\" \/>\n<meta name=\"twitter:site\" content=\"@pcardinbedding\" \/>\n<meta name=\"twitter:label1\" content=\"\u0648\u0642\u062a \u0627\u0644\u0642\u0631\u0627\u0621\u0629 \u0627\u0644\u0645\u064f\u0642\u062f\u0651\u0631\" \/>\n\t<meta name=\"twitter:data1\" content=\"\u062f\u0642\u064a\u0642\u0629 \u0648\u0627\u062d\u062f\u0629\" \/>\n<script type=\"application\/ld+json\" class=\"yoast-schema-graph\">{\"@context\":\"https:\/\/schema.org\",\"@graph\":[{\"@type\":[\"WebPage\",\"ItemPage\"],\"@id\":\"https:\/\/pierrecardinyatak.com.tr\/urun\/pure-ranforce-nevresim-seti\/\",\"url\":\"https:\/\/pierrecardinyatak.com.tr\/urun\/pure-ranforce-nevresim-seti\/\",\"name\":\"Pure Ranforce Nevresim Seti - Pierre Cardin Yatak\",\"isPartOf\":{\"@id\":\"https:\/\/pierrecardinyatak.com.tr\/#website\"},\"primaryImageOfPage\":{\"@id\":\"https:\/\/pierrecardinyatak.com.tr\/urun\/pure-ranforce-nevresim-seti\/#primaryimage\"},\"image\":{\"@id\":\"https:\/\/pierrecardinyatak.com.tr\/urun\/pure-ranforce-nevresim-seti\/#primaryimage\"},\"thumbnailUrl\":\"https:\/\/pierrecardinyatak.com.tr\/wp-content\/uploads\/2022\/12\/urun-pure-antrasit-list.jpg\",\"datePublished\":\"2022-12-20T11:54:07+00:00\",\"dateModified\":\"2025-05-27T14:51:25+00:00\",\"description\":\"Pierre Cardin Bedding Pure Ranforce Nevresim Seti, yatak odas\u0131 dekorasyonunuzu kolayla\u015ft\u0131racak. Pure ranforce ile kendinizi \u00f6d\u00fcllendirin.\",\"breadcrumb\":{\"@id\":\"https:\/\/pierrecardinyatak.com.tr\/urun\/pure-ranforce-nevresim-seti\/#breadcrumb\"},\"inLanguage\":\"ar\",\"potentialAction\":[{\"@type\":\"ReadAction\",\"target\":[\"https:\/\/pierrecardinyatak.com.tr\/urun\/pure-ranforce-nevresim-seti\/\"]}]},{\"@type\":\"ImageObject\",\"inLanguage\":\"ar\",\"@id\":\"https:\/\/pierrecardinyatak.com.tr\/urun\/pure-ranforce-nevresim-seti\/#primaryimage\",\"url\":\"https:\/\/pierrecardinyatak.com.tr\/wp-content\/uploads\/2022\/12\/urun-pure-antrasit-list.jpg\",\"contentUrl\":\"https:\/\/pierrecardinyatak.com.tr\/wp-content\/uploads\/2022\/12\/urun-pure-antrasit-list.jpg\",\"width\":580,\"height\":435,\"caption\":\"Zarif ve Do\u011fal: Pierre Cardin Pure Nevresim Seti Ekru | Yatak Odas\u0131na Estetik Bir Dokunu\u015f - Hemen \u0130nceleyin\"},{\"@type\":\"BreadcrumbList\",\"@id\":\"https:\/\/pierrecardinyatak.com.tr\/urun\/pure-ranforce-nevresim-seti\/#breadcrumb\",\"itemListElement\":[{\"@type\":\"ListItem\",\"position\":1,\"name\":\"Anasayfa\",\"item\":\"https:\/\/pierrecardinyatak.com.tr\/\"},{\"@type\":\"ListItem\",\"position\":2,\"name\":\"Ma\u011faza\",\"item\":\"https:\/\/pierrecardinyatak.com.tr\/magaza\/\"},{\"@type\":\"ListItem\",\"position\":3,\"name\":\"Pure Ranforce Nevresim Seti\"}]},{\"@type\":\"WebSite\",\"@id\":\"https:\/\/pierrecardinyatak.com.tr\/#website\",\"url\":\"https:\/\/pierrecardinyatak.com.tr\/\",\"name\":\"Pierre Cardin Yatak\",\"description\":\"-\",\"potentialAction\":[{\"@type\":\"SearchAction\",\"target\":{\"@type\":\"EntryPoint\",\"urlTemplate\":\"https:\/\/pierrecardinyatak.com.tr\/?s={search_term_string}\"},\"query-input\":{\"@type\":\"PropertyValueSpecification\",\"valueRequired\":true,\"valueName\":\"search_term_string\"}}],\"inLanguage\":\"ar\"}]}<\/script>\n<!-- \/ Yoast SEO plugin. -->","yoast_head_json":{"title":"\u0637\u0642\u0645 \u0623\u063a\u0637\u064a\u0629 \u0644\u062d\u0627\u0641 \u0628\u064a\u0648\u0631 \u0631\u0627\u0646\u0641\u0648\u0631\u0633 - \u0628\u064a\u064a\u0631 \u0643\u0627\u0631\u062f\u0627\u0646 \u0628\u064a\u0627\u0636\u0627\u062a \u0633\u0631\u064a\u0631 \u0628\u064a\u064a\u0631 \u0643\u0627\u0631\u062f\u0627\u0646","description":"\u0637\u0642\u0645 \u0623\u063a\u0637\u064a\u0629 \u0644\u062d\u0627\u0641 Pure Ranforce \u0645\u0646 \u0628\u064a\u064a\u0631 \u0643\u0627\u0631\u062f\u0627\u0646 \u0628\u064a\u064a\u0631 \u0643\u0627\u0631\u062f\u0627\u0646 \u0633\u064a\u062c\u0639\u0644 \u062f\u064a\u0643\u0648\u0631 \u063a\u0631\u0641\u0629 \u0646\u0648\u0645\u0643 \u0623\u0633\u0647\u0644. \u0643\u0627\u0641\u0626 \u0646\u0641\u0633\u0643 \u0645\u0639 \u0628\u064a\u0648\u0631 \u0631\u0627\u0646\u0641\u0648\u0631\u0633.","robots":{"index":"index","follow":"follow","max-snippet":"max-snippet:-1","max-image-preview":"max-image-preview:large","max-video-preview":"max-video-preview:-1"},"canonical":"https:\/\/pierrecardinyatak.com.tr\/ar\/\u0627\u0644\u0645\u0646\u062a\u062c\/\u0637\u0642\u0645-\u063a\u0637\u0627\u0621-\u0644\u062d\u0627\u0641-\u0631\u0627\u0646\u0641\u0648\u0631\u0633-\u0646\u0642\u064a\/","og_locale":"ar_AR","og_type":"article","og_title":"Pure Ranforce Nevresim Seti - Pierre Cardin Yatak","og_description":"Pierre Cardin Bedding Pure Ranforce Nevresim Seti, yatak odas\u0131 dekorasyonunuzu kolayla\u015ft\u0131racak. Pure ranforce ile kendinizi \u00f6d\u00fcllendirin.","og_url":"https:\/\/pierrecardinyatak.com.tr\/ar\/\u0627\u0644\u0645\u0646\u062a\u062c\/\u0637\u0642\u0645-\u063a\u0637\u0627\u0621-\u0644\u062d\u0627\u0641-\u0631\u0627\u0646\u0641\u0648\u0631\u0633-\u0646\u0642\u064a\/","og_site_name":"Pierre Cardin Yatak","article_publisher":"https:\/\/www.facebook.com\/pierrecardinyatak","article_modified_time":"2025-05-27T14:51:25+00:00","og_image":[{"width":580,"height":435,"url":"https:\/\/pierrecardinyatak.com.tr\/wp-content\/uploads\/2022\/12\/urun-pure-antrasit-list.jpg","type":"image\/jpeg"}],"twitter_card":"summary_large_image","twitter_site":"@pcardinbedding","twitter_misc":{"\u0648\u0642\u062a \u0627\u0644\u0642\u0631\u0627\u0621\u0629 \u0627\u0644\u0645\u064f\u0642\u062f\u0651\u0631":"\u062f\u0642\u064a\u0642\u0629 \u0648\u0627\u062d\u062f\u0629"},"schema":{"@context":"https:\/\/schema.org","@graph":[{"@type":["WebPage","ItemPage"],"@id":"https:\/\/pierrecardinyatak.com.tr\/urun\/pure-ranforce-nevresim-seti\/","url":"https:\/\/pierrecardinyatak.com.tr\/urun\/pure-ranforce-nevresim-seti\/","name":"\u0637\u0642\u0645 \u0623\u063a\u0637\u064a\u0629 \u0644\u062d\u0627\u0641 \u0628\u064a\u0648\u0631 \u0631\u0627\u0646\u0641\u0648\u0631\u0633 - \u0628\u064a\u064a\u0631 \u0643\u0627\u0631\u062f\u0627\u0646 \u0628\u064a\u0627\u0636\u0627\u062a \u0633\u0631\u064a\u0631 \u0628\u064a\u064a\u0631 \u0643\u0627\u0631\u062f\u0627\u0646","isPartOf":{"@id":"https:\/\/pierrecardinyatak.com.tr\/#website"},"primaryImageOfPage":{"@id":"https:\/\/pierrecardinyatak.com.tr\/urun\/pure-ranforce-nevresim-seti\/#primaryimage"},"image":{"@id":"https:\/\/pierrecardinyatak.com.tr\/urun\/pure-ranforce-nevresim-seti\/#primaryimage"},"thumbnailUrl":"https:\/\/pierrecardinyatak.com.tr\/wp-content\/uploads\/2022\/12\/urun-pure-antrasit-list.jpg","datePublished":"2022-12-20T11:54:07+00:00","dateModified":"2025-05-27T14:51:25+00:00","description":"\u0637\u0642\u0645 \u0623\u063a\u0637\u064a\u0629 \u0644\u062d\u0627\u0641 Pure Ranforce \u0645\u0646 \u0628\u064a\u064a\u0631 \u0643\u0627\u0631\u062f\u0627\u0646 \u0628\u064a\u064a\u0631 \u0643\u0627\u0631\u062f\u0627\u0646 \u0633\u064a\u062c\u0639\u0644 \u062f\u064a\u0643\u0648\u0631 \u063a\u0631\u0641\u0629 \u0646\u0648\u0645\u0643 \u0623\u0633\u0647\u0644. \u0643\u0627\u0641\u0626 \u0646\u0641\u0633\u0643 \u0645\u0639 \u0628\u064a\u0648\u0631 \u0631\u0627\u0646\u0641\u0648\u0631\u0633.","breadcrumb":{"@id":"https:\/\/pierrecardinyatak.com.tr\/urun\/pure-ranforce-nevresim-seti\/#breadcrumb"},"inLanguage":"ar","potentialAction":[{"@type":"ReadAction","target":["https:\/\/pierrecardinyatak.com.tr\/urun\/pure-ranforce-nevresim-seti\/"]}]},{"@type":"ImageObject","inLanguage":"ar","@id":"https:\/\/pierrecardinyatak.com.tr\/urun\/pure-ranforce-nevresim-seti\/#primaryimage","url":"https:\/\/pierrecardinyatak.com.tr\/wp-content\/uploads\/2022\/12\/urun-pure-antrasit-list.jpg","contentUrl":"https:\/\/pierrecardinyatak.com.tr\/wp-content\/uploads\/2022\/12\/urun-pure-antrasit-list.jpg","width":580,"height":435,"caption":"Zarif ve Do\u011fal: Pierre Cardin Pure Nevresim Seti Ekru | Yatak Odas\u0131na Estetik Bir Dokunu\u015f - Hemen \u0130nceleyin"},{"@type":"BreadcrumbList","@id":"https:\/\/pierrecardinyatak.com.tr\/urun\/pure-ranforce-nevresim-seti\/#breadcrumb","itemListElement":[{"@type":"ListItem","position":1,"name":"Anasayfa","item":"https:\/\/pierrecardinyatak.com.tr\/"},{"@type":"ListItem","position":2,"name":"Ma\u011faza","item":"https:\/\/pierrecardinyatak.com.tr\/magaza\/"},{"@type":"ListItem","position":3,"name":"Pure Ranforce Nevresim Seti"}]},{"@type":"WebSite","@id":"https:\/\/pierrecardinyatak.com.tr\/#website","url":"https:\/\/pierrecardinyatak.com.tr\/","name":"\u0633\u0631\u064a\u0631 \u0628\u064a\u064a\u0631 \u0643\u0627\u0631\u062f\u0627\u0646","description":"-","potentialAction":[{"@type":"SearchAction","target":{"@type":"EntryPoint","urlTemplate":"https:\/\/pierrecardinyatak.com.tr\/?s={search_term_string}"},"query-input":{"@type":"PropertyValueSpecification","valueRequired":true,"valueName":"search_term_string"}}],"inLanguage":"ar"}]}},"brands":[{"id":270,"name":"\u0631\u0645\u0627\u062f\u064a \u0623\u0646\u062b\u0631\u0627\u0633\u0627\u064a\u062a","slug":"%d8%b1%d9%85%d8%a7%d8%af%d9%8a-%d8%a3%d9%86%d8%ab%d8%b1%d8%a7%d8%b3%d8%a7%d9%8a%d8%aa"},{"id":269,"name":"\u0627\u0633\u062a\u062e\u062f\u0627\u0645 \u0645\u0632\u062f\u0648\u062c \u0627\u0644\u0648\u062c\u0647\u064a\u0646","slug":"cift-tarafli-kullanim"}],"_links":{"self":[{"href":"https:\/\/pierrecardinyatak.com.tr\/ar\/wp-json\/wp\/v2\/product\/2829","targetHints":{"allow":["GET"]}}],"collection":[{"href":"https:\/\/pierrecardinyatak.com.tr\/ar\/wp-json\/wp\/v2\/product"}],"about":[{"href":"https:\/\/pierrecardinyatak.com.tr\/ar\/wp-json\/wp\/v2\/types\/product"}],"wp:featuredmedia":[{"embeddable":true,"href":"https:\/\/pierrecardinyatak.com.tr\/ar\/wp-json\/wp\/v2\/media\/3607"}],"wp:attachment":[{"href":"https:\/\/pierrecardinyatak.com.tr\/ar\/wp-json\/wp\/v2\/media?parent=2829"}],"wp:term":[{"taxonomy":"pwb-brand","embeddable":true,"href":"https:\/\/pierrecardinyatak.com.tr\/ar\/wp-json\/wp\/v2\/pwb-brand?post=2829"},{"taxonomy":"product_brand","embeddable":true,"href":"https:\/\/pierrecardinyatak.com.tr\/ar\/wp-json\/wp\/v2\/product_brand?post=2829"},{"taxonomy":"product_cat","embeddable":true,"href":"https:\/\/pierrecardinyatak.com.tr\/ar\/wp-json\/wp\/v2\/product_cat?post=2829"},{"taxonomy":"product_tag","embeddable":true,"href":"https:\/\/pierrecardinyatak.com.tr\/ar\/wp-json\/wp\/v2\/product_tag?post=2829"}],"curies":[{"name":"wp","href":"https:\/\/api.w.org\/{rel}","templated":true}]}}