{"id":2810,"date":"2022-12-20T11:39:13","date_gmt":"2022-12-20T08:39:13","guid":{"rendered":"https:\/\/pierrecardinbedding.com.tr\/?post_type=product&#038;p=2810"},"modified":"2025-05-27T17:51:26","modified_gmt":"2025-05-27T14:51:26","slug":"%d9%83%d8%a7%d8%b1%d8%a7%d9%81-%d9%85%d8%b7%d8%a7%d8%b7%d9%8a-%d9%85%d8%b7%d8%a7%d8%b7%d9%8a-%d9%86%d9%82%d9%8a-%d8%a5%d9%83%d8%b1%d9%88-%d9%86%d9%82%d9%8a","status":"publish","type":"product","link":"https:\/\/pierrecardinyatak.com.tr\/ar\/%d8%a7%d9%84%d9%85%d9%86%d8%aa%d8%ac\/%d9%83%d8%a7%d8%b1%d8%a7%d9%81-%d9%85%d8%b7%d8%a7%d8%b7%d9%8a-%d9%85%d8%b7%d8%a7%d8%b7%d9%8a-%d9%86%d9%82%d9%8a-%d8%a5%d9%83%d8%b1%d9%88-%d9%86%d9%82%d9%8a\/","title":{"rendered":"\u0645\u0644\u0627\u0621\u0629 \u0628\u064a\u0648\u0631 \u0625\u064a\u0643\u0631\u0648 \u0645\u062c\u0647\u0632\u0629"},"content":{"rendered":"<p>\u0634\u0631\u0634\u0641 Pi Collection Pi Collection Pure Fitted \u064a\u0644\u0641 \u0633\u0631\u064a\u0631\u0643 \u0648\u064a\u0648\u0641\u0631 \u0644\u0643 \u0631\u0627\u062d\u0629 \u0646\u0648\u0645 \u0641\u0631\u064a\u062f\u0629 \u0645\u0646 \u0646\u0648\u0639\u0647\u0627....<\/p>\n<p>Soft rengi sayesinde, %100 Pamuklu ve 57 Tel dokuma ile \u00e7ekme yapmaz, y\u0131pranmaz ve solma yapmaz.<\/p>","protected":false},"excerpt":{"rendered":"<p><strong>%100 Pamuk &#8211; Ranforce 57 Tel<\/strong><\/p>","protected":false},"featured_media":0,"template":"","meta":[],"pwb-brand":[233,262],"product_brand":[],"product_cat":[100,102,346],"product_tag":[],"class_list":{"0":"post-2810","1":"product","2":"type-product","3":"status-publish","5":"pwb-brand-pamuk","6":"pwb-brand-ranforce-57-tel","7":"product_cat-carsaflar","8":"product_cat-lastikli-carsaflar","9":"product_cat-picollection","11":"first","12":"instock","13":"shipping-taxable","14":"purchasable","15":"product-type-variable","16":"has-default-attributes"},"yoast_head":"<!-- This site is optimized with the Yoast SEO plugin v25.7 - https:\/\/yoast.com\/wordpress\/plugins\/seo\/ -->\n<title>Pure Ekru Lastikli \u00c7ar\u015faf - Pierre Cardin Yatak<\/title>\n<meta name=\"description\" content=\"Pierre Cardin Bedding Pure Ekru Lastikli \u00c7ar\u015faf ile banyo keyfiniz daha sa\u011fl\u0131kl\u0131 hale gelecek. Pure \u00e7ar\u015faflar ile \u00e7ok rahat edeceksiniz.\" \/>\n<meta name=\"robots\" content=\"index, follow, max-snippet:-1, max-image-preview:large, max-video-preview:-1\" \/>\n<link rel=\"canonical\" href=\"https:\/\/pierrecardinyatak.com.tr\/ar\/\u0627\u0644\u0645\u0646\u062a\u062c\/\u0643\u0627\u0631\u0627\u0641-\u0645\u0637\u0627\u0637\u064a-\u0645\u0637\u0627\u0637\u064a-\u0646\u0642\u064a-\u0625\u0643\u0631\u0648-\u0646\u0642\u064a\/\" \/>\n<meta property=\"og:locale\" content=\"ar_AR\" \/>\n<meta property=\"og:type\" content=\"article\" \/>\n<meta property=\"og:title\" content=\"Pure Ekru Lastikli \u00c7ar\u015faf - Pierre Cardin Yatak\" \/>\n<meta property=\"og:description\" content=\"Pierre Cardin Bedding Pure Ekru Lastikli \u00c7ar\u015faf ile banyo keyfiniz daha sa\u011fl\u0131kl\u0131 hale gelecek. Pure \u00e7ar\u015faflar ile \u00e7ok rahat edeceksiniz.\" \/>\n<meta property=\"og:url\" content=\"https:\/\/pierrecardinyatak.com.tr\/ar\/\u0627\u0644\u0645\u0646\u062a\u062c\/\u0643\u0627\u0631\u0627\u0641-\u0645\u0637\u0627\u0637\u064a-\u0645\u0637\u0627\u0637\u064a-\u0646\u0642\u064a-\u0625\u0643\u0631\u0648-\u0646\u0642\u064a\/\" \/>\n<meta property=\"og:site_name\" content=\"Pierre Cardin Yatak\" \/>\n<meta property=\"article:publisher\" content=\"https:\/\/www.facebook.com\/pierrecardinyatak\" \/>\n<meta property=\"article:modified_time\" content=\"2025-05-27T14:51:26+00:00\" \/>\n<meta name=\"twitter:card\" content=\"summary_large_image\" \/>\n<meta name=\"twitter:site\" content=\"@pcardinbedding\" \/>\n<meta name=\"twitter:label1\" content=\"\u0648\u0642\u062a \u0627\u0644\u0642\u0631\u0627\u0621\u0629 \u0627\u0644\u0645\u064f\u0642\u062f\u0651\u0631\" \/>\n\t<meta name=\"twitter:data1\" content=\"\u062f\u0642\u064a\u0642\u0629 \u0648\u0627\u062d\u062f\u0629\" \/>\n<script type=\"application\/ld+json\" class=\"yoast-schema-graph\">{\"@context\":\"https:\/\/schema.org\",\"@graph\":[{\"@type\":[\"WebPage\",\"ItemPage\"],\"@id\":\"https:\/\/pierrecardinyatak.com.tr\/urun\/pure-ekru-lastikli-carsaf\/\",\"url\":\"https:\/\/pierrecardinyatak.com.tr\/urun\/pure-ekru-lastikli-carsaf\/\",\"name\":\"Pure Ekru Lastikli \u00c7ar\u015faf - Pierre Cardin Yatak\",\"isPartOf\":{\"@id\":\"https:\/\/pierrecardinyatak.com.tr\/#website\"},\"datePublished\":\"2022-12-20T08:39:13+00:00\",\"dateModified\":\"2025-05-27T14:51:26+00:00\",\"description\":\"Pierre Cardin Bedding Pure Ekru Lastikli \u00c7ar\u015faf ile banyo keyfiniz daha sa\u011fl\u0131kl\u0131 hale gelecek. Pure \u00e7ar\u015faflar ile \u00e7ok rahat edeceksiniz.\",\"breadcrumb\":{\"@id\":\"https:\/\/pierrecardinyatak.com.tr\/urun\/pure-ekru-lastikli-carsaf\/#breadcrumb\"},\"inLanguage\":\"ar\",\"potentialAction\":[{\"@type\":\"ReadAction\",\"target\":[\"https:\/\/pierrecardinyatak.com.tr\/urun\/pure-ekru-lastikli-carsaf\/\"]}]},{\"@type\":\"BreadcrumbList\",\"@id\":\"https:\/\/pierrecardinyatak.com.tr\/urun\/pure-ekru-lastikli-carsaf\/#breadcrumb\",\"itemListElement\":[{\"@type\":\"ListItem\",\"position\":1,\"name\":\"Anasayfa\",\"item\":\"https:\/\/pierrecardinyatak.com.tr\/\"},{\"@type\":\"ListItem\",\"position\":2,\"name\":\"Ma\u011faza\",\"item\":\"https:\/\/pierrecardinyatak.com.tr\/magaza\/\"},{\"@type\":\"ListItem\",\"position\":3,\"name\":\"Pure Ekru Lastikli \u00c7ar\u015faf\"}]},{\"@type\":\"WebSite\",\"@id\":\"https:\/\/pierrecardinyatak.com.tr\/#website\",\"url\":\"https:\/\/pierrecardinyatak.com.tr\/\",\"name\":\"Pierre Cardin Yatak\",\"description\":\"-\",\"potentialAction\":[{\"@type\":\"SearchAction\",\"target\":{\"@type\":\"EntryPoint\",\"urlTemplate\":\"https:\/\/pierrecardinyatak.com.tr\/?s={search_term_string}\"},\"query-input\":{\"@type\":\"PropertyValueSpecification\",\"valueRequired\":true,\"valueName\":\"search_term_string\"}}],\"inLanguage\":\"ar\"}]}<\/script>\n<!-- \/ Yoast SEO plugin. -->","yoast_head_json":{"title":"\u0645\u0644\u0627\u0621\u0629 \u0628\u064a\u0648\u0631 \u0625\u064a\u0643\u0631\u0648 \u0645\u062c\u0647\u0632\u0629 - \u0628\u064a\u064a\u0631 \u0643\u0627\u0631\u062f\u0627\u0646 \u0628\u064a\u0627\u0636\u0627\u062a \u0633\u0631\u064a\u0631 \u0628\u064a\u064a\u0631 \u0643\u0627\u0631\u062f\u0627\u0646","description":"\u0633\u062a\u0635\u0628\u062d \u0645\u062a\u0639\u0629 \u062d\u0645\u0627\u0645\u0643 \u0623\u0643\u062b\u0631 \u0635\u062d\u0629 \u0645\u0639 \u0634\u0631\u0627\u0634\u0641 \u0628\u064a\u064a\u0631 \u0643\u0627\u0631\u062f\u0627\u0646 \u0628\u064a\u0648\u0631 \u0625\u064a\u0643\u0631\u0648 \u0627\u0644\u0645\u062c\u0647\u0632\u0629. \u0633\u062a\u0643\u0648\u0646\u064a\u0646 \u0645\u0631\u062a\u0627\u062d\u0629 \u0644\u0644\u063a\u0627\u064a\u0629 \u0645\u0639 \u0645\u0644\u0627\u0621\u0627\u062a Pure.","robots":{"index":"index","follow":"follow","max-snippet":"max-snippet:-1","max-image-preview":"max-image-preview:large","max-video-preview":"max-video-preview:-1"},"canonical":"https:\/\/pierrecardinyatak.com.tr\/ar\/\u0627\u0644\u0645\u0646\u062a\u062c\/\u0643\u0627\u0631\u0627\u0641-\u0645\u0637\u0627\u0637\u064a-\u0645\u0637\u0627\u0637\u064a-\u0646\u0642\u064a-\u0625\u0643\u0631\u0648-\u0646\u0642\u064a\/","og_locale":"ar_AR","og_type":"article","og_title":"Pure Ekru Lastikli \u00c7ar\u015faf - Pierre Cardin Yatak","og_description":"Pierre Cardin Bedding Pure Ekru Lastikli \u00c7ar\u015faf ile banyo keyfiniz daha sa\u011fl\u0131kl\u0131 hale gelecek. Pure \u00e7ar\u015faflar ile \u00e7ok rahat edeceksiniz.","og_url":"https:\/\/pierrecardinyatak.com.tr\/ar\/\u0627\u0644\u0645\u0646\u062a\u062c\/\u0643\u0627\u0631\u0627\u0641-\u0645\u0637\u0627\u0637\u064a-\u0645\u0637\u0627\u0637\u064a-\u0646\u0642\u064a-\u0625\u0643\u0631\u0648-\u0646\u0642\u064a\/","og_site_name":"Pierre Cardin Yatak","article_publisher":"https:\/\/www.facebook.com\/pierrecardinyatak","article_modified_time":"2025-05-27T14:51:26+00:00","twitter_card":"summary_large_image","twitter_site":"@pcardinbedding","twitter_misc":{"\u0648\u0642\u062a \u0627\u0644\u0642\u0631\u0627\u0621\u0629 \u0627\u0644\u0645\u064f\u0642\u062f\u0651\u0631":"\u062f\u0642\u064a\u0642\u0629 \u0648\u0627\u062d\u062f\u0629"},"schema":{"@context":"https:\/\/schema.org","@graph":[{"@type":["WebPage","ItemPage"],"@id":"https:\/\/pierrecardinyatak.com.tr\/urun\/pure-ekru-lastikli-carsaf\/","url":"https:\/\/pierrecardinyatak.com.tr\/urun\/pure-ekru-lastikli-carsaf\/","name":"\u0645\u0644\u0627\u0621\u0629 \u0628\u064a\u0648\u0631 \u0625\u064a\u0643\u0631\u0648 \u0645\u062c\u0647\u0632\u0629 - \u0628\u064a\u064a\u0631 \u0643\u0627\u0631\u062f\u0627\u0646 \u0628\u064a\u0627\u0636\u0627\u062a \u0633\u0631\u064a\u0631 \u0628\u064a\u064a\u0631 \u0643\u0627\u0631\u062f\u0627\u0646","isPartOf":{"@id":"https:\/\/pierrecardinyatak.com.tr\/#website"},"datePublished":"2022-12-20T08:39:13+00:00","dateModified":"2025-05-27T14:51:26+00:00","description":"\u0633\u062a\u0635\u0628\u062d \u0645\u062a\u0639\u0629 \u062d\u0645\u0627\u0645\u0643 \u0623\u0643\u062b\u0631 \u0635\u062d\u0629 \u0645\u0639 \u0634\u0631\u0627\u0634\u0641 \u0628\u064a\u064a\u0631 \u0643\u0627\u0631\u062f\u0627\u0646 \u0628\u064a\u0648\u0631 \u0625\u064a\u0643\u0631\u0648 \u0627\u0644\u0645\u062c\u0647\u0632\u0629. \u0633\u062a\u0643\u0648\u0646\u064a\u0646 \u0645\u0631\u062a\u0627\u062d\u0629 \u0644\u0644\u063a\u0627\u064a\u0629 \u0645\u0639 \u0645\u0644\u0627\u0621\u0627\u062a Pure.","breadcrumb":{"@id":"https:\/\/pierrecardinyatak.com.tr\/urun\/pure-ekru-lastikli-carsaf\/#breadcrumb"},"inLanguage":"ar","potentialAction":[{"@type":"ReadAction","target":["https:\/\/pierrecardinyatak.com.tr\/urun\/pure-ekru-lastikli-carsaf\/"]}]},{"@type":"BreadcrumbList","@id":"https:\/\/pierrecardinyatak.com.tr\/urun\/pure-ekru-lastikli-carsaf\/#breadcrumb","itemListElement":[{"@type":"ListItem","position":1,"name":"Anasayfa","item":"https:\/\/pierrecardinyatak.com.tr\/"},{"@type":"ListItem","position":2,"name":"Ma\u011faza","item":"https:\/\/pierrecardinyatak.com.tr\/magaza\/"},{"@type":"ListItem","position":3,"name":"Pure Ekru Lastikli \u00c7ar\u015faf"}]},{"@type":"WebSite","@id":"https:\/\/pierrecardinyatak.com.tr\/#website","url":"https:\/\/pierrecardinyatak.com.tr\/","name":"\u0633\u0631\u064a\u0631 \u0628\u064a\u064a\u0631 \u0643\u0627\u0631\u062f\u0627\u0646","description":"-","potentialAction":[{"@type":"SearchAction","target":{"@type":"EntryPoint","urlTemplate":"https:\/\/pierrecardinyatak.com.tr\/?s={search_term_string}"},"query-input":{"@type":"PropertyValueSpecification","valueRequired":true,"valueName":"search_term_string"}}],"inLanguage":"ar"}]}},"brands":[{"id":233,"name":"\u0627\u0644\u0642\u0637\u0646","slug":"pamuk"},{"id":262,"name":"\u0633\u0644\u0643 \u0631\u0627\u0646\u0641\u0648\u0631\u0633 57","slug":"%d8%b3%d9%84%d9%83-%d8%b1%d8%a7%d9%86%d9%81%d9%88%d8%b1%d8%b3-57"}],"_links":{"self":[{"href":"https:\/\/pierrecardinyatak.com.tr\/ar\/wp-json\/wp\/v2\/product\/2810","targetHints":{"allow":["GET"]}}],"collection":[{"href":"https:\/\/pierrecardinyatak.com.tr\/ar\/wp-json\/wp\/v2\/product"}],"about":[{"href":"https:\/\/pierrecardinyatak.com.tr\/ar\/wp-json\/wp\/v2\/types\/product"}],"wp:attachment":[{"href":"https:\/\/pierrecardinyatak.com.tr\/ar\/wp-json\/wp\/v2\/media?parent=2810"}],"wp:term":[{"taxonomy":"pwb-brand","embeddable":true,"href":"https:\/\/pierrecardinyatak.com.tr\/ar\/wp-json\/wp\/v2\/pwb-brand?post=2810"},{"taxonomy":"product_brand","embeddable":true,"href":"https:\/\/pierrecardinyatak.com.tr\/ar\/wp-json\/wp\/v2\/product_brand?post=2810"},{"taxonomy":"product_cat","embeddable":true,"href":"https:\/\/pierrecardinyatak.com.tr\/ar\/wp-json\/wp\/v2\/product_cat?post=2810"},{"taxonomy":"product_tag","embeddable":true,"href":"https:\/\/pierrecardinyatak.com.tr\/ar\/wp-json\/wp\/v2\/product_tag?post=2810"}],"curies":[{"name":"wp","href":"https:\/\/api.w.org\/{rel}","templated":true}]}}