{"id":2804,"date":"2022-12-20T10:40:46","date_gmt":"2022-12-20T07:40:46","guid":{"rendered":"https:\/\/pierrecardinbedding.com.tr\/?post_type=product&#038;p=2804"},"modified":"2025-05-27T17:51:26","modified_gmt":"2025-05-27T14:51:26","slug":"pure-ekru-duz-carsaf","status":"publish","type":"product","link":"https:\/\/pierrecardinyatak.com.tr\/ar\/%d8%a7%d9%84%d9%85%d9%86%d8%aa%d8%ac\/pure-ekru-duz-carsaf\/","title":{"rendered":"Pure Ekru D\u00fcz \u00c7ar\u015faf"},"content":{"rendered":"<p>\u064a\u0648\u0641\u0631 \u0644\u0643 \u0627\u0644\u0634\u0631\u0634\u0641 \u0627\u0644\u0645\u0633\u0637\u062d Pi Collection Pure Collection \u0631\u0627\u062d\u0629 \u0646\u0648\u0645 \u0641\u0631\u064a\u062f\u0629 \u0645\u0646 \u0646\u0648\u0639\u0647\u0627 \u0645\u0646 \u062e\u0644\u0627\u0644 \u062a\u063a\u0644\u064a\u0641 \u0633\u0631\u064a\u0631\u0643...<\/p>\n<p>Soft rengi sayesinde, %100 Pamuklu ve 57 Tel dokuma ile \u00e7ekme yapmaz, y\u0131pranmaz ve solma yapmaz.<\/p>\n<p>\u064a\u062a\u0645 \u0625\u0631\u0633\u0627\u0644\u0647\u0627 \u0645\u0639 \u063a\u0637\u0627\u0621 \u0648\u0633\u0627\u062f\u0629 \u0648\u0627\u062d\u062f \u0628\u0645\u0642\u0627\u0633 \u0648\u0627\u062d\u062f \u0648\u063a\u0637\u0627\u0621 \u0648\u0633\u0627\u062f\u0629 \u0645\u0632\u062f\u0648\u062c \u0628\u0645\u0642\u0627\u0633\u064a\u0646.<\/p>","protected":false},"excerpt":{"rendered":"<p><strong>%100 Pamuk &#8211; Ranforce 57 Tel<\/strong><\/p>","protected":false},"featured_media":0,"template":"","meta":[],"pwb-brand":[233,262],"product_brand":[],"product_cat":[100,103,101,346],"product_tag":[],"class_list":{"0":"post-2804","1":"product","2":"type-product","3":"status-publish","5":"pwb-brand-pamuk","6":"pwb-brand-ranforce-57-tel","7":"product_cat-carsaflar","8":"product_cat-carsaf-yastik-kilifi","9":"product_cat-duz-carsaflar","10":"product_cat-picollection","12":"first","13":"instock","14":"shipping-taxable","15":"purchasable","16":"product-type-variable","17":"has-default-attributes"},"yoast_head":"<!-- This site is optimized with the Yoast SEO plugin v25.7 - https:\/\/yoast.com\/wordpress\/plugins\/seo\/ -->\n<title>Pure Ekru D\u00fcz \u00c7ar\u015faf - Pierre Cardin Yatak<\/title>\n<meta name=\"description\" content=\"Pierre Cardin Bedding Pure Ekru D\u00fcz \u00c7ar\u015faf ile banyo keyfiniz daha sa\u011fl\u0131kl\u0131 hale gelecek. Pure d\u00fcz \u00e7ar\u015faflar ile \u00e7ok rahat edeceksiniz.\" \/>\n<meta name=\"robots\" content=\"index, follow, max-snippet:-1, max-image-preview:large, max-video-preview:-1\" \/>\n<link rel=\"canonical\" href=\"https:\/\/pierrecardinyatak.com.tr\/ar\/\u0627\u0644\u0645\u0646\u062a\u062c\/pure-ekru-duz-carsaf\/\" \/>\n<meta property=\"og:locale\" content=\"ar_AR\" \/>\n<meta property=\"og:type\" content=\"article\" \/>\n<meta property=\"og:title\" content=\"Pure Ekru D\u00fcz \u00c7ar\u015faf - Pierre Cardin Yatak\" \/>\n<meta property=\"og:description\" content=\"Pierre Cardin Bedding Pure Ekru D\u00fcz \u00c7ar\u015faf ile banyo keyfiniz daha sa\u011fl\u0131kl\u0131 hale gelecek. Pure d\u00fcz \u00e7ar\u015faflar ile \u00e7ok rahat edeceksiniz.\" \/>\n<meta property=\"og:url\" content=\"https:\/\/pierrecardinyatak.com.tr\/ar\/\u0627\u0644\u0645\u0646\u062a\u062c\/pure-ekru-duz-carsaf\/\" \/>\n<meta property=\"og:site_name\" content=\"Pierre Cardin Yatak\" \/>\n<meta property=\"article:publisher\" content=\"https:\/\/www.facebook.com\/pierrecardinyatak\" \/>\n<meta property=\"article:modified_time\" content=\"2025-05-27T14:51:26+00:00\" \/>\n<meta name=\"twitter:card\" content=\"summary_large_image\" \/>\n<meta name=\"twitter:site\" content=\"@pcardinbedding\" \/>\n<meta name=\"twitter:label1\" content=\"\u0648\u0642\u062a \u0627\u0644\u0642\u0631\u0627\u0621\u0629 \u0627\u0644\u0645\u064f\u0642\u062f\u0651\u0631\" \/>\n\t<meta name=\"twitter:data1\" content=\"\u062f\u0642\u064a\u0642\u0629 \u0648\u0627\u062d\u062f\u0629\" \/>\n<script type=\"application\/ld+json\" class=\"yoast-schema-graph\">{\"@context\":\"https:\/\/schema.org\",\"@graph\":[{\"@type\":[\"WebPage\",\"ItemPage\"],\"@id\":\"https:\/\/pierrecardinyatak.com.tr\/urun\/pure-ekru-duz-carsaf\/\",\"url\":\"https:\/\/pierrecardinyatak.com.tr\/urun\/pure-ekru-duz-carsaf\/\",\"name\":\"Pure Ekru D\u00fcz \u00c7ar\u015faf - Pierre Cardin Yatak\",\"isPartOf\":{\"@id\":\"https:\/\/pierrecardinyatak.com.tr\/#website\"},\"datePublished\":\"2022-12-20T07:40:46+00:00\",\"dateModified\":\"2025-05-27T14:51:26+00:00\",\"description\":\"Pierre Cardin Bedding Pure Ekru D\u00fcz \u00c7ar\u015faf ile banyo keyfiniz daha sa\u011fl\u0131kl\u0131 hale gelecek. Pure d\u00fcz \u00e7ar\u015faflar ile \u00e7ok rahat edeceksiniz.\",\"breadcrumb\":{\"@id\":\"https:\/\/pierrecardinyatak.com.tr\/urun\/pure-ekru-duz-carsaf\/#breadcrumb\"},\"inLanguage\":\"ar\",\"potentialAction\":[{\"@type\":\"ReadAction\",\"target\":[\"https:\/\/pierrecardinyatak.com.tr\/urun\/pure-ekru-duz-carsaf\/\"]}]},{\"@type\":\"BreadcrumbList\",\"@id\":\"https:\/\/pierrecardinyatak.com.tr\/urun\/pure-ekru-duz-carsaf\/#breadcrumb\",\"itemListElement\":[{\"@type\":\"ListItem\",\"position\":1,\"name\":\"Anasayfa\",\"item\":\"https:\/\/pierrecardinyatak.com.tr\/\"},{\"@type\":\"ListItem\",\"position\":2,\"name\":\"Ma\u011faza\",\"item\":\"https:\/\/pierrecardinyatak.com.tr\/magaza\/\"},{\"@type\":\"ListItem\",\"position\":3,\"name\":\"Pure Ekru D\u00fcz \u00c7ar\u015faf\"}]},{\"@type\":\"WebSite\",\"@id\":\"https:\/\/pierrecardinyatak.com.tr\/#website\",\"url\":\"https:\/\/pierrecardinyatak.com.tr\/\",\"name\":\"Pierre Cardin Yatak\",\"description\":\"-\",\"potentialAction\":[{\"@type\":\"SearchAction\",\"target\":{\"@type\":\"EntryPoint\",\"urlTemplate\":\"https:\/\/pierrecardinyatak.com.tr\/?s={search_term_string}\"},\"query-input\":{\"@type\":\"PropertyValueSpecification\",\"valueRequired\":true,\"valueName\":\"search_term_string\"}}],\"inLanguage\":\"ar\"}]}<\/script>\n<!-- \/ Yoast SEO plugin. -->","yoast_head_json":{"title":"Pure Ekru D\u00fcz \u00c7ar\u015faf - Pierre Cardin Yatak","description":"Pierre Cardin Bedding Pure Ekru D\u00fcz \u00c7ar\u015faf ile banyo keyfiniz daha sa\u011fl\u0131kl\u0131 hale gelecek. Pure d\u00fcz \u00e7ar\u015faflar ile \u00e7ok rahat edeceksiniz.","robots":{"index":"index","follow":"follow","max-snippet":"max-snippet:-1","max-image-preview":"max-image-preview:large","max-video-preview":"max-video-preview:-1"},"canonical":"https:\/\/pierrecardinyatak.com.tr\/ar\/\u0627\u0644\u0645\u0646\u062a\u062c\/pure-ekru-duz-carsaf\/","og_locale":"ar_AR","og_type":"article","og_title":"Pure Ekru D\u00fcz \u00c7ar\u015faf - Pierre Cardin Yatak","og_description":"Pierre Cardin Bedding Pure Ekru D\u00fcz \u00c7ar\u015faf ile banyo keyfiniz daha sa\u011fl\u0131kl\u0131 hale gelecek. Pure d\u00fcz \u00e7ar\u015faflar ile \u00e7ok rahat edeceksiniz.","og_url":"https:\/\/pierrecardinyatak.com.tr\/ar\/\u0627\u0644\u0645\u0646\u062a\u062c\/pure-ekru-duz-carsaf\/","og_site_name":"Pierre Cardin Yatak","article_publisher":"https:\/\/www.facebook.com\/pierrecardinyatak","article_modified_time":"2025-05-27T14:51:26+00:00","twitter_card":"summary_large_image","twitter_site":"@pcardinbedding","twitter_misc":{"\u0648\u0642\u062a \u0627\u0644\u0642\u0631\u0627\u0621\u0629 \u0627\u0644\u0645\u064f\u0642\u062f\u0651\u0631":"\u062f\u0642\u064a\u0642\u0629 \u0648\u0627\u062d\u062f\u0629"},"schema":{"@context":"https:\/\/schema.org","@graph":[{"@type":["WebPage","ItemPage"],"@id":"https:\/\/pierrecardinyatak.com.tr\/urun\/pure-ekru-duz-carsaf\/","url":"https:\/\/pierrecardinyatak.com.tr\/urun\/pure-ekru-duz-carsaf\/","name":"Pure Ekru D\u00fcz \u00c7ar\u015faf - Pierre Cardin Yatak","isPartOf":{"@id":"https:\/\/pierrecardinyatak.com.tr\/#website"},"datePublished":"2022-12-20T07:40:46+00:00","dateModified":"2025-05-27T14:51:26+00:00","description":"Pierre Cardin Bedding Pure Ekru D\u00fcz \u00c7ar\u015faf ile banyo keyfiniz daha sa\u011fl\u0131kl\u0131 hale gelecek. Pure d\u00fcz \u00e7ar\u015faflar ile \u00e7ok rahat edeceksiniz.","breadcrumb":{"@id":"https:\/\/pierrecardinyatak.com.tr\/urun\/pure-ekru-duz-carsaf\/#breadcrumb"},"inLanguage":"ar","potentialAction":[{"@type":"ReadAction","target":["https:\/\/pierrecardinyatak.com.tr\/urun\/pure-ekru-duz-carsaf\/"]}]},{"@type":"BreadcrumbList","@id":"https:\/\/pierrecardinyatak.com.tr\/urun\/pure-ekru-duz-carsaf\/#breadcrumb","itemListElement":[{"@type":"ListItem","position":1,"name":"Anasayfa","item":"https:\/\/pierrecardinyatak.com.tr\/"},{"@type":"ListItem","position":2,"name":"Ma\u011faza","item":"https:\/\/pierrecardinyatak.com.tr\/magaza\/"},{"@type":"ListItem","position":3,"name":"Pure Ekru D\u00fcz \u00c7ar\u015faf"}]},{"@type":"WebSite","@id":"https:\/\/pierrecardinyatak.com.tr\/#website","url":"https:\/\/pierrecardinyatak.com.tr\/","name":"\u0633\u0631\u064a\u0631 \u0628\u064a\u064a\u0631 \u0643\u0627\u0631\u062f\u0627\u0646","description":"-","potentialAction":[{"@type":"SearchAction","target":{"@type":"EntryPoint","urlTemplate":"https:\/\/pierrecardinyatak.com.tr\/?s={search_term_string}"},"query-input":{"@type":"PropertyValueSpecification","valueRequired":true,"valueName":"search_term_string"}}],"inLanguage":"ar"}]}},"brands":[{"id":233,"name":"\u0627\u0644\u0642\u0637\u0646","slug":"pamuk"},{"id":262,"name":"\u0633\u0644\u0643 \u0631\u0627\u0646\u0641\u0648\u0631\u0633 57","slug":"%d8%b3%d9%84%d9%83-%d8%b1%d8%a7%d9%86%d9%81%d9%88%d8%b1%d8%b3-57"}],"_links":{"self":[{"href":"https:\/\/pierrecardinyatak.com.tr\/ar\/wp-json\/wp\/v2\/product\/2804","targetHints":{"allow":["GET"]}}],"collection":[{"href":"https:\/\/pierrecardinyatak.com.tr\/ar\/wp-json\/wp\/v2\/product"}],"about":[{"href":"https:\/\/pierrecardinyatak.com.tr\/ar\/wp-json\/wp\/v2\/types\/product"}],"wp:attachment":[{"href":"https:\/\/pierrecardinyatak.com.tr\/ar\/wp-json\/wp\/v2\/media?parent=2804"}],"wp:term":[{"taxonomy":"pwb-brand","embeddable":true,"href":"https:\/\/pierrecardinyatak.com.tr\/ar\/wp-json\/wp\/v2\/pwb-brand?post=2804"},{"taxonomy":"product_brand","embeddable":true,"href":"https:\/\/pierrecardinyatak.com.tr\/ar\/wp-json\/wp\/v2\/product_brand?post=2804"},{"taxonomy":"product_cat","embeddable":true,"href":"https:\/\/pierrecardinyatak.com.tr\/ar\/wp-json\/wp\/v2\/product_cat?post=2804"},{"taxonomy":"product_tag","embeddable":true,"href":"https:\/\/pierrecardinyatak.com.tr\/ar\/wp-json\/wp\/v2\/product_tag?post=2804"}],"curies":[{"name":"wp","href":"https:\/\/api.w.org\/{rel}","templated":true}]}}