{"id":2659,"date":"2022-12-18T14:08:34","date_gmt":"2022-12-18T11:08:34","guid":{"rendered":"https:\/\/pierrecardinbedding.com.tr\/?post_type=product&#038;p=2659"},"modified":"2026-04-03T16:01:13","modified_gmt":"2026-04-03T13:01:13","slug":"bambola-yorgan","status":"publish","type":"product","link":"https:\/\/pierrecardinyatak.com.tr\/ar\/%d8%a7%d9%84%d9%85%d9%86%d8%aa%d8%ac\/bambola-yorgan\/","title":{"rendered":"\u0644\u062d\u0627\u0641 \u0628\u0627\u0645\u0628\u0648\u0644\u0627"},"content":{"rendered":"<p>\u064a\u062a\u0633\u0645 \u0627\u0644\u062e\u064a\u0632\u0631\u0627\u0646 \u0628\u0627\u0644\u0645\u062a\u0627\u0646\u0629 \u0628\u0641\u0636\u0644 \u0628\u0646\u064a\u062a\u0647 \u0627\u0644\u0637\u0628\u064a\u0639\u064a\u0629<\/p>\n<p>\u064a\u0633\u0627\u0639\u062f \u0627\u0644\u062c\u0633\u0645 \u0639\u0644\u0649 \u0627\u0644\u062a\u0646\u0641\u0633<\/p>\n<p>\u064a\u0645\u0646\u062d \u0627\u0644\u0646\u0636\u0627\u0631\u0629 \u0648\u064a\u062d\u0627\u0641\u0638 \u0639\u0644\u0649 \u0627\u0644\u0628\u0631\u0648\u062f\u0629<\/p>\n<p>\u0633\u064a\u0643\u0648\u0646 \u0627\u0644\u062e\u064a\u0632\u0631\u0627\u0646 \u0647\u0648 \u0627\u0644\u062e\u064a\u0627\u0631 \u0627\u0644\u0637\u0628\u064a\u0639\u064a \u0648\u0627\u0644\u0646\u0627\u0639\u0645 \u0644\u0623\u0648\u0644\u0626\u0643 \u0627\u0644\u0630\u064a\u0646 \u064a\u0631\u063a\u0628\u0648\u0646 \u0641\u064a \u0627\u0644\u0646\u0648\u0645 \u0646\u0648\u0645\u0627\u064b \u0628\u0627\u0631\u062f\u0627\u064b \u0648\u062c\u0627\u0641\u0627\u064b \u0641\u064a \u0641\u0635\u0648\u0644 \u0627\u0644\u0635\u064a\u0641 \u0648\u0627\u0644\u0631\u0628\u064a\u0639 \u0627\u0644\u062d\u0627\u0631\u0629.<\/p>","protected":false},"excerpt":{"rendered":"<p><strong>\u0627\u0644\u062e\u064a\u0632\u0631\u0627\u0646 - \u0645\u062b\u0627\u0644\u064a \u0644\u0641\u0635\u0644\u064a \u0627\u0644\u0631\u0628\u064a\u0639 \u0648\u0627\u0644\u0635\u064a\u0641<\/strong><\/p>","protected":false},"featured_media":4959,"template":"","meta":[],"pwb-brand":[238,237],"product_brand":[],"product_cat":[88,150,151,157,279,156,346,152,154,22],"product_tag":[],"class_list":{"0":"post-2659","1":"product","2":"type-product","3":"status-publish","4":"has-post-thumbnail","6":"pwb-brand-bahar-ve-yaz-aylari-icin-ideal","7":"pwb-brand-bambu","8":"product_cat-bambu-yorgan","9":"product_cat-cozum-urunleri","10":"product_cat-dogalligi-sevenler-yorgan","11":"product_cat-dort-mevsim-ozellikli","12":"product_cat-icerige-gore-yorgan","13":"product_cat-isi-nem-dengeleyiciler","14":"product_cat-picollection","15":"product_cat-serinleme-etkisi-arayanlar","16":"product_cat-usuyenler-terleyenler","17":"product_cat-yorgan","19":"first","20":"instock","21":"shipping-taxable","22":"purchasable","23":"product-type-variable","24":"has-default-attributes"},"yoast_head":"<!-- This site is optimized with the Yoast SEO plugin v25.7 - https:\/\/yoast.com\/wordpress\/plugins\/seo\/ -->\n<title>Bambola Yorgan - Pierre Cardin Yatak<\/title>\n<meta name=\"description\" content=\"Pierre Cardin Bedding Bambola Yorgan ile \u00e7ok rahat edeceksiniz. Bambunun do\u011fal yap\u0131s\u0131 sayesinde cildinizin nefes almas\u0131na yard\u0131mc\u0131 olur.\" \/>\n<meta name=\"robots\" content=\"index, follow, max-snippet:-1, max-image-preview:large, max-video-preview:-1\" \/>\n<link rel=\"canonical\" href=\"https:\/\/pierrecardinyatak.com.tr\/ar\/\u0627\u0644\u0645\u0646\u062a\u062c\/bambola-yorgan\/\" \/>\n<meta property=\"og:locale\" content=\"ar_AR\" \/>\n<meta property=\"og:type\" content=\"article\" \/>\n<meta property=\"og:title\" content=\"Bambola Yorgan - Pierre Cardin Yatak\" \/>\n<meta property=\"og:description\" content=\"Pierre Cardin Bedding Bambola Yorgan ile \u00e7ok rahat edeceksiniz. Bambunun do\u011fal yap\u0131s\u0131 sayesinde cildinizin nefes almas\u0131na yard\u0131mc\u0131 olur.\" \/>\n<meta property=\"og:url\" content=\"https:\/\/pierrecardinyatak.com.tr\/ar\/\u0627\u0644\u0645\u0646\u062a\u062c\/bambola-yorgan\/\" \/>\n<meta property=\"og:site_name\" content=\"Pierre Cardin Yatak\" \/>\n<meta property=\"article:publisher\" content=\"https:\/\/www.facebook.com\/pierrecardinyatak\" \/>\n<meta property=\"article:modified_time\" content=\"2026-04-03T13:01:13+00:00\" \/>\n<meta property=\"og:image\" content=\"https:\/\/pierrecardinyatak.com.tr\/wp-content\/uploads\/2022\/12\/urun-bambola-yorgan-list-1.png\" \/>\n\t<meta property=\"og:image:width\" content=\"580\" \/>\n\t<meta property=\"og:image:height\" content=\"435\" \/>\n\t<meta property=\"og:image:type\" content=\"image\/png\" \/>\n<meta name=\"twitter:card\" content=\"summary_large_image\" \/>\n<meta name=\"twitter:site\" content=\"@pcardinbedding\" \/>\n<meta name=\"twitter:label1\" content=\"\u0648\u0642\u062a \u0627\u0644\u0642\u0631\u0627\u0621\u0629 \u0627\u0644\u0645\u064f\u0642\u062f\u0651\u0631\" \/>\n\t<meta name=\"twitter:data1\" content=\"\u062f\u0642\u064a\u0642\u0629 \u0648\u0627\u062d\u062f\u0629\" \/>\n<script type=\"application\/ld+json\" class=\"yoast-schema-graph\">{\"@context\":\"https:\/\/schema.org\",\"@graph\":[{\"@type\":[\"WebPage\",\"ItemPage\"],\"@id\":\"https:\/\/pierrecardinyatak.com.tr\/urun\/bambola-yorgan\/\",\"url\":\"https:\/\/pierrecardinyatak.com.tr\/urun\/bambola-yorgan\/\",\"name\":\"Bambola Yorgan - Pierre Cardin Yatak\",\"isPartOf\":{\"@id\":\"https:\/\/pierrecardinyatak.com.tr\/#website\"},\"primaryImageOfPage\":{\"@id\":\"https:\/\/pierrecardinyatak.com.tr\/urun\/bambola-yorgan\/#primaryimage\"},\"image\":{\"@id\":\"https:\/\/pierrecardinyatak.com.tr\/urun\/bambola-yorgan\/#primaryimage\"},\"thumbnailUrl\":\"https:\/\/pierrecardinyatak.com.tr\/wp-content\/uploads\/2022\/12\/urun-bambola-yorgan-list-1.png\",\"datePublished\":\"2022-12-18T11:08:34+00:00\",\"dateModified\":\"2026-04-03T13:01:13+00:00\",\"description\":\"Pierre Cardin Bedding Bambola Yorgan ile \u00e7ok rahat edeceksiniz. Bambunun do\u011fal yap\u0131s\u0131 sayesinde cildinizin nefes almas\u0131na yard\u0131mc\u0131 olur.\",\"breadcrumb\":{\"@id\":\"https:\/\/pierrecardinyatak.com.tr\/urun\/bambola-yorgan\/#breadcrumb\"},\"inLanguage\":\"ar\",\"potentialAction\":[{\"@type\":\"ReadAction\",\"target\":[\"https:\/\/pierrecardinyatak.com.tr\/urun\/bambola-yorgan\/\"]}]},{\"@type\":\"ImageObject\",\"inLanguage\":\"ar\",\"@id\":\"https:\/\/pierrecardinyatak.com.tr\/urun\/bambola-yorgan\/#primaryimage\",\"url\":\"https:\/\/pierrecardinyatak.com.tr\/wp-content\/uploads\/2022\/12\/urun-bambola-yorgan-list-1.png\",\"contentUrl\":\"https:\/\/pierrecardinyatak.com.tr\/wp-content\/uploads\/2022\/12\/urun-bambola-yorgan-list-1.png\",\"width\":580,\"height\":435,\"caption\":\"L\u00fcks\u00fcn S\u0131cak Kucaklamas\u0131: Pierre Cardin Bambola Yorgan Y\u00fcksek Kaliteyle Tasarlanm\u0131\u015f Konforun Tad\u0131n\u0131 \u00c7\u0131kar\u0131n!\"},{\"@type\":\"BreadcrumbList\",\"@id\":\"https:\/\/pierrecardinyatak.com.tr\/urun\/bambola-yorgan\/#breadcrumb\",\"itemListElement\":[{\"@type\":\"ListItem\",\"position\":1,\"name\":\"Anasayfa\",\"item\":\"https:\/\/pierrecardinyatak.com.tr\/\"},{\"@type\":\"ListItem\",\"position\":2,\"name\":\"Ma\u011faza\",\"item\":\"https:\/\/pierrecardinyatak.com.tr\/magaza\/\"},{\"@type\":\"ListItem\",\"position\":3,\"name\":\"Bambola Yorgan\"}]},{\"@type\":\"WebSite\",\"@id\":\"https:\/\/pierrecardinyatak.com.tr\/#website\",\"url\":\"https:\/\/pierrecardinyatak.com.tr\/\",\"name\":\"Pierre Cardin Yatak\",\"description\":\"-\",\"potentialAction\":[{\"@type\":\"SearchAction\",\"target\":{\"@type\":\"EntryPoint\",\"urlTemplate\":\"https:\/\/pierrecardinyatak.com.tr\/?s={search_term_string}\"},\"query-input\":{\"@type\":\"PropertyValueSpecification\",\"valueRequired\":true,\"valueName\":\"search_term_string\"}}],\"inLanguage\":\"ar\"}]}<\/script>\n<!-- \/ Yoast SEO plugin. -->","yoast_head_json":{"title":"Bambola Yorgan - Pierre Cardin Yatak","description":"Pierre Cardin Bedding Bambola Yorgan ile \u00e7ok rahat edeceksiniz. Bambunun do\u011fal yap\u0131s\u0131 sayesinde cildinizin nefes almas\u0131na yard\u0131mc\u0131 olur.","robots":{"index":"index","follow":"follow","max-snippet":"max-snippet:-1","max-image-preview":"max-image-preview:large","max-video-preview":"max-video-preview:-1"},"canonical":"https:\/\/pierrecardinyatak.com.tr\/ar\/\u0627\u0644\u0645\u0646\u062a\u062c\/bambola-yorgan\/","og_locale":"ar_AR","og_type":"article","og_title":"Bambola Yorgan - Pierre Cardin Yatak","og_description":"Pierre Cardin Bedding Bambola Yorgan ile \u00e7ok rahat edeceksiniz. Bambunun do\u011fal yap\u0131s\u0131 sayesinde cildinizin nefes almas\u0131na yard\u0131mc\u0131 olur.","og_url":"https:\/\/pierrecardinyatak.com.tr\/ar\/\u0627\u0644\u0645\u0646\u062a\u062c\/bambola-yorgan\/","og_site_name":"Pierre Cardin Yatak","article_publisher":"https:\/\/www.facebook.com\/pierrecardinyatak","article_modified_time":"2026-04-03T13:01:13+00:00","og_image":[{"width":580,"height":435,"url":"https:\/\/pierrecardinyatak.com.tr\/wp-content\/uploads\/2022\/12\/urun-bambola-yorgan-list-1.png","type":"image\/png"}],"twitter_card":"summary_large_image","twitter_site":"@pcardinbedding","twitter_misc":{"\u0648\u0642\u062a \u0627\u0644\u0642\u0631\u0627\u0621\u0629 \u0627\u0644\u0645\u064f\u0642\u062f\u0651\u0631":"\u062f\u0642\u064a\u0642\u0629 \u0648\u0627\u062d\u062f\u0629"},"schema":{"@context":"https:\/\/schema.org","@graph":[{"@type":["WebPage","ItemPage"],"@id":"https:\/\/pierrecardinyatak.com.tr\/urun\/bambola-yorgan\/","url":"https:\/\/pierrecardinyatak.com.tr\/urun\/bambola-yorgan\/","name":"Bambola Yorgan - Pierre Cardin Yatak","isPartOf":{"@id":"https:\/\/pierrecardinyatak.com.tr\/#website"},"primaryImageOfPage":{"@id":"https:\/\/pierrecardinyatak.com.tr\/urun\/bambola-yorgan\/#primaryimage"},"image":{"@id":"https:\/\/pierrecardinyatak.com.tr\/urun\/bambola-yorgan\/#primaryimage"},"thumbnailUrl":"https:\/\/pierrecardinyatak.com.tr\/wp-content\/uploads\/2022\/12\/urun-bambola-yorgan-list-1.png","datePublished":"2022-12-18T11:08:34+00:00","dateModified":"2026-04-03T13:01:13+00:00","description":"Pierre Cardin Bedding Bambola Yorgan ile \u00e7ok rahat edeceksiniz. Bambunun do\u011fal yap\u0131s\u0131 sayesinde cildinizin nefes almas\u0131na yard\u0131mc\u0131 olur.","breadcrumb":{"@id":"https:\/\/pierrecardinyatak.com.tr\/urun\/bambola-yorgan\/#breadcrumb"},"inLanguage":"ar","potentialAction":[{"@type":"ReadAction","target":["https:\/\/pierrecardinyatak.com.tr\/urun\/bambola-yorgan\/"]}]},{"@type":"ImageObject","inLanguage":"ar","@id":"https:\/\/pierrecardinyatak.com.tr\/urun\/bambola-yorgan\/#primaryimage","url":"https:\/\/pierrecardinyatak.com.tr\/wp-content\/uploads\/2022\/12\/urun-bambola-yorgan-list-1.png","contentUrl":"https:\/\/pierrecardinyatak.com.tr\/wp-content\/uploads\/2022\/12\/urun-bambola-yorgan-list-1.png","width":580,"height":435,"caption":"L\u00fcks\u00fcn S\u0131cak Kucaklamas\u0131: Pierre Cardin Bambola Yorgan Y\u00fcksek Kaliteyle Tasarlanm\u0131\u015f Konforun Tad\u0131n\u0131 \u00c7\u0131kar\u0131n!"},{"@type":"BreadcrumbList","@id":"https:\/\/pierrecardinyatak.com.tr\/urun\/bambola-yorgan\/#breadcrumb","itemListElement":[{"@type":"ListItem","position":1,"name":"Anasayfa","item":"https:\/\/pierrecardinyatak.com.tr\/"},{"@type":"ListItem","position":2,"name":"Ma\u011faza","item":"https:\/\/pierrecardinyatak.com.tr\/magaza\/"},{"@type":"ListItem","position":3,"name":"Bambola Yorgan"}]},{"@type":"WebSite","@id":"https:\/\/pierrecardinyatak.com.tr\/#website","url":"https:\/\/pierrecardinyatak.com.tr\/","name":"\u0633\u0631\u064a\u0631 \u0628\u064a\u064a\u0631 \u0643\u0627\u0631\u062f\u0627\u0646","description":"-","potentialAction":[{"@type":"SearchAction","target":{"@type":"EntryPoint","urlTemplate":"https:\/\/pierrecardinyatak.com.tr\/?s={search_term_string}"},"query-input":{"@type":"PropertyValueSpecification","valueRequired":true,"valueName":"search_term_string"}}],"inLanguage":"ar"}]}},"brands":[{"id":238,"name":"\u0645\u062b\u0627\u0644\u064a\u0629 \u0644\u0641\u0635\u0644\u064a \u0627\u0644\u0631\u0628\u064a\u0639 \u0648\u0627\u0644\u0635\u064a\u0641","slug":"bahar-ve-yaz-aylari-icin-ideal"},{"id":237,"name":"\u062e\u064a\u0632\u0631\u0627\u0646","slug":"%d8%ae%d9%8a%d8%b2%d8%b1%d8%a7%d9%86"}],"_links":{"self":[{"href":"https:\/\/pierrecardinyatak.com.tr\/ar\/wp-json\/wp\/v2\/product\/2659","targetHints":{"allow":["GET"]}}],"collection":[{"href":"https:\/\/pierrecardinyatak.com.tr\/ar\/wp-json\/wp\/v2\/product"}],"about":[{"href":"https:\/\/pierrecardinyatak.com.tr\/ar\/wp-json\/wp\/v2\/types\/product"}],"wp:featuredmedia":[{"embeddable":true,"href":"https:\/\/pierrecardinyatak.com.tr\/ar\/wp-json\/wp\/v2\/media\/4959"}],"wp:attachment":[{"href":"https:\/\/pierrecardinyatak.com.tr\/ar\/wp-json\/wp\/v2\/media?parent=2659"}],"wp:term":[{"taxonomy":"pwb-brand","embeddable":true,"href":"https:\/\/pierrecardinyatak.com.tr\/ar\/wp-json\/wp\/v2\/pwb-brand?post=2659"},{"taxonomy":"product_brand","embeddable":true,"href":"https:\/\/pierrecardinyatak.com.tr\/ar\/wp-json\/wp\/v2\/product_brand?post=2659"},{"taxonomy":"product_cat","embeddable":true,"href":"https:\/\/pierrecardinyatak.com.tr\/ar\/wp-json\/wp\/v2\/product_cat?post=2659"},{"taxonomy":"product_tag","embeddable":true,"href":"https:\/\/pierrecardinyatak.com.tr\/ar\/wp-json\/wp\/v2\/product_tag?post=2659"}],"curies":[{"name":"wp","href":"https:\/\/api.w.org\/{rel}","templated":true}]}}