{"id":2658,"date":"2022-12-18T14:05:06","date_gmt":"2022-12-18T11:05:06","guid":{"rendered":"https:\/\/pierrecardinbedding.com.tr\/?post_type=product&#038;p=2658"},"modified":"2026-04-03T16:00:55","modified_gmt":"2026-04-03T13:00:55","slug":"%d9%88%d8%b3%d8%a7%d8%af%d8%a9-%d8%a8%d8%a7%d9%85%d8%a8%d9%88%d9%84%d8%a7","status":"publish","type":"product","link":"https:\/\/pierrecardinyatak.com.tr\/ar\/%d8%a7%d9%84%d9%85%d9%86%d8%aa%d8%ac\/%d9%88%d8%b3%d8%a7%d8%af%d8%a9-%d8%a8%d8%a7%d9%85%d8%a8%d9%88%d9%84%d8%a7\/","title":{"rendered":"\u0648\u0633\u0627\u062f\u0629 \u0628\u0627\u0645\u0628\u0648\u0644\u0627"},"content":{"rendered":"<p>\u064a\u062a\u0633\u0645 \u0627\u0644\u062e\u064a\u0632\u0631\u0627\u0646 \u0628\u0627\u0644\u0645\u062a\u0627\u0646\u0629 \u0628\u0641\u0636\u0644 \u0628\u0646\u064a\u062a\u0647 \u0627\u0644\u0637\u0628\u064a\u0639\u064a\u0629<\/p>\n<p>\u064a\u0633\u0627\u0639\u062f \u0627\u0644\u062c\u0633\u0645 \u0639\u0644\u0649 \u0627\u0644\u062a\u0646\u0641\u0633<\/p>\n<p>\u064a\u0645\u0646\u062d \u0627\u0644\u0646\u0636\u0627\u0631\u0629 \u0648\u064a\u062d\u0627\u0641\u0638 \u0639\u0644\u0649 \u0627\u0644\u0628\u0631\u0648\u062f\u0629<\/p>\n<p>\u0633\u064a\u0643\u0648\u0646 \u0627\u0644\u062e\u064a\u0632\u0631\u0627\u0646 \u0647\u0648 \u0627\u0644\u062e\u064a\u0627\u0631 \u0627\u0644\u0637\u0628\u064a\u0639\u064a \u0648\u0627\u0644\u0646\u0627\u0639\u0645 \u0644\u0623\u0648\u0644\u0626\u0643 \u0627\u0644\u0630\u064a\u0646 \u064a\u0631\u063a\u0628\u0648\u0646 \u0641\u064a \u0627\u0644\u0646\u0648\u0645 \u0646\u0648\u0645\u0627\u064b \u0628\u0627\u0631\u062f\u0627\u064b \u0648\u062c\u0627\u0641\u0627\u064b \u0641\u064a \u0641\u0635\u0648\u0644 \u0627\u0644\u0635\u064a\u0641 \u0648\u0627\u0644\u0631\u0628\u064a\u0639 \u0627\u0644\u062d\u0627\u0631\u0629.<\/p>\n<ul>\n<li>\u0623\u0644\u064a\u0627\u0641 \u062f\u0642\u064a\u0642\u0629<\/li>\n<li>50&#215;70<\/li>\n<\/ul>","protected":false},"excerpt":{"rendered":"<p><strong>\u0627\u0644\u062e\u064a\u0632\u0631\u0627\u0646 - \u0645\u062b\u0627\u0644\u064a \u0644\u0641\u0635\u0644\u064a \u0627\u0644\u0631\u0628\u064a\u0639 \u0648\u0627\u0644\u0635\u064a\u0641<\/strong><\/p>","protected":false},"featured_media":0,"template":"","meta":[],"pwb-brand":[238,237],"product_brand":[],"product_cat":[346,21,83,159,160,166,280,165,161,163],"product_tag":[],"class_list":{"0":"post-2658","1":"product","2":"type-product","3":"status-publish","5":"pwb-brand-bahar-ve-yaz-aylari-icin-ideal","6":"pwb-brand-bambu","7":"product_cat-picollection","8":"product_cat-yastik","9":"product_cat-bambu-yastiklar","10":"product_cat-cozum-urunleri-yastik","11":"product_cat-dogalligi-sevenler-yastik","12":"product_cat-dort-mevsim-ozellikliler","13":"product_cat-icerige-gore-yastik","14":"product_cat-isi-nem-dengeleyiciler-yastik","15":"product_cat-serinleme-etkisi-arayanlar-yastik","16":"product_cat-usuyenler-terleyenler-yastik","18":"first","19":"instock","20":"shipping-taxable","21":"purchasable","22":"product-type-simple"},"yoast_head":"<!-- This site is optimized with the Yoast SEO plugin v27.4 - https:\/\/yoast.com\/product\/yoast-seo-wordpress\/ -->\n<title>Bambola Yast\u0131k - Pierre Cardin Yatak<\/title>\n<meta name=\"description\" content=\"Pierre Cardin Bedding Bambola Yast\u0131k ile \u00e7ok rahat edeceksiniz. Bambunun do\u011fal yap\u0131s\u0131 sayesinde cildinizin nefes almas\u0131na yard\u0131mc\u0131 olur.\" \/>\n<meta name=\"robots\" content=\"index, follow, max-snippet:-1, max-image-preview:large, max-video-preview:-1\" \/>\n<link rel=\"canonical\" href=\"https:\/\/pierrecardinyatak.com.tr\/ar\/\u0627\u0644\u0645\u0646\u062a\u062c\/\u0648\u0633\u0627\u062f\u0629-\u0628\u0627\u0645\u0628\u0648\u0644\u0627\/\" \/>\n<meta property=\"og:locale\" content=\"ar_AR\" \/>\n<meta property=\"og:type\" content=\"article\" \/>\n<meta property=\"og:title\" content=\"Bambola Yast\u0131k - Pierre Cardin Yatak\" \/>\n<meta property=\"og:description\" content=\"Pierre Cardin Bedding Bambola Yast\u0131k ile \u00e7ok rahat edeceksiniz. Bambunun do\u011fal yap\u0131s\u0131 sayesinde cildinizin nefes almas\u0131na yard\u0131mc\u0131 olur.\" \/>\n<meta property=\"og:url\" content=\"https:\/\/pierrecardinyatak.com.tr\/ar\/\u0627\u0644\u0645\u0646\u062a\u062c\/\u0648\u0633\u0627\u062f\u0629-\u0628\u0627\u0645\u0628\u0648\u0644\u0627\/\" \/>\n<meta property=\"og:site_name\" content=\"Pierre Cardin Yatak\" \/>\n<meta property=\"article:publisher\" content=\"https:\/\/www.facebook.com\/pierrecardinyatak\" \/>\n<meta property=\"article:modified_time\" content=\"2026-04-03T13:00:55+00:00\" \/>\n<meta name=\"twitter:card\" content=\"summary_large_image\" \/>\n<meta name=\"twitter:site\" content=\"@pcardinbedding\" \/>\n<meta name=\"twitter:label1\" content=\"\u0648\u0642\u062a \u0627\u0644\u0642\u0631\u0627\u0621\u0629 \u0627\u0644\u0645\u064f\u0642\u062f\u0651\u0631\" \/>\n\t<meta name=\"twitter:data1\" content=\"\u062f\u0642\u064a\u0642\u0629 \u0648\u0627\u062d\u062f\u0629\" \/>\n<script type=\"application\/ld+json\" class=\"yoast-schema-graph\">{\"@context\":\"https:\\\/\\\/schema.org\",\"@graph\":[{\"@type\":[\"WebPage\",\"ItemPage\"],\"@id\":\"https:\\\/\\\/pierrecardinyatak.com.tr\\\/urun\\\/bambola-yastik\\\/\",\"url\":\"https:\\\/\\\/pierrecardinyatak.com.tr\\\/urun\\\/bambola-yastik\\\/\",\"name\":\"Bambola Yast\u0131k - Pierre Cardin Yatak\",\"isPartOf\":{\"@id\":\"https:\\\/\\\/pierrecardinyatak.com.tr\\\/#website\"},\"datePublished\":\"2022-12-18T11:05:06+00:00\",\"dateModified\":\"2026-04-03T13:00:55+00:00\",\"description\":\"Pierre Cardin Bedding Bambola Yast\u0131k ile \u00e7ok rahat edeceksiniz. Bambunun do\u011fal yap\u0131s\u0131 sayesinde cildinizin nefes almas\u0131na yard\u0131mc\u0131 olur.\",\"breadcrumb\":{\"@id\":\"https:\\\/\\\/pierrecardinyatak.com.tr\\\/urun\\\/bambola-yastik\\\/#breadcrumb\"},\"inLanguage\":\"ar\",\"potentialAction\":[{\"@type\":\"ReadAction\",\"target\":[\"https:\\\/\\\/pierrecardinyatak.com.tr\\\/urun\\\/bambola-yastik\\\/\"]}]},{\"@type\":\"BreadcrumbList\",\"@id\":\"https:\\\/\\\/pierrecardinyatak.com.tr\\\/urun\\\/bambola-yastik\\\/#breadcrumb\",\"itemListElement\":[{\"@type\":\"ListItem\",\"position\":1,\"name\":\"Anasayfa\",\"item\":\"https:\\\/\\\/pierrecardinyatak.com.tr\\\/\"},{\"@type\":\"ListItem\",\"position\":2,\"name\":\"Ma\u011faza\",\"item\":\"https:\\\/\\\/pierrecardinyatak.com.tr\\\/magaza\\\/\"},{\"@type\":\"ListItem\",\"position\":3,\"name\":\"Bambola Yast\u0131k\"}]},{\"@type\":\"WebSite\",\"@id\":\"https:\\\/\\\/pierrecardinyatak.com.tr\\\/#website\",\"url\":\"https:\\\/\\\/pierrecardinyatak.com.tr\\\/\",\"name\":\"Pierre Cardin Yatak\",\"description\":\"-\",\"potentialAction\":[{\"@type\":\"SearchAction\",\"target\":{\"@type\":\"EntryPoint\",\"urlTemplate\":\"https:\\\/\\\/pierrecardinyatak.com.tr\\\/?s={search_term_string}\"},\"query-input\":{\"@type\":\"PropertyValueSpecification\",\"valueRequired\":true,\"valueName\":\"search_term_string\"}}],\"inLanguage\":\"ar\"}]}<\/script>\n<!-- \/ Yoast SEO plugin. -->","yoast_head_json":{"title":"\u0645\u062e\u062f\u0629 \u0628\u0627\u0645\u0628\u0648\u0644\u0627 - \u0633\u0631\u064a\u0631 \u0628\u064a\u064a\u0631 \u0643\u0627\u0631\u062f\u0627\u0646","description":"\u0633\u0648\u0641 \u062a\u0634\u0639\u0631\u064a\u0646 \u0628\u0631\u0627\u062d\u0629 \u0643\u0628\u064a\u0631\u0629 \u0645\u0639 \u0648\u0633\u0627\u062f\u0629 \u0628\u064a\u064a\u0631 \u0643\u0627\u0631\u062f\u0627\u0646 \u0628\u0627\u0645\u0628\u0648\u0644\u0627 \u0644\u0645\u0641\u0631\u0648\u0634\u0627\u062a \u0627\u0644\u0633\u0631\u064a\u0631 \u0645\u0646 \u0628\u064a\u064a\u0631 \u0643\u0627\u0631\u062f\u0627\u0646. \u0628\u0641\u0636\u0644 \u0627\u0644\u0628\u0646\u064a\u0629 \u0627\u0644\u0637\u0628\u064a\u0639\u064a\u0629 \u0644\u0644\u062e\u064a\u0632\u0631\u0627\u0646\u060c \u0641\u0647\u064a \u062a\u0633\u0627\u0639\u062f \u0628\u0634\u0631\u062a\u0643 \u0639\u0644\u0649 \u0627\u0644\u062a\u0646\u0641\u0633.","robots":{"index":"index","follow":"follow","max-snippet":"max-snippet:-1","max-image-preview":"max-image-preview:large","max-video-preview":"max-video-preview:-1"},"canonical":"https:\/\/pierrecardinyatak.com.tr\/ar\/\u0627\u0644\u0645\u0646\u062a\u062c\/\u0648\u0633\u0627\u062f\u0629-\u0628\u0627\u0645\u0628\u0648\u0644\u0627\/","og_locale":"ar_AR","og_type":"article","og_title":"Bambola Yast\u0131k - Pierre Cardin Yatak","og_description":"Pierre Cardin Bedding Bambola Yast\u0131k ile \u00e7ok rahat edeceksiniz. Bambunun do\u011fal yap\u0131s\u0131 sayesinde cildinizin nefes almas\u0131na yard\u0131mc\u0131 olur.","og_url":"https:\/\/pierrecardinyatak.com.tr\/ar\/\u0627\u0644\u0645\u0646\u062a\u062c\/\u0648\u0633\u0627\u062f\u0629-\u0628\u0627\u0645\u0628\u0648\u0644\u0627\/","og_site_name":"Pierre Cardin Yatak","article_publisher":"https:\/\/www.facebook.com\/pierrecardinyatak","article_modified_time":"2026-04-03T13:00:55+00:00","twitter_card":"summary_large_image","twitter_site":"@pcardinbedding","twitter_misc":{"\u0648\u0642\u062a \u0627\u0644\u0642\u0631\u0627\u0621\u0629 \u0627\u0644\u0645\u064f\u0642\u062f\u0651\u0631":"\u062f\u0642\u064a\u0642\u0629 \u0648\u0627\u062d\u062f\u0629"},"schema":{"@context":"https:\/\/schema.org","@graph":[{"@type":["WebPage","ItemPage"],"@id":"https:\/\/pierrecardinyatak.com.tr\/urun\/bambola-yastik\/","url":"https:\/\/pierrecardinyatak.com.tr\/urun\/bambola-yastik\/","name":"\u0645\u062e\u062f\u0629 \u0628\u0627\u0645\u0628\u0648\u0644\u0627 - \u0633\u0631\u064a\u0631 \u0628\u064a\u064a\u0631 \u0643\u0627\u0631\u062f\u0627\u0646","isPartOf":{"@id":"https:\/\/pierrecardinyatak.com.tr\/#website"},"datePublished":"2022-12-18T11:05:06+00:00","dateModified":"2026-04-03T13:00:55+00:00","description":"\u0633\u0648\u0641 \u062a\u0634\u0639\u0631\u064a\u0646 \u0628\u0631\u0627\u062d\u0629 \u0643\u0628\u064a\u0631\u0629 \u0645\u0639 \u0648\u0633\u0627\u062f\u0629 \u0628\u064a\u064a\u0631 \u0643\u0627\u0631\u062f\u0627\u0646 \u0628\u0627\u0645\u0628\u0648\u0644\u0627 \u0644\u0645\u0641\u0631\u0648\u0634\u0627\u062a \u0627\u0644\u0633\u0631\u064a\u0631 \u0645\u0646 \u0628\u064a\u064a\u0631 \u0643\u0627\u0631\u062f\u0627\u0646. \u0628\u0641\u0636\u0644 \u0627\u0644\u0628\u0646\u064a\u0629 \u0627\u0644\u0637\u0628\u064a\u0639\u064a\u0629 \u0644\u0644\u062e\u064a\u0632\u0631\u0627\u0646\u060c \u0641\u0647\u064a \u062a\u0633\u0627\u0639\u062f \u0628\u0634\u0631\u062a\u0643 \u0639\u0644\u0649 \u0627\u0644\u062a\u0646\u0641\u0633.","breadcrumb":{"@id":"https:\/\/pierrecardinyatak.com.tr\/urun\/bambola-yastik\/#breadcrumb"},"inLanguage":"ar","potentialAction":[{"@type":"ReadAction","target":["https:\/\/pierrecardinyatak.com.tr\/urun\/bambola-yastik\/"]}]},{"@type":"BreadcrumbList","@id":"https:\/\/pierrecardinyatak.com.tr\/urun\/bambola-yastik\/#breadcrumb","itemListElement":[{"@type":"ListItem","position":1,"name":"Anasayfa","item":"https:\/\/pierrecardinyatak.com.tr\/"},{"@type":"ListItem","position":2,"name":"Ma\u011faza","item":"https:\/\/pierrecardinyatak.com.tr\/magaza\/"},{"@type":"ListItem","position":3,"name":"Bambola Yast\u0131k"}]},{"@type":"WebSite","@id":"https:\/\/pierrecardinyatak.com.tr\/#website","url":"https:\/\/pierrecardinyatak.com.tr\/","name":"\u0633\u0631\u064a\u0631 \u0628\u064a\u064a\u0631 \u0643\u0627\u0631\u062f\u0627\u0646","description":"-","potentialAction":[{"@type":"SearchAction","target":{"@type":"EntryPoint","urlTemplate":"https:\/\/pierrecardinyatak.com.tr\/?s={search_term_string}"},"query-input":{"@type":"PropertyValueSpecification","valueRequired":true,"valueName":"search_term_string"}}],"inLanguage":"ar"}]}},"brands":[{"id":238,"name":"\u0645\u062b\u0627\u0644\u064a\u0629 \u0644\u0641\u0635\u0644\u064a \u0627\u0644\u0631\u0628\u064a\u0639 \u0648\u0627\u0644\u0635\u064a\u0641","slug":"bahar-ve-yaz-aylari-icin-ideal"},{"id":237,"name":"\u062e\u064a\u0632\u0631\u0627\u0646","slug":"%d8%ae%d9%8a%d8%b2%d8%b1%d8%a7%d9%86"}],"_links":{"self":[{"href":"https:\/\/pierrecardinyatak.com.tr\/ar\/wp-json\/wp\/v2\/product\/2658","targetHints":{"allow":["GET"]}}],"collection":[{"href":"https:\/\/pierrecardinyatak.com.tr\/ar\/wp-json\/wp\/v2\/product"}],"about":[{"href":"https:\/\/pierrecardinyatak.com.tr\/ar\/wp-json\/wp\/v2\/types\/product"}],"wp:attachment":[{"href":"https:\/\/pierrecardinyatak.com.tr\/ar\/wp-json\/wp\/v2\/media?parent=2658"}],"wp:term":[{"taxonomy":"pwb-brand","embeddable":true,"href":"https:\/\/pierrecardinyatak.com.tr\/ar\/wp-json\/wp\/v2\/pwb-brand?post=2658"},{"taxonomy":"product_brand","embeddable":true,"href":"https:\/\/pierrecardinyatak.com.tr\/ar\/wp-json\/wp\/v2\/product_brand?post=2658"},{"taxonomy":"product_cat","embeddable":true,"href":"https:\/\/pierrecardinyatak.com.tr\/ar\/wp-json\/wp\/v2\/product_cat?post=2658"},{"taxonomy":"product_tag","embeddable":true,"href":"https:\/\/pierrecardinyatak.com.tr\/ar\/wp-json\/wp\/v2\/product_tag?post=2658"}],"curies":[{"name":"wp","href":"https:\/\/api.w.org\/{rel}","templated":true}]}}