{"id":14246,"date":"2026-02-06T16:47:23","date_gmt":"2026-02-06T13:47:23","guid":{"rendered":"https:\/\/pierrecardinyatak.com.tr\/?post_type=product&#038;p=14246"},"modified":"2026-04-02T00:36:35","modified_gmt":"2026-04-01T21:36:35","slug":"toledo-yatak","status":"publish","type":"product","link":"https:\/\/pierrecardinyatak.com.tr\/ar\/%d8%a7%d9%84%d9%85%d9%86%d8%aa%d8%ac\/toledo-yatak\/","title":{"rendered":"Toledo Yatak"},"content":{"rendered":"<div class=\"wpb-content-wrapper\"><div class=\"vc_row wpb_row vc_row-fluid\"><div class=\"wpb_column vc_column_container vc_col-sm-6\"><div class=\"vc_column-inner\"><div class=\"wpb_wrapper\"><div class=\"vc_row wpb_row vc_inner vc_row-fluid\"><div class=\"wpb_column vc_column_container vc_col-sm-12\"><div class=\"vc_column-inner\"><div class=\"wpb_wrapper\">\n\t<div class=\"wpb_text_column wpb_content_element\" >\n\t\t<div class=\"wpb_wrapper\">\n\t\t\t<p><strong>HYPER FOAM<\/strong><br \/>\nESNEK S\u00dcNGER<\/p>\n<p>Standart s\u00fcngerlerden daha yumu\u015fak olup,<br \/>\nv\u00fccuda uyum sa\u011flar. Bas\u0131nca kar\u015f\u0131 y\u00fcksek<br \/>\ndiren\u00e7 g\u00f6stererek uzun \u00f6m\u00fcrl\u00fc kullan\u0131m<br \/>\nsunar. Nefes alabilir yap\u0131s\u0131 sayesinde nem<br \/>\nbirikimini \u00f6nler.Oturma ve yatak konforunu<br \/>\nart\u0131ran \u00f6zel bir s\u00fcnger t\u00fcr\u00fcd\u00fcr.<\/p>\n\n\t\t<\/div>\n\t<\/div>\n<\/div><\/div><\/div><\/div><\/div><\/div><\/div><div class=\"wpb_column vc_column_container vc_col-sm-6\"><div class=\"vc_column-inner\"><div class=\"wpb_wrapper\">\t\t<div id=\"wd-69b6ce63d3c94\" class=\"wd-image wd-wpb wd-rs-69b6ce63d3c94 text-center\">\n\t\t\t\n\t\t\t<img decoding=\"async\" width=\"1006\" height=\"160\" src=\"https:\/\/pierrecardinyatak.com.tr\/wp-content\/uploads\/2026\/03\/toledo-1.png\" class=\"attachment-full size-full\" alt=\"\" srcset=\"https:\/\/pierrecardinyatak.com.tr\/wp-content\/uploads\/2026\/03\/toledo-1.png 1006w, https:\/\/pierrecardinyatak.com.tr\/wp-content\/uploads\/2026\/03\/toledo-1-300x48.png 300w, https:\/\/pierrecardinyatak.com.tr\/wp-content\/uploads\/2026\/03\/toledo-1-768x122.png 768w, https:\/\/pierrecardinyatak.com.tr\/wp-content\/uploads\/2026\/03\/toledo-1-18x3.png 18w, https:\/\/pierrecardinyatak.com.tr\/wp-content\/uploads\/2026\/03\/toledo-1-150x24.png 150w, https:\/\/pierrecardinyatak.com.tr\/wp-content\/uploads\/2026\/03\/toledo-1-500x80.png 500w, https:\/\/pierrecardinyatak.com.tr\/wp-content\/uploads\/2026\/03\/toledo-1-800x127.png 800w\" sizes=\"(max-width: 1006px) 100vw, 1006px\" \/>\n\t\t\t\t\t<\/div>\n\t\t\t\t<div id=\"wd-69b6ce75c7438\" class=\"wd-image wd-wpb wd-rs-69b6ce75c7438 text-center\">\n\t\t\t\n\t\t\t<img decoding=\"async\" width=\"1006\" height=\"160\" src=\"https:\/\/pierrecardinyatak.com.tr\/wp-content\/uploads\/2026\/03\/toledo-2.png\" class=\"attachment-full size-full\" alt=\"\" srcset=\"https:\/\/pierrecardinyatak.com.tr\/wp-content\/uploads\/2026\/03\/toledo-2.png 1006w, https:\/\/pierrecardinyatak.com.tr\/wp-content\/uploads\/2026\/03\/toledo-2-300x48.png 300w, https:\/\/pierrecardinyatak.com.tr\/wp-content\/uploads\/2026\/03\/toledo-2-768x122.png 768w, https:\/\/pierrecardinyatak.com.tr\/wp-content\/uploads\/2026\/03\/toledo-2-18x3.png 18w, https:\/\/pierrecardinyatak.com.tr\/wp-content\/uploads\/2026\/03\/toledo-2-150x24.png 150w, https:\/\/pierrecardinyatak.com.tr\/wp-content\/uploads\/2026\/03\/toledo-2-500x80.png 500w, https:\/\/pierrecardinyatak.com.tr\/wp-content\/uploads\/2026\/03\/toledo-2-800x127.png 800w\" sizes=\"(max-width: 1006px) 100vw, 1006px\" \/>\n\t\t\t\t\t<\/div>\n\t\t<\/div><\/div><\/div><\/div><div class=\"vc_row wpb_row vc_row-fluid vc_row-o-content-middle vc_row-flex wd-rs-69b287874ce7c\"><div class=\"wpb_column vc_column_container vc_col-sm-12\"><div class=\"vc_column-inner\"><div class=\"wpb_wrapper\">\t\t<div id=\"wd-69b6ce7e3d643\" class=\"wd-image wd-wpb wd-rs-69b6ce7e3d643 text-center\">\n\t\t\t\n\t\t\t<img decoding=\"async\" width=\"925\" height=\"530\" src=\"https:\/\/pierrecardinyatak.com.tr\/wp-content\/uploads\/2026\/03\/toledo-3.png\" class=\"attachment-full size-full\" alt=\"\" srcset=\"https:\/\/pierrecardinyatak.com.tr\/wp-content\/uploads\/2026\/03\/toledo-3.png 925w, https:\/\/pierrecardinyatak.com.tr\/wp-content\/uploads\/2026\/03\/toledo-3-300x172.png 300w, https:\/\/pierrecardinyatak.com.tr\/wp-content\/uploads\/2026\/03\/toledo-3-768x440.png 768w, https:\/\/pierrecardinyatak.com.tr\/wp-content\/uploads\/2026\/03\/toledo-3-18x10.png 18w, https:\/\/pierrecardinyatak.com.tr\/wp-content\/uploads\/2026\/03\/toledo-3-150x86.png 150w, https:\/\/pierrecardinyatak.com.tr\/wp-content\/uploads\/2026\/03\/toledo-3-500x286.png 500w, https:\/\/pierrecardinyatak.com.tr\/wp-content\/uploads\/2026\/03\/toledo-3-800x458.png 800w\" sizes=\"(max-width: 925px) 100vw, 925px\" \/>\n\t\t\t\t\t<\/div>\n\t\t<\/div><\/div><\/div><\/div>\n<\/div>","protected":false},"excerpt":{"rendered":"HYPER FOAM ESNEK S\u00dcNGER Standart s\u00fcngerlerden daha yumu\u015fak olup, v\u00fccuda uyum sa\u011flar. Bas\u0131nca kar\u015f\u0131 y\u00fcksek diren\u00e7 g\u00f6stererek uzun \u00f6m\u00fcrl\u00fc kullan\u0131m","protected":false},"featured_media":14243,"template":"","meta":[],"pwb-brand":[441,430,432,435,433,431,386],"product_brand":[],"product_cat":[219],"product_tag":[],"class_list":{"0":"post-14246","1":"product","2":"type-product","3":"status-publish","4":"has-post-thumbnail","6":"pwb-brand-1-8-yay","7":"pwb-brand-hareket-izolasyonu","8":"pwb-brand-hot-melt-teknolojisi","9":"pwb-brand-hyper-foam-sunger","10":"pwb-brand-kaymaz-yuzey","11":"pwb-brand-omurga-destegi","12":"pwb-brand-paket-yay","13":"product_cat-yataklar-ana-kategori","15":"first","16":"instock","17":"shipping-taxable","18":"purchasable","19":"product-type-variable"},"yoast_head":"<!-- This site is optimized with the Yoast SEO plugin v25.7 - https:\/\/yoast.com\/wordpress\/plugins\/seo\/ -->\n<title>Toledo Yatak - Pierre Cardin Yatak<\/title>\n<meta name=\"description\" content=\"Toledo Yatak - Pierre Cardin Yatak\" \/>\n<meta name=\"robots\" content=\"index, follow, max-snippet:-1, max-image-preview:large, max-video-preview:-1\" \/>\n<link rel=\"canonical\" href=\"https:\/\/pierrecardinyatak.com.tr\/ar\/\u0627\u0644\u0645\u0646\u062a\u062c\/toledo-yatak\/\" \/>\n<meta property=\"og:locale\" content=\"ar_AR\" \/>\n<meta property=\"og:type\" content=\"article\" \/>\n<meta property=\"og:title\" content=\"Toledo Yatak - Pierre Cardin Yatak\" \/>\n<meta property=\"og:description\" content=\"Toledo Yatak - Pierre Cardin Yatak\" \/>\n<meta property=\"og:url\" content=\"https:\/\/pierrecardinyatak.com.tr\/ar\/\u0627\u0644\u0645\u0646\u062a\u062c\/toledo-yatak\/\" \/>\n<meta property=\"og:site_name\" content=\"Pierre Cardin Yatak\" \/>\n<meta property=\"article:publisher\" content=\"https:\/\/www.facebook.com\/pierrecardinyatak\" \/>\n<meta property=\"article:modified_time\" content=\"2026-04-01T21:36:35+00:00\" \/>\n<meta property=\"og:image\" content=\"https:\/\/pierrecardinyatak.com.tr\/wp-content\/uploads\/2026\/02\/toledo-12767-2.jpg\" \/>\n\t<meta property=\"og:image:width\" content=\"2048\" \/>\n\t<meta property=\"og:image:height\" content=\"2048\" \/>\n\t<meta property=\"og:image:type\" content=\"image\/jpeg\" \/>\n<meta name=\"twitter:card\" content=\"summary_large_image\" \/>\n<meta name=\"twitter:site\" content=\"@pcardinbedding\" \/>\n<meta name=\"twitter:label1\" content=\"\u0648\u0642\u062a \u0627\u0644\u0642\u0631\u0627\u0621\u0629 \u0627\u0644\u0645\u064f\u0642\u062f\u0651\u0631\" \/>\n\t<meta name=\"twitter:data1\" content=\"\u062f\u0642\u064a\u0642\u0629 \u0648\u0627\u062d\u062f\u0629\" \/>\n<script type=\"application\/ld+json\" class=\"yoast-schema-graph\">{\"@context\":\"https:\/\/schema.org\",\"@graph\":[{\"@type\":[\"WebPage\",\"ItemPage\"],\"@id\":\"https:\/\/pierrecardinyatak.com.tr\/urun\/toledo-yatak\/\",\"url\":\"https:\/\/pierrecardinyatak.com.tr\/urun\/toledo-yatak\/\",\"name\":\"Toledo Yatak - Pierre Cardin Yatak\",\"isPartOf\":{\"@id\":\"https:\/\/pierrecardinyatak.com.tr\/#website\"},\"primaryImageOfPage\":{\"@id\":\"https:\/\/pierrecardinyatak.com.tr\/urun\/toledo-yatak\/#primaryimage\"},\"image\":{\"@id\":\"https:\/\/pierrecardinyatak.com.tr\/urun\/toledo-yatak\/#primaryimage\"},\"thumbnailUrl\":\"https:\/\/pierrecardinyatak.com.tr\/wp-content\/uploads\/2026\/02\/toledo-12767-2.jpg\",\"datePublished\":\"2026-02-06T13:47:23+00:00\",\"dateModified\":\"2026-04-01T21:36:35+00:00\",\"description\":\"Toledo Yatak - Pierre Cardin Yatak\",\"breadcrumb\":{\"@id\":\"https:\/\/pierrecardinyatak.com.tr\/urun\/toledo-yatak\/#breadcrumb\"},\"inLanguage\":\"ar\",\"potentialAction\":[{\"@type\":\"ReadAction\",\"target\":[\"https:\/\/pierrecardinyatak.com.tr\/urun\/toledo-yatak\/\"]}]},{\"@type\":\"ImageObject\",\"inLanguage\":\"ar\",\"@id\":\"https:\/\/pierrecardinyatak.com.tr\/urun\/toledo-yatak\/#primaryimage\",\"url\":\"https:\/\/pierrecardinyatak.com.tr\/wp-content\/uploads\/2026\/02\/toledo-12767-2.jpg\",\"contentUrl\":\"https:\/\/pierrecardinyatak.com.tr\/wp-content\/uploads\/2026\/02\/toledo-12767-2.jpg\",\"width\":2048,\"height\":2048},{\"@type\":\"BreadcrumbList\",\"@id\":\"https:\/\/pierrecardinyatak.com.tr\/urun\/toledo-yatak\/#breadcrumb\",\"itemListElement\":[{\"@type\":\"ListItem\",\"position\":1,\"name\":\"Anasayfa\",\"item\":\"https:\/\/pierrecardinyatak.com.tr\/\"},{\"@type\":\"ListItem\",\"position\":2,\"name\":\"Ma\u011faza\",\"item\":\"https:\/\/pierrecardinyatak.com.tr\/magaza\/\"},{\"@type\":\"ListItem\",\"position\":3,\"name\":\"Toledo Yatak\"}]},{\"@type\":\"WebSite\",\"@id\":\"https:\/\/pierrecardinyatak.com.tr\/#website\",\"url\":\"https:\/\/pierrecardinyatak.com.tr\/\",\"name\":\"Pierre Cardin Yatak\",\"description\":\"-\",\"potentialAction\":[{\"@type\":\"SearchAction\",\"target\":{\"@type\":\"EntryPoint\",\"urlTemplate\":\"https:\/\/pierrecardinyatak.com.tr\/?s={search_term_string}\"},\"query-input\":{\"@type\":\"PropertyValueSpecification\",\"valueRequired\":true,\"valueName\":\"search_term_string\"}}],\"inLanguage\":\"ar\"}]}<\/script>\n<!-- \/ Yoast SEO plugin. -->","yoast_head_json":{"title":"Toledo Yatak - Pierre Cardin Yatak","description":"Toledo Yatak - Pierre Cardin Yatak","robots":{"index":"index","follow":"follow","max-snippet":"max-snippet:-1","max-image-preview":"max-image-preview:large","max-video-preview":"max-video-preview:-1"},"canonical":"https:\/\/pierrecardinyatak.com.tr\/ar\/\u0627\u0644\u0645\u0646\u062a\u062c\/toledo-yatak\/","og_locale":"ar_AR","og_type":"article","og_title":"Toledo Yatak - Pierre Cardin Yatak","og_description":"Toledo Yatak - Pierre Cardin Yatak","og_url":"https:\/\/pierrecardinyatak.com.tr\/ar\/\u0627\u0644\u0645\u0646\u062a\u062c\/toledo-yatak\/","og_site_name":"Pierre Cardin Yatak","article_publisher":"https:\/\/www.facebook.com\/pierrecardinyatak","article_modified_time":"2026-04-01T21:36:35+00:00","og_image":[{"width":2048,"height":2048,"url":"https:\/\/pierrecardinyatak.com.tr\/wp-content\/uploads\/2026\/02\/toledo-12767-2.jpg","type":"image\/jpeg"}],"twitter_card":"summary_large_image","twitter_site":"@pcardinbedding","twitter_misc":{"\u0648\u0642\u062a \u0627\u0644\u0642\u0631\u0627\u0621\u0629 \u0627\u0644\u0645\u064f\u0642\u062f\u0651\u0631":"\u062f\u0642\u064a\u0642\u0629 \u0648\u0627\u062d\u062f\u0629"},"schema":{"@context":"https:\/\/schema.org","@graph":[{"@type":["WebPage","ItemPage"],"@id":"https:\/\/pierrecardinyatak.com.tr\/urun\/toledo-yatak\/","url":"https:\/\/pierrecardinyatak.com.tr\/urun\/toledo-yatak\/","name":"Toledo Yatak - Pierre Cardin Yatak","isPartOf":{"@id":"https:\/\/pierrecardinyatak.com.tr\/#website"},"primaryImageOfPage":{"@id":"https:\/\/pierrecardinyatak.com.tr\/urun\/toledo-yatak\/#primaryimage"},"image":{"@id":"https:\/\/pierrecardinyatak.com.tr\/urun\/toledo-yatak\/#primaryimage"},"thumbnailUrl":"https:\/\/pierrecardinyatak.com.tr\/wp-content\/uploads\/2026\/02\/toledo-12767-2.jpg","datePublished":"2026-02-06T13:47:23+00:00","dateModified":"2026-04-01T21:36:35+00:00","description":"Toledo Yatak - Pierre Cardin Yatak","breadcrumb":{"@id":"https:\/\/pierrecardinyatak.com.tr\/urun\/toledo-yatak\/#breadcrumb"},"inLanguage":"ar","potentialAction":[{"@type":"ReadAction","target":["https:\/\/pierrecardinyatak.com.tr\/urun\/toledo-yatak\/"]}]},{"@type":"ImageObject","inLanguage":"ar","@id":"https:\/\/pierrecardinyatak.com.tr\/urun\/toledo-yatak\/#primaryimage","url":"https:\/\/pierrecardinyatak.com.tr\/wp-content\/uploads\/2026\/02\/toledo-12767-2.jpg","contentUrl":"https:\/\/pierrecardinyatak.com.tr\/wp-content\/uploads\/2026\/02\/toledo-12767-2.jpg","width":2048,"height":2048},{"@type":"BreadcrumbList","@id":"https:\/\/pierrecardinyatak.com.tr\/urun\/toledo-yatak\/#breadcrumb","itemListElement":[{"@type":"ListItem","position":1,"name":"Anasayfa","item":"https:\/\/pierrecardinyatak.com.tr\/"},{"@type":"ListItem","position":2,"name":"Ma\u011faza","item":"https:\/\/pierrecardinyatak.com.tr\/magaza\/"},{"@type":"ListItem","position":3,"name":"Toledo Yatak"}]},{"@type":"WebSite","@id":"https:\/\/pierrecardinyatak.com.tr\/#website","url":"https:\/\/pierrecardinyatak.com.tr\/","name":"\u0633\u0631\u064a\u0631 \u0628\u064a\u064a\u0631 \u0643\u0627\u0631\u062f\u0627\u0646","description":"-","potentialAction":[{"@type":"SearchAction","target":{"@type":"EntryPoint","urlTemplate":"https:\/\/pierrecardinyatak.com.tr\/?s={search_term_string}"},"query-input":{"@type":"PropertyValueSpecification","valueRequired":true,"valueName":"search_term_string"}}],"inLanguage":"ar"}]}},"brands":[{"id":441,"name":"1.8 Yay","slug":"1-8-yay"},{"id":430,"name":"Hareket \u0130zolasyonu","slug":"hareket-izolasyonu"},{"id":432,"name":"Hot Melt Teknolojisi","slug":"hot-melt-teknolojisi"},{"id":435,"name":"Hyper Foam S\u00fcnger","slug":"hyper-foam-sunger"},{"id":433,"name":"Kaymaz Y\u00fczey","slug":"kaymaz-yuzey"},{"id":431,"name":"Omurga Deste\u011fi","slug":"omurga-destegi"},{"id":386,"name":"Paket Yay Sistemi","slug":"paket-yay"}],"_links":{"self":[{"href":"https:\/\/pierrecardinyatak.com.tr\/ar\/wp-json\/wp\/v2\/product\/14246","targetHints":{"allow":["GET"]}}],"collection":[{"href":"https:\/\/pierrecardinyatak.com.tr\/ar\/wp-json\/wp\/v2\/product"}],"about":[{"href":"https:\/\/pierrecardinyatak.com.tr\/ar\/wp-json\/wp\/v2\/types\/product"}],"wp:featuredmedia":[{"embeddable":true,"href":"https:\/\/pierrecardinyatak.com.tr\/ar\/wp-json\/wp\/v2\/media\/14243"}],"wp:attachment":[{"href":"https:\/\/pierrecardinyatak.com.tr\/ar\/wp-json\/wp\/v2\/media?parent=14246"}],"wp:term":[{"taxonomy":"pwb-brand","embeddable":true,"href":"https:\/\/pierrecardinyatak.com.tr\/ar\/wp-json\/wp\/v2\/pwb-brand?post=14246"},{"taxonomy":"product_brand","embeddable":true,"href":"https:\/\/pierrecardinyatak.com.tr\/ar\/wp-json\/wp\/v2\/product_brand?post=14246"},{"taxonomy":"product_cat","embeddable":true,"href":"https:\/\/pierrecardinyatak.com.tr\/ar\/wp-json\/wp\/v2\/product_cat?post=14246"},{"taxonomy":"product_tag","embeddable":true,"href":"https:\/\/pierrecardinyatak.com.tr\/ar\/wp-json\/wp\/v2\/product_tag?post=14246"}],"curies":[{"name":"wp","href":"https:\/\/api.w.org\/{rel}","templated":true}]}}