{"id":2146,"date":"2022-12-07T14:55:32","date_gmt":"2022-12-07T11:55:32","guid":{"rendered":"https:\/\/pierrecardinbedding.com.tr\/?post_type=product&#038;p=2146"},"modified":"2025-05-27T17:51:28","modified_gmt":"2025-05-27T14:51:28","slug":"ioxa-yatak","status":"publish","type":"product","link":"https:\/\/pierrecardinyatak.com.tr\/af\/product\/ioxa-yatak\/","title":{"rendered":"Ioxa Yatak"},"content":{"rendered":"<p><img decoding=\"async\" class=\"wp-image-1074 aligncenter\" src=\"https:\/\/pierrecardinyatak.com.tr\/wp-content\/themes\/woodmart\/images\/lazy.svg\" data-src=\"https:\/\/pierrecardinbedding.com.tr\/wp-content\/uploads\/2022\/11\/yatak-sertlik3-4.png\" alt=\"Pierre Cardin Bedding yatak sertlik 3-4\" width=\"523\" height=\"135\" srcset=\"\" data-srcset=\"https:\/\/pierrecardinyatak.com.tr\/wp-content\/uploads\/2022\/11\/yatak-sertlik3-4.png 1477w, https:\/\/pierrecardinyatak.com.tr\/wp-content\/uploads\/2022\/11\/yatak-sertlik3-4-150x39.png 150w, https:\/\/pierrecardinyatak.com.tr\/wp-content\/uploads\/2022\/11\/yatak-sertlik3-4-1200x310.png 1200w, https:\/\/pierrecardinyatak.com.tr\/wp-content\/uploads\/2022\/11\/yatak-sertlik3-4-300x77.png 300w, https:\/\/pierrecardinyatak.com.tr\/wp-content\/uploads\/2022\/11\/yatak-sertlik3-4-1024x264.png 1024w, https:\/\/pierrecardinyatak.com.tr\/wp-content\/uploads\/2022\/11\/yatak-sertlik3-4-768x198.png 768w\" sizes=\"(max-width: 523px) 100vw, 523px\" \/><\/p>\n<p style=\"text-align: center;\"><img decoding=\"async\" class=\"alignnone wp-image-3121\" src=\"https:\/\/pierrecardinyatak.com.tr\/wp-content\/themes\/woodmart\/images\/lazy.svg\" data-src=\"https:\/\/pierrecardinbedding.com.tr\/wp-content\/uploads\/2022\/12\/ioxa-yatak-urun-ozellikleri.jpg\" alt=\"Pierre Cardin Bedding Ioxa Yatak \u00d6zellikleri\" width=\"280\" height=\"128\" \/><\/p>\n<p style=\"text-align: left;\">IOXA Do\u011fal Lateks yatak; Intense kuma\u015f\u0131 sayesinde v\u00fccudunuzdaki negatif enerjiyi al\u0131r. IOXA yatakta yer alan Do\u011fal Lateks katman\u0131, su \u00fcst\u00fcnde uyuyormu\u015f hissi verir. Ayn\u0131 zamanda hava kanall\u0131 soft malzemelerden olu\u015fan yap\u0131s\u0131 ile yeni uyku teknolojilerini deneyimlemek isteyen uyku severler i\u00e7in keyifli bir tercih olacakt\u0131r.<\/p>\n<p>Yays\u0131z yeni nesil yataklar\u0131m\u0131zdan IOXA, hava kanall\u0131 Soft Foam ile nefes alabilen, ayn\u0131 zamanda uyku s\u00fcresince v\u00fccut yap\u0131n\u0131zla beraber uyumlu \u00e7al\u0131\u015fabilen ergonomik soft bir Do\u011fal Lateks yata\u011f\u0131m\u0131zd\u0131r.<\/p>\n<p>Hybrid ve di\u011fer yayl\u0131 yataklardan \u00e7ok farkl\u0131 olan ve hava kanall\u0131 soft malzemelerden olu\u015fmaktad\u0131r. Yata\u011f\u0131m\u0131z, INTENSE kuma\u015f sayesinde g\u00fcn boyu v\u00fccudumuzda olu\u015fan fazla elektri\u011fi alarak; sa\u011fl\u0131kl\u0131 ve kaliteli uyku uyumam\u0131z\u0131 sa\u011flayan melatonin hormonunu tekrar dengeye getirir. IOXA INTENSE YATAK yeni uyku teknolojilerini deneyimlemek isteyen uyku severler i\u00e7in keyifli bir tercih olacakt\u0131r.<\/p>\n<ul>\n<li>Rulo Paketleme<\/li>\n<\/ul>\n<h2 style=\"font-size: 16px; text-align: center;\">Katman \u015eemas\u0131<\/h2>\n<p><img decoding=\"async\" class=\"size-full wp-image-3380 aligncenter\" src=\"https:\/\/pierrecardinyatak.com.tr\/wp-content\/themes\/woodmart\/images\/lazy.svg\" data-src=\"https:\/\/pierrecardinbedding.com.tr\/wp-content\/uploads\/2022\/12\/urun-ioxa-yatak-katman-1.png\" alt=\"Ioxa Yatak Katman\" width=\"562\" height=\"200\" \/><\/p>\n<p>&nbsp;<\/p>","protected":false},"excerpt":{"rendered":"<p><strong>Su \u00dcst\u00fcnde Uyuma Hissi &#8211; Sertifikal\u0131 Do\u011fal Lateks<\/strong><\/p>","protected":false},"featured_media":0,"template":"","meta":[],"pwb-brand":[337,121,228],"product_brand":[],"product_cat":[219,182,177,59,58,48,54],"product_tag":[],"class_list":{"0":"post-2146","1":"product","2":"type-product","3":"status-publish","5":"pwb-brand-90x190","6":"pwb-brand-sertifikali-dogal-lateks","7":"pwb-brand-su-ustunde-uyuma-hissi","8":"product_cat-yataklar-ana-kategori","9":"product_cat-uykuda-dogallik-arayanlar","10":"product_cat-uykusunu-alamayanlar","11":"product_cat-cift-kisilik","12":"product_cat-tek-kisilik","13":"product_cat-orta","14":"product_cat-lateks-yatak","16":"first","17":"instock","18":"shipping-taxable","19":"purchasable","20":"product-type-variable","21":"has-default-attributes"},"yoast_head":"<!-- This site is optimized with the Yoast SEO plugin v25.7 - https:\/\/yoast.com\/wordpress\/plugins\/seo\/ -->\n<title>Ioxa Yatak - Pierre Cardin Yatak<\/title>\n<meta name=\"description\" content=\"Pierre Cardin Ioxa Yataklar\u0131, sertifikal\u0131 do\u011fal latekstir. Yaratt\u0131\u011f\u0131 su \u00fcst\u00fcnde uyuma hissi sayesinde gece boyunca huzurlu olman\u0131z\u0131 sa\u011flar.\" \/>\n<meta name=\"robots\" content=\"index, follow, max-snippet:-1, max-image-preview:large, max-video-preview:-1\" \/>\n<link rel=\"canonical\" href=\"https:\/\/pierrecardinyatak.com.tr\/af\/product\/ioxa-yatak\/\" \/>\n<meta property=\"og:locale\" content=\"en_US\" \/>\n<meta property=\"og:type\" content=\"article\" \/>\n<meta property=\"og:title\" content=\"Ioxa Yatak - Pierre Cardin Yatak\" \/>\n<meta property=\"og:description\" content=\"Pierre Cardin Ioxa Yataklar\u0131, sertifikal\u0131 do\u011fal latekstir. Yaratt\u0131\u011f\u0131 su \u00fcst\u00fcnde uyuma hissi sayesinde gece boyunca huzurlu olman\u0131z\u0131 sa\u011flar.\" \/>\n<meta property=\"og:url\" content=\"https:\/\/pierrecardinyatak.com.tr\/af\/product\/ioxa-yatak\/\" \/>\n<meta property=\"og:site_name\" content=\"Pierre Cardin Yatak\" \/>\n<meta property=\"article:publisher\" content=\"https:\/\/www.facebook.com\/pierrecardinyatak\" \/>\n<meta property=\"article:modified_time\" content=\"2025-05-27T14:51:28+00:00\" \/>\n<meta property=\"og:image\" content=\"https:\/\/pierrecardinyatak.com.tr\/wp-content\/uploads\/2022\/11\/yatak-sertlik3-4.png\" \/>\n\t<meta property=\"og:image:width\" content=\"1477\" \/>\n\t<meta property=\"og:image:height\" content=\"381\" \/>\n\t<meta property=\"og:image:type\" content=\"image\/png\" \/>\n<meta name=\"twitter:card\" content=\"summary_large_image\" \/>\n<meta name=\"twitter:site\" content=\"@pcardinbedding\" \/>\n<meta name=\"twitter:label1\" content=\"Est. reading time\" \/>\n\t<meta name=\"twitter:data1\" content=\"2 minute\" \/>\n<script type=\"application\/ld+json\" class=\"yoast-schema-graph\">{\"@context\":\"https:\/\/schema.org\",\"@graph\":[{\"@type\":[\"WebPage\",\"ItemPage\"],\"@id\":\"https:\/\/pierrecardinyatak.com.tr\/urun\/ioxa-yatak\/\",\"url\":\"https:\/\/pierrecardinyatak.com.tr\/urun\/ioxa-yatak\/\",\"name\":\"Ioxa Yatak - Pierre Cardin Yatak\",\"isPartOf\":{\"@id\":\"https:\/\/pierrecardinyatak.com.tr\/#website\"},\"primaryImageOfPage\":{\"@id\":\"https:\/\/pierrecardinyatak.com.tr\/urun\/ioxa-yatak\/#primaryimage\"},\"image\":{\"@id\":\"https:\/\/pierrecardinyatak.com.tr\/urun\/ioxa-yatak\/#primaryimage\"},\"thumbnailUrl\":\"https:\/\/pierrecardinbedding.com.tr\/wp-content\/uploads\/2022\/11\/yatak-sertlik3-4.png\",\"datePublished\":\"2022-12-07T11:55:32+00:00\",\"dateModified\":\"2025-05-27T14:51:28+00:00\",\"description\":\"Pierre Cardin Ioxa Yataklar\u0131, sertifikal\u0131 do\u011fal latekstir. Yaratt\u0131\u011f\u0131 su \u00fcst\u00fcnde uyuma hissi sayesinde gece boyunca huzurlu olman\u0131z\u0131 sa\u011flar.\",\"breadcrumb\":{\"@id\":\"https:\/\/pierrecardinyatak.com.tr\/urun\/ioxa-yatak\/#breadcrumb\"},\"inLanguage\":\"af-ZA\",\"potentialAction\":[{\"@type\":\"ReadAction\",\"target\":[\"https:\/\/pierrecardinyatak.com.tr\/urun\/ioxa-yatak\/\"]}]},{\"@type\":\"ImageObject\",\"inLanguage\":\"af-ZA\",\"@id\":\"https:\/\/pierrecardinyatak.com.tr\/urun\/ioxa-yatak\/#primaryimage\",\"url\":\"https:\/\/pierrecardinbedding.com.tr\/wp-content\/uploads\/2022\/11\/yatak-sertlik3-4.png\",\"contentUrl\":\"https:\/\/pierrecardinbedding.com.tr\/wp-content\/uploads\/2022\/11\/yatak-sertlik3-4.png\"},{\"@type\":\"BreadcrumbList\",\"@id\":\"https:\/\/pierrecardinyatak.com.tr\/urun\/ioxa-yatak\/#breadcrumb\",\"itemListElement\":[{\"@type\":\"ListItem\",\"position\":1,\"name\":\"Anasayfa\",\"item\":\"https:\/\/pierrecardinyatak.com.tr\/\"},{\"@type\":\"ListItem\",\"position\":2,\"name\":\"Ma\u011faza\",\"item\":\"https:\/\/pierrecardinyatak.com.tr\/magaza\/\"},{\"@type\":\"ListItem\",\"position\":3,\"name\":\"Ioxa Yatak\"}]},{\"@type\":\"WebSite\",\"@id\":\"https:\/\/pierrecardinyatak.com.tr\/#website\",\"url\":\"https:\/\/pierrecardinyatak.com.tr\/\",\"name\":\"Pierre Cardin Yatak\",\"description\":\"-\",\"potentialAction\":[{\"@type\":\"SearchAction\",\"target\":{\"@type\":\"EntryPoint\",\"urlTemplate\":\"https:\/\/pierrecardinyatak.com.tr\/?s={search_term_string}\"},\"query-input\":{\"@type\":\"PropertyValueSpecification\",\"valueRequired\":true,\"valueName\":\"search_term_string\"}}],\"inLanguage\":\"af-ZA\"}]}<\/script>\n<!-- \/ Yoast SEO plugin. -->","yoast_head_json":{"title":"Ioxa Yatak - Pierre Cardin Yatak","description":"Pierre Cardin Ioxa Yataklar\u0131, sertifikal\u0131 do\u011fal latekstir. Yaratt\u0131\u011f\u0131 su \u00fcst\u00fcnde uyuma hissi sayesinde gece boyunca huzurlu olman\u0131z\u0131 sa\u011flar.","robots":{"index":"index","follow":"follow","max-snippet":"max-snippet:-1","max-image-preview":"max-image-preview:large","max-video-preview":"max-video-preview:-1"},"canonical":"https:\/\/pierrecardinyatak.com.tr\/af\/product\/ioxa-yatak\/","og_locale":"en_US","og_type":"article","og_title":"Ioxa Yatak - Pierre Cardin Yatak","og_description":"Pierre Cardin Ioxa Yataklar\u0131, sertifikal\u0131 do\u011fal latekstir. Yaratt\u0131\u011f\u0131 su \u00fcst\u00fcnde uyuma hissi sayesinde gece boyunca huzurlu olman\u0131z\u0131 sa\u011flar.","og_url":"https:\/\/pierrecardinyatak.com.tr\/af\/product\/ioxa-yatak\/","og_site_name":"Pierre Cardin Yatak","article_publisher":"https:\/\/www.facebook.com\/pierrecardinyatak","article_modified_time":"2025-05-27T14:51:28+00:00","og_image":[{"width":1477,"height":381,"url":"https:\/\/pierrecardinyatak.com.tr\/wp-content\/uploads\/2022\/11\/yatak-sertlik3-4.png","type":"image\/png"}],"twitter_card":"summary_large_image","twitter_site":"@pcardinbedding","twitter_misc":{"Est. reading time":"2 minute"},"schema":{"@context":"https:\/\/schema.org","@graph":[{"@type":["WebPage","ItemPage"],"@id":"https:\/\/pierrecardinyatak.com.tr\/urun\/ioxa-yatak\/","url":"https:\/\/pierrecardinyatak.com.tr\/urun\/ioxa-yatak\/","name":"Ioxa Yatak - Pierre Cardin Yatak","isPartOf":{"@id":"https:\/\/pierrecardinyatak.com.tr\/#website"},"primaryImageOfPage":{"@id":"https:\/\/pierrecardinyatak.com.tr\/urun\/ioxa-yatak\/#primaryimage"},"image":{"@id":"https:\/\/pierrecardinyatak.com.tr\/urun\/ioxa-yatak\/#primaryimage"},"thumbnailUrl":"https:\/\/pierrecardinbedding.com.tr\/wp-content\/uploads\/2022\/11\/yatak-sertlik3-4.png","datePublished":"2022-12-07T11:55:32+00:00","dateModified":"2025-05-27T14:51:28+00:00","description":"Pierre Cardin Ioxa Yataklar\u0131, sertifikal\u0131 do\u011fal latekstir. Yaratt\u0131\u011f\u0131 su \u00fcst\u00fcnde uyuma hissi sayesinde gece boyunca huzurlu olman\u0131z\u0131 sa\u011flar.","breadcrumb":{"@id":"https:\/\/pierrecardinyatak.com.tr\/urun\/ioxa-yatak\/#breadcrumb"},"inLanguage":"af-ZA","potentialAction":[{"@type":"ReadAction","target":["https:\/\/pierrecardinyatak.com.tr\/urun\/ioxa-yatak\/"]}]},{"@type":"ImageObject","inLanguage":"af-ZA","@id":"https:\/\/pierrecardinyatak.com.tr\/urun\/ioxa-yatak\/#primaryimage","url":"https:\/\/pierrecardinbedding.com.tr\/wp-content\/uploads\/2022\/11\/yatak-sertlik3-4.png","contentUrl":"https:\/\/pierrecardinbedding.com.tr\/wp-content\/uploads\/2022\/11\/yatak-sertlik3-4.png"},{"@type":"BreadcrumbList","@id":"https:\/\/pierrecardinyatak.com.tr\/urun\/ioxa-yatak\/#breadcrumb","itemListElement":[{"@type":"ListItem","position":1,"name":"Anasayfa","item":"https:\/\/pierrecardinyatak.com.tr\/"},{"@type":"ListItem","position":2,"name":"Ma\u011faza","item":"https:\/\/pierrecardinyatak.com.tr\/magaza\/"},{"@type":"ListItem","position":3,"name":"Ioxa Yatak"}]},{"@type":"WebSite","@id":"https:\/\/pierrecardinyatak.com.tr\/#website","url":"https:\/\/pierrecardinyatak.com.tr\/","name":"Pierre Cardin Yatak","description":"-","potentialAction":[{"@type":"SearchAction","target":{"@type":"EntryPoint","urlTemplate":"https:\/\/pierrecardinyatak.com.tr\/?s={search_term_string}"},"query-input":{"@type":"PropertyValueSpecification","valueRequired":true,"valueName":"search_term_string"}}],"inLanguage":"af-ZA"}]}},"brands":[{"id":337,"name":"90x190","slug":"90x190"},{"id":121,"name":"Sertifikal\u0131 Do\u011fal Lateks","slug":"sertifikali-dogal-lateks"},{"id":228,"name":"Su \u00dcst\u00fcnde Uyuma Hissi","slug":"su-ustunde-uyuma-hissi"}],"_links":{"self":[{"href":"https:\/\/pierrecardinyatak.com.tr\/af\/wp-json\/wp\/v2\/product\/2146","targetHints":{"allow":["GET"]}}],"collection":[{"href":"https:\/\/pierrecardinyatak.com.tr\/af\/wp-json\/wp\/v2\/product"}],"about":[{"href":"https:\/\/pierrecardinyatak.com.tr\/af\/wp-json\/wp\/v2\/types\/product"}],"wp:attachment":[{"href":"https:\/\/pierrecardinyatak.com.tr\/af\/wp-json\/wp\/v2\/media?parent=2146"}],"wp:term":[{"taxonomy":"pwb-brand","embeddable":true,"href":"https:\/\/pierrecardinyatak.com.tr\/af\/wp-json\/wp\/v2\/pwb-brand?post=2146"},{"taxonomy":"product_brand","embeddable":true,"href":"https:\/\/pierrecardinyatak.com.tr\/af\/wp-json\/wp\/v2\/product_brand?post=2146"},{"taxonomy":"product_cat","embeddable":true,"href":"https:\/\/pierrecardinyatak.com.tr\/af\/wp-json\/wp\/v2\/product_cat?post=2146"},{"taxonomy":"product_tag","embeddable":true,"href":"https:\/\/pierrecardinyatak.com.tr\/af\/wp-json\/wp\/v2\/product_tag?post=2146"}],"curies":[{"name":"wp","href":"https:\/\/api.w.org\/{rel}","templated":true}]}}